{"id":783,"date":"2022-02-05T12:21:47","date_gmt":"2022-02-05T11:21:47","guid":{"rendered":"https:\/\/weltlaeden.de\/betzdorf\/?page_id=783"},"modified":"2022-02-23T22:42:00","modified_gmt":"2022-02-23T21:42:00","slug":"tee","status":"publish","type":"page","link":"https:\/\/weltlaeden.de\/betzdorf\/tee\/","title":{"rendered":"Tee"},"content":{"rendered":"<div class=\"wpb-content-wrapper\"><p>[vc_row][vc_column]<div class=\"wl_einzelbild\"><p><img loading=\"lazy\" decoding=\"async\" class=\"alignnone wp-image-709\" src=\"https:\/\/weltlaeden.de\/betzdorf\/wp-content\/uploads\/sites\/176\/2022\/02\/LadenTeeschnittDSC06980-300x200.jpg\" alt=\"\" width=\"873\" height=\"582\" srcset=\"https:\/\/weltlaeden.de\/betzdorf\/wp-content\/uploads\/sites\/176\/2022\/02\/LadenTeeschnittDSC06980-300x200.jpg 300w, https:\/\/weltlaeden.de\/betzdorf\/wp-content\/uploads\/sites\/176\/2022\/02\/LadenTeeschnittDSC06980-768x511.jpg 768w, https:\/\/weltlaeden.de\/betzdorf\/wp-content\/uploads\/sites\/176\/2022\/02\/LadenTeeschnittDSC06980.jpg 787w\" sizes=\"auto, (max-width: 873px) 100vw, 873px\" \/><\/p>\n<p>&nbsp;<\/p>\n<p><\/p><\/div>[\/vc_column][\/vc_row][vc_row][vc_column][vc_column_text]<\/p>\n<h1>Unsere Teesorten<\/h1>\n<h2>Duft und W\u00e4rme schmeicheln den Sinnen &#8211; Ruhe f\u00fcr K\u00f6rper und Seele<\/h2>\n<p>&nbsp;<\/p>\n<p>Unsere vielf\u00e4ltigen Teesorten beziehen wir zum gro\u00dfen Teil ebenso \u00fcber die GEPA. Es ist immer wieder ein ganz besonderer Moment, wenn schonend getrocknete Teebl\u00e4tter aufgebr\u00fcht werden und sich ihre feinen Aromen entfalten. Duft und W\u00e4rme schmeicheln den Sinnen und lassen K\u00f6rper und Seele zur Ruhe kommen.<\/p>\n<p>Eleganter Darjeeling, blumiger Gr\u00fcntee oder kr\u00e4ftiger Assam, milder Rooibos, w\u00fcrziger Kr\u00e4uter- oder spritziger Fr\u00fcchtetee: Das GEPA-Sortiment ist so vielf\u00e4ltig wie die Partner, mit denen die GEPA in aller Welt zusammenarbeitet. So finden bei uns alle Kunden ihren<br \/>\nLieblingstee \u2013 f\u00fcr den entspannten Start in den Tag oder die kleine Teepause zwischendurch. Kriterien f\u00fcr den fair gehandelten Tee:<\/p>\n<p>&nbsp;<\/p>\n<h3><strong>Qualit\u00e4t<\/strong><\/h3>\n<p>Die GEPA-Tee-Partner kennen Land und Pflanzen genau. Handgepfl\u00fcckt, sorgf\u00e4ltig verarbeitet und von erfahrenen Verkostern gepr\u00fcft \u2013 f\u00fcr eine perfekte Tasse Tee. Nat\u00fcrlich ohne Aromazus\u00e4tze.<\/p>\n<h3><strong>Gentechnikfrei<\/strong><\/h3>\n<p>Bio-Anbau hei\u00dft auch: Ohne Gentechnik! Die GEPA lehnt Gentechnik grunds\u00e4tzlich ab.<\/p>\n<h3><strong>Bio<\/strong><\/h3>\n<p>Alle GEPA-Tees sind Bio \u2013 von den hochwertigen Zutaten bis hin zum Bio-Baumwollfaden f\u00fcr die Teebeutel.<\/p>\n<h3><strong>Verpackung<\/strong><\/h3>\n<p>Die Verpackungen der Premium-Tees bestehen aus handgesch\u00f6pftem Upcycling-Papier. Die Teebeutel stecken in einer Kombination aus Papier und Folie, kompostierbar nach EN13432 und 44 % weniger CO2 in der Herstellung.<\/p>\n<h3><strong>fair+<\/strong><\/h3>\n<p>Vorreiterrolle: Gemeinsam haben Tea Promoters India (TPI), Naturland und GEPA den ersten fairen Bio-Teegarten in Darjeeling aufgebaut. TPI setzte weltweit Ma\u00dfst\u00e4be f\u00fcr den fairen und \u00f6kologischen Teehandel.<\/p>\n<p>Vom Blatt bis zum Aufguss fair: Die GEPA kennt ihre Partner und wei\u00df so genau, wo der\u00a0 Tee herkommt.<\/p>\n<p>&nbsp;<\/p>\n<p>Mehr Infos zum neuen <a href=\"https:\/\/www.gepa.de\/gepa\/themenspecials\/timeforfairtea\/partner.html\">Teesortiment der Gepa<\/a>.<\/p>\n<p>&nbsp;<\/p>\n<p>Hier noch ein Beispiel zur <a href=\"https:\/\/www.gepa.de\/fileadmin\/user_upload\/Info\/Produktinfo\/Musterkalkulation\/Musterkalkulation-Tee_2019-12-05_web.pdf\">Teekalkulation<\/a> bei der GEPA.[\/vc_column_text][\/vc_column][\/vc_row]<\/p>\n<\/div>","protected":false},"excerpt":{"rendered":"<p>[vc_row][vc_column][\/vc_column][\/vc_row][vc_row][vc_column][vc_column_text] Unsere Teesorten Duft und W\u00e4rme schmeicheln den Sinnen &#8211; Ruhe f\u00fcr K\u00f6rper und Seele &nbsp; Unsere vielf\u00e4ltigen Teesorten beziehen wir zum gro\u00dfen Teil ebenso \u00fcber die GEPA. Es ist immer wieder ein ganz besonderer Moment, wenn schonend getrocknete Teebl\u00e4tter aufgebr\u00fcht werden und sich ihre feinen Aromen entfalten. Duft und W\u00e4rme schmeicheln den Sinnen und&hellip;<\/p>\n","protected":false},"author":262,"featured_media":0,"parent":0,"menu_order":0,"comment_status":"closed","ping_status":"closed","template":"","meta":{"footnotes":""},"class_list":["post-783","page","type-page","status-publish","hentry","description-off"],"yoast_head":"<!-- This site is optimized with the Yoast SEO plugin v26.8 - https:\/\/yoast.com\/product\/yoast-seo-wordpress\/ -->\n<title>Tee - Weltladen Betzdorf<\/title>\n<meta name=\"robots\" content=\"index, follow, max-snippet:-1, max-image-preview:large, max-video-preview:-1\" \/>\n<link rel=\"canonical\" href=\"https:\/\/weltlaeden.de\/betzdorf\/tee\/\" \/>\n<meta property=\"og:locale\" content=\"de_DE\" \/>\n<meta property=\"og:type\" content=\"article\" \/>\n<meta property=\"og:title\" content=\"Tee - Weltladen Betzdorf\" \/>\n<meta property=\"og:description\" content=\"[vc_row][vc_column][\/vc_column][\/vc_row][vc_row][vc_column][vc_column_text] Unsere Teesorten Duft und W\u00e4rme schmeicheln den Sinnen &#8211; Ruhe f\u00fcr K\u00f6rper und Seele &nbsp; Unsere vielf\u00e4ltigen Teesorten beziehen wir zum gro\u00dfen Teil ebenso \u00fcber die GEPA. Es ist immer wieder ein ganz besonderer Moment, wenn schonend getrocknete Teebl\u00e4tter aufgebr\u00fcht werden und sich ihre feinen Aromen entfalten. Duft und W\u00e4rme schmeicheln den Sinnen und&hellip;\" \/>\n<meta property=\"og:url\" content=\"https:\/\/weltlaeden.de\/betzdorf\/tee\/\" \/>\n<meta property=\"og:site_name\" content=\"Weltladen Betzdorf\" \/>\n<meta property=\"article:modified_time\" content=\"2022-02-23T21:42:00+00:00\" \/>\n<meta property=\"og:image\" content=\"https:\/\/weltlaeden.de\/betzdorf\/wp-content\/uploads\/sites\/176\/2022\/02\/LadenTeeschnittDSC06980-300x200.jpg\" \/>\n<meta name=\"twitter:card\" content=\"summary_large_image\" \/>\n<meta name=\"twitter:label1\" content=\"Gesch\u00e4tzte Lesezeit\" \/>\n\t<meta name=\"twitter:data1\" content=\"2\u00a0Minuten\" \/>\n<script type=\"application\/ld+json\" class=\"yoast-schema-graph\">{\"@context\":\"https:\/\/schema.org\",\"@graph\":[{\"@type\":\"WebPage\",\"@id\":\"https:\/\/weltlaeden.de\/betzdorf\/tee\/\",\"url\":\"https:\/\/weltlaeden.de\/betzdorf\/tee\/\",\"name\":\"Tee - Weltladen Betzdorf\",\"isPartOf\":{\"@id\":\"https:\/\/weltlaeden.de\/betzdorf\/#website\"},\"primaryImageOfPage\":{\"@id\":\"https:\/\/weltlaeden.de\/betzdorf\/tee\/#primaryimage\"},\"image\":{\"@id\":\"https:\/\/weltlaeden.de\/betzdorf\/tee\/#primaryimage\"},\"thumbnailUrl\":\"https:\/\/weltlaeden.de\/betzdorf\/wp-content\/uploads\/sites\/176\/2022\/02\/LadenTeeschnittDSC06980-300x200.jpg\",\"datePublished\":\"2022-02-05T11:21:47+00:00\",\"dateModified\":\"2022-02-23T21:42:00+00:00\",\"breadcrumb\":{\"@id\":\"https:\/\/weltlaeden.de\/betzdorf\/tee\/#breadcrumb\"},\"inLanguage\":\"de\",\"potentialAction\":[{\"@type\":\"ReadAction\",\"target\":[\"https:\/\/weltlaeden.de\/betzdorf\/tee\/\"]}]},{\"@type\":\"ImageObject\",\"inLanguage\":\"de\",\"@id\":\"https:\/\/weltlaeden.de\/betzdorf\/tee\/#primaryimage\",\"url\":\"https:\/\/weltlaeden.de\/betzdorf\/wp-content\/uploads\/sites\/176\/2022\/02\/LadenTeeschnittDSC06980.jpg\",\"contentUrl\":\"https:\/\/weltlaeden.de\/betzdorf\/wp-content\/uploads\/sites\/176\/2022\/02\/LadenTeeschnittDSC06980.jpg\",\"width\":787,\"height\":524},{\"@type\":\"BreadcrumbList\",\"@id\":\"https:\/\/weltlaeden.de\/betzdorf\/tee\/#breadcrumb\",\"itemListElement\":[{\"@type\":\"ListItem\",\"position\":1,\"name\":\"Startseite\",\"item\":\"https:\/\/weltlaeden.de\/betzdorf\/\"},{\"@type\":\"ListItem\",\"position\":2,\"name\":\"Tee\"}]},{\"@type\":\"WebSite\",\"@id\":\"https:\/\/weltlaeden.de\/betzdorf\/#website\",\"url\":\"https:\/\/weltlaeden.de\/betzdorf\/\",\"name\":\"Weltladen Betzdorf\",\"description\":\"Ein St\u00fcck Welt von morgen\",\"potentialAction\":[{\"@type\":\"SearchAction\",\"target\":{\"@type\":\"EntryPoint\",\"urlTemplate\":\"https:\/\/weltlaeden.de\/betzdorf\/?s={search_term_string}\"},\"query-input\":{\"@type\":\"PropertyValueSpecification\",\"valueRequired\":true,\"valueName\":\"search_term_string\"}}],\"inLanguage\":\"de\"}]}<\/script>\n<!-- \/ Yoast SEO plugin. -->","yoast_head_json":{"title":"Tee - Weltladen Betzdorf","robots":{"index":"index","follow":"follow","max-snippet":"max-snippet:-1","max-image-preview":"max-image-preview:large","max-video-preview":"max-video-preview:-1"},"canonical":"https:\/\/weltlaeden.de\/betzdorf\/tee\/","og_locale":"de_DE","og_type":"article","og_title":"Tee - Weltladen Betzdorf","og_description":"[vc_row][vc_column][\/vc_column][\/vc_row][vc_row][vc_column][vc_column_text] Unsere Teesorten Duft und W\u00e4rme schmeicheln den Sinnen &#8211; Ruhe f\u00fcr K\u00f6rper und Seele &nbsp; Unsere vielf\u00e4ltigen Teesorten beziehen wir zum gro\u00dfen Teil ebenso \u00fcber die GEPA. Es ist immer wieder ein ganz besonderer Moment, wenn schonend getrocknete Teebl\u00e4tter aufgebr\u00fcht werden und sich ihre feinen Aromen entfalten. Duft und W\u00e4rme schmeicheln den Sinnen und&hellip;","og_url":"https:\/\/weltlaeden.de\/betzdorf\/tee\/","og_site_name":"Weltladen Betzdorf","article_modified_time":"2022-02-23T21:42:00+00:00","og_image":[{"url":"https:\/\/weltlaeden.de\/betzdorf\/wp-content\/uploads\/sites\/176\/2022\/02\/LadenTeeschnittDSC06980-300x200.jpg","type":"","width":"","height":""}],"twitter_card":"summary_large_image","twitter_misc":{"Gesch\u00e4tzte Lesezeit":"2\u00a0Minuten"},"schema":{"@context":"https:\/\/schema.org","@graph":[{"@type":"WebPage","@id":"https:\/\/weltlaeden.de\/betzdorf\/tee\/","url":"https:\/\/weltlaeden.de\/betzdorf\/tee\/","name":"Tee - Weltladen Betzdorf","isPartOf":{"@id":"https:\/\/weltlaeden.de\/betzdorf\/#website"},"primaryImageOfPage":{"@id":"https:\/\/weltlaeden.de\/betzdorf\/tee\/#primaryimage"},"image":{"@id":"https:\/\/weltlaeden.de\/betzdorf\/tee\/#primaryimage"},"thumbnailUrl":"https:\/\/weltlaeden.de\/betzdorf\/wp-content\/uploads\/sites\/176\/2022\/02\/LadenTeeschnittDSC06980-300x200.jpg","datePublished":"2022-02-05T11:21:47+00:00","dateModified":"2022-02-23T21:42:00+00:00","breadcrumb":{"@id":"https:\/\/weltlaeden.de\/betzdorf\/tee\/#breadcrumb"},"inLanguage":"de","potentialAction":[{"@type":"ReadAction","target":["https:\/\/weltlaeden.de\/betzdorf\/tee\/"]}]},{"@type":"ImageObject","inLanguage":"de","@id":"https:\/\/weltlaeden.de\/betzdorf\/tee\/#primaryimage","url":"https:\/\/weltlaeden.de\/betzdorf\/wp-content\/uploads\/sites\/176\/2022\/02\/LadenTeeschnittDSC06980.jpg","contentUrl":"https:\/\/weltlaeden.de\/betzdorf\/wp-content\/uploads\/sites\/176\/2022\/02\/LadenTeeschnittDSC06980.jpg","width":787,"height":524},{"@type":"BreadcrumbList","@id":"https:\/\/weltlaeden.de\/betzdorf\/tee\/#breadcrumb","itemListElement":[{"@type":"ListItem","position":1,"name":"Startseite","item":"https:\/\/weltlaeden.de\/betzdorf\/"},{"@type":"ListItem","position":2,"name":"Tee"}]},{"@type":"WebSite","@id":"https:\/\/weltlaeden.de\/betzdorf\/#website","url":"https:\/\/weltlaeden.de\/betzdorf\/","name":"Weltladen Betzdorf","description":"Ein St\u00fcck Welt von morgen","potentialAction":[{"@type":"SearchAction","target":{"@type":"EntryPoint","urlTemplate":"https:\/\/weltlaeden.de\/betzdorf\/?s={search_term_string}"},"query-input":{"@type":"PropertyValueSpecification","valueRequired":true,"valueName":"search_term_string"}}],"inLanguage":"de"}]}},"_links":{"self":[{"href":"https:\/\/weltlaeden.de\/betzdorf\/wp-json\/wp\/v2\/pages\/783","targetHints":{"allow":["GET"]}}],"collection":[{"href":"https:\/\/weltlaeden.de\/betzdorf\/wp-json\/wp\/v2\/pages"}],"about":[{"href":"https:\/\/weltlaeden.de\/betzdorf\/wp-json\/wp\/v2\/types\/page"}],"author":[{"embeddable":true,"href":"https:\/\/weltlaeden.de\/betzdorf\/wp-json\/wp\/v2\/users\/262"}],"replies":[{"embeddable":true,"href":"https:\/\/weltlaeden.de\/betzdorf\/wp-json\/wp\/v2\/comments?post=783"}],"version-history":[{"count":10,"href":"https:\/\/weltlaeden.de\/betzdorf\/wp-json\/wp\/v2\/pages\/783\/revisions"}],"predecessor-version":[{"id":1199,"href":"https:\/\/weltlaeden.de\/betzdorf\/wp-json\/wp\/v2\/pages\/783\/revisions\/1199"}],"wp:attachment":[{"href":"https:\/\/weltlaeden.de\/betzdorf\/wp-json\/wp\/v2\/media?parent=783"}],"curies":[{"name":"wp","href":"https:\/\/api.w.org\/{rel}","templated":true}]}}