{"id":219,"date":"2016-10-28T13:34:47","date_gmt":"2016-10-28T11:34:47","guid":{"rendered":"https:\/\/wl.heimpixel.de\/vorlage\/ueber-uns\/"},"modified":"2022-02-23T19:54:21","modified_gmt":"2022-02-23T18:54:21","slug":"ueber-uns","status":"publish","type":"page","link":"https:\/\/weltlaeden.de\/betzdorf\/ueber-uns\/","title":{"rendered":"\u00dcber uns"},"content":{"rendered":"<div class=\"wpb-content-wrapper\"><p>[vc_row][vc_column]<div class=\"wl_einzelbild\"><p><img loading=\"lazy\" decoding=\"async\" class=\"alignnone wp-image-698 \" src=\"https:\/\/weltlaeden.de\/betzdorf\/wp-content\/uploads\/sites\/176\/2022\/02\/LadenaussenschnittneuDSC_0703-300x199.jpg\" alt=\"\" width=\"790\" height=\"524\" srcset=\"https:\/\/weltlaeden.de\/betzdorf\/wp-content\/uploads\/sites\/176\/2022\/02\/LadenaussenschnittneuDSC_0703-300x199.jpg 300w, https:\/\/weltlaeden.de\/betzdorf\/wp-content\/uploads\/sites\/176\/2022\/02\/LadenaussenschnittneuDSC_0703-768x508.jpg 768w, https:\/\/weltlaeden.de\/betzdorf\/wp-content\/uploads\/sites\/176\/2022\/02\/LadenaussenschnittneuDSC_0703.jpg 787w\" sizes=\"auto, (max-width: 790px) 100vw, 790px\" \/><\/p><\/div>[vc_empty_space][vc_column_text]<\/p>\n<h1>\u00dcber den Weltladen Betzdorf<\/h1>\n<h2>Durch fairen Handel Existenz von Produzenten und deren Familien sichern<\/h2>\n<p>&nbsp;<\/p>\n<div id=\"imPage\">\n<div id=\"imCel0_01\">\n<div id=\"imCel0_01_Cont\">\n<div id=\"imObj0_01\">\n<p class=\"imAlign_left\"><span class=\"ff3 fc2 fs12 \">Seit 1982 geben wir vom Aktionskreis &#8222;Eine Welt Handel&#8220; benachteiligten ProduzentInnen eine Stimme, indem wir auf ungerechte Entlohnung und Handelsbeziehungen aufmerksam machen und die Missachtung der Menschenrechte anprangern. Durch fairen Handel sichern wir die wirtschaftliche Existenz von Produzenten und deren Familien und erm\u00f6glichen ihnen ein eigenverantwortliches selbstbestimmtes Leben &#8211; ein Leben ohne von Spenden abh\u00e4ngig zu sein. Mehr Infos zu den Anf\u00e4ngen: <a href=\"https:\/\/weltlaeden.de\/betzdorf\/wie-alles-begann\/\">Wie alles begann<\/a><br \/>\n<\/span><\/p>\n<p>Viel ist seitdem passiert. Zur Ausweitung des fairen Handels betreiben wir seit 1996 den Weltladen in Betzdorf. So k\u00f6nnen wir durch ein breites Sortiment mehr KonsumentInnen ansprechen. Unver\u00e4ndert ist das Engagement, mit dem sich die MitarbeiterInnen ehrenamtlich einsetzen.<\/p>\n<h3 class=\"imAlign_left\"><span class=\"ff3 fc2 fs12 \"><br \/>\n<\/span><strong><span class=\"ff3 fc3 fs16 fb \">Ziele<\/span><\/strong><\/h3>\n<p>Da wir davon ausgehen, dass sich jeder Mensch nach Gerechtigkeit, Frieden und existentieller Sicheheit sehnt, arbeiten wir daf\u00fcr, dass<\/p>\n<ul class=\"imBullet\">\n<li class=\"imAlign_left\"><span class=\"ff3 fc2 fs12 \">immer mehr Menschen sich dieser Sehnsucht bewusst werden<\/span><\/li>\n<li class=\"imAlign_left\"><span class=\"ff3 fc2 fs12 \">immer mehr Menschen bewusst wird, wie ihr Konsumverhalten zu weltweiter Ungerechtigkeit beitr\u00e4gt<\/span><\/li>\n<li class=\"imAlign_left\"><span class=\"ff3 fc2 fs12 \">sie erkennen, wie sie zu einer globalen Gerechtigkeit beitragen k\u00f6nnen<\/span><\/li>\n<li class=\"imAlign_left\"><span class=\"ff3 fc2 fs12 \">jedem bewusst wird, in welchem Ma\u00dfe sein Verhalten zu weltweiter Umweltzerst\u00f6rung beitr\u00e4gt<\/span><\/li>\n<li class=\"imAlign_left\"><span class=\"ff3 fc2 fs12 \">immer mehr Menschen den Mut haben, zum Wohle aller gegen Ungerechtigkeit und Umeltzerst\u00f6rung zu k\u00e4mpfen<\/span><\/li>\n<li class=\"imAlign_left\"><span class=\"ff3 fc2 fs12 \">immer mehr Menschen die Energie und den Willen aufbringen, gegen die eigene Tr\u00e4gheit oder Gleichg\u00fcltigkeit ihren Lebensstil zu \u00e4ndern<\/span><\/li>\n<\/ul>\n<\/div>\n<\/div>\n<div id=\"imCel0_01_Cont\">\n<div id=\"imObj0_01\">\n<h3><\/h3>\n<h3><strong><span class=\"ff3 fc3 fs16 fb \">Erfolge<\/span><\/strong><\/h3>\n<p>Mit unserem Jahresumsatz an fair gehandelten Produkten sichern wir die Existenz von 200 Familien mit etwa 800 Kindern, so dass diese die M\u00f6glichkeit haben,<\/p>\n<ul class=\"imBullet\">\n<li class=\"imAlign_left\"><span class=\"ff3 fc2 fs12 \">sich gesund zu ern\u00e4hren<\/span><\/li>\n<li class=\"imAlign_left\"><span class=\"ff3 fc2 fs12 \">Arztbesuche und Medikamete zu bezahlen<\/span><\/li>\n<li class=\"imAlign_left\"><span class=\"ff3 fc2 fs12 \">die Kinder in die Schule zu schicken<\/span><\/li>\n<li class=\"imAlign_left\"><span class=\"ff3 fc2 fs12 \">eine saubere Wasserversorgung zu sichern<\/span><\/li>\n<li class=\"imAlign_left\"><span class=\"ff3 fc2 fs12 \">ein soziales Sicherungssystem aufzubauen<\/span><\/li>\n<\/ul>\n<\/div>\n<\/div>\n<div id=\"imCel0_01_Cont\">\n<div id=\"imObj0_01\">\n<h3><\/h3>\n<h3 class=\"imAlign_left\"><strong><span class=\"ff3 fc3 fs16 fb \">Globalisierung: die Welt zerst\u00f6ren &#8211; oder gestalten<\/span><\/strong><\/h3>\n<p class=\"imAlign_left\"><span class=\"ff3 fc2 fs12 \">Wirtschaft soll der Entwicklung des Lebens dienen, aber der Markt ist auf dem Auge der Gerechtigkeit und Naturerhaltung blind. Eine wirtschaftlich dominierte Globalisierung schlie\u00dft die sozialvertr\u00e4gliche Globalisierung aus, die zum \u00dcberleben der Menschheit notwendig ist.<\/span><\/p>\n<p>Nur gemeinsam k\u00f6nnen wir Tendenzen verhindern, die Profit \u00fcber Gerechtigkeit und Solidarit\u00e4t setzen und nur den eigenen Wohlstand im Auge haben. Durch unseren Einkauf im fairen Handel zeigen wir, dass weltweite soziale Marktwirtschaft m\u00f6glich ist und gew\u00fcnscht wird. Mit unserem konsequenten Konsum fair gehandelter Produkte zeigen wir der Politik, dass Gerechtigkeit das Ma\u00df des Handelns sein muss.<\/p>\n<p>&nbsp;<\/p>\n<p><strong><span class=\"ff3 fc2 fs12 fi \">&#8222;Wenn die Kinder des \u00dcberflusses den Entwicklungsl\u00e4ndern gerechte Preise f\u00fcr ihre Produkte zahlen w\u00fcrden, k\u00f6nnten sie ihre Unterst\u00fctzung und ihre Hilfspl\u00e4ne behalten.&#8220;<\/span><\/strong><span class=\"ff3 fc2 fs12 \"><br \/>\n(Don Helder Camera, Erzbischof aus Brasilien).<\/span><\/p>\n<p>&nbsp;<\/p>\n<p><strong><span class=\"ff3 fc2 fs12 fi \">&#8222;Wer durch Almosen geben will, was er der Gerechtigkeit schuldet, spottet der N\u00e4chstenliebe.&#8220;<\/span><\/strong><span class=\"ff3 fc2 fs12 \"><br \/>\n(Erzbischof Romero, El Salvador)<\/span><\/p>\n<p>&nbsp;<\/p>\n<p><strong><span class=\"ff3 fc2 fs12 fi \">&#8222;Jedes Kind, das heute an Hunger stirbt, wurde ermordet.&#8220;<\/span><\/strong><span class=\"ff3 fc2 fs12 \"><br \/>\n(Jean Ziegler, Menschenrechtskomission der UN)<\/span><\/p>\n<p>&nbsp;<\/p>\n<h3><strong><span class=\"ff3 fc3 fs16 fb \">Mitgliedschaft<\/span><\/strong><\/h3>\n<p id=\"imFooterSiteMap\">Durch Ihren Einkauf, aber auch durch Ihre Mitgliedschaft im Verein, k\u00f6nnen sie an der globalen Umsetzung ethischer Werte mitwirken. Der Mitgliedsbeitrag betr\u00e4gt 6 EUR im Jahr.<\/p>\n<\/div>\n<\/div>\n<\/div>\n<\/div>\n<p>[\/vc_column_text][vc_column_text][\/vc_column_text][\/vc_column][\/vc_row][vc_row][vc_column][vc_empty_space][vc_column_text]<\/p>\n<h1>Mitmachen im Weltladen Betzdorf<\/h1>\n<p>[\/vc_column_text][vc_column_text]<strong>Wir suchen<\/strong> Menschen, die Lust haben, sich ehrenamtlich f\u00fcr eine offene, transparente, \u00f6kologische und nachhaltige Form des Wirtschaftens zu engagieren. Ob im Verkauf, der Informations- oder Bildungsarbeit &#8211; die M\u00f6glichkeiten, in unserem Team mitzumachen sind vielf\u00e4ltig und lassen sich bestimmt auch in Deinen Alltag integrieren! Neben regelm\u00e4\u00dfigen Aufgaben gibt es bei uns auch immer wieder einzelne zeitlich befristete Projekte, f\u00fcr die wir Unterst\u00fctzer\/innen suchen. Viele Aufgaben erfordern keine speziellen Vorkenntnisse, sondern nur Deine Bereitschaft, Deine F\u00e4higkeiten einzubringen und eventuell in neuen Bereichen dazuzulernen.<\/p>\n<p><strong>Wir bieten<\/strong> ein nettes Team aus Engagierten mit vielf\u00e4ltigen M\u00f6glichkeiten, sich selbst einzubringen. Eine Gemeinschaft, die Dich herzlich aufnimmt, einarbeitet und bei Fragen zur Verf\u00fcgung steht. Fortbildungsm\u00f6glichkeiten nach Deinen Interessen und Aufgaben.<\/p>\n<p><strong>Ansprechpartner\/in:<\/strong><br \/>\nHermann Hesse<br \/>\nTel. 02741-8504<\/p>\n<p>hermann-hesse@web.de<\/p>\n<p><strong>Wir freuen uns auf Dich!<\/strong>[\/vc_column_text][\/vc_column][\/vc_row]<\/p>\n<\/div>","protected":false},"excerpt":{"rendered":"<p>[vc_row][vc_column][vc_empty_space][vc_column_text] \u00dcber den Weltladen Betzdorf Durch fairen Handel Existenz von Produzenten und deren Familien sichern &nbsp; Seit 1982 geben wir vom Aktionskreis &#8222;Eine Welt Handel&#8220; benachteiligten ProduzentInnen eine Stimme, indem wir auf ungerechte Entlohnung und Handelsbeziehungen aufmerksam machen und die Missachtung der Menschenrechte anprangern. Durch fairen Handel sichern wir die wirtschaftliche Existenz von Produzenten und&hellip;<\/p>\n","protected":false},"author":1,"featured_media":0,"parent":0,"menu_order":4,"comment_status":"closed","ping_status":"closed","template":"","meta":{"footnotes":""},"class_list":["post-219","page","type-page","status-publish","hentry","description-off"],"yoast_head":"<!-- This site is optimized with the Yoast SEO plugin v26.8 - https:\/\/yoast.com\/product\/yoast-seo-wordpress\/ -->\n<title>\u00dcber uns - Weltladen Betzdorf<\/title>\n<meta name=\"robots\" content=\"index, follow, max-snippet:-1, max-image-preview:large, max-video-preview:-1\" \/>\n<link rel=\"canonical\" href=\"https:\/\/weltlaeden.de\/betzdorf\/ueber-uns\/\" \/>\n<meta property=\"og:locale\" content=\"de_DE\" \/>\n<meta property=\"og:type\" content=\"article\" \/>\n<meta property=\"og:title\" content=\"\u00dcber uns - Weltladen Betzdorf\" \/>\n<meta property=\"og:description\" content=\"[vc_row][vc_column][vc_empty_space][vc_column_text] \u00dcber den Weltladen Betzdorf Durch fairen Handel Existenz von Produzenten und deren Familien sichern &nbsp; Seit 1982 geben wir vom Aktionskreis &#8222;Eine Welt Handel&#8220; benachteiligten ProduzentInnen eine Stimme, indem wir auf ungerechte Entlohnung und Handelsbeziehungen aufmerksam machen und die Missachtung der Menschenrechte anprangern. Durch fairen Handel sichern wir die wirtschaftliche Existenz von Produzenten und&hellip;\" \/>\n<meta property=\"og:url\" content=\"https:\/\/weltlaeden.de\/betzdorf\/ueber-uns\/\" \/>\n<meta property=\"og:site_name\" content=\"Weltladen Betzdorf\" \/>\n<meta property=\"article:modified_time\" content=\"2022-02-23T18:54:21+00:00\" \/>\n<meta property=\"og:image\" content=\"https:\/\/weltlaeden.de\/betzdorf\/wp-content\/uploads\/sites\/176\/2022\/02\/LadenaussenschnittneuDSC_0703-300x199.jpg\" \/>\n<meta name=\"twitter:card\" content=\"summary_large_image\" \/>\n<meta name=\"twitter:label1\" content=\"Gesch\u00e4tzte Lesezeit\" \/>\n\t<meta name=\"twitter:data1\" content=\"4\u00a0Minuten\" \/>\n<script type=\"application\/ld+json\" class=\"yoast-schema-graph\">{\"@context\":\"https:\/\/schema.org\",\"@graph\":[{\"@type\":\"WebPage\",\"@id\":\"https:\/\/weltlaeden.de\/betzdorf\/ueber-uns\/\",\"url\":\"https:\/\/weltlaeden.de\/betzdorf\/ueber-uns\/\",\"name\":\"\u00dcber uns - Weltladen Betzdorf\",\"isPartOf\":{\"@id\":\"https:\/\/weltlaeden.de\/betzdorf\/#website\"},\"primaryImageOfPage\":{\"@id\":\"https:\/\/weltlaeden.de\/betzdorf\/ueber-uns\/#primaryimage\"},\"image\":{\"@id\":\"https:\/\/weltlaeden.de\/betzdorf\/ueber-uns\/#primaryimage\"},\"thumbnailUrl\":\"https:\/\/weltlaeden.de\/betzdorf\/wp-content\/uploads\/sites\/176\/2022\/02\/LadenaussenschnittneuDSC_0703-300x199.jpg\",\"datePublished\":\"2016-10-28T11:34:47+00:00\",\"dateModified\":\"2022-02-23T18:54:21+00:00\",\"breadcrumb\":{\"@id\":\"https:\/\/weltlaeden.de\/betzdorf\/ueber-uns\/#breadcrumb\"},\"inLanguage\":\"de\",\"potentialAction\":[{\"@type\":\"ReadAction\",\"target\":[\"https:\/\/weltlaeden.de\/betzdorf\/ueber-uns\/\"]}]},{\"@type\":\"ImageObject\",\"inLanguage\":\"de\",\"@id\":\"https:\/\/weltlaeden.de\/betzdorf\/ueber-uns\/#primaryimage\",\"url\":\"https:\/\/weltlaeden.de\/betzdorf\/wp-content\/uploads\/sites\/176\/2022\/02\/LadenaussenschnittneuDSC_0703.jpg\",\"contentUrl\":\"https:\/\/weltlaeden.de\/betzdorf\/wp-content\/uploads\/sites\/176\/2022\/02\/LadenaussenschnittneuDSC_0703.jpg\",\"width\":787,\"height\":521},{\"@type\":\"BreadcrumbList\",\"@id\":\"https:\/\/weltlaeden.de\/betzdorf\/ueber-uns\/#breadcrumb\",\"itemListElement\":[{\"@type\":\"ListItem\",\"position\":1,\"name\":\"Startseite\",\"item\":\"https:\/\/weltlaeden.de\/betzdorf\/\"},{\"@type\":\"ListItem\",\"position\":2,\"name\":\"\u00dcber uns\"}]},{\"@type\":\"WebSite\",\"@id\":\"https:\/\/weltlaeden.de\/betzdorf\/#website\",\"url\":\"https:\/\/weltlaeden.de\/betzdorf\/\",\"name\":\"Weltladen Betzdorf\",\"description\":\"Ein St\u00fcck Welt von morgen\",\"potentialAction\":[{\"@type\":\"SearchAction\",\"target\":{\"@type\":\"EntryPoint\",\"urlTemplate\":\"https:\/\/weltlaeden.de\/betzdorf\/?s={search_term_string}\"},\"query-input\":{\"@type\":\"PropertyValueSpecification\",\"valueRequired\":true,\"valueName\":\"search_term_string\"}}],\"inLanguage\":\"de\"}]}<\/script>\n<!-- \/ Yoast SEO plugin. -->","yoast_head_json":{"title":"\u00dcber uns - Weltladen Betzdorf","robots":{"index":"index","follow":"follow","max-snippet":"max-snippet:-1","max-image-preview":"max-image-preview:large","max-video-preview":"max-video-preview:-1"},"canonical":"https:\/\/weltlaeden.de\/betzdorf\/ueber-uns\/","og_locale":"de_DE","og_type":"article","og_title":"\u00dcber uns - Weltladen Betzdorf","og_description":"[vc_row][vc_column][vc_empty_space][vc_column_text] \u00dcber den Weltladen Betzdorf Durch fairen Handel Existenz von Produzenten und deren Familien sichern &nbsp; Seit 1982 geben wir vom Aktionskreis &#8222;Eine Welt Handel&#8220; benachteiligten ProduzentInnen eine Stimme, indem wir auf ungerechte Entlohnung und Handelsbeziehungen aufmerksam machen und die Missachtung der Menschenrechte anprangern. Durch fairen Handel sichern wir die wirtschaftliche Existenz von Produzenten und&hellip;","og_url":"https:\/\/weltlaeden.de\/betzdorf\/ueber-uns\/","og_site_name":"Weltladen Betzdorf","article_modified_time":"2022-02-23T18:54:21+00:00","og_image":[{"url":"https:\/\/weltlaeden.de\/betzdorf\/wp-content\/uploads\/sites\/176\/2022\/02\/LadenaussenschnittneuDSC_0703-300x199.jpg","type":"","width":"","height":""}],"twitter_card":"summary_large_image","twitter_misc":{"Gesch\u00e4tzte Lesezeit":"4\u00a0Minuten"},"schema":{"@context":"https:\/\/schema.org","@graph":[{"@type":"WebPage","@id":"https:\/\/weltlaeden.de\/betzdorf\/ueber-uns\/","url":"https:\/\/weltlaeden.de\/betzdorf\/ueber-uns\/","name":"\u00dcber uns - Weltladen Betzdorf","isPartOf":{"@id":"https:\/\/weltlaeden.de\/betzdorf\/#website"},"primaryImageOfPage":{"@id":"https:\/\/weltlaeden.de\/betzdorf\/ueber-uns\/#primaryimage"},"image":{"@id":"https:\/\/weltlaeden.de\/betzdorf\/ueber-uns\/#primaryimage"},"thumbnailUrl":"https:\/\/weltlaeden.de\/betzdorf\/wp-content\/uploads\/sites\/176\/2022\/02\/LadenaussenschnittneuDSC_0703-300x199.jpg","datePublished":"2016-10-28T11:34:47+00:00","dateModified":"2022-02-23T18:54:21+00:00","breadcrumb":{"@id":"https:\/\/weltlaeden.de\/betzdorf\/ueber-uns\/#breadcrumb"},"inLanguage":"de","potentialAction":[{"@type":"ReadAction","target":["https:\/\/weltlaeden.de\/betzdorf\/ueber-uns\/"]}]},{"@type":"ImageObject","inLanguage":"de","@id":"https:\/\/weltlaeden.de\/betzdorf\/ueber-uns\/#primaryimage","url":"https:\/\/weltlaeden.de\/betzdorf\/wp-content\/uploads\/sites\/176\/2022\/02\/LadenaussenschnittneuDSC_0703.jpg","contentUrl":"https:\/\/weltlaeden.de\/betzdorf\/wp-content\/uploads\/sites\/176\/2022\/02\/LadenaussenschnittneuDSC_0703.jpg","width":787,"height":521},{"@type":"BreadcrumbList","@id":"https:\/\/weltlaeden.de\/betzdorf\/ueber-uns\/#breadcrumb","itemListElement":[{"@type":"ListItem","position":1,"name":"Startseite","item":"https:\/\/weltlaeden.de\/betzdorf\/"},{"@type":"ListItem","position":2,"name":"\u00dcber uns"}]},{"@type":"WebSite","@id":"https:\/\/weltlaeden.de\/betzdorf\/#website","url":"https:\/\/weltlaeden.de\/betzdorf\/","name":"Weltladen Betzdorf","description":"Ein St\u00fcck Welt von morgen","potentialAction":[{"@type":"SearchAction","target":{"@type":"EntryPoint","urlTemplate":"https:\/\/weltlaeden.de\/betzdorf\/?s={search_term_string}"},"query-input":{"@type":"PropertyValueSpecification","valueRequired":true,"valueName":"search_term_string"}}],"inLanguage":"de"}]}},"_links":{"self":[{"href":"https:\/\/weltlaeden.de\/betzdorf\/wp-json\/wp\/v2\/pages\/219","targetHints":{"allow":["GET"]}}],"collection":[{"href":"https:\/\/weltlaeden.de\/betzdorf\/wp-json\/wp\/v2\/pages"}],"about":[{"href":"https:\/\/weltlaeden.de\/betzdorf\/wp-json\/wp\/v2\/types\/page"}],"author":[{"embeddable":true,"href":"https:\/\/weltlaeden.de\/betzdorf\/wp-json\/wp\/v2\/users\/1"}],"replies":[{"embeddable":true,"href":"https:\/\/weltlaeden.de\/betzdorf\/wp-json\/wp\/v2\/comments?post=219"}],"version-history":[{"count":19,"href":"https:\/\/weltlaeden.de\/betzdorf\/wp-json\/wp\/v2\/pages\/219\/revisions"}],"predecessor-version":[{"id":1156,"href":"https:\/\/weltlaeden.de\/betzdorf\/wp-json\/wp\/v2\/pages\/219\/revisions\/1156"}],"wp:attachment":[{"href":"https:\/\/weltlaeden.de\/betzdorf\/wp-json\/wp\/v2\/media?parent=219"}],"curies":[{"name":"wp","href":"https:\/\/api.w.org\/{rel}","templated":true}]}}