{"id":1111,"date":"2022-02-22T18:43:02","date_gmt":"2022-02-22T17:43:02","guid":{"rendered":"https:\/\/weltlaeden.de\/betzdorf\/?page_id=1111"},"modified":"2022-02-23T22:54:23","modified_gmt":"2022-02-23T21:54:23","slug":"bananen","status":"publish","type":"page","link":"https:\/\/weltlaeden.de\/betzdorf\/bananen\/","title":{"rendered":"Bananen"},"content":{"rendered":"<div class=\"wpb-content-wrapper\"><p>[vc_row][vc_column][vc_column_text]<img loading=\"lazy\" decoding=\"async\" class=\" wp-image-1145 aligncenter\" src=\"https:\/\/weltlaeden.de\/betzdorf\/wp-content\/uploads\/sites\/176\/2022\/02\/WL-Banafair-Laden-300x200.jpg\" alt=\"\" width=\"787\" height=\"524\" srcset=\"https:\/\/weltlaeden.de\/betzdorf\/wp-content\/uploads\/sites\/176\/2022\/02\/WL-Banafair-Laden-300x200.jpg 300w, https:\/\/weltlaeden.de\/betzdorf\/wp-content\/uploads\/sites\/176\/2022\/02\/WL-Banafair-Laden-768x512.jpg 768w, https:\/\/weltlaeden.de\/betzdorf\/wp-content\/uploads\/sites\/176\/2022\/02\/WL-Banafair-Laden.jpg 800w\" sizes=\"auto, (max-width: 787px) 100vw, 787px\" \/><\/p>\n<p>&nbsp;<\/p>\n<h1>Fair gehandelte Bananen aus dem Weltladen<\/h1>\n<h2>Biobanen von kleinb\u00e4uerlichen Produzenten in Lateinamerika<\/h2>\n<p>&nbsp;<\/p>\n<p>Die Biobananen bezieht der Weltladen \u00fcber <a href=\"https:\/\/www.banafair.de\">BanaFair<\/a>. Hier einige Infos zu der Organisation:<\/p>\n<div class=\"ce_text zweispaltig last block\">\n<p>BanaFair ist eine entwicklungspolitische Non-Profit-Organisation mit drei Arbeitsschwerpunkten:<\/p>\n<ul>\n<li><strong>Fairer Handel mit kleinb\u00e4uerlichen Produzent*innen<\/strong>, der sowohl den Bauernfamilien wie den Verbraucher\/innen eine konkrete und nachhaltige Alternative bietet;<\/li>\n<li><strong>Bildungs-, \u00d6ffentlichkeits-, Kampagnen- und Lobbyarbeit<\/strong> zu den Bedingungen, unter denen Bananen (u.a. S\u00fcdfr\u00fcchte) weltweit produziert und vermarktet werden.<\/li>\n<li class=\"keinumbruch\"><strong>Finanzielle Unterst\u00fctzung von Programmen<\/strong> von Partnerorganisationen in Lateinamerika und der Karibik (Schwerpunkte: Arbeits- und Menschenrechte, Ern\u00e4hrungssicherung, \u00d6kologisierung der Bananenproduktion).<\/li>\n<\/ul>\n<p>&nbsp;<\/p>\n<p>BanaFair ist Mitte der 1980er Jahre aus der Nicaragua-Solidarit\u00e4tsbewegung hervorgegangen. Der gemeinn\u00fctzige Tr\u00e4gerverein wurde 1989 gegr\u00fcndet. Seit 1993 unterh\u00e4lt BanaFair ein Verbindungsb\u00fcro in Lateinamerika.BanaFair ist Gr\u00fcndungsmitglied des <strong>Forum Fairer Handel<\/strong> <a href=\"http:\/\/www.forum-fairer-handel.de\/\" target=\"_blank\" rel=\"noopener\">www.forum-fairer-handel.de<\/a> in Deutschland sowie des seit 1993 bestehenden europ\u00e4ischen Netzwerkes von Nicht-Regierungsorganisationen <a href=\"http:\/\/makefruitfair.org\/de\/euroban\/\" target=\"_blank\" rel=\"noopener\">EUROBAN<\/a>\u00a0(European Banana and Agro Industrial Action Network).<\/p>\n<\/div>\n<p>&nbsp;<\/p>\n<div class=\"inside\">\n<div id=\"article-92\" class=\"mod_article first last block\">\n<div class=\"ce_text last block\">\n<p><img loading=\"lazy\" decoding=\"async\" class=\"size-medium wp-image-1147 alignleft\" src=\"https:\/\/weltlaeden.de\/betzdorf\/wp-content\/uploads\/sites\/176\/2022\/02\/WL-Banafair-logo-300x191.jpg\" alt=\"\" width=\"300\" height=\"191\" srcset=\"https:\/\/weltlaeden.de\/betzdorf\/wp-content\/uploads\/sites\/176\/2022\/02\/WL-Banafair-logo-300x191.jpg 300w, https:\/\/weltlaeden.de\/betzdorf\/wp-content\/uploads\/sites\/176\/2022\/02\/WL-Banafair-logo.jpg 400w\" sizes=\"auto, (max-width: 300px) 100vw, 300px\" \/>BanaFair importiert und vertreibt fair gehandelte Bio-Bananen und andere Produkte von kleinb\u00e4uerlichen Produzent*innen aus Lateinamerika. Wichtigster Handelspartner ist der <a href=\"https:\/\/www.banafair.de\/handelspartner.html\">Kleinbauernverband Urocal<\/a>\u00a0in Ecuador, der Bananen nach den strengen Richtlinien des Anbauverbandes Naturland produziert. Die Zusammenarbeit mit Urocal besteht seit 1998. Von Urocal sowie der indigenen Bauernorganisation APPTA in Costa Rica bezieht BanaFair Bananenp\u00fcree.<\/p>\n<p>Die Zusammenarbeit von BanaFair mit den Handelspartnern fu\u00dft auf Langfristigkeit, Gleichberechtigung, gegenseitigem Respekt und gemeinsamen Entwicklungszielen.<\/p>\n<\/div>\n<\/div>\n<\/div>\n<aside id=\"left\">\n<div class=\"inside\">\n<nav class=\"mod_navigation block\">Weitere Infos unter <a href=\"https:\/\/www.banafair.de\/\">BanaFair<\/a><\/nav>\n<\/div>\n<\/aside>\n<p>[\/vc_column_text][\/vc_column][\/vc_row]<\/p>\n<\/div>","protected":false},"excerpt":{"rendered":"<p>[vc_row][vc_column][vc_column_text] &nbsp; Fair gehandelte Bananen aus dem Weltladen Biobanen von kleinb\u00e4uerlichen Produzenten in Lateinamerika &nbsp; Die Biobananen bezieht der Weltladen \u00fcber BanaFair. Hier einige Infos zu der Organisation: BanaFair ist eine entwicklungspolitische Non-Profit-Organisation mit drei Arbeitsschwerpunkten: Fairer Handel mit kleinb\u00e4uerlichen Produzent*innen, der sowohl den Bauernfamilien wie den Verbraucher\/innen eine konkrete und nachhaltige Alternative bietet; Bildungs-,&hellip;<\/p>\n","protected":false},"author":262,"featured_media":0,"parent":0,"menu_order":0,"comment_status":"closed","ping_status":"closed","template":"","meta":{"footnotes":""},"class_list":["post-1111","page","type-page","status-publish","hentry","description-off"],"yoast_head":"<!-- This site is optimized with the Yoast SEO plugin v26.8 - https:\/\/yoast.com\/product\/yoast-seo-wordpress\/ -->\n<title>Bananen - Weltladen Betzdorf<\/title>\n<meta name=\"robots\" content=\"index, follow, max-snippet:-1, max-image-preview:large, max-video-preview:-1\" \/>\n<link rel=\"canonical\" href=\"https:\/\/weltlaeden.de\/betzdorf\/bananen\/\" \/>\n<meta property=\"og:locale\" content=\"de_DE\" \/>\n<meta property=\"og:type\" content=\"article\" \/>\n<meta property=\"og:title\" content=\"Bananen - Weltladen Betzdorf\" \/>\n<meta property=\"og:description\" content=\"[vc_row][vc_column][vc_column_text] &nbsp; Fair gehandelte Bananen aus dem Weltladen Biobanen von kleinb\u00e4uerlichen Produzenten in Lateinamerika &nbsp; Die Biobananen bezieht der Weltladen \u00fcber BanaFair. Hier einige Infos zu der Organisation: BanaFair ist eine entwicklungspolitische Non-Profit-Organisation mit drei Arbeitsschwerpunkten: Fairer Handel mit kleinb\u00e4uerlichen Produzent*innen, der sowohl den Bauernfamilien wie den Verbraucher\/innen eine konkrete und nachhaltige Alternative bietet; Bildungs-,&hellip;\" \/>\n<meta property=\"og:url\" content=\"https:\/\/weltlaeden.de\/betzdorf\/bananen\/\" \/>\n<meta property=\"og:site_name\" content=\"Weltladen Betzdorf\" \/>\n<meta property=\"article:modified_time\" content=\"2022-02-23T21:54:23+00:00\" \/>\n<meta property=\"og:image\" content=\"https:\/\/weltlaeden.de\/betzdorf\/wp-content\/uploads\/sites\/176\/2022\/02\/WL-Banafair-Laden-300x200.jpg\" \/>\n<meta name=\"twitter:card\" content=\"summary_large_image\" \/>\n<meta name=\"twitter:label1\" content=\"Gesch\u00e4tzte Lesezeit\" \/>\n\t<meta name=\"twitter:data1\" content=\"2\u00a0Minuten\" \/>\n<script type=\"application\/ld+json\" class=\"yoast-schema-graph\">{\"@context\":\"https:\/\/schema.org\",\"@graph\":[{\"@type\":\"WebPage\",\"@id\":\"https:\/\/weltlaeden.de\/betzdorf\/bananen\/\",\"url\":\"https:\/\/weltlaeden.de\/betzdorf\/bananen\/\",\"name\":\"Bananen - Weltladen Betzdorf\",\"isPartOf\":{\"@id\":\"https:\/\/weltlaeden.de\/betzdorf\/#website\"},\"primaryImageOfPage\":{\"@id\":\"https:\/\/weltlaeden.de\/betzdorf\/bananen\/#primaryimage\"},\"image\":{\"@id\":\"https:\/\/weltlaeden.de\/betzdorf\/bananen\/#primaryimage\"},\"thumbnailUrl\":\"https:\/\/weltlaeden.de\/betzdorf\/wp-content\/uploads\/sites\/176\/2022\/02\/WL-Banafair-Laden-300x200.jpg\",\"datePublished\":\"2022-02-22T17:43:02+00:00\",\"dateModified\":\"2022-02-23T21:54:23+00:00\",\"breadcrumb\":{\"@id\":\"https:\/\/weltlaeden.de\/betzdorf\/bananen\/#breadcrumb\"},\"inLanguage\":\"de\",\"potentialAction\":[{\"@type\":\"ReadAction\",\"target\":[\"https:\/\/weltlaeden.de\/betzdorf\/bananen\/\"]}]},{\"@type\":\"ImageObject\",\"inLanguage\":\"de\",\"@id\":\"https:\/\/weltlaeden.de\/betzdorf\/bananen\/#primaryimage\",\"url\":\"https:\/\/weltlaeden.de\/betzdorf\/wp-content\/uploads\/sites\/176\/2022\/02\/WL-Banafair-Laden.jpg\",\"contentUrl\":\"https:\/\/weltlaeden.de\/betzdorf\/wp-content\/uploads\/sites\/176\/2022\/02\/WL-Banafair-Laden.jpg\",\"width\":800,\"height\":533},{\"@type\":\"BreadcrumbList\",\"@id\":\"https:\/\/weltlaeden.de\/betzdorf\/bananen\/#breadcrumb\",\"itemListElement\":[{\"@type\":\"ListItem\",\"position\":1,\"name\":\"Startseite\",\"item\":\"https:\/\/weltlaeden.de\/betzdorf\/\"},{\"@type\":\"ListItem\",\"position\":2,\"name\":\"Bananen\"}]},{\"@type\":\"WebSite\",\"@id\":\"https:\/\/weltlaeden.de\/betzdorf\/#website\",\"url\":\"https:\/\/weltlaeden.de\/betzdorf\/\",\"name\":\"Weltladen Betzdorf\",\"description\":\"Ein St\u00fcck Welt von morgen\",\"potentialAction\":[{\"@type\":\"SearchAction\",\"target\":{\"@type\":\"EntryPoint\",\"urlTemplate\":\"https:\/\/weltlaeden.de\/betzdorf\/?s={search_term_string}\"},\"query-input\":{\"@type\":\"PropertyValueSpecification\",\"valueRequired\":true,\"valueName\":\"search_term_string\"}}],\"inLanguage\":\"de\"}]}<\/script>\n<!-- \/ Yoast SEO plugin. -->","yoast_head_json":{"title":"Bananen - Weltladen Betzdorf","robots":{"index":"index","follow":"follow","max-snippet":"max-snippet:-1","max-image-preview":"max-image-preview:large","max-video-preview":"max-video-preview:-1"},"canonical":"https:\/\/weltlaeden.de\/betzdorf\/bananen\/","og_locale":"de_DE","og_type":"article","og_title":"Bananen - Weltladen Betzdorf","og_description":"[vc_row][vc_column][vc_column_text] &nbsp; Fair gehandelte Bananen aus dem Weltladen Biobanen von kleinb\u00e4uerlichen Produzenten in Lateinamerika &nbsp; Die Biobananen bezieht der Weltladen \u00fcber BanaFair. Hier einige Infos zu der Organisation: BanaFair ist eine entwicklungspolitische Non-Profit-Organisation mit drei Arbeitsschwerpunkten: Fairer Handel mit kleinb\u00e4uerlichen Produzent*innen, der sowohl den Bauernfamilien wie den Verbraucher\/innen eine konkrete und nachhaltige Alternative bietet; Bildungs-,&hellip;","og_url":"https:\/\/weltlaeden.de\/betzdorf\/bananen\/","og_site_name":"Weltladen Betzdorf","article_modified_time":"2022-02-23T21:54:23+00:00","og_image":[{"url":"https:\/\/weltlaeden.de\/betzdorf\/wp-content\/uploads\/sites\/176\/2022\/02\/WL-Banafair-Laden-300x200.jpg","type":"","width":"","height":""}],"twitter_card":"summary_large_image","twitter_misc":{"Gesch\u00e4tzte Lesezeit":"2\u00a0Minuten"},"schema":{"@context":"https:\/\/schema.org","@graph":[{"@type":"WebPage","@id":"https:\/\/weltlaeden.de\/betzdorf\/bananen\/","url":"https:\/\/weltlaeden.de\/betzdorf\/bananen\/","name":"Bananen - Weltladen Betzdorf","isPartOf":{"@id":"https:\/\/weltlaeden.de\/betzdorf\/#website"},"primaryImageOfPage":{"@id":"https:\/\/weltlaeden.de\/betzdorf\/bananen\/#primaryimage"},"image":{"@id":"https:\/\/weltlaeden.de\/betzdorf\/bananen\/#primaryimage"},"thumbnailUrl":"https:\/\/weltlaeden.de\/betzdorf\/wp-content\/uploads\/sites\/176\/2022\/02\/WL-Banafair-Laden-300x200.jpg","datePublished":"2022-02-22T17:43:02+00:00","dateModified":"2022-02-23T21:54:23+00:00","breadcrumb":{"@id":"https:\/\/weltlaeden.de\/betzdorf\/bananen\/#breadcrumb"},"inLanguage":"de","potentialAction":[{"@type":"ReadAction","target":["https:\/\/weltlaeden.de\/betzdorf\/bananen\/"]}]},{"@type":"ImageObject","inLanguage":"de","@id":"https:\/\/weltlaeden.de\/betzdorf\/bananen\/#primaryimage","url":"https:\/\/weltlaeden.de\/betzdorf\/wp-content\/uploads\/sites\/176\/2022\/02\/WL-Banafair-Laden.jpg","contentUrl":"https:\/\/weltlaeden.de\/betzdorf\/wp-content\/uploads\/sites\/176\/2022\/02\/WL-Banafair-Laden.jpg","width":800,"height":533},{"@type":"BreadcrumbList","@id":"https:\/\/weltlaeden.de\/betzdorf\/bananen\/#breadcrumb","itemListElement":[{"@type":"ListItem","position":1,"name":"Startseite","item":"https:\/\/weltlaeden.de\/betzdorf\/"},{"@type":"ListItem","position":2,"name":"Bananen"}]},{"@type":"WebSite","@id":"https:\/\/weltlaeden.de\/betzdorf\/#website","url":"https:\/\/weltlaeden.de\/betzdorf\/","name":"Weltladen Betzdorf","description":"Ein St\u00fcck Welt von morgen","potentialAction":[{"@type":"SearchAction","target":{"@type":"EntryPoint","urlTemplate":"https:\/\/weltlaeden.de\/betzdorf\/?s={search_term_string}"},"query-input":{"@type":"PropertyValueSpecification","valueRequired":true,"valueName":"search_term_string"}}],"inLanguage":"de"}]}},"_links":{"self":[{"href":"https:\/\/weltlaeden.de\/betzdorf\/wp-json\/wp\/v2\/pages\/1111","targetHints":{"allow":["GET"]}}],"collection":[{"href":"https:\/\/weltlaeden.de\/betzdorf\/wp-json\/wp\/v2\/pages"}],"about":[{"href":"https:\/\/weltlaeden.de\/betzdorf\/wp-json\/wp\/v2\/types\/page"}],"author":[{"embeddable":true,"href":"https:\/\/weltlaeden.de\/betzdorf\/wp-json\/wp\/v2\/users\/262"}],"replies":[{"embeddable":true,"href":"https:\/\/weltlaeden.de\/betzdorf\/wp-json\/wp\/v2\/comments?post=1111"}],"version-history":[{"count":9,"href":"https:\/\/weltlaeden.de\/betzdorf\/wp-json\/wp\/v2\/pages\/1111\/revisions"}],"predecessor-version":[{"id":1204,"href":"https:\/\/weltlaeden.de\/betzdorf\/wp-json\/wp\/v2\/pages\/1111\/revisions\/1204"}],"wp:attachment":[{"href":"https:\/\/weltlaeden.de\/betzdorf\/wp-json\/wp\/v2\/media?parent=1111"}],"curies":[{"name":"wp","href":"https:\/\/api.w.org\/{rel}","templated":true}]}}