{"id":973,"date":"2021-08-24T13:48:57","date_gmt":"2021-08-24T11:48:57","guid":{"rendered":"https:\/\/weltlaeden.de\/bergedorf\/?page_id=973"},"modified":"2023-06-23T11:10:45","modified_gmt":"2023-06-23T09:10:45","slug":"mela","status":"publish","type":"page","link":"https:\/\/weltlaeden.de\/bergedorf\/produkte\/faire-mode\/mela\/","title":{"rendered":"Mela"},"content":{"rendered":"<div class=\"wpb-content-wrapper\"><p>[vc_row][vc_column]<div class=\"wl_einzelbild\"><p><\/p>\n<div id=\"attachment_2099\" style=\"width: 1930px\" class=\"wp-caption alignleft\"><img loading=\"lazy\" decoding=\"async\" aria-describedby=\"caption-attachment-2099\" class=\"wp-image-2099 size-full\" src=\"https:\/\/weltlaeden.de\/osterstrasse\/wp-content\/uploads\/sites\/17\/2021\/04\/MELAWEAR-zugeschnitten.jpg\" alt=\"\" width=\"1920\" height=\"1080\" \/><p id=\"caption-attachment-2099\" class=\"wp-caption-text\">Rucksack-Produzenten von MELA (Foto: MELA)<\/p><\/div>\n<p><\/p><\/div>[\/vc_column][\/vc_row][vc_row][vc_column][vc_empty_space][\/vc_column][\/vc_row][vc_row][vc_column][vc_column_text]<\/p>\n<h1><strong>MELA, Indien \/ Sri Lanka \/ Deutschland<\/strong><\/h1>\n<p>Textilproduktion durch Innovation und Engagement neu denken, das ist das Ziel von <a href=\"https:\/\/www.melawear.de\/\">MELA<\/a>. Als weltweit erstes Unternehmen haben sie es damit geschafft, Rucks\u00e4cke und Sneaker mit den Siegeln <a href=\"https:\/\/www.fairtrade-deutschland.de\/produkte\/baumwolle\/hintergrund-fairtrade-baumwolle\">Fairtrade Cotton Standard<\/a> und <a href=\"https:\/\/global-standard.org\/\">Global Organic Textile Standard (GOTS)<\/a> herzustellen. Mela hei\u00dft auf Hindi \u201eGemeinsam Handeln\u201c.[\/vc_column_text][\/vc_column][\/vc_row][vc_row][vc_column width=&#8220;1\/6&#8243;][vc_empty_space][\/vc_column][vc_column width=&#8220;5\/6&#8243;][vc_empty_space]<blockquote class=\"text-big shortcode-blockquote\"><h2><span style=\"color: #ff9900\">\u201eWir haben uns daf\u00fcr entschieden, die maximale Wertsch\u00f6pfung im Land des Rohstoffursprungs zu belassen. Vom Anbau der Biobaumwolle bis zum fertigen Textil finden alle Produktionsschritte in Indien bzw. Sri Lanka statt.\u201c<\/span><\/h2>\n<p style=\"text-align: right\"><em>(MELA)<\/em><\/p>\n<\/blockquote>[vc_empty_space][\/vc_column][\/vc_row][vc_row][vc_column][vc_column_text]<\/p>\n<h2><span style=\"color: #ff9900\"><strong>Gemeinsam handeln<\/strong><\/span><\/h2>\n<p>F\u00fcr MELA sind die Produzent*innen in Indien und Sri Lanka Freund*innen. Basis ihrer Verbindung sind regelm\u00e4\u00dfige Besuche und langfristige Handelsbeziehungen. Gemeinsam teilen sie die Vision einer nachhaltigen Textilindustrie. Die gesamte Lieferkette steht im Fokus, bei der die maximale Wertsch\u00f6pfung vor Ort bleibt. MELA ist das erste Modelabel, das den neuen Fairtrade Textilstandard eingef\u00fchrt hat. Ihre Partner-N\u00e4herei Purecotz in Gujarat, Indien, ist die weltweit erste Textilfabrik, die so zertifiziert wurde. Damit werden Sozialstandards entlang der gesamten textilen Lieferkette umgesetzt: von der Entk\u00f6rnung der Baumwolle \u00fcber die Garn- und Stoffproduktion bis hin zur N\u00e4herei. Die etwa 1000 Arbeiter*innen erhalten so existenzsichernde L\u00f6hne, haben erh\u00f6hte Mitspracherechte und erhalten Trainings und Schulungen.[\/vc_column_text][\/vc_column][\/vc_row][vc_row][vc_column][vc_empty_space]<div class=\"wl_einzelbild\"><p><\/p>\n<div id=\"attachment_2115\" style=\"width: 1930px\" class=\"wp-caption alignleft\"><img loading=\"lazy\" decoding=\"async\" aria-describedby=\"caption-attachment-2115\" class=\"wp-image-2115 size-full\" src=\"https:\/\/weltlaeden.de\/osterstrasse\/wp-content\/uploads\/sites\/17\/2021\/04\/Fashion_rev_02-e1617696679764.jpg\" alt=\"\" width=\"1920\" height=\"988\" \/><p id=\"caption-attachment-2115\" class=\"wp-caption-text\">Schneider von der Textilfabrik Purecotz in Gujarat, Indien (Foto: MELA)<\/p><\/div>\n<p><\/p><\/div>[vc_empty_space][\/vc_column][\/vc_row][vc_row][vc_column][vc_column_text]<\/p>\n<h2><span style=\"color: #ff9900\"><strong>Die Zukunft ist jetzt<\/strong><\/span><\/h2>\n<p>MELA w\u00e4hlt Rohstoffe sorgf\u00e4ltig aus: Die Textilien werden zu 100% aus GOTS-zertifizierter indischer Bio-Baumwolle hergestellt. Sie verzichten auf Kunst- und Mischfasern, womit sie Verantwortung f\u00fcr eine nachhaltige Textilproduktion \u00fcbernehmen. Inspiriert von dem Ansatz f\u00fcr eine durchg\u00e4ngige und konsequente Kreislaufwirtschaft (<a href=\"https:\/\/c2c.ngo\/\">Cradle to Cradle<\/a>) versucht MELA in der Textilindustrie einen geschlossenen Kreislauf \u2013 ohne M\u00fcll \u2013 zu schaffen. So ist es u.a. durch die biologisch abbaubaren N\u00e4hgarne m\u00f6glich, Textilien nach der Nutzung industriell zu kompostieren.[\/vc_column_text][\/vc_column][\/vc_row][vc_row][vc_column][vc_column_text]MELA \u00fcbernimmt Verantwortung f\u00fcr die \u00f6kologischen und sozialen Probleme der Textilindustrie. Die zeitlosen Rucks\u00e4cke, Basics und Essentials aus der Zukunft finden Sie schon jetzt bei uns im Weltladen![\/vc_column_text][vc_empty_space][\/vc_column][\/vc_row][vc_row][vc_column][vc_tta_pageable no_fill_content_area=&#8220;1&#8243; autoplay=&#8220;3&#8243; active_section=&#8220;1&#8243; css_animation=&#8220;fadeInRight&#8220;][vc_tta_section title=&#8220;Inhaltsbereich 1&#8243; tab_id=&#8220;1636127764278-ea7da770-3a08&#8243;][vc_single_image image=&#8220;988&#8243; img_size=&#8220;full&#8220; css_animation=&#8220;fadeInRight&#8220;][\/vc_tta_section][vc_tta_section title=&#8220;Inhaltsbereich&#8220; tab_id=&#8220;1636127853290-5efb7f16-a316&#8243;][vc_single_image image=&#8220;989&#8243; img_size=&#8220;full&#8220; css_animation=&#8220;fadeInRight&#8220;][\/vc_tta_section][vc_tta_section title=&#8220;Inhaltsbereich&#8220; tab_id=&#8220;1636127872667-84bd370c-2259&#8243;][vc_single_image image=&#8220;990&#8243; img_size=&#8220;full&#8220; css_animation=&#8220;fadeInRight&#8220;][\/vc_tta_section][vc_tta_section title=&#8220;Inhaltsbereich&#8220; tab_id=&#8220;1636127890484-fdc76856-f739&#8243;][vc_single_image image=&#8220;991&#8243; img_size=&#8220;full&#8220; css_animation=&#8220;fadeInRight&#8220;][\/vc_tta_section][vc_tta_section title=&#8220;Inhaltsbereich&#8220; tab_id=&#8220;1636127909105-749a63f7-bde3&#8243;][vc_single_image image=&#8220;992&#8243; img_size=&#8220;full&#8220; css_animation=&#8220;fadeInRight&#8220;][\/vc_tta_section][vc_tta_section title=&#8220;Inhaltsbereich&#8220; tab_id=&#8220;1636127928006-acf1b970-7f34&#8243;][vc_single_image image=&#8220;994&#8243; img_size=&#8220;full&#8220; css_animation=&#8220;fadeInRight&#8220;][\/vc_tta_section][vc_tta_section title=&#8220;Inhaltsbereich&#8220; tab_id=&#8220;1636127947527-f18e74c7-96df&#8220;][vc_single_image image=&#8220;995&#8243; img_size=&#8220;full&#8220; css_animation=&#8220;fadeInRight&#8220;][\/vc_tta_section][\/vc_tta_pageable][\/vc_column][\/vc_row][vc_row][vc_column][vc_column_text]<\/p>\n<p style=\"text-align: right\"><span style=\"color: #999999\">Beispielbilder u.a. der Fr\u00fchlings- und Sommerkollektion 2021 (Fotos: MELA)<\/span><\/p>\n<p>[\/vc_column_text][vc_empty_space][\/vc_column][\/vc_row][vc_row][vc_column][vc_empty_space]<blockquote class=\"text-big shortcode-blockquote\"><p><a href=\"https:\/\/www.melawear.de\/podcast\"><span style=\"color: #ff9900\">\u201eSTEP INTO THE FUTURE\u201c<\/span><\/a> <span style=\"color: #808080\">ist der Podcast von MELA, in dem es um Mode, Nachhaltigkeit und gesellschaftlichen Wandel geht. Hier teilt das nachhaltige Modeunternehmen sein Wissen, die eigene Unternehmensphilosophie, praktische Erfahrungen aus erster Hand und erm\u00f6glicht Einblicke in die Textilindustrie. Diskutiert wird mit Akteur*innen, die sich aktiv mit dem Thema Nachhaltigkeit in all ihren Facetten auseinandersetzen.<\/span><\/p>\n<\/blockquote>[vc_empty_space][\/vc_column][\/vc_row][vc_row][vc_column][vc_empty_space][vc_video link=&#8220;https:\/\/www.youtube.com\/watch?v=r-duOyuFVIQ&#8220;][vc_empty_space][\/vc_column][\/vc_row][vc_row][vc_column width=&#8220;1\/3&#8243;][vc_empty_space]<div class=\"wl_einzelbild\"><p><img loading=\"lazy\" decoding=\"async\" class=\"alignleft size-medium wp-image-1273\" src=\"https:\/\/weltlaeden.de\/bergedorf\/wp-content\/uploads\/sites\/18\/2022\/05\/MELA-Logo-300x81.jpg\" alt=\"\" width=\"300\" height=\"81\" srcset=\"https:\/\/weltlaeden.de\/bergedorf\/wp-content\/uploads\/sites\/18\/2022\/05\/MELA-Logo-300x81.jpg 300w, https:\/\/weltlaeden.de\/bergedorf\/wp-content\/uploads\/sites\/18\/2022\/05\/MELA-Logo-1024x277.jpg 1024w, https:\/\/weltlaeden.de\/bergedorf\/wp-content\/uploads\/sites\/18\/2022\/05\/MELA-Logo-768x208.jpg 768w, https:\/\/weltlaeden.de\/bergedorf\/wp-content\/uploads\/sites\/18\/2022\/05\/MELA-Logo-1536x415.jpg 1536w, https:\/\/weltlaeden.de\/bergedorf\/wp-content\/uploads\/sites\/18\/2022\/05\/MELA-Logo-2048x554.jpg 2048w, https:\/\/weltlaeden.de\/bergedorf\/wp-content\/uploads\/sites\/18\/2022\/05\/MELA-Logo-scaled.jpg 1920w\" sizes=\"auto, (max-width: 300px) 100vw, 300px\" \/><\/p><\/div>[vc_empty_space][\/vc_column][vc_column width=&#8220;2\/3&#8243;][vc_empty_space]<div class=\"wl_einzelbild\"><p><img loading=\"lazy\" decoding=\"async\" class=\"alignleft wp-image-2101 size-full\" src=\"https:\/\/weltlaeden.de\/osterstrasse\/wp-content\/uploads\/sites\/17\/2021\/04\/Indien-Deutschland-Mela.jpg\" alt=\"\" width=\"1280\" height=\"720\" \/><\/p><\/div>[vc_empty_space][\/vc_column][\/vc_row][vc_row][vc_column][vc_empty_space][vc_column_text]<\/p>\n<p style=\"text-align: right\"><span style=\"color: #999999\"><em>Autorin: Magdalena Gassner<\/em><\/span><\/p>\n<p>[\/vc_column_text][vc_separator][vc_column_text]<em>Quellen:<\/em> <em><a href=\"https:\/\/www.melawear.de\/\">MELA<\/a>, <a href=\"https:\/\/www.fairtrade-deutschland.de\/service\/presse\/details\/erste-naeherei-nach-fairtrade-textilstandard-zertifiziert-4656\">Fairtrade<\/a><\/em>[\/vc_column_text][\/vc_column][\/vc_row]<\/p>\n<\/div>","protected":false},"excerpt":{"rendered":"<p>[vc_row][vc_column][\/vc_column][\/vc_row][vc_row][vc_column][vc_empty_space][\/vc_column][\/vc_row][vc_row][vc_column][vc_column_text] MELA, Indien \/ Sri Lanka \/ Deutschland Textilproduktion durch Innovation und Engagement neu denken, das ist das Ziel von MELA. Als weltweit erstes Unternehmen haben sie es damit geschafft, Rucks\u00e4cke und Sneaker mit den Siegeln Fairtrade Cotton Standard und Global Organic Textile Standard (GOTS) herzustellen. Mela hei\u00dft auf Hindi \u201eGemeinsam Handeln\u201c.[\/vc_column_text][\/vc_column][\/vc_row][vc_row][vc_column width=&#8220;1\/6&#8243;][vc_empty_space][\/vc_column][vc_column width=&#8220;5\/6&#8243;][vc_empty_space][vc_empty_space][\/vc_column][\/vc_row][vc_row][vc_column][vc_column_text] Gemeinsam&hellip;<\/p>\n","protected":false},"author":97,"featured_media":1000,"parent":966,"menu_order":25,"comment_status":"closed","ping_status":"closed","template":"","meta":{"footnotes":""},"class_list":["post-973","page","type-page","status-publish","has-post-thumbnail","hentry","description-off"],"_links":{"self":[{"href":"https:\/\/weltlaeden.de\/bergedorf\/wp-json\/wp\/v2\/pages\/973","targetHints":{"allow":["GET"]}}],"collection":[{"href":"https:\/\/weltlaeden.de\/bergedorf\/wp-json\/wp\/v2\/pages"}],"about":[{"href":"https:\/\/weltlaeden.de\/bergedorf\/wp-json\/wp\/v2\/types\/page"}],"author":[{"embeddable":true,"href":"https:\/\/weltlaeden.de\/bergedorf\/wp-json\/wp\/v2\/users\/97"}],"replies":[{"embeddable":true,"href":"https:\/\/weltlaeden.de\/bergedorf\/wp-json\/wp\/v2\/comments?post=973"}],"version-history":[{"count":15,"href":"https:\/\/weltlaeden.de\/bergedorf\/wp-json\/wp\/v2\/pages\/973\/revisions"}],"predecessor-version":[{"id":1274,"href":"https:\/\/weltlaeden.de\/bergedorf\/wp-json\/wp\/v2\/pages\/973\/revisions\/1274"}],"up":[{"embeddable":true,"href":"https:\/\/weltlaeden.de\/bergedorf\/wp-json\/wp\/v2\/pages\/966"}],"wp:featuredmedia":[{"embeddable":true,"href":"https:\/\/weltlaeden.de\/bergedorf\/wp-json\/wp\/v2\/media\/1000"}],"wp:attachment":[{"href":"https:\/\/weltlaeden.de\/bergedorf\/wp-json\/wp\/v2\/media?parent=973"}],"curies":[{"name":"wp","href":"https:\/\/api.w.org\/{rel}","templated":true}]}}