{"id":217,"date":"2016-10-28T13:34:47","date_gmt":"2016-10-28T11:34:47","guid":{"rendered":"https:\/\/wl.heimpixel.de\/bergedorf\/produkte\/"},"modified":"2023-06-26T11:08:43","modified_gmt":"2023-06-26T09:08:43","slug":"produkte","status":"publish","type":"page","link":"https:\/\/weltlaeden.de\/bergedorf\/produkte\/","title":{"rendered":"Produkte"},"content":{"rendered":"<div class=\"wpb-content-wrapper\"><p>[vc_row][vc_column]<div class=\"wl_einzelbild\"><p><\/p><\/div>[vc_empty_space][vc_column_text]<\/p>\n<h1>Unser Sortiment<\/h1>\n<p>[\/vc_column_text][vc_column_text]Einmal rund um die Welt und wieder zur\u00fcck. Das k\u00f6nnte das Motto sein, mit dem sich unser Sortiment gut beschreiben l\u00e4sst. Von S\u00fcd- und Mittelamerika \u00fcber die L\u00e4nder Afrikas, nach Indien, Vietnam und Bangladesh und wieder zur\u00fcck nach Deutschland in heimische Gefilde. Eine Reise, die sich lohnt. Denn unser breit gef\u00e4chertes Sortiment aus hochwertigen Lebensmitteln und Handwerksprodukten beziehen wir, bis auf einige Erg\u00e4nzungsprodukte, ausschlie\u00dflich von Organisationen, die zu 100 % Fairen Handel betreiben und direkt mit den Produzent*innen in Verbindung stehen.<\/p>\n<p>Wir beziehen unsere Produkte\u00a0von anerkannten Importorganisationen, die im Lieferantenkatalog des Weltladen-Dachverbands gelistet sind und damit f\u00fcr uns als zuverl\u00e4ssige PartnerInnen f\u00fcr garantiert fair gehandelte Produkte stehen.\u00a0Zu unseren Lieferanten geh\u00f6ren u.a. die GEPA, El Puente, oder dwp: allesamt Importorganisationen, die sich seit vielen Jahren f\u00fcr den Fairen Handel in der Welt einsetzen.[\/vc_column_text][vc_empty_space][vc_row_inner][vc_column_inner width=&#8220;1\/3&#8243;][vc_column_text]<\/p>\n<h2><strong><span style=\"color: #ff9900\">Kunsthandwerk<br \/>\n<\/span><\/strong><\/h2>\n<p>[\/vc_column_text]<div class=\"wl_einzelbild\"><p><a href=\"https:\/\/weltlaeden.de\/bergedorf\/produkte\/kunsthandwerk\/\"><img loading=\"lazy\" decoding=\"async\" class=\"alignnone wp-image-838 size-large\" src=\"https:\/\/weltlaeden.de\/bergedorf\/wp-content\/uploads\/sites\/18\/2020\/03\/IMG_3418-e1614254001818-1024x768.jpg\" alt=\"\" width=\"1024\" height=\"768\" srcset=\"https:\/\/weltlaeden.de\/bergedorf\/wp-content\/uploads\/sites\/18\/2020\/03\/IMG_3418-e1614254001818-1024x768.jpg 1024w, https:\/\/weltlaeden.de\/bergedorf\/wp-content\/uploads\/sites\/18\/2020\/03\/IMG_3418-e1614254001818-300x225.jpg 300w, https:\/\/weltlaeden.de\/bergedorf\/wp-content\/uploads\/sites\/18\/2020\/03\/IMG_3418-e1614254001818-768x576.jpg 768w, https:\/\/weltlaeden.de\/bergedorf\/wp-content\/uploads\/sites\/18\/2020\/03\/IMG_3418-e1614254001818.jpg 1920w\" sizes=\"auto, (max-width: 1024px) 100vw, 1024px\" \/><\/a><\/p><\/div>[vc_column_text]<\/p>\n<p>Einzigartig, handgefertigt und modern \u2013 unser Kunsthandwerkssortiment ist vielf\u00e4ltig und hat Einiges zu bieten. Sie finden bei uns kleine oder gr\u00f6\u00dfere Geschenkideen, sch\u00f6ne Liebhaberobjekte oder Produkte f\u00fcr den t\u00e4glichen Gebrauch.<\/p>\n<p>Dabei spielen f\u00fcr uns eine \u00f6kologisch vertr\u00e4gliche Herstellung und Materialverwertung und auch Re-\/Upcycling eine wichtige Rolle. Kriterien, die sich durch unser Produktsortiment ziehen und immer wieder innovative und phantasievolle Kreationen, ob aus Glas, Plastik, Metall oder Stoff, hervorbringen.<\/p>\n<p>Zu unserem Handwerkssortiment geh\u00f6ren individuelle Schmuckst\u00fccke, Schals und hochwertige Lederwaren, ausgefallene Recyclingprodukte, K\u00f6rbe, Geschirr, Haushaltswaren, und vieles mehr&#8230;[\/vc_column_text][\/vc_column_inner][vc_column_inner width=&#8220;1\/3&#8243;][vc_column_text]<\/p>\n<h2><strong><span style=\"color: #ff9900\">Lebensmittel<\/span><\/strong><\/h2>\n<p>[\/vc_column_text]<div class=\"wl_einzelbild\"><p><a href=\"https:\/\/weltlaeden.de\/bergedorf\/produkte\/lebensmittel\/\"><img loading=\"lazy\" decoding=\"async\" class=\"alignnone wp-image-431 size-full\" src=\"https:\/\/weltlaeden.de\/bergedorf\/wp-content\/uploads\/sites\/18\/2016\/10\/Warenkorb2.jpg\" alt=\"\" width=\"1137\" height=\"853\" srcset=\"https:\/\/weltlaeden.de\/bergedorf\/wp-content\/uploads\/sites\/18\/2016\/10\/Warenkorb2.jpg 1137w, https:\/\/weltlaeden.de\/bergedorf\/wp-content\/uploads\/sites\/18\/2016\/10\/Warenkorb2-300x225.jpg 300w, https:\/\/weltlaeden.de\/bergedorf\/wp-content\/uploads\/sites\/18\/2016\/10\/Warenkorb2-768x576.jpg 768w, https:\/\/weltlaeden.de\/bergedorf\/wp-content\/uploads\/sites\/18\/2016\/10\/Warenkorb2-1024x768.jpg 1024w\" sizes=\"auto, (max-width: 1137px) 100vw, 1137px\" \/><\/a><\/p><\/div>[vc_column_text]Bei uns finden Sie nicht nur verschiedenen hochwertige Kaffees und leckere Schokoladensorten, sondern neben Fruchts\u00e4ften, aromatischen Tees, und vollmundige Weinen auch exotische Gew\u00fcrze, Reis, Trockenfr\u00fcchte und vieles mehr. Die Vielfalt an fair gehandelten Lebensmitteln und Getr\u00e4nken ist gro\u00df und zum gr\u00f6\u00dften Teil zus\u00e4tzlich aus \u00f6kologisch zertifiziertem Anbau.<\/p>\n<p>\u00dcberzeugen Sie sich selbst und probieren Sie bei uns verschiedenste qualitativ hochwertige Produkte aus Fairem Handel.<\/p>\n<p>[\/vc_column_text][\/vc_column_inner][vc_column_inner width=&#8220;1\/3&#8243;][vc_column_text]<\/p>\n<h2><strong><span style=\"color: #ff9900\">Faire Mode<\/span><\/strong><\/h2>\n<p>[\/vc_column_text]<div class=\"wl_einzelbild\"><p><a href=\"https:\/\/weltlaeden.de\/bergedorf\/produkte\/faire-mode\/\"><img loading=\"lazy\" decoding=\"async\" class=\"alignnone wp-image-914 size-large\" src=\"https:\/\/weltlaeden.de\/bergedorf\/wp-content\/uploads\/sites\/18\/2021\/05\/P4250842-2-1024x767.jpg\" alt=\"\" width=\"1024\" height=\"767\" \/><\/a><\/p><\/div>[vc_column_text]<\/p>\n<p><span style=\"font-family: Verdana, sans-serif\">Seit der Neuer\u00f6ffnung am 1. September 2020 gibt es jetzt auch eine <\/span><span style=\"font-family: Verdana, sans-serif\">B<\/span><span style=\"font-family: Verdana, sans-serif\">ekleidungsabteilung f\u00fcr Damen und Herren <\/span><span style=\"font-family: Verdana, sans-serif\">mit <\/span><span style=\"font-family: Verdana, sans-serif\">nachhaltige<\/span><span style=\"font-family: Verdana, sans-serif\">r<\/span><span style=\"font-family: Verdana, sans-serif\"> und fair produzierte<\/span><span style=\"font-family: Verdana, sans-serif\">r<\/span><span style=\"font-family: Verdana, sans-serif\"> Bekleidung. Wir bieten eine gro\u00dfe Auswahl von verschiedenen Labels, wie madness, nomads, melawear, recolution, hampage und comazo earth.\u00a0 <\/span><span style=\"font-family: Verdana, sans-serif\">Dabei ist <\/span><span style=\"font-family: Verdana, sans-serif\">Faire Mode<\/span> <span style=\"font-family: Verdana, sans-serif\">mehr<\/span> <span style=\"font-family: Verdana, sans-serif\">als gutes Design.<\/span><\/p>\n<p><span style=\"font-family: Verdana, sans-serif\">Damit sich auch die gut f\u00fchlen, die diese Mode produzieren, entsteht <\/span><span style=\"font-family: Verdana, sans-serif\">die<\/span><span style=\"font-family: Verdana, sans-serif\"> faire Kleidung unter menschenw\u00fcrdigen Arbeitsbedingungen und umweltschonenden Herstellungsprozessen. Nachhaltige Produktsiegel wie GOTS oder Fairtrade Baumwolle stehen f\u00fcr die Einhaltung klar definierter Sozial- und Umweltstandards.<\/span>[\/vc_column_text][\/vc_column_inner][\/vc_row_inner][\/vc_column][\/vc_row][vc_row][vc_column][vc_empty_space height=&#8220;64px&#8220;][vc_column_text]<\/p>\n<h2><strong>Unser digitales Schaufenster zu Schmuck und Italienischer Feinkost<\/strong><\/h2>\n<p>[\/vc_column_text][vc_column_text]Bestellen Sie unsere Produkte jetzt ganz bequem \u00fcber unser digitales Schaufenster. Klicken Sie daf\u00fcr einfach auf das jeweilige Bild![\/vc_column_text][\/vc_column][\/vc_row][vc_row][vc_column width=&#8220;1\/2&#8243;]<div class=\"wl_einzelbild\"><p><a href=\"https:\/\/www.viwiq.com\/schaufenster\/a0959cc1-5186-4e61-9536-022ba219cbf8\" target=\"_blank\" rel=\"noopener\"><img loading=\"lazy\" decoding=\"async\" class=\"alignnone size-full wp-image-1699\" src=\"https:\/\/weltlaeden.de\/bergedorf\/wp-content\/uploads\/sites\/18\/2023\/06\/Screenshot-2023-06-26-at-10-50-02-Schaufenster-Schaufenster-Schmuck-ViWiQ.png\" alt=\"\" width=\"640\" height=\"853\" \/><\/a><\/p><\/div>[\/vc_column][vc_column width=&#8220;1\/2&#8243;]<div class=\"wl_einzelbild\"><p><a href=\"https:\/\/www.viwiq.com\/schaufenster\/a69077e2-a3c3-42d2-b718-0db445992e8a\" target=\"_blank\" rel=\"noopener\"><img loading=\"lazy\" decoding=\"async\" class=\"alignnone size-full wp-image-1700\" src=\"https:\/\/weltlaeden.de\/bergedorf\/wp-content\/uploads\/sites\/18\/2023\/06\/Screenshot-2023-06-26-at-10-49-20-Schaufenster-Schaufenster-Italienische-Feinkost-ViWiQ.png\" alt=\"\" width=\"640\" height=\"853\" \/><\/a><\/p><\/div>[\/vc_column][\/vc_row]<\/p>\n<\/div>","protected":false},"excerpt":{"rendered":"<p>[vc_row][vc_column][vc_empty_space][vc_column_text] Unser Sortiment [\/vc_column_text][vc_column_text]Einmal rund um die Welt und wieder zur\u00fcck. Das k\u00f6nnte das Motto sein, mit dem sich unser Sortiment gut beschreiben l\u00e4sst. Von S\u00fcd- und Mittelamerika \u00fcber die L\u00e4nder Afrikas, nach Indien, Vietnam und Bangladesh und wieder zur\u00fcck nach Deutschland in heimische Gefilde. Eine Reise, die sich lohnt. Denn unser breit gef\u00e4chertes Sortiment&hellip;<\/p>\n","protected":false},"author":1,"featured_media":0,"parent":0,"menu_order":5,"comment_status":"closed","ping_status":"closed","template":"","meta":{"footnotes":""},"class_list":["post-217","page","type-page","status-publish","hentry","description-off"],"_links":{"self":[{"href":"https:\/\/weltlaeden.de\/bergedorf\/wp-json\/wp\/v2\/pages\/217","targetHints":{"allow":["GET"]}}],"collection":[{"href":"https:\/\/weltlaeden.de\/bergedorf\/wp-json\/wp\/v2\/pages"}],"about":[{"href":"https:\/\/weltlaeden.de\/bergedorf\/wp-json\/wp\/v2\/types\/page"}],"author":[{"embeddable":true,"href":"https:\/\/weltlaeden.de\/bergedorf\/wp-json\/wp\/v2\/users\/1"}],"replies":[{"embeddable":true,"href":"https:\/\/weltlaeden.de\/bergedorf\/wp-json\/wp\/v2\/comments?post=217"}],"version-history":[{"count":31,"href":"https:\/\/weltlaeden.de\/bergedorf\/wp-json\/wp\/v2\/pages\/217\/revisions"}],"predecessor-version":[{"id":1707,"href":"https:\/\/weltlaeden.de\/bergedorf\/wp-json\/wp\/v2\/pages\/217\/revisions\/1707"}],"wp:attachment":[{"href":"https:\/\/weltlaeden.de\/bergedorf\/wp-json\/wp\/v2\/media?parent=217"}],"curies":[{"name":"wp","href":"https:\/\/api.w.org\/{rel}","templated":true}]}}