{"id":1566,"date":"2023-05-15T19:01:05","date_gmt":"2023-05-15T17:01:05","guid":{"rendered":"https:\/\/weltlaeden.de\/bergedorf\/?page_id=1566"},"modified":"2023-06-23T11:10:44","modified_gmt":"2023-06-23T09:10:44","slug":"lebensmittel","status":"publish","type":"page","link":"https:\/\/weltlaeden.de\/bergedorf\/produkte\/lebensmittel\/","title":{"rendered":"Lebensmittel"},"content":{"rendered":"<div class=\"wpb-content-wrapper\"><p>[vc_row][vc_column width=&#8220;1\/2&#8243;]<div class=\"wl_einzelbild\"><p><img loading=\"lazy\" decoding=\"async\" class=\"alignnone size-full wp-image-1567\" src=\"https:\/\/weltlaeden.de\/bergedorf\/wp-content\/uploads\/sites\/18\/2023\/05\/Weltladen-Bergedorf-Tees-c-Michael-Sommer.jpg\" alt=\"\" width=\"800\" height=\"800\" srcset=\"https:\/\/weltlaeden.de\/bergedorf\/wp-content\/uploads\/sites\/18\/2023\/05\/Weltladen-Bergedorf-Tees-c-Michael-Sommer.jpg 800w, https:\/\/weltlaeden.de\/bergedorf\/wp-content\/uploads\/sites\/18\/2023\/05\/Weltladen-Bergedorf-Tees-c-Michael-Sommer-300x300.jpg 300w, https:\/\/weltlaeden.de\/bergedorf\/wp-content\/uploads\/sites\/18\/2023\/05\/Weltladen-Bergedorf-Tees-c-Michael-Sommer-150x150.jpg 150w, https:\/\/weltlaeden.de\/bergedorf\/wp-content\/uploads\/sites\/18\/2023\/05\/Weltladen-Bergedorf-Tees-c-Michael-Sommer-768x768.jpg 768w\" sizes=\"auto, (max-width: 800px) 100vw, 800px\" \/><\/p><\/div>[\/vc_column][vc_column width=&#8220;1\/2&#8243;]<div class=\"wl_einzelbild\"><p><img loading=\"lazy\" decoding=\"async\" class=\"alignnone size-full wp-image-1568\" src=\"https:\/\/weltlaeden.de\/bergedorf\/wp-content\/uploads\/sites\/18\/2023\/05\/Weltladen-Bergedorf-Weine-c-Michael-Sommer.jpg\" alt=\"\" width=\"800\" height=\"800\" srcset=\"https:\/\/weltlaeden.de\/bergedorf\/wp-content\/uploads\/sites\/18\/2023\/05\/Weltladen-Bergedorf-Weine-c-Michael-Sommer.jpg 800w, https:\/\/weltlaeden.de\/bergedorf\/wp-content\/uploads\/sites\/18\/2023\/05\/Weltladen-Bergedorf-Weine-c-Michael-Sommer-300x300.jpg 300w, https:\/\/weltlaeden.de\/bergedorf\/wp-content\/uploads\/sites\/18\/2023\/05\/Weltladen-Bergedorf-Weine-c-Michael-Sommer-150x150.jpg 150w, https:\/\/weltlaeden.de\/bergedorf\/wp-content\/uploads\/sites\/18\/2023\/05\/Weltladen-Bergedorf-Weine-c-Michael-Sommer-768x768.jpg 768w\" sizes=\"auto, (max-width: 800px) 100vw, 800px\" \/><\/p><\/div>[\/vc_column][\/vc_row][vc_row][vc_column][vc_empty_space][\/vc_column][\/vc_row][vc_row][vc_column][vc_column_text]<\/p>\n<h1>Lebensmittel<\/h1>\n<div class=\"wpb_text_column wpb_content_element \">\n<div class=\"wpb_wrapper\">\n<p>Bei uns finden Sie nicht nur verschiedenen hochwertige Kaffees und leckere Schokoladensorten, sondern neben Fruchts\u00e4ften, aromatischen Tees, und vollmundige Weinen auch exotische Gew\u00fcrze, Reis, Trockenfr\u00fcchte und vieles mehr. Die Vielfalt an fair gehandelten Lebensmitteln und Getr\u00e4nken ist gro\u00df und zum gr\u00f6\u00dften Teil zus\u00e4tzlich aus \u00f6kologisch zertifiziertem Anbau. \u00dcberzeugen Sie sich selbst und probieren Sie bei uns verschiedenste qualitativ hochwertige Produkte aus Fairem Handel.<\/p>\n<\/div>\n<\/div>\n<p>Wir beziehen unsere Produkte von anerkannten Importorganisationen, die im Lieferantenkatalog des Weltladen-Dachverbands gelistet sind und damit f\u00fcr uns als zuverl\u00e4ssige PartnerInnen f\u00fcr garantiert fair gehandelte Produkte stehen. Zu unseren Lieferanten geh\u00f6ren u.a. die GEPA, El Puente, oder dwp: allesamt Importorganisationen, die sich seit vielen Jahren f\u00fcr den Fairen Handel in der Welt einsetzen.<\/p>\n<p>Transparenz und langfristige Handelsbeziehungen sind wichtige Merkmale des Fairen Handels. Im globalen Handel ist es etwas Besonderes, die Menschen hinter den Produkten kennenlernen zu k\u00f6nnen. Erfahren Sie, wo, von wem und wie besondere Lebensmittel oder faszinierendes Kunsthandwerk hergestellt werden.[\/vc_column_text][vc_empty_space height=&#8220;20px&#8220;][\/vc_column][\/vc_row][vc_row][vc_column][vc_column_text]<\/p>\n<h1>Die Rooibos-Revolution von Heiveld aus S\u00fcdafrika<\/h1>\n<p>[\/vc_column_text][vc_row_inner][vc_column_inner width=&#8220;1\/3&#8243;]<div class=\"wl_einzelbild\"><p><img loading=\"lazy\" decoding=\"async\" class=\"aligncenter size-medium wp-image-nsm-3-94\" src=\"https:\/\/weltlaeden.de\/vorlagensammlung\/wp-content\/uploads\/sites\/3\/2020\/11\/Heiveld-1_K.-Kotze_Quelle_Albert-Retief_1200x800-300x200.jpg\" alt=\"\" width=\"300\" height=\"200\" \/><\/p><\/div>[\/vc_column_inner][vc_column_inner width=&#8220;2\/3&#8243;][vc_column_text]Die Zederberge in S\u00fcdafrika sind hei\u00df und trocken \u2013 diese karge Landschaft ist der einzige Ort auf der Welt, an dem Rooibos w\u00e4chst. Dort haben sich in der Heiveld-Kooperative 70 B\u00e4uerinnen und Bauern zusammengeschlossen, um auf ihrem eigenen Land biologisch angebauten Rooibos-Tee zu produzieren. <a href=\"https:\/\/weltlaeden.de\/bergedorf\/produkte\/lebensmittel\/heiveld\/\">Erfahren Sie mehr&#8230;<\/a>[\/vc_column_text][\/vc_column_inner][\/vc_row_inner][vc_empty_space][vc_column_text]<\/p>\n<h1>Guter Kaffee von APROLMA aus Honduras<\/h1>\n<p>[\/vc_column_text][vc_row_inner][vc_column_inner width=&#8220;1\/3&#8243;]<div class=\"wl_einzelbild\"><p><img loading=\"lazy\" decoding=\"async\" class=\"aligncenter size-medium wp-image-nsm-3-89\" src=\"https:\/\/weltlaeden.de\/vorlage\/wp-content\/uploads\/sites\/3\/2020\/10\/APROLMA-1_R\u00f6stmeisterinnen_Quelle_GEPA-A.-Welsing-300x169.jpg\" alt=\"\" width=\"300\" height=\"169\" \/><\/p><\/div>[\/vc_column_inner][vc_column_inner width=&#8220;2\/3&#8243;][vc_column_text]Wir k\u00f6nnen auch anders! \u2013 das k\u00f6nnte das Motto von APROLMA sein. Zwei Besonderheiten zeichnen diese Kaffeekooperative in Honduras aus: Nur Frauen k\u00f6nnen Mitglied werden und der Kaffee wird vor Ort von den eigens ausgebildeten R\u00f6stmeisterinnen ger\u00f6stet und verpackt. <a href=\"https:\/\/weltlaeden.de\/bergedorf\/produkte\/lebensmittel\/aprolma\/\">Erfahren Sie mehr&#8230;<\/a>[\/vc_column_text][\/vc_column_inner][\/vc_row_inner][\/vc_column][\/vc_row][vc_row][vc_column][vc_empty_space][vc_column_text]<\/p>\n<h1>Gew\u00fcrzmischungen &amp; Saucen von Turqle Trading in S\u00fcdafrika<\/h1>\n<p>[\/vc_column_text][vc_row_inner][vc_column_inner width=&#8220;1\/3&#8243;]<div class=\"wl_einzelbild\"><p><img loading=\"lazy\" decoding=\"async\" class=\"aligncenter size-medium wp-image-nsm-3-109\" src=\"https:\/\/weltlaeden.de\/vorlagensammlung\/wp-content\/uploads\/sites\/3\/2021\/05\/Turqle-Trading-II_Laodicea-Okkers_Quelle_St.-Louis_600x400-300x200.jpg\" alt=\"\" width=\"300\" height=\"200\" \/><\/p><\/div>[\/vc_column_inner][vc_column_inner width=&#8220;2\/3&#8243;][vc_column_text css=&#8220;.vc_custom_1684171233360{background-color: #ffffff !important;border-radius: 2px !important;}&#8220;]Sonnengereifte Tomaten, feurige Chilis und aromatische Gew\u00fcrze sind das Erfolgsrezept von Turqle Trading. Die Organisation unterst\u00fctzt kleine Betriebe beim Export verarbeiteter Lebensmittel und schafft so zukunftsf\u00e4hige Arbeitspl\u00e4tze und mehr lokale Wertsch\u00f6pfung. <a href=\"https:\/\/weltlaeden.de\/bergedorf\/produkte\/lebensmittel\/turqle-trading\/\">Erfahren Sie mehr &#8230;<\/a>[\/vc_column_text][\/vc_column_inner][\/vc_row_inner][vc_empty_space][vc_column_text]<\/p>\n<h1>Feinkost von Canaan Fair Trade in Pal\u00e4stina<\/h1>\n<p>[\/vc_column_text][vc_row_inner][vc_column_inner width=&#8220;1\/3&#8243;]<div class=\"wl_einzelbild\"><p><img loading=\"lazy\" decoding=\"async\" class=\"alignleft\" src=\"https:\/\/weltlaeden.de\/vorlagensammlung\/wp-content\/uploads\/sites\/3\/2021\/08\/Canaan-I_Familie-Jarar_Quelle_WeltPartner-eG_1200x800-300x200.jpg\" alt=\"Die Familie von Abu Mahmoud Jarar in ihrem Olivenhain. \" width=\"300\" height=\"200\" \/><\/p><\/div>[\/vc_column_inner][vc_column_inner width=&#8220;2\/3&#8243;][vc_column_text]Die knorrigen, widerstandsf\u00e4higen Olivenb\u00e4ume pr\u00e4gen die Landschaft in Pal\u00e4stina. Aus ihren Fr\u00fcchten stellen die Produzent*innen von Canaan Fair Trade k\u00f6stliches Oliven\u00f6l der h\u00f6chsten G\u00fcteklasse her und erschaffen so Perspektiven f\u00fcr ein selbstbestimmtes Leben. <a href=\"https:\/\/weltlaeden.de\/bergedorf\/produkte\/lebensmittel\/canaan\/\">Erfahren Sie mehr &#8230;<\/a>[\/vc_column_text][\/vc_column_inner][\/vc_row_inner][vc_empty_space][vc_column_text]<\/p>\n<h1>Bio-Lebensmittel und Textilien von Sekem in \u00c4gypten<\/h1>\n<p>[\/vc_column_text][vc_row_inner][vc_column_inner width=&#8220;1\/3&#8243;]<div class=\"wl_einzelbild\"><p><img loading=\"lazy\" decoding=\"async\" class=\"aligncenter size-medium wp-image-nsm-3-131\" src=\"https:\/\/weltlaeden.de\/vorlagensammlung\/wp-content\/uploads\/sites\/3\/2022\/10\/Sekem-1-Dattelbauern_Quelle_El-Puente_600x400-300x200.png\" alt=\"\" width=\"300\" height=\"200\" \/><\/p><\/div>[\/vc_column_inner][vc_column_inner width=&#8220;2\/3&#8243;][vc_column_text css=&#8220;.vc_custom_1684171259935{background-color: #ffffff !important;border-radius: 2px !important;}&#8220;]Sekem, die \u201eKraft der Sonne\u201c, steht f\u00fcr ein nachhaltiges Zukunftsmodell durch \u00f6kologische Landwirtschaft. Es begann mit der Kultivierung von 70 Hektar W\u00fcstenland; heute vereint das Unternehmen mehrere landwirtschaftliche und verarbeitende Betriebe, die nach \u00f6kologischen und fairen Standards arbeiten. <a href=\"https:\/\/weltlaeden.de\/bergedorf\/produkte\/lebensmittel\/sekem\/\">Erfahren Sie mehr &#8230;<\/a>[\/vc_column_text][\/vc_column_inner][\/vc_row_inner][vc_empty_space height=&#8220;20px&#8220;][vc_separator border_width=&#8220;2&#8243;][vc_column_text]<em>\u00a0Bildnachweise f\u00fcr diese Seite (von oben nach unten): Albert Retief, GEPA\/A. Welsing<\/em><em>, St. Louis<\/em>, <em>WeltPartner eG, El Puente<br \/>\n<\/em>[\/vc_column_text][\/vc_column][\/vc_row][vc_column][\/vc_column]<\/p>\n<\/div>","protected":false},"excerpt":{"rendered":"<p>[vc_row][vc_column width=&#8220;1\/2&#8243;][\/vc_column][vc_column width=&#8220;1\/2&#8243;][\/vc_column][\/vc_row][vc_row][vc_column][vc_empty_space][\/vc_column][\/vc_row][vc_row][vc_column][vc_column_text] Lebensmittel Bei uns finden Sie nicht nur verschiedenen hochwertige Kaffees und leckere Schokoladensorten, sondern neben Fruchts\u00e4ften, aromatischen Tees, und vollmundige Weinen auch exotische Gew\u00fcrze, Reis, Trockenfr\u00fcchte und vieles mehr. Die Vielfalt an fair gehandelten Lebensmitteln und Getr\u00e4nken ist gro\u00df und zum gr\u00f6\u00dften Teil zus\u00e4tzlich aus \u00f6kologisch zertifiziertem Anbau. \u00dcberzeugen Sie sich selbst&hellip;<\/p>\n","protected":false},"author":252,"featured_media":0,"parent":217,"menu_order":8,"comment_status":"closed","ping_status":"closed","template":"","meta":{"footnotes":""},"class_list":["post-1566","page","type-page","status-publish","hentry","description-off"],"_links":{"self":[{"href":"https:\/\/weltlaeden.de\/bergedorf\/wp-json\/wp\/v2\/pages\/1566","targetHints":{"allow":["GET"]}}],"collection":[{"href":"https:\/\/weltlaeden.de\/bergedorf\/wp-json\/wp\/v2\/pages"}],"about":[{"href":"https:\/\/weltlaeden.de\/bergedorf\/wp-json\/wp\/v2\/types\/page"}],"author":[{"embeddable":true,"href":"https:\/\/weltlaeden.de\/bergedorf\/wp-json\/wp\/v2\/users\/252"}],"replies":[{"embeddable":true,"href":"https:\/\/weltlaeden.de\/bergedorf\/wp-json\/wp\/v2\/comments?post=1566"}],"version-history":[{"count":9,"href":"https:\/\/weltlaeden.de\/bergedorf\/wp-json\/wp\/v2\/pages\/1566\/revisions"}],"predecessor-version":[{"id":1591,"href":"https:\/\/weltlaeden.de\/bergedorf\/wp-json\/wp\/v2\/pages\/1566\/revisions\/1591"}],"up":[{"embeddable":true,"href":"https:\/\/weltlaeden.de\/bergedorf\/wp-json\/wp\/v2\/pages\/217"}],"wp:attachment":[{"href":"https:\/\/weltlaeden.de\/bergedorf\/wp-json\/wp\/v2\/media?parent=1566"}],"curies":[{"name":"wp","href":"https:\/\/api.w.org\/{rel}","templated":true}]}}