{"id":1200,"date":"2022-03-10T14:20:51","date_gmt":"2022-03-10T13:20:51","guid":{"rendered":"https:\/\/weltlaeden.de\/bergedorf\/?page_id=1200"},"modified":"2026-03-02T14:23:07","modified_gmt":"2026-03-02T13:23:07","slug":"bestellung-wir-kaffee","status":"publish","type":"page","link":"https:\/\/weltlaeden.de\/bergedorf\/produkte\/bestellung-wir-kaffee\/","title":{"rendered":"Bestellung Wir Kaffee"},"content":{"rendered":"<div class=\"wpb-content-wrapper\"><p>[vc_row][vc_column]<div class=\"wl_einzelbild\"><p><img loading=\"lazy\" decoding=\"async\" class=\"alignnone size-full wp-image-1606\" src=\"https:\/\/weltlaeden.de\/bergedorf\/wp-content\/uploads\/sites\/18\/2023\/05\/coffee-c-StockSnap-Pixabay.jpg\" alt=\"\" width=\"1280\" height=\"640\" srcset=\"https:\/\/weltlaeden.de\/bergedorf\/wp-content\/uploads\/sites\/18\/2023\/05\/coffee-c-StockSnap-Pixabay.jpg 1280w, https:\/\/weltlaeden.de\/bergedorf\/wp-content\/uploads\/sites\/18\/2023\/05\/coffee-c-StockSnap-Pixabay-300x150.jpg 300w, https:\/\/weltlaeden.de\/bergedorf\/wp-content\/uploads\/sites\/18\/2023\/05\/coffee-c-StockSnap-Pixabay-1024x512.jpg 1024w, https:\/\/weltlaeden.de\/bergedorf\/wp-content\/uploads\/sites\/18\/2023\/05\/coffee-c-StockSnap-Pixabay-768x384.jpg 768w\" sizes=\"auto, (max-width: 1280px) 100vw, 1280px\" \/><\/p><\/div>[vc_empty_space][\/vc_column][\/vc_row][vc_row][vc_column][vc_column_text]<\/p>\n<h1>\u00a0wir Kaffee<\/h1>\n<p>[\/vc_column_text][vc_column_text css=&#8220;&#8220;]<\/p>\n<h2><strong>Unterst\u00fctzen Sie ein zukunftsweisendes Projekt und schenken Sie sich oder anderen einen Ernteanteil Kaffee aus solidarischer Landwirtschaft<\/strong><\/h2>\n<p>Erstmalig bieten wir die M\u00f6glichkeit sich solidarisch an der Kaffeeernte zu beteiligen.<\/p>\n<p>Sie kaufen bereits jetzt einen <strong>Ernteanteil<\/strong>, mit dem die Arbeit der Bauern vorfinanziert wird. Da der landwirtschaftliche Ertrag j\u00e4hrlich schwankt, wird dieser Ernteanteil im Bereich von <strong>drei <\/strong>bis <strong>f\u00fcnf<\/strong> Kilogramm liegen.<\/p>\n<p>Ein Ernteanteil kostet <strong>130 Euro<\/strong> und voraussichtlich <strong>ab <\/strong><strong>Juni 2026<\/strong> k\u00f6nnten wir Ihnen Ihren Ernteanteil Kaffee zuschicken oder Sie k\u00f6nnen ihn im Weltladen Bergedorf abholen.<\/p>\n<p>Wir freuen uns, wenn Sie dieses Angebot wahrnehmen und die Arbeit der Kaffeebauern solidarisch unterst\u00fctzen.<\/p>\n<p><strong>\u00a0<\/strong>[\/vc_column_text]<div class=\"wl_einzelbild\"><p><img loading=\"lazy\" decoding=\"async\" class=\"size-medium wp-image-1203 alignleft\" src=\"https:\/\/weltlaeden.de\/bergedorf\/wp-content\/uploads\/sites\/18\/2022\/03\/wir-kaffee-191x300.jpg\" alt=\"\" width=\"191\" height=\"300\" srcset=\"https:\/\/weltlaeden.de\/bergedorf\/wp-content\/uploads\/sites\/18\/2022\/03\/wir-kaffee-191x300.jpg 191w, https:\/\/weltlaeden.de\/bergedorf\/wp-content\/uploads\/sites\/18\/2022\/03\/wir-kaffee.jpg 580w\" sizes=\"auto, (max-width: 191px) 100vw, 191px\" \/><\/p><\/div>[vc_column_text css=&#8220;&#8220;]Wenn Sie gerne Anteilscheine f\u00fcr den WIR Kaffee \u00fcber uns beziehen m\u00f6chten, k\u00f6nnen Sie das gerne telefonisch unter<strong> 040\/721 96 10<\/strong> oder per E-Mail an <a href=\"mailto:info@weltladen-bergedorf.de\"><strong>info@weltladen-bergedorf.de<\/strong><\/a> machen.<\/p>\n<p>Wir schicken Ihnen das Bestellte gerne auf Rechnung zu!<\/p>\n<p>Wir-Kaffee Anteilscheine gibt es f\u00fcr<\/p>\n<ul>\n<li>Kaffee gemahlen<\/li>\n<li>Kaffee ganze Bohne<\/li>\n<li>Espresseo gemahlen<\/li>\n<li>Espresso ganze Bohne<\/li>\n<\/ul>\n<p>&nbsp;<\/p>\n<p>Die Lieferung des Kaffees erfolgt ab Juni. Die 3-5 kg Kaffee (je nach Ernteertrag) werden in 250 g Packungen ausgeliefert.[\/vc_column_text][vc_empty_space][\/vc_column][\/vc_row][vc_row][vc_column][vc_video link=&#8220;https:\/\/www.youtube.com\/watch?v=6IqIHtm075E&#8220; title=&#8220;Vostellung des wir.Kaffees aus solidarischer Landwirtschaft&#8220;][vc_empty_space][\/vc_column][\/vc_row]<\/p>\n<\/div>","protected":false},"excerpt":{"rendered":"<p>[vc_row][vc_column][vc_empty_space][\/vc_column][\/vc_row][vc_row][vc_column][vc_column_text] \u00a0wir Kaffee [\/vc_column_text][vc_column_text css=&#8220;&#8220;] Unterst\u00fctzen Sie ein zukunftsweisendes Projekt und schenken Sie sich oder anderen einen Ernteanteil Kaffee aus solidarischer Landwirtschaft Erstmalig bieten wir die M\u00f6glichkeit sich solidarisch an der Kaffeeernte zu beteiligen. Sie kaufen bereits jetzt einen Ernteanteil, mit dem die Arbeit der Bauern vorfinanziert wird. Da der landwirtschaftliche Ertrag j\u00e4hrlich schwankt, wird&hellip;<\/p>\n","protected":false},"author":31,"featured_media":0,"parent":217,"menu_order":6,"comment_status":"closed","ping_status":"closed","template":"","meta":{"footnotes":""},"class_list":["post-1200","page","type-page","status-publish","hentry","description-off"],"_links":{"self":[{"href":"https:\/\/weltlaeden.de\/bergedorf\/wp-json\/wp\/v2\/pages\/1200","targetHints":{"allow":["GET"]}}],"collection":[{"href":"https:\/\/weltlaeden.de\/bergedorf\/wp-json\/wp\/v2\/pages"}],"about":[{"href":"https:\/\/weltlaeden.de\/bergedorf\/wp-json\/wp\/v2\/types\/page"}],"author":[{"embeddable":true,"href":"https:\/\/weltlaeden.de\/bergedorf\/wp-json\/wp\/v2\/users\/31"}],"replies":[{"embeddable":true,"href":"https:\/\/weltlaeden.de\/bergedorf\/wp-json\/wp\/v2\/comments?post=1200"}],"version-history":[{"count":15,"href":"https:\/\/weltlaeden.de\/bergedorf\/wp-json\/wp\/v2\/pages\/1200\/revisions"}],"predecessor-version":[{"id":2520,"href":"https:\/\/weltlaeden.de\/bergedorf\/wp-json\/wp\/v2\/pages\/1200\/revisions\/2520"}],"up":[{"embeddable":true,"href":"https:\/\/weltlaeden.de\/bergedorf\/wp-json\/wp\/v2\/pages\/217"}],"wp:attachment":[{"href":"https:\/\/weltlaeden.de\/bergedorf\/wp-json\/wp\/v2\/media?parent=1200"}],"curies":[{"name":"wp","href":"https:\/\/api.w.org\/{rel}","templated":true}]}}