{"id":1019,"date":"2021-11-05T17:05:21","date_gmt":"2021-11-05T16:05:13","guid":{"rendered":"https:\/\/weltlaeden.de\/bergedorf\/?page_id=1019"},"modified":"2023-06-23T11:10:45","modified_gmt":"2023-06-23T09:10:45","slug":"madness","status":"publish","type":"page","link":"https:\/\/weltlaeden.de\/bergedorf\/produkte\/faire-mode\/madness\/","title":{"rendered":"Madness"},"content":{"rendered":"<div class=\"wpb-content-wrapper\"><p>[vc_row][vc_column]<div class=\"wl_einzelbild\"><p><img loading=\"lazy\" decoding=\"async\" class=\"alignleft size-full wp-image-1110\" src=\"https:\/\/weltlaeden.de\/bergedorf\/wp-content\/uploads\/sites\/18\/2021\/11\/Kollektion2021hw_2_1x2_cMadness.jpg\" alt=\"\" width=\"1200\" height=\"600\" srcset=\"https:\/\/weltlaeden.de\/bergedorf\/wp-content\/uploads\/sites\/18\/2021\/11\/Kollektion2021hw_2_1x2_cMadness.jpg 1200w, https:\/\/weltlaeden.de\/bergedorf\/wp-content\/uploads\/sites\/18\/2021\/11\/Kollektion2021hw_2_1x2_cMadness-300x150.jpg 300w, https:\/\/weltlaeden.de\/bergedorf\/wp-content\/uploads\/sites\/18\/2021\/11\/Kollektion2021hw_2_1x2_cMadness-768x384.jpg 768w, https:\/\/weltlaeden.de\/bergedorf\/wp-content\/uploads\/sites\/18\/2021\/11\/Kollektion2021hw_2_1x2_cMadness-1024x512.jpg 1024w\" sizes=\"auto, (max-width: 1200px) 100vw, 1200px\" \/><\/p><\/div>[\/vc_column][\/vc_row][vc_row][vc_column][vc_empty_space][\/vc_column][\/vc_row][vc_row][vc_column][vc_column_text]<\/p>\n<h1><strong>MADNESS, Indien \/ Deutschland<\/strong><\/h1>\n<p><a href=\"https:\/\/www.madness-online.com\/\">Madness \u2013 The Nature Textile Company<\/a> ist auf die Arbeit mit Naturmaterialien wie Baumwolle, Wolle, Leinen oder Hanf spezialisiert. Nat\u00fcrlichkeit als Grundsatz und die Freude an puren Dingen, das ist f\u00fcr Madness echte Lebensqualit\u00e4t.[\/vc_column_text][\/vc_column][\/vc_row][vc_row][vc_column width=&#8220;1\/6&#8243;][vc_empty_space][\/vc_column][vc_column width=&#8220;5\/6&#8243;][vc_empty_space]<blockquote class=\"text-big shortcode-blockquote\"><h2><span style=\"color: #ff9900\">\u201eDie MADNESS Geschichte verpflichtet und ist essenzieller Teil unserer Unternehmens-DNA. Seit unseren Anf\u00e4ngen im Jahr 1994 wollten wir wissen, wer und was hinter unserer Produktion steckt.\u201c <\/span><\/h2>\n<p style=\"text-align: right\"><em>(Madness \u2013 The Nature Textile Company)<\/em><\/p>\n<\/blockquote>[vc_empty_space][\/vc_column][\/vc_row][vc_row][vc_column][vc_column_text]<\/p>\n<h2><span style=\"color: #ff9900\"><strong>Natur als Inspiration<\/strong><\/span><\/h2>\n<p>Nat\u00fcrlichkeit ist dabei f\u00fcr Madness eine Selbstverst\u00e4ndlichkeit. Um dem Ursprung ihrer Produkte gerecht zu werden, lehnen sie die die Nutzung von Pestiziden im Anbau der verwendeten nachhaltigen Rohstoffe ab. Seit 2012 ist das Unternehmen nach dem <a href=\"https:\/\/global-standard.org\/\">Global Organic Textile Standard (GOTS)<\/a> zertifiziert. Von den Rohstoffen bis zur Energieversorgung in den B\u00fcros, steht Nachhaltigkeit im Fokus. Die Produktion arbeitet energieeffizient und verwendet daf\u00fcr neueste Technologien. Abf\u00e4lle werden minimiert, indem Reste weiterverarbeitet werden. Beim Transport setzt das Madness auf Kartons aus Recycling-Material. Erneuerbare Energien versorgen Lager und B\u00fcrogeb\u00e4ude. Ein durch und durch nachhaltiger Produktionskreislauf.[\/vc_column_text][\/vc_column][\/vc_row][vc_row][vc_column][vc_empty_space]<div class=\"wl_einzelbild\"><p><img loading=\"lazy\" decoding=\"async\" class=\"alignleft size-full wp-image-1106\" src=\"https:\/\/weltlaeden.de\/bergedorf\/wp-content\/uploads\/sites\/18\/2021\/11\/cotton-4649804_1920-pixabay.jpg\" alt=\"\" width=\"1920\" height=\"960\" srcset=\"https:\/\/weltlaeden.de\/bergedorf\/wp-content\/uploads\/sites\/18\/2021\/11\/cotton-4649804_1920-pixabay.jpg 1920w, https:\/\/weltlaeden.de\/bergedorf\/wp-content\/uploads\/sites\/18\/2021\/11\/cotton-4649804_1920-pixabay-300x150.jpg 300w, https:\/\/weltlaeden.de\/bergedorf\/wp-content\/uploads\/sites\/18\/2021\/11\/cotton-4649804_1920-pixabay-768x384.jpg 768w, https:\/\/weltlaeden.de\/bergedorf\/wp-content\/uploads\/sites\/18\/2021\/11\/cotton-4649804_1920-pixabay-1024x512.jpg 1024w\" sizes=\"auto, (max-width: 1920px) 100vw, 1920px\" \/><\/p><\/div>[vc_empty_space][\/vc_column][\/vc_row][vc_row][vc_column][vc_column_text]<\/p>\n<h2><span style=\"color: #ff9900\"><strong>Nachhaltigkeit ist Verantwortung<\/strong><\/span><\/h2>\n<p>Nachhaltigkeit bedeutet f\u00fcr Madness auch, die eigene Wertsch\u00f6pfung verantwortungsbewusst zu gestalten. Als Mitglied der <a href=\"http:\/\/www.fairwear.org\">Fair Wear Foundation<\/a> sind sie Teil einer verantwortungsvollen Textilindustrie der Zukunft. Faire Arbeitsbedingungen und die Verbesserung der Arbeitsstandards sind damit in der eigenen unternehmerischen Verantwortung fest verankert. Madness arbeitet ausschlie\u00dflich mit Unternehmen zusammen, die ihre Mitarbeiter*innen mit Respekt behandeln. Die Kleidung wird bei ihrem langj\u00e4hrigen Produktionspartner <em>Parvati Fashion<\/em> in Indien und seit 2020 zus\u00e4tzlich bei <em>Orimpex Organic Textiles<\/em> in der T\u00fcrkei hergestellt.<\/p>\n<p>Madness besucht ihre Partner regelm\u00e4\u00dfig. Gemeinsam arbeiten sie an der Umsetzung der Sozialstandards und f\u00fcr den Umweltschutz. Neben den Sozialaudits vor Ort werden die Mitarbeiter*innen und das Management der Fabriken zu Themen rund um soziale Verantwortung geschult. Madness will vor Ort in Indien noch mehr tun und unterst\u00fctzt deshalb das Bildungsprogramm \u201eEducation for underprivileged children\u201c.[\/vc_column_text][\/vc_column][\/vc_row][vc_row][vc_column][vc_column_text]Die Mode mit Liebe zur Natur und Verantwortung finden Sie bei uns im Weltladen![\/vc_column_text][vc_empty_space][\/vc_column][\/vc_row][vc_row][vc_column][vc_tta_pageable no_fill_content_area=&#8220;1&#8243; autoplay=&#8220;3&#8243; active_section=&#8220;1&#8243;][vc_tta_section title=&#8220;Inhaltsbereich 1&#8243; tab_id=&#8220;1617993279495-4d216f6c-14e4&#8243;][vc_single_image image=&#8220;1108&#8243; img_size=&#8220;full&#8220; css_animation=&#8220;fadeInRight&#8220;][\/vc_tta_section][vc_tta_section title=&#8220;Inhaltsbereich&#8220; tab_id=&#8220;1617993288389-3e1f33c4-1c15&#8243;][vc_single_image image=&#8220;1107&#8243; img_size=&#8220;full&#8220; css_animation=&#8220;fadeInRight&#8220;][\/vc_tta_section][vc_tta_section title=&#8220;Inhaltsbereich&#8220; tab_id=&#8220;1617993291563-dc925cbf-6884&#8243;][vc_single_image image=&#8220;1109&#8243; img_size=&#8220;full&#8220; css_animation=&#8220;fadeInRight&#8220;][\/vc_tta_section][vc_tta_section title=&#8220;Inhaltsbereich&#8220; tab_id=&#8220;1617993292784-5eaf882d-08fd&#8220;][vc_single_image image=&#8220;1110&#8243; img_size=&#8220;full&#8220; css_animation=&#8220;fadeInRight&#8220;][\/vc_tta_section][\/vc_tta_pageable][\/vc_column][\/vc_row][vc_row][vc_column][vc_column_text]<\/p>\n<p style=\"text-align: right\"><span style=\"color: #999999\">Beispielbilder der Herbst- und Winterkollektion 2021 (Fotos: MADNESS)<br \/>\n<\/span><\/p>\n<p>[\/vc_column_text][vc_empty_space][\/vc_column][\/vc_row][vc_row][vc_column width=&#8220;1\/3&#8243;][vc_empty_space]<div class=\"wl_einzelbild\"><p><img decoding=\"async\" id=\"logo\" src=\"https:\/\/www.madness-online.com\/fileadmin\/madness\/template\/img\/madness-logo-2020.jpg\" alt=\"Madness\" \/><\/p><\/div>[vc_empty_space][\/vc_column][vc_column width=&#8220;2\/3&#8243;][vc_empty_space]<div class=\"wl_einzelbild\"><p><\/p><\/div>[vc_empty_space][\/vc_column][\/vc_row][vc_row][vc_column][vc_empty_space][vc_column_text]<\/p>\n<p style=\"text-align: right\"><span style=\"color: #999999\"><em>Autorin: Magdalena Gassner<\/em><\/span><\/p>\n<p>[\/vc_column_text][vc_separator][vc_column_text]<em><span style=\"color: #808080\">Quelle:<\/span> <a href=\"https:\/\/www.madness-online.com\/\">Madness<\/a><br \/>\n<\/em>[\/vc_column_text][\/vc_column][\/vc_row]<\/p>\n<\/div>","protected":false},"excerpt":{"rendered":"<p>[vc_row][vc_column][\/vc_column][\/vc_row][vc_row][vc_column][vc_empty_space][\/vc_column][\/vc_row][vc_row][vc_column][vc_column_text] MADNESS, Indien \/ Deutschland Madness \u2013 The Nature Textile Company ist auf die Arbeit mit Naturmaterialien wie Baumwolle, Wolle, Leinen oder Hanf spezialisiert. Nat\u00fcrlichkeit als Grundsatz und die Freude an puren Dingen, das ist f\u00fcr Madness echte Lebensqualit\u00e4t.[\/vc_column_text][\/vc_column][\/vc_row][vc_row][vc_column width=&#8220;1\/6&#8243;][vc_empty_space][\/vc_column][vc_column width=&#8220;5\/6&#8243;][vc_empty_space][vc_empty_space][\/vc_column][\/vc_row][vc_row][vc_column][vc_column_text] Natur als Inspiration Nat\u00fcrlichkeit ist dabei f\u00fcr Madness eine Selbstverst\u00e4ndlichkeit. Um dem Ursprung ihrer&hellip;<\/p>\n","protected":false},"author":97,"featured_media":1108,"parent":966,"menu_order":24,"comment_status":"closed","ping_status":"closed","template":"","meta":{"footnotes":""},"class_list":["post-1019","page","type-page","status-publish","has-post-thumbnail","hentry","description-off"],"_links":{"self":[{"href":"https:\/\/weltlaeden.de\/bergedorf\/wp-json\/wp\/v2\/pages\/1019","targetHints":{"allow":["GET"]}}],"collection":[{"href":"https:\/\/weltlaeden.de\/bergedorf\/wp-json\/wp\/v2\/pages"}],"about":[{"href":"https:\/\/weltlaeden.de\/bergedorf\/wp-json\/wp\/v2\/types\/page"}],"author":[{"embeddable":true,"href":"https:\/\/weltlaeden.de\/bergedorf\/wp-json\/wp\/v2\/users\/97"}],"replies":[{"embeddable":true,"href":"https:\/\/weltlaeden.de\/bergedorf\/wp-json\/wp\/v2\/comments?post=1019"}],"version-history":[{"count":5,"href":"https:\/\/weltlaeden.de\/bergedorf\/wp-json\/wp\/v2\/pages\/1019\/revisions"}],"predecessor-version":[{"id":1147,"href":"https:\/\/weltlaeden.de\/bergedorf\/wp-json\/wp\/v2\/pages\/1019\/revisions\/1147"}],"up":[{"embeddable":true,"href":"https:\/\/weltlaeden.de\/bergedorf\/wp-json\/wp\/v2\/pages\/966"}],"wp:featuredmedia":[{"embeddable":true,"href":"https:\/\/weltlaeden.de\/bergedorf\/wp-json\/wp\/v2\/media\/1108"}],"wp:attachment":[{"href":"https:\/\/weltlaeden.de\/bergedorf\/wp-json\/wp\/v2\/media?parent=1019"}],"curies":[{"name":"wp","href":"https:\/\/api.w.org\/{rel}","templated":true}]}}