{"id":1014,"date":"2021-11-05T18:09:21","date_gmt":"2021-11-05T17:09:31","guid":{"rendered":"https:\/\/weltlaeden.de\/bergedorf\/?page_id=1014"},"modified":"2023-06-23T11:10:45","modified_gmt":"2023-06-23T09:10:45","slug":"people-tree","status":"publish","type":"page","link":"https:\/\/weltlaeden.de\/bergedorf\/produkte\/faire-mode\/people-tree\/","title":{"rendered":"People Tree"},"content":{"rendered":"<div class=\"wpb-content-wrapper\"><p>[vc_row][vc_column]<div class=\"wl_einzelbild\"><p><img loading=\"lazy\" decoding=\"async\" class=\"alignleft size-full wp-image-1144\" src=\"https:\/\/weltlaeden.de\/bergedorf\/wp-content\/uploads\/sites\/18\/2021\/11\/Kollektion2021fs_header_cPeopleTree.jpeg\" alt=\"\" width=\"1200\" height=\"600\" srcset=\"https:\/\/weltlaeden.de\/bergedorf\/wp-content\/uploads\/sites\/18\/2021\/11\/Kollektion2021fs_header_cPeopleTree.jpeg 1200w, https:\/\/weltlaeden.de\/bergedorf\/wp-content\/uploads\/sites\/18\/2021\/11\/Kollektion2021fs_header_cPeopleTree-300x150.jpeg 300w, https:\/\/weltlaeden.de\/bergedorf\/wp-content\/uploads\/sites\/18\/2021\/11\/Kollektion2021fs_header_cPeopleTree-768x384.jpeg 768w, https:\/\/weltlaeden.de\/bergedorf\/wp-content\/uploads\/sites\/18\/2021\/11\/Kollektion2021fs_header_cPeopleTree-1024x512.jpeg 1024w\" sizes=\"auto, (max-width: 1200px) 100vw, 1200px\" \/><\/p><\/div>[\/vc_column][\/vc_row][vc_row][vc_column][vc_empty_space][\/vc_column][\/vc_row][vc_row][vc_column][vc_column_text]<\/p>\n<h1><strong>PEOPLE TREE<\/strong><\/h1>\n<p><a href=\"http:\/\/www.peopletree.co.uk\">People Tree<\/a> ist eine Pionierin in Sachen nachhaltiger und fair gehandelter Mode. Die Mission der Gr\u00fcnderin Safia Minney hat sich bis heute nicht ver\u00e4ndert: Jedes Produkt von Anfang bis Ende nach den h\u00f6chsten ethischen und \u00f6kologischen Standards herzustellen. Ihre Geschichte beginnt 1991.[\/vc_column_text][\/vc_column][\/vc_row][vc_row][vc_column width=&#8220;1\/6&#8243;][vc_empty_space][\/vc_column][vc_column width=&#8220;5\/6&#8243;][vc_empty_space]<blockquote class=\"text-big shortcode-blockquote\"><h2><span style=\"color: #ff9900\">\u201eWir machen es anders. Wir ber\u00fccksichtigen die Lebensgrundlage unserer Produzent*innen von dem Moment der ersten Skizze. Unsere Werte f\u00fcr Fairen Handel stehen im Herzen jeder einzelnen Entscheidung.\u201c<\/span><\/h2>\n<p style=\"text-align: right\"><em>(People Tree)<\/em><\/p>\n<\/blockquote>[vc_empty_space][\/vc_column][\/vc_row][vc_row][vc_column][vc_column_text]<\/p>\n<h2><span style=\"color: #ff9900\"><strong>Fairer Handel als Herzst\u00fcck<\/strong><\/span><\/h2>\n<p>People Tree hatte die erste Lieferkette f\u00fcr Bio-Baumwolle und war die erste Organisation weltweit, die die GOTS-Zertifizierung <u>(<\/u><a href=\"https:\/\/global-standard.org\/\">Global Organic Textile Standard)<\/a> f\u00fcr eine Lieferkette im Globalen S\u00fcden erhielt. Dabei bietet People Tree ihren Handelspartner*innen nicht nur finanzielle Unterst\u00fctzung, sondern teilt ihr Wissen, um die Gemeinschaften vor Ort zu unterst\u00fctzen. \u201ePeople Tree hilft uns dabei uns selbst zu fordern und weiterzuentwickeln, um gr\u00f6\u00dfere Ziele zu erreichen\u201c, betont Rosy Solanski, die als Schneiderin bei Creative Handicrafts \u2013 eine Fair-Handels-Organisationen und Partner von People Tree \u2013 in Indien begann und nun die Produktion der Kleidung \u00fcberwacht.<\/p>\n<p>[\/vc_column_text][\/vc_column][\/vc_row][vc_row][vc_column][vc_empty_space]<div class=\"wl_einzelbild\"><p><\/p>\n<div id=\"attachment_1122\" style=\"width: 1930px\" class=\"wp-caption alignleft\"><img loading=\"lazy\" decoding=\"async\" aria-describedby=\"caption-attachment-1122\" class=\"size-full wp-image-1122\" src=\"https:\/\/weltlaeden.de\/bergedorf\/wp-content\/uploads\/sites\/18\/2021\/11\/Creative-Handicraft-_-Cooperative-3-c-People-Tree.jpeg\" alt=\"\" width=\"1920\" height=\"1080\" srcset=\"https:\/\/weltlaeden.de\/bergedorf\/wp-content\/uploads\/sites\/18\/2021\/11\/Creative-Handicraft-_-Cooperative-3-c-People-Tree.jpeg 1920w, https:\/\/weltlaeden.de\/bergedorf\/wp-content\/uploads\/sites\/18\/2021\/11\/Creative-Handicraft-_-Cooperative-3-c-People-Tree-300x169.jpeg 300w, https:\/\/weltlaeden.de\/bergedorf\/wp-content\/uploads\/sites\/18\/2021\/11\/Creative-Handicraft-_-Cooperative-3-c-People-Tree-768x432.jpeg 768w, https:\/\/weltlaeden.de\/bergedorf\/wp-content\/uploads\/sites\/18\/2021\/11\/Creative-Handicraft-_-Cooperative-3-c-People-Tree-1024x576.jpeg 1024w\" sizes=\"auto, (max-width: 1920px) 100vw, 1920px\" \/><p id=\"caption-attachment-1122\" class=\"wp-caption-text\">In der Werkstatt von Creative Handicraft zur Fashion Revolution 2021 (Foto: People Tree)<\/p><\/div>\n<p><\/p><\/div>[vc_empty_space][\/vc_column][\/vc_row][vc_row][vc_column][vc_column_text]<\/p>\n<h2><span style=\"color: #ff9900\"><strong>Mensch und Natur stehen im Mittelpunkt<\/strong><\/span><\/h2>\n<p>Als Mitglied der <a href=\"https:\/\/wfto.com\/\">World Fair Trade Organisation (WFTO)<\/a>, dem internationalen Dachverband des Fairen Handels, verfolgt People Tree die Prinzipien des Fairen Handels entlang der gesamten Wertsch\u00f6pfungskette. Das bedeutet: faire L\u00f6hne, gute Arbeitsbedingungen, Transparenz, beste Umweltpraktiken und die Gleichstellung der Geschlechter.<\/p>\n<p>Die Produzent*innen setzten dabei auf traditionelle Fertigkeiten und kombinieren sie mit neuen innovativen Technologien. Durch den Einsatz von traditioneller Handwerkskunst, wie Handweben, Handstricken, Handstickerei oder Handblockdruck werden Arbeitspl\u00e4tze in l\u00e4ndlichen Gebieten geschaffen, wo Arbeit oft Mangelware ist. People Tree verwendet nach M\u00f6glichkeit nat\u00fcrliche Materialien und vermeidet Plastik sowie giftige Substanzen. Die Kollektionen bestehen u.a. aus Bio-Baumwolle nach <a href=\"https:\/\/www.fairtrade-deutschland.de\/produkte\/baumwolle\/hintergrund-fairtrade-baumwolle\">Fairtrade Cotton Standard<\/a>, TENCEL\u2122 Lyocell und nachhaltig produzierte Wolle. Alle Kleidungsst\u00fccke werden mit umweltfreundlichen Farbstoffen gef\u00e4rbt.[\/vc_column_text][\/vc_column][\/vc_row][vc_row][vc_column][vc_column_text]Die Mode mit Respekt vor Mensch und Umwelt finden Sie bei uns im Weltladen![\/vc_column_text][vc_empty_space][\/vc_column][\/vc_row][vc_row][vc_column]<div class=\"wl_einzelbild\"><p><img loading=\"lazy\" decoding=\"async\" class=\"alignleft size-full wp-image-1123\" src=\"https:\/\/weltlaeden.de\/bergedorf\/wp-content\/uploads\/sites\/18\/2021\/11\/collage_Imagefotos_cPeople_Tree.jpg\" alt=\"\" width=\"1200\" height=\"600\" srcset=\"https:\/\/weltlaeden.de\/bergedorf\/wp-content\/uploads\/sites\/18\/2021\/11\/collage_Imagefotos_cPeople_Tree.jpg 1200w, https:\/\/weltlaeden.de\/bergedorf\/wp-content\/uploads\/sites\/18\/2021\/11\/collage_Imagefotos_cPeople_Tree-300x150.jpg 300w, https:\/\/weltlaeden.de\/bergedorf\/wp-content\/uploads\/sites\/18\/2021\/11\/collage_Imagefotos_cPeople_Tree-768x384.jpg 768w, https:\/\/weltlaeden.de\/bergedorf\/wp-content\/uploads\/sites\/18\/2021\/11\/collage_Imagefotos_cPeople_Tree-1024x512.jpg 1024w\" sizes=\"auto, (max-width: 1200px) 100vw, 1200px\" \/><\/p><\/div>[vc_column_text]<\/p>\n<p style=\"text-align: right\"><span style=\"color: #999999\">Beispielbilder der Herbst- und Winterkollektion 2021 (Fotos: People Tree)<br \/>\n<\/span><\/p>\n<p>[\/vc_column_text][vc_empty_space][\/vc_column][\/vc_row][vc_row][vc_column][vc_empty_space][vc_video link=&#8220;https:\/\/www.youtube.com\/watch?v=9jaCMphzUlA&#8220;][vc_empty_space][\/vc_column][\/vc_row][vc_row][vc_column width=&#8220;1\/3&#8243;][vc_empty_space]<div class=\"wl_einzelbild\"><p><img decoding=\"async\" src=\"https:\/\/avocado.s3-eu-west-1.amazonaws.com\/brand_logos\/1205\/large.png?1502778652\" \/><\/p><\/div>[vc_empty_space][\/vc_column][vc_column width=&#8220;2\/3&#8243;][vc_empty_space]<div class=\"wl_einzelbild\"><p><\/p><\/div>[vc_empty_space][\/vc_column][\/vc_row][vc_row][vc_column][vc_empty_space][vc_column_text]<\/p>\n<p style=\"text-align: right\"><span style=\"color: #999999\"><em>Autorin: Magdalena Gassner<\/em><\/span><\/p>\n<p>[\/vc_column_text][vc_separator][vc_column_text]<em><span style=\"color: #808080\">Quelle: People Tree (<\/span><a href=\"http:\/\/www.peopletree.de\">www.peopletree.de<\/a> <span style=\"color: #808080\">und <\/span><a href=\"http:\/\/www.peopletree.co.uk\">www.peopletree.co.uk<\/a><span style=\"color: #808080\">)<\/span> <\/em>[\/vc_column_text][\/vc_column][\/vc_row]<\/p>\n<\/div>","protected":false},"excerpt":{"rendered":"<p>[vc_row][vc_column][\/vc_column][\/vc_row][vc_row][vc_column][vc_empty_space][\/vc_column][\/vc_row][vc_row][vc_column][vc_column_text] PEOPLE TREE People Tree ist eine Pionierin in Sachen nachhaltiger und fair gehandelter Mode. Die Mission der Gr\u00fcnderin Safia Minney hat sich bis heute nicht ver\u00e4ndert: Jedes Produkt von Anfang bis Ende nach den h\u00f6chsten ethischen und \u00f6kologischen Standards herzustellen. Ihre Geschichte beginnt 1991.[\/vc_column_text][\/vc_column][\/vc_row][vc_row][vc_column width=&#8220;1\/6&#8243;][vc_empty_space][\/vc_column][vc_column width=&#8220;5\/6&#8243;][vc_empty_space][vc_empty_space][\/vc_column][\/vc_row][vc_row][vc_column][vc_column_text] Fairer Handel als Herzst\u00fcck People Tree hatte die&hellip;<\/p>\n","protected":false},"author":97,"featured_media":1123,"parent":966,"menu_order":27,"comment_status":"closed","ping_status":"closed","template":"","meta":{"footnotes":""},"class_list":["post-1014","page","type-page","status-publish","has-post-thumbnail","hentry","description-off"],"_links":{"self":[{"href":"https:\/\/weltlaeden.de\/bergedorf\/wp-json\/wp\/v2\/pages\/1014","targetHints":{"allow":["GET"]}}],"collection":[{"href":"https:\/\/weltlaeden.de\/bergedorf\/wp-json\/wp\/v2\/pages"}],"about":[{"href":"https:\/\/weltlaeden.de\/bergedorf\/wp-json\/wp\/v2\/types\/page"}],"author":[{"embeddable":true,"href":"https:\/\/weltlaeden.de\/bergedorf\/wp-json\/wp\/v2\/users\/97"}],"replies":[{"embeddable":true,"href":"https:\/\/weltlaeden.de\/bergedorf\/wp-json\/wp\/v2\/comments?post=1014"}],"version-history":[{"count":8,"href":"https:\/\/weltlaeden.de\/bergedorf\/wp-json\/wp\/v2\/pages\/1014\/revisions"}],"predecessor-version":[{"id":1146,"href":"https:\/\/weltlaeden.de\/bergedorf\/wp-json\/wp\/v2\/pages\/1014\/revisions\/1146"}],"up":[{"embeddable":true,"href":"https:\/\/weltlaeden.de\/bergedorf\/wp-json\/wp\/v2\/pages\/966"}],"wp:featuredmedia":[{"embeddable":true,"href":"https:\/\/weltlaeden.de\/bergedorf\/wp-json\/wp\/v2\/media\/1123"}],"wp:attachment":[{"href":"https:\/\/weltlaeden.de\/bergedorf\/wp-json\/wp\/v2\/media?parent=1014"}],"curies":[{"name":"wp","href":"https:\/\/api.w.org\/{rel}","templated":true}]}}