{"id":1006,"date":"2021-11-08T14:46:21","date_gmt":"2021-11-08T13:46:06","guid":{"rendered":"https:\/\/weltlaeden.de\/bergedorf\/?page_id=1006"},"modified":"2023-06-23T11:10:45","modified_gmt":"2023-06-23T09:10:45","slug":"nomads","status":"publish","type":"page","link":"https:\/\/weltlaeden.de\/bergedorf\/produkte\/faire-mode\/nomads\/","title":{"rendered":"Nomads"},"content":{"rendered":"<div class=\"wpb-content-wrapper\"><p>[vc_row][vc_column]<div class=\"wl_einzelbild\"><p><img loading=\"lazy\" decoding=\"async\" class=\"alignleft wp-image-1135 size-full\" src=\"https:\/\/weltlaeden.de\/bergedorf\/wp-content\/uploads\/sites\/18\/2021\/11\/collage_nomads.jpg\" alt=\"\" width=\"1200\" height=\"600\" srcset=\"https:\/\/weltlaeden.de\/bergedorf\/wp-content\/uploads\/sites\/18\/2021\/11\/collage_nomads.jpg 1200w, https:\/\/weltlaeden.de\/bergedorf\/wp-content\/uploads\/sites\/18\/2021\/11\/collage_nomads-300x150.jpg 300w, https:\/\/weltlaeden.de\/bergedorf\/wp-content\/uploads\/sites\/18\/2021\/11\/collage_nomads-768x384.jpg 768w, https:\/\/weltlaeden.de\/bergedorf\/wp-content\/uploads\/sites\/18\/2021\/11\/collage_nomads-1024x512.jpg 1024w\" sizes=\"auto, (max-width: 1200px) 100vw, 1200px\" \/><\/p><\/div>[\/vc_column][\/vc_row][vc_row][vc_column][vc_empty_space][\/vc_column][\/vc_row][vc_row][vc_column][vc_column_text]<\/p>\n<h1><strong>NOMADS CLOTHING, Indien \/ Gro\u00dfbritannien<\/strong><\/h1>\n<p>Seit 1989 lassen <a href=\"https:\/\/www.nomadsclothing.com\/\">Nomads Clothing<\/a> ihre Mode unter fairen Bedingungen herstellen und das ohne Kompromiss. Die Idee dazu stammt von den Gr\u00fcnder*innen Vicky und Duncan, die sich in den 1980er Jahren als Rucksackreisende in Indien kennenlernten. Aus einer zuf\u00e4lligen Begegnung wurde eine geteilte Leidenschaft.[\/vc_column_text][\/vc_column][\/vc_row][vc_row][vc_column width=&#8220;1\/6&#8243;][vc_empty_space][\/vc_column][vc_column width=&#8220;5\/6&#8243;][vc_empty_space]<blockquote class=\"text-big shortcode-blockquote\"><h2><span style=\"color: #ff9900\">\u201eF\u00fcr uns ist es nicht genug, einfach nur die gesetzlichen Anforderungen zu erf\u00fcllen. Wir suchen st\u00e4ndig nach neuen Wegen, um unsere Beziehungen zu verbessern und arbeiten eng mit allen zusammen, die an der Reise von Nomads beteiligt sind.\u201c <\/span><\/h2>\n<p style=\"text-align: right\"><em>(Nomads Clothing)<\/em><\/p>\n<\/blockquote>[vc_empty_space][\/vc_column][\/vc_row][vc_row][vc_column][vc_column_text]<\/p>\n<h2><span style=\"color: #ff9900\"><strong>Handeln statt Helfen<\/strong><\/span><\/h2>\n<p>Nomads ist stolz auf ihre Lieferkette. Denn sie setzen von Beginn an proaktiv auf ethischen Handel. Daf\u00fcr setzen sie durch vollst\u00e4ndige Transparenz, Audits und einen gemeinsamen Verhaltenskodex die streng \u00fcberwachten Standards des Fairen Handels um. Dazu besuchen sie ihre Partner*innen in Indien regelm\u00e4\u00dfig.<\/p>\n<p>Bedruckt wird die Kleidung u.a. bei <a href=\"https:\/\/www.nomadsclothing.com\/our-fair-trade-partners\/impulsion\">Impulsion<\/a> einer kleinen Fabrik in Delhi. \u201eNomads hat mir in den letzten Jahren geholfen, zu \u00fcberleben. Ihr System ist gut, und ich habe nie Probleme, bezahlt zu werden\u201c, erz\u00e4hlt Irfan, der Fabrikbesitzer. Er hat sich auf das Bedrucken und die Beschaffung traditioneller, handgewebter und strukturierter Baumwollstoffe spezialisiert. In einer weiteren kleinen Fabrik, <a href=\"https:\/\/www.nomadsclothing.com\/our-fair-trade-partners\/swati\">Swati<\/a>, in Noida werden Naturfasern und bedruckte Stoffe hergestellt. Alle Mitarbeiter*innen arbeiten unter sicheren Bedingungen und werden angemessen entlohnt. Kinderarbeit ist dabei strengstens untersagt. Die Gleichbehandlung von Mann und Frau und die Unterbindung von Diskriminierung ist bei Nomads eine Selbstverst\u00e4ndlichkeit.[\/vc_column_text][\/vc_column][\/vc_row][vc_row][vc_column][vc_empty_space]<div class=\"wl_einzelbild\"><p><\/p>\n<div id=\"attachment_1134\" style=\"width: 640px\" class=\"wp-caption alignleft\"><img loading=\"lazy\" decoding=\"async\" aria-describedby=\"caption-attachment-1134\" class=\"size-full wp-image-1134\" src=\"https:\/\/weltlaeden.de\/bergedorf\/wp-content\/uploads\/sites\/18\/2021\/11\/FairTradeMain-c-nomads.png\" alt=\"\" width=\"630\" height=\"370\" srcset=\"https:\/\/weltlaeden.de\/bergedorf\/wp-content\/uploads\/sites\/18\/2021\/11\/FairTradeMain-c-nomads.png 630w, https:\/\/weltlaeden.de\/bergedorf\/wp-content\/uploads\/sites\/18\/2021\/11\/FairTradeMain-c-nomads-300x176.png 300w\" sizes=\"auto, (max-width: 630px) 100vw, 630px\" \/><p id=\"caption-attachment-1134\" class=\"wp-caption-text\">Die Fashion Revolution bei Nomads (Foto: Nomads Clothing)<\/p><\/div>\n<p><\/p><\/div>[vc_empty_space][\/vc_column][\/vc_row][vc_row][vc_column][vc_column_text]<\/p>\n<h2><span style=\"color: #ff9900\"><strong>Einzigartigkeit durch Tradition<\/strong><\/span><\/h2>\n<p>Die langlebige Mode von Nomads ist weich, farbenfroh und feminin. Die N\u00e4her*innen setzen bei der Herstellung von Kleid und Co. auf traditionelle Textiltechniken, wie die alte Kunst des Holzblockdrucks, traditionelle Stickerei, raffinierte Handweberei sowie Batikf\u00e4rbungen. Die althergebrachten Techniken sorgen daf\u00fcr, dass jede Kollektion von Nomads einzigartig wird. F\u00fcr die Mode, wie Kleider, Tuniken und Tops wird ausschlie\u00dflich Bio-Baumwolle verwendet, die nach dem <a href=\"https:\/\/global-standard.org\/\">Global Organic Textile Standard (GOTS)<\/a> zertifiziert ist.[\/vc_column_text][\/vc_column][\/vc_row][vc_row][vc_column][vc_column_text]Die Mode mit Leidenschaft f\u00fcr Fairen Handel finden Sie bei uns im Weltladen![\/vc_column_text][vc_empty_space][\/vc_column][\/vc_row][vc_row][vc_column]<div class=\"wl_einzelbild\"><p><img loading=\"lazy\" decoding=\"async\" class=\"alignleft wp-image-1133 size-full\" src=\"https:\/\/weltlaeden.de\/bergedorf\/wp-content\/uploads\/sites\/18\/2021\/11\/collage_Imagefotos_cnomads.jpg\" alt=\"\" width=\"1200\" height=\"600\" srcset=\"https:\/\/weltlaeden.de\/bergedorf\/wp-content\/uploads\/sites\/18\/2021\/11\/collage_Imagefotos_cnomads.jpg 1200w, https:\/\/weltlaeden.de\/bergedorf\/wp-content\/uploads\/sites\/18\/2021\/11\/collage_Imagefotos_cnomads-300x150.jpg 300w, https:\/\/weltlaeden.de\/bergedorf\/wp-content\/uploads\/sites\/18\/2021\/11\/collage_Imagefotos_cnomads-768x384.jpg 768w, https:\/\/weltlaeden.de\/bergedorf\/wp-content\/uploads\/sites\/18\/2021\/11\/collage_Imagefotos_cnomads-1024x512.jpg 1024w\" sizes=\"auto, (max-width: 1200px) 100vw, 1200px\" \/><\/p><\/div>[vc_column_text]<\/p>\n<p style=\"text-align: right\"><span style=\"color: #999999\">Beispielbilder aus der Herbst- und Winterkollektion 2021 (Fotos: Nomads Clothing)<\/span><\/p>\n<p>[\/vc_column_text][vc_empty_space][\/vc_column][\/vc_row][vc_row][vc_column width=&#8220;1\/3&#8243;][vc_empty_space]<div class=\"wl_einzelbild\"><p><img loading=\"lazy\" decoding=\"async\" class=\"alignleft size-medium wp-image-1137\" src=\"https:\/\/weltlaeden.de\/bergedorf\/wp-content\/uploads\/sites\/18\/2021\/11\/nomads-logo-300x300.jpg\" alt=\"\" width=\"300\" height=\"300\" srcset=\"https:\/\/weltlaeden.de\/bergedorf\/wp-content\/uploads\/sites\/18\/2021\/11\/nomads-logo-300x300.jpg 300w, https:\/\/weltlaeden.de\/bergedorf\/wp-content\/uploads\/sites\/18\/2021\/11\/nomads-logo-150x150.jpg 150w, https:\/\/weltlaeden.de\/bergedorf\/wp-content\/uploads\/sites\/18\/2021\/11\/nomads-logo-768x768.jpg 768w, https:\/\/weltlaeden.de\/bergedorf\/wp-content\/uploads\/sites\/18\/2021\/11\/nomads-logo-1024x1024.jpg 1024w, https:\/\/weltlaeden.de\/bergedorf\/wp-content\/uploads\/sites\/18\/2021\/11\/nomads-logo.jpg 2048w\" sizes=\"auto, (max-width: 300px) 100vw, 300px\" \/><\/p><\/div>[vc_empty_space][\/vc_column][vc_column width=&#8220;2\/3&#8243;][vc_empty_space]<div class=\"wl_einzelbild\"><p><\/p><\/div>[vc_empty_space][\/vc_column][\/vc_row][vc_row][vc_column][vc_empty_space][vc_column_text]<\/p>\n<p style=\"text-align: right\"><span style=\"color: #999999\"><em>Autorin: Magdalena Gassner<\/em><\/span><\/p>\n<p>[\/vc_column_text][vc_separator][vc_column_text]<span style=\"color: #808080\"><em>Quelle:<\/em><\/span> <em><a href=\"https:\/\/www.nomadsclothing.com\/\">Nomads Clothing<\/a><\/em>[\/vc_column_text][\/vc_column][\/vc_row]<\/p>\n<\/div>","protected":false},"excerpt":{"rendered":"<p>[vc_row][vc_column][\/vc_column][\/vc_row][vc_row][vc_column][vc_empty_space][\/vc_column][\/vc_row][vc_row][vc_column][vc_column_text] NOMADS CLOTHING, Indien \/ Gro\u00dfbritannien Seit 1989 lassen Nomads Clothing ihre Mode unter fairen Bedingungen herstellen und das ohne Kompromiss. Die Idee dazu stammt von den Gr\u00fcnder*innen Vicky und Duncan, die sich in den 1980er Jahren als Rucksackreisende in Indien kennenlernten. Aus einer zuf\u00e4lligen Begegnung wurde eine geteilte Leidenschaft.[\/vc_column_text][\/vc_column][\/vc_row][vc_row][vc_column width=&#8220;1\/6&#8243;][vc_empty_space][\/vc_column][vc_column width=&#8220;5\/6&#8243;][vc_empty_space][vc_empty_space][\/vc_column][\/vc_row][vc_row][vc_column][vc_column_text] Handeln statt Helfen&hellip;<\/p>\n","protected":false},"author":97,"featured_media":1135,"parent":966,"menu_order":26,"comment_status":"closed","ping_status":"closed","template":"","meta":{"footnotes":""},"class_list":["post-1006","page","type-page","status-publish","has-post-thumbnail","hentry","description-off"],"_links":{"self":[{"href":"https:\/\/weltlaeden.de\/bergedorf\/wp-json\/wp\/v2\/pages\/1006","targetHints":{"allow":["GET"]}}],"collection":[{"href":"https:\/\/weltlaeden.de\/bergedorf\/wp-json\/wp\/v2\/pages"}],"about":[{"href":"https:\/\/weltlaeden.de\/bergedorf\/wp-json\/wp\/v2\/types\/page"}],"author":[{"embeddable":true,"href":"https:\/\/weltlaeden.de\/bergedorf\/wp-json\/wp\/v2\/users\/97"}],"replies":[{"embeddable":true,"href":"https:\/\/weltlaeden.de\/bergedorf\/wp-json\/wp\/v2\/comments?post=1006"}],"version-history":[{"count":10,"href":"https:\/\/weltlaeden.de\/bergedorf\/wp-json\/wp\/v2\/pages\/1006\/revisions"}],"predecessor-version":[{"id":1310,"href":"https:\/\/weltlaeden.de\/bergedorf\/wp-json\/wp\/v2\/pages\/1006\/revisions\/1310"}],"up":[{"embeddable":true,"href":"https:\/\/weltlaeden.de\/bergedorf\/wp-json\/wp\/v2\/pages\/966"}],"wp:featuredmedia":[{"embeddable":true,"href":"https:\/\/weltlaeden.de\/bergedorf\/wp-json\/wp\/v2\/media\/1135"}],"wp:attachment":[{"href":"https:\/\/weltlaeden.de\/bergedorf\/wp-json\/wp\/v2\/media?parent=1006"}],"curies":[{"name":"wp","href":"https:\/\/api.w.org\/{rel}","templated":true}]}}