{"id":218,"date":"2016-10-28T13:34:47","date_gmt":"2016-10-28T11:34:47","guid":{"rendered":"https:\/\/wl.heimpixel.de\/vorlage\/fairer-handel\/"},"modified":"2024-03-20T16:59:37","modified_gmt":"2024-03-20T15:59:37","slug":"fairer-handel","status":"publish","type":"page","link":"https:\/\/weltlaeden.de\/bensheim\/fairer-handel\/","title":{"rendered":"Fairer Handel"},"content":{"rendered":"<div class=\"wpb-content-wrapper\"><p>[vc_row][vc_column]<div class=\"wl_einzelbild\"><p><img loading=\"lazy\" decoding=\"async\" class=\"alignnone size-full wp-image-nsm-3-15\" src=\"https:\/\/weltlaeden.de\/bensheim\/wp-content\/uploads\/sites\/3\/2016\/11\/FairerHandel_ElPuente_Fingerpuppen_EccoExe_Peru.jpg\" alt=\"\" width=\"1200\" height=\"519\" \/><\/p><\/div>[\/vc_column][\/vc_row][vc_row][vc_column][vc_empty_space][vc_column_text]<\/p>\n<h1>Fairer Handel bedeutet f\u00fcr Weltl\u00e4den&#8230;<\/h1>\n<p>[\/vc_column_text][vc_column_text]<\/p>\n<div class=\"wpb_text_column wpb_content_element \">\n<div class=\"wpb_wrapper\">\n<p><strong><span dir=\"ltr\" role=\"presentation\">Verkaufen<\/span><\/strong><span dir=\"ltr\" role=\"presentation\">: D<\/span><span dir=\"ltr\" role=\"presentation\">er Verkauf fair gehandelter Produkte verbessert das Leben f\u00fcr die Produzent\/innen .<\/span><br role=\"presentation\" \/><strong><span dir=\"ltr\" role=\"presentation\">Informieren<\/span><\/strong><span dir=\"ltr\" role=\"presentation\">: P<\/span><span dir=\"ltr\" role=\"presentation\">olitische Kampagnen k\u00f6nnen die Rahmenbedingungen f\u00fcr die Menschen im S\u00fcden<\/span><br role=\"presentation\" \/><span dir=\"ltr\" role=\"presentation\">ver\u00e4ndern.<\/span><br role=\"presentation\" \/><strong><span dir=\"ltr\" role=\"presentation\">Lernen<\/span><\/strong><span dir=\"ltr\" role=\"presentation\">:<\/span> <span dir=\"ltr\" role=\"presentation\">Mitarbeiter\/innen und Kund\/innen sollen viel \u00fcber die globalisierte Welt wissen und<\/span><br role=\"presentation\" \/><span dir=\"ltr\" role=\"presentation\">verstehen, wie unser Konsum die Welt ver\u00e4ndert \u2013 zum Guten oder zum Schlechten.<\/span><\/p>\n<\/div>\n<\/div>\n<p>[\/vc_column_text][\/vc_column][\/vc_row][vc_row][vc_column][vc_empty_space][vc_column_text]<span style=\"font-size: 11.5pt;font-family: 'Open Sans',sans-serif;color: black;background: white\">Wir sind Mitglied im\u00a0<\/span><a href=\"https:\/\/weltladen.de\/\" target=\"_blank\" rel=\"noopener\"><span style=\"font-size: 11.5pt;font-family: 'Open Sans',sans-serif;color: #f39a00;background: white;text-decoration: none\">Weltladen Dachverband<\/span><\/a><u><span style=\"font-size: 11.5pt;font-family: 'Open Sans',sans-serif;color: black;background: white\">,<\/span><\/u><span style=\"float: none\"><span style=\"font-size: 11.5pt;font-family: 'Open Sans',sans-serif;color: black;background: white\">\u00a0damit ist die <\/span><\/span><a href=\"https:\/\/www.weltladen.de\/fuer-weltlaeden\/wiki\/319#:~:text=Die%20Konvention%20definiert%20den%20Fairen,innen%2C%20ihre%20Zusammenschl%C3%BCsse%20und%20Vermarktungsorganisationen\"><span style=\"font-size: 11.5pt;font-family: 'Open Sans',sans-serif;color: #f39a00;background: white;text-decoration: none\">Konvention der Weltl\u00e4den<\/span><\/a><span style=\"float: none\"><span style=\"font-size: 11.5pt;font-family: 'Open Sans',sans-serif;color: black;background: white\"> f\u00fcr uns verbindlich. Wir beteiligen uns an einem regelm\u00e4\u00dfigen Monitoring.<\/span><\/span>[\/vc_column_text][vc_empty_space][vc_column_text]<\/p>\n<h1><strong>DIE 10 GRUNDS\u00c4TZE DES FAIREN HANDELS<\/strong><\/h1>\n<p>[\/vc_column_text][vc_column_text]Die WFTO (World Fair Trade Organization) setzt 10 Prinzipien fest, die Fair Handels-Unternehmen in ihrer allt\u00e4glichen Arbeit einhalten sollen, und stellt mit einem Monitoring die Einhaltung dieser Prinzipien sicher. Der Bensheimer Weltladen St. Georg kauft nur bei Fair-Trade-Lieferanten ein, die diese 10 Prinzipien einhalten.[\/vc_column_text][vc_column_text]<\/p>\n<div class=\"wpb_text_column wpb_content_element \">\n<div class=\"wpb_wrapper\">\n<table>\n<tbody>\n<tr>\n<td width=\"302\">\n<p style=\"text-align: center\"><strong><img loading=\"lazy\" decoding=\"async\" class=\"alignnone size-full wp-image-1149 aligncenter\" src=\"https:\/\/weltlaeden.de\/bensheim\/wp-content\/uploads\/sites\/105\/2022\/04\/fair1.jpg\" alt=\"\" width=\"189\" height=\"189\" srcset=\"https:\/\/weltlaeden.de\/bensheim\/wp-content\/uploads\/sites\/105\/2022\/04\/fair1.jpg 189w, https:\/\/weltlaeden.de\/bensheim\/wp-content\/uploads\/sites\/105\/2022\/04\/fair1-150x150.jpg 150w\" sizes=\"auto, (max-width: 189px) 100vw, 189px\" \/>CHANCEN<br \/>\n<\/strong>Unterst\u00fctzung marginalisierter Kleinproduzent*innnen<\/p>\n<p>&nbsp;<\/td>\n<td width=\"302\">\n<p style=\"text-align: center\"><strong><img loading=\"lazy\" decoding=\"async\" class=\"size-full wp-image-1147 aligncenter\" src=\"https:\/\/weltlaeden.de\/bensheim\/wp-content\/uploads\/sites\/105\/2022\/04\/fair6.jpg\" alt=\"\" width=\"189\" height=\"189\" srcset=\"https:\/\/weltlaeden.de\/bensheim\/wp-content\/uploads\/sites\/105\/2022\/04\/fair6.jpg 189w, https:\/\/weltlaeden.de\/bensheim\/wp-content\/uploads\/sites\/105\/2022\/04\/fair6-150x150.jpg 150w\" sizes=\"auto, (max-width: 189px) 100vw, 189px\" \/>DISKRIMINIERUNGSVERBOT, GLEICHSTELLUNG DER GESCHLECHTER UND VEREINIGUNGSFREIHEIT<br \/>\n<\/strong>keine Benachteiligung aufgrund von Geschlecht, Herkunft, sexueller Orientierung, Behinderung oder HIV-Infektion<\/p>\n<\/td>\n<\/tr>\n<tr>\n<td width=\"302\">\n<p style=\"text-align: center\"><strong><img loading=\"lazy\" decoding=\"async\" class=\"alignnone size-full wp-image-1148 aligncenter\" src=\"https:\/\/weltlaeden.de\/bensheim\/wp-content\/uploads\/sites\/105\/2022\/04\/fair2.jpg\" alt=\"\" width=\"189\" height=\"189\" srcset=\"https:\/\/weltlaeden.de\/bensheim\/wp-content\/uploads\/sites\/105\/2022\/04\/fair2.jpg 189w, https:\/\/weltlaeden.de\/bensheim\/wp-content\/uploads\/sites\/105\/2022\/04\/fair2-150x150.jpg 150w\" sizes=\"auto, (max-width: 189px) 100vw, 189px\" \/>TRANSPARENZ UND RECHENSCHAFTSPFLICHT<br \/>\n<\/strong>Beteiligung an Entscheidungsfingungsprozessen, offene Kommunikationswege<\/p>\n<\/td>\n<td width=\"302\">\n<p style=\"text-align: center\"><strong style=\"font-family: inherit;font-size: inherit\"><img loading=\"lazy\" decoding=\"async\" class=\"alignnone size-full wp-image-1146 aligncenter\" src=\"https:\/\/weltlaeden.de\/bensheim\/wp-content\/uploads\/sites\/105\/2022\/04\/fair7.jpg\" alt=\"\" width=\"189\" height=\"189\" srcset=\"https:\/\/weltlaeden.de\/bensheim\/wp-content\/uploads\/sites\/105\/2022\/04\/fair7.jpg 189w, https:\/\/weltlaeden.de\/bensheim\/wp-content\/uploads\/sites\/105\/2022\/04\/fair7-150x150.jpg 150w\" sizes=\"auto, (max-width: 189px) 100vw, 189px\" \/><\/strong><strong>SICHERSTELLUNG GUTER ARBEITSBEDINGUNGEN<br \/>\n<\/strong>sicheres und gesundheitsvertr\u00e4gliches Arbeitsumfeld<\/p>\n<\/td>\n<\/tr>\n<tr>\n<td width=\"302\">\n<p style=\"text-align: center\"><strong><img loading=\"lazy\" decoding=\"async\" class=\"size-full wp-image-1145 aligncenter\" src=\"https:\/\/weltlaeden.de\/bensheim\/wp-content\/uploads\/sites\/105\/2022\/04\/fair3.jpg\" alt=\"\" width=\"189\" height=\"189\" srcset=\"https:\/\/weltlaeden.de\/bensheim\/wp-content\/uploads\/sites\/105\/2022\/04\/fair3.jpg 189w, https:\/\/weltlaeden.de\/bensheim\/wp-content\/uploads\/sites\/105\/2022\/04\/fair3-150x150.jpg 150w\" sizes=\"auto, (max-width: 189px) 100vw, 189px\" \/>FAIRE HANDELSPRAKTIKEN<br \/>\n<\/strong>50% Vorauszahlung an Lieferanten, Gesch\u00e4ftsentwicklung ohne Gewinnmaximierung<\/p>\n<\/td>\n<td width=\"302\">\n<p style=\"text-align: center\"><strong><img loading=\"lazy\" decoding=\"async\" class=\"size-full wp-image-1142 aligncenter\" src=\"https:\/\/weltlaeden.de\/bensheim\/wp-content\/uploads\/sites\/105\/2022\/04\/fair8.jpg\" alt=\"\" width=\"189\" height=\"189\" srcset=\"https:\/\/weltlaeden.de\/bensheim\/wp-content\/uploads\/sites\/105\/2022\/04\/fair8.jpg 189w, https:\/\/weltlaeden.de\/bensheim\/wp-content\/uploads\/sites\/105\/2022\/04\/fair8-150x150.jpg 150w\" sizes=\"auto, (max-width: 189px) 100vw, 189px\" \/>F\u00d6RDERUNG DER AUS- UND WEITERBILDUNG<br \/>\n<\/strong>St\u00e4rkung von Kompetenzen<\/p>\n<\/td>\n<\/tr>\n<tr>\n<td width=\"302\">\n<p style=\"text-align: center\"><strong><img loading=\"lazy\" decoding=\"async\" class=\"size-full wp-image-1144 aligncenter\" src=\"https:\/\/weltlaeden.de\/bensheim\/wp-content\/uploads\/sites\/105\/2022\/04\/fair4.jpg\" alt=\"\" width=\"189\" height=\"189\" srcset=\"https:\/\/weltlaeden.de\/bensheim\/wp-content\/uploads\/sites\/105\/2022\/04\/fair4.jpg 189w, https:\/\/weltlaeden.de\/bensheim\/wp-content\/uploads\/sites\/105\/2022\/04\/fair4-150x150.jpg 150w\" sizes=\"auto, (max-width: 189px) 100vw, 189px\" \/>FAIRE BEZAHLUNG<br \/>\n<\/strong>Sicherung eines \u201etragf\u00e4higen Lebensunterhalts\u201c<\/p>\n<\/td>\n<td width=\"302\">\n<p style=\"text-align: center\"><strong><img loading=\"lazy\" decoding=\"async\" class=\"size-full wp-image-1141 aligncenter\" src=\"https:\/\/weltlaeden.de\/bensheim\/wp-content\/uploads\/sites\/105\/2022\/04\/fair9.jpg\" alt=\"\" width=\"189\" height=\"189\" srcset=\"https:\/\/weltlaeden.de\/bensheim\/wp-content\/uploads\/sites\/105\/2022\/04\/fair9.jpg 189w, https:\/\/weltlaeden.de\/bensheim\/wp-content\/uploads\/sites\/105\/2022\/04\/fair9-150x150.jpg 150w\" sizes=\"auto, (max-width: 189px) 100vw, 189px\" \/>F\u00d6RDERUNG DES FAIREN HANDELS<br \/>\n<\/strong>Bewusstsein schaffen f\u00fcr Ziele des Fairen Handels<\/p>\n<\/td>\n<\/tr>\n<tr>\n<td width=\"302\">\n<p style=\"text-align: center\"><strong><img loading=\"lazy\" decoding=\"async\" class=\"alignnone size-full wp-image-1143\" src=\"https:\/\/weltlaeden.de\/bensheim\/wp-content\/uploads\/sites\/105\/2022\/04\/fair5.jpg\" alt=\"\" width=\"189\" height=\"189\" srcset=\"https:\/\/weltlaeden.de\/bensheim\/wp-content\/uploads\/sites\/105\/2022\/04\/fair5.jpg 189w, https:\/\/weltlaeden.de\/bensheim\/wp-content\/uploads\/sites\/105\/2022\/04\/fair5-150x150.jpg 150w\" sizes=\"auto, (max-width: 189px) 100vw, 189px\" \/><br \/>\nKEINE AUSBEUTERISCHE KINDERARBEIT, KEINE ZWANGSARBEIT<br \/>\n<\/strong>Respekt vor UN-Kinderrechtskonvention<\/p>\n<\/td>\n<td width=\"302\">\n<p style=\"text-align: center\"><strong><img loading=\"lazy\" decoding=\"async\" class=\"alignnone size-full wp-image-1140\" src=\"https:\/\/weltlaeden.de\/bensheim\/wp-content\/uploads\/sites\/105\/2022\/04\/Fair10.jpg\" alt=\"\" width=\"189\" height=\"189\" srcset=\"https:\/\/weltlaeden.de\/bensheim\/wp-content\/uploads\/sites\/105\/2022\/04\/Fair10.jpg 189w, https:\/\/weltlaeden.de\/bensheim\/wp-content\/uploads\/sites\/105\/2022\/04\/Fair10-150x150.jpg 150w\" sizes=\"auto, (max-width: 189px) 100vw, 189px\" \/><br \/>\nSCHUTZ DER UMWELT<br \/>\n<\/strong>Umwelt so wenig wie m\u00f6glich belasten<\/p>\n<\/td>\n<\/tr>\n<\/tbody>\n<\/table>\n<p>&nbsp;<\/p>\n<\/div>\n<\/div>\n<p>[\/vc_column_text][\/vc_column][\/vc_row][vc_row][vc_column][vc_empty_space][\/vc_column][\/vc_row]<\/p>\n<\/div>","protected":false},"excerpt":{"rendered":"<p>[vc_row][vc_column][\/vc_column][\/vc_row][vc_row][vc_column][vc_empty_space][vc_column_text] Fairer Handel bedeutet f\u00fcr Weltl\u00e4den&#8230; [\/vc_column_text][vc_column_text] Verkaufen: Der Verkauf fair gehandelter Produkte verbessert das Leben f\u00fcr die Produzent\/innen .Informieren: Politische Kampagnen k\u00f6nnen die Rahmenbedingungen f\u00fcr die Menschen im S\u00fcdenver\u00e4ndern.Lernen: Mitarbeiter\/innen und Kund\/innen sollen viel \u00fcber die globalisierte Welt wissen undverstehen, wie unser Konsum die Welt ver\u00e4ndert \u2013 zum Guten oder zum Schlechten. [\/vc_column_text][\/vc_column][\/vc_row][vc_row][vc_column][vc_empty_space][vc_column_text]Wir sind&hellip;<\/p>\n","protected":false},"author":1,"featured_media":0,"parent":0,"menu_order":2,"comment_status":"closed","ping_status":"closed","template":"","meta":{"footnotes":""},"class_list":["post-218","page","type-page","status-publish","hentry","description-off"],"yoast_head":"<!-- This site is optimized with the Yoast SEO plugin v26.8 - https:\/\/yoast.com\/product\/yoast-seo-wordpress\/ -->\n<title>Fairer Handel - Weltladen Bensheim - Sankt Georg<\/title>\n<meta name=\"robots\" content=\"index, follow, max-snippet:-1, max-image-preview:large, max-video-preview:-1\" \/>\n<link rel=\"canonical\" href=\"https:\/\/weltlaeden.de\/bensheim\/fairer-handel\/\" \/>\n<meta property=\"og:locale\" content=\"de_DE\" \/>\n<meta property=\"og:type\" content=\"article\" \/>\n<meta property=\"og:title\" content=\"Fairer Handel - Weltladen Bensheim - Sankt Georg\" \/>\n<meta property=\"og:description\" content=\"[vc_row][vc_column][\/vc_column][\/vc_row][vc_row][vc_column][vc_empty_space][vc_column_text] Fairer Handel bedeutet f\u00fcr Weltl\u00e4den&#8230; [\/vc_column_text][vc_column_text] Verkaufen: Der Verkauf fair gehandelter Produkte verbessert das Leben f\u00fcr die Produzent\/innen .Informieren: Politische Kampagnen k\u00f6nnen die Rahmenbedingungen f\u00fcr die Menschen im S\u00fcdenver\u00e4ndern.Lernen: Mitarbeiter\/innen und Kund\/innen sollen viel \u00fcber die globalisierte Welt wissen undverstehen, wie unser Konsum die Welt ver\u00e4ndert \u2013 zum Guten oder zum Schlechten. [\/vc_column_text][\/vc_column][\/vc_row][vc_row][vc_column][vc_empty_space][vc_column_text]Wir sind&hellip;\" \/>\n<meta property=\"og:url\" content=\"https:\/\/weltlaeden.de\/bensheim\/fairer-handel\/\" \/>\n<meta property=\"og:site_name\" content=\"Weltladen Bensheim - Sankt Georg\" \/>\n<meta property=\"article:modified_time\" content=\"2024-03-20T15:59:37+00:00\" \/>\n<meta property=\"og:image\" content=\"https:\/\/weltlaeden.de\/bensheim\/wp-content\/uploads\/sites\/3\/2016\/11\/FairerHandel_ElPuente_Fingerpuppen_EccoExe_Peru.jpg\" \/>\n<meta name=\"twitter:card\" content=\"summary_large_image\" \/>\n<meta name=\"twitter:label1\" content=\"Gesch\u00e4tzte Lesezeit\" \/>\n\t<meta name=\"twitter:data1\" content=\"4\u00a0Minuten\" \/>\n<script type=\"application\/ld+json\" class=\"yoast-schema-graph\">{\"@context\":\"https:\/\/schema.org\",\"@graph\":[{\"@type\":\"WebPage\",\"@id\":\"https:\/\/weltlaeden.de\/bensheim\/fairer-handel\/\",\"url\":\"https:\/\/weltlaeden.de\/bensheim\/fairer-handel\/\",\"name\":\"Fairer Handel - Weltladen Bensheim - Sankt Georg\",\"isPartOf\":{\"@id\":\"https:\/\/weltlaeden.de\/bensheim\/#website\"},\"primaryImageOfPage\":{\"@id\":\"https:\/\/weltlaeden.de\/bensheim\/fairer-handel\/#primaryimage\"},\"image\":{\"@id\":\"https:\/\/weltlaeden.de\/bensheim\/fairer-handel\/#primaryimage\"},\"thumbnailUrl\":\"https:\/\/weltlaeden.de\/bensheim\/wp-content\/uploads\/sites\/3\/2016\/11\/FairerHandel_ElPuente_Fingerpuppen_EccoExe_Peru.jpg\",\"datePublished\":\"2016-10-28T11:34:47+00:00\",\"dateModified\":\"2024-03-20T15:59:37+00:00\",\"breadcrumb\":{\"@id\":\"https:\/\/weltlaeden.de\/bensheim\/fairer-handel\/#breadcrumb\"},\"inLanguage\":\"de\",\"potentialAction\":[{\"@type\":\"ReadAction\",\"target\":[\"https:\/\/weltlaeden.de\/bensheim\/fairer-handel\/\"]}]},{\"@type\":\"ImageObject\",\"inLanguage\":\"de\",\"@id\":\"https:\/\/weltlaeden.de\/bensheim\/fairer-handel\/#primaryimage\",\"url\":\"https:\/\/weltlaeden.de\/bensheim\/wp-content\/uploads\/sites\/3\/2016\/11\/FairerHandel_ElPuente_Fingerpuppen_EccoExe_Peru.jpg\",\"contentUrl\":\"https:\/\/weltlaeden.de\/bensheim\/wp-content\/uploads\/sites\/3\/2016\/11\/FairerHandel_ElPuente_Fingerpuppen_EccoExe_Peru.jpg\"},{\"@type\":\"BreadcrumbList\",\"@id\":\"https:\/\/weltlaeden.de\/bensheim\/fairer-handel\/#breadcrumb\",\"itemListElement\":[{\"@type\":\"ListItem\",\"position\":1,\"name\":\"Startseite\",\"item\":\"https:\/\/weltlaeden.de\/bensheim\/\"},{\"@type\":\"ListItem\",\"position\":2,\"name\":\"Fairer Handel\"}]},{\"@type\":\"WebSite\",\"@id\":\"https:\/\/weltlaeden.de\/bensheim\/#website\",\"url\":\"https:\/\/weltlaeden.de\/bensheim\/\",\"name\":\"Weltladen Bensheim - Sankt Georg\",\"description\":\"Faire Produkte und Handel\",\"potentialAction\":[{\"@type\":\"SearchAction\",\"target\":{\"@type\":\"EntryPoint\",\"urlTemplate\":\"https:\/\/weltlaeden.de\/bensheim\/?s={search_term_string}\"},\"query-input\":{\"@type\":\"PropertyValueSpecification\",\"valueRequired\":true,\"valueName\":\"search_term_string\"}}],\"inLanguage\":\"de\"}]}<\/script>\n<!-- \/ Yoast SEO plugin. -->","yoast_head_json":{"title":"Fairer Handel - Weltladen Bensheim - Sankt Georg","robots":{"index":"index","follow":"follow","max-snippet":"max-snippet:-1","max-image-preview":"max-image-preview:large","max-video-preview":"max-video-preview:-1"},"canonical":"https:\/\/weltlaeden.de\/bensheim\/fairer-handel\/","og_locale":"de_DE","og_type":"article","og_title":"Fairer Handel - Weltladen Bensheim - Sankt Georg","og_description":"[vc_row][vc_column][\/vc_column][\/vc_row][vc_row][vc_column][vc_empty_space][vc_column_text] Fairer Handel bedeutet f\u00fcr Weltl\u00e4den&#8230; [\/vc_column_text][vc_column_text] Verkaufen: Der Verkauf fair gehandelter Produkte verbessert das Leben f\u00fcr die Produzent\/innen .Informieren: Politische Kampagnen k\u00f6nnen die Rahmenbedingungen f\u00fcr die Menschen im S\u00fcdenver\u00e4ndern.Lernen: Mitarbeiter\/innen und Kund\/innen sollen viel \u00fcber die globalisierte Welt wissen undverstehen, wie unser Konsum die Welt ver\u00e4ndert \u2013 zum Guten oder zum Schlechten. [\/vc_column_text][\/vc_column][\/vc_row][vc_row][vc_column][vc_empty_space][vc_column_text]Wir sind&hellip;","og_url":"https:\/\/weltlaeden.de\/bensheim\/fairer-handel\/","og_site_name":"Weltladen Bensheim - Sankt Georg","article_modified_time":"2024-03-20T15:59:37+00:00","og_image":[{"url":"https:\/\/weltlaeden.de\/bensheim\/wp-content\/uploads\/sites\/3\/2016\/11\/FairerHandel_ElPuente_Fingerpuppen_EccoExe_Peru.jpg","type":"","width":"","height":""}],"twitter_card":"summary_large_image","twitter_misc":{"Gesch\u00e4tzte Lesezeit":"4\u00a0Minuten"},"schema":{"@context":"https:\/\/schema.org","@graph":[{"@type":"WebPage","@id":"https:\/\/weltlaeden.de\/bensheim\/fairer-handel\/","url":"https:\/\/weltlaeden.de\/bensheim\/fairer-handel\/","name":"Fairer Handel - Weltladen Bensheim - Sankt Georg","isPartOf":{"@id":"https:\/\/weltlaeden.de\/bensheim\/#website"},"primaryImageOfPage":{"@id":"https:\/\/weltlaeden.de\/bensheim\/fairer-handel\/#primaryimage"},"image":{"@id":"https:\/\/weltlaeden.de\/bensheim\/fairer-handel\/#primaryimage"},"thumbnailUrl":"https:\/\/weltlaeden.de\/bensheim\/wp-content\/uploads\/sites\/3\/2016\/11\/FairerHandel_ElPuente_Fingerpuppen_EccoExe_Peru.jpg","datePublished":"2016-10-28T11:34:47+00:00","dateModified":"2024-03-20T15:59:37+00:00","breadcrumb":{"@id":"https:\/\/weltlaeden.de\/bensheim\/fairer-handel\/#breadcrumb"},"inLanguage":"de","potentialAction":[{"@type":"ReadAction","target":["https:\/\/weltlaeden.de\/bensheim\/fairer-handel\/"]}]},{"@type":"ImageObject","inLanguage":"de","@id":"https:\/\/weltlaeden.de\/bensheim\/fairer-handel\/#primaryimage","url":"https:\/\/weltlaeden.de\/bensheim\/wp-content\/uploads\/sites\/3\/2016\/11\/FairerHandel_ElPuente_Fingerpuppen_EccoExe_Peru.jpg","contentUrl":"https:\/\/weltlaeden.de\/bensheim\/wp-content\/uploads\/sites\/3\/2016\/11\/FairerHandel_ElPuente_Fingerpuppen_EccoExe_Peru.jpg"},{"@type":"BreadcrumbList","@id":"https:\/\/weltlaeden.de\/bensheim\/fairer-handel\/#breadcrumb","itemListElement":[{"@type":"ListItem","position":1,"name":"Startseite","item":"https:\/\/weltlaeden.de\/bensheim\/"},{"@type":"ListItem","position":2,"name":"Fairer Handel"}]},{"@type":"WebSite","@id":"https:\/\/weltlaeden.de\/bensheim\/#website","url":"https:\/\/weltlaeden.de\/bensheim\/","name":"Weltladen Bensheim - Sankt Georg","description":"Faire Produkte und Handel","potentialAction":[{"@type":"SearchAction","target":{"@type":"EntryPoint","urlTemplate":"https:\/\/weltlaeden.de\/bensheim\/?s={search_term_string}"},"query-input":{"@type":"PropertyValueSpecification","valueRequired":true,"valueName":"search_term_string"}}],"inLanguage":"de"}]}},"_links":{"self":[{"href":"https:\/\/weltlaeden.de\/bensheim\/wp-json\/wp\/v2\/pages\/218","targetHints":{"allow":["GET"]}}],"collection":[{"href":"https:\/\/weltlaeden.de\/bensheim\/wp-json\/wp\/v2\/pages"}],"about":[{"href":"https:\/\/weltlaeden.de\/bensheim\/wp-json\/wp\/v2\/types\/page"}],"author":[{"embeddable":true,"href":"https:\/\/weltlaeden.de\/bensheim\/wp-json\/wp\/v2\/users\/1"}],"replies":[{"embeddable":true,"href":"https:\/\/weltlaeden.de\/bensheim\/wp-json\/wp\/v2\/comments?post=218"}],"version-history":[{"count":32,"href":"https:\/\/weltlaeden.de\/bensheim\/wp-json\/wp\/v2\/pages\/218\/revisions"}],"predecessor-version":[{"id":1500,"href":"https:\/\/weltlaeden.de\/bensheim\/wp-json\/wp\/v2\/pages\/218\/revisions\/1500"}],"wp:attachment":[{"href":"https:\/\/weltlaeden.de\/bensheim\/wp-json\/wp\/v2\/media?parent=218"}],"curies":[{"name":"wp","href":"https:\/\/api.w.org\/{rel}","templated":true}]}}