{"id":765,"date":"2025-11-19T17:31:44","date_gmt":"2025-11-19T16:31:44","guid":{"rendered":"https:\/\/weltlaeden.de\/barsinghausen\/?page_id=765"},"modified":"2025-11-24T11:53:11","modified_gmt":"2025-11-24T10:53:11","slug":"grundschule-san-pedro-in-bolivien","status":"publish","type":"page","link":"https:\/\/weltlaeden.de\/barsinghausen\/grundschule-san-pedro-in-bolivien\/","title":{"rendered":"Grundschule San Pedro in Bolivien"},"content":{"rendered":"<div class=\"wpb-content-wrapper\"><p>[vc_row][vc_column width=&#8220;1\/2&#8243;][vc_column_text css=&#8220;&#8220;]<strong>Grundschule San Pedro in Bolivien<\/strong><\/p>\n<p>Der Ort Coroico (Ort, an dem man Gold findet) liegt ca. 100 km entfernt in den tropischen Bergh\u00e4ngen der Yungas. Er ist nur \u00fcber die an Bergh\u00e4ngen gelegene &#8222;gef\u00e4hrlichste Stra\u00dfe der Welt&#8220; zu erreichen, eine von 5.000m auf 1.700 m absteigende Erdpiste, die jedes Jahr mehrere hundert Todesopfer fordert. Zuvor war auch &#8222;La Cumbre&#8220; zu \u00fcberwinden &#8211; ein Gebirgspass in nahezu 5000 m H\u00f6he.<\/p>\n<p>Von den mehr als 12.000 Einwohnern leben \u00fcber 80% in l\u00e4ndlichen Siedlungen und bauen dort Zitrusfr\u00fcchte, Kaffee und legale Coca f\u00fcr den einheimischen Markt an. Un\u00fcbersehbar sind wegen ihrer dunklen Hautfarbe die Nachkommen ehemaliger entflohener Sklaven, die insbesondere in dieser Region leben und die Kultur und Tradition ihrer Vorfahren pflegen.<\/p>\n<p>Das monatliche Durchschnittseinkommen einer Familie reicht oft nicht aus, um die n\u00f6tigsten Ausgaben zu bestreiten, so dass h\u00e4ufig genug Geld f\u00fcr die schulische Bildung der kinder fehlt.<\/p>\n<p>Die Lebenserwartung liegt bei 63 Jahren, die Analphabetenrate betrug vor der Aplphabetisieerungskampagne f\u00fcr Erwachsene &#8211; nach dem Amtsantritt von Eva Morales &#8211; 13%. Nahezu alle Kinder besuchen eine Schule. Die durchschnittliche Schulbesuchszeit \u00fcbersteigt h\u00e4ufig nicht die sechsj\u00e4hrige Primarschulzeit, da ein Gro\u00dfteil der Kinder die Familien durch Arbeit unterst\u00fctzen muss.<\/p>\n<p>Aufgrund der trotz der gef\u00e4hrlichen Zugangsstra\u00dfe reizvollen Region hat Coroico die Vision eines nachhaltigen Tourismus mit der Entwicklung der entsprechenden Infrastruktur. Und tats\u00e4chlich: Inzwischen gibt es auch eine ungef\u00e4hrlichere Stra\u00dfenverbindung nach La Paz, nur ist sie leider auch kurzfristig immer wieder gesperrt.<\/p>\n<p>Durch die best\u00e4ndigen und zuverl\u00e4ssigen Geldzuwendungen des Eine-Welt-Ladens Barsinghausen seit Beginn dieses Jahrtausends konnte geholfen werden, die schulische Ausstattung und Qualit\u00e4t des Grundschule San Pedro mit ihren ca. 360 Sch\u00fclerInnen erheblich zu verbessern: Finanzielle Hilfe beim Bau mehrerer Klassenr\u00e4ume, Bau einer Bibliothek, Einrichtung von Fachr\u00e4umen, Aufnahme des Betriebs eines kindergartens, Toiletten und Umkleider\u00e4ume auf dem Sportplatz, Unterrichtsangebote in entsprechenden R\u00e4umlichkeiten f\u00fcr behinderte Kinder, Schulhofsanierung, Bau von Verwaltung und Lehrerzimmer. Nunmehr flie\u00dft die Unterst\u00fctzung aus Barsinghausen vor allem in Instandhaltungsma\u00dfnahmen und Reparaturen, denn der Klimawandel macht sie auf der s\u00fcdlichen Halbkugel und besonders in Bolivien durch extreme Niederschl\u00e4ge bemerkbar, die entsprechende Sch\u00e4den verursachen.<\/p>\n<p>Unser Spendenkonto: DE84 2519 0001 0220 6919 00[\/vc_column_text][\/vc_column][vc_column width=&#8220;1\/2&#8243;]<div class=\"wl_einzelbild\"><p><img loading=\"lazy\" decoding=\"async\" class=\"alignnone size-medium wp-image-781\" src=\"https:\/\/weltlaeden.de\/barsinghausen\/wp-content\/uploads\/sites\/235\/2025\/11\/IMG_0045-scaled-e1763981252354-300x218.jpeg\" alt=\"\" width=\"300\" height=\"218\" srcset=\"https:\/\/weltlaeden.de\/barsinghausen\/wp-content\/uploads\/sites\/235\/2025\/11\/IMG_0045-scaled-e1763981252354-300x218.jpeg 300w, https:\/\/weltlaeden.de\/barsinghausen\/wp-content\/uploads\/sites\/235\/2025\/11\/IMG_0045-scaled-e1763981252354-1024x744.jpeg 1024w, https:\/\/weltlaeden.de\/barsinghausen\/wp-content\/uploads\/sites\/235\/2025\/11\/IMG_0045-scaled-e1763981252354-768x558.jpeg 768w, https:\/\/weltlaeden.de\/barsinghausen\/wp-content\/uploads\/sites\/235\/2025\/11\/IMG_0045-scaled-e1763981252354-1536x1116.jpeg 1536w, https:\/\/weltlaeden.de\/barsinghausen\/wp-content\/uploads\/sites\/235\/2025\/11\/IMG_0045-scaled-e1763981252354-2048x1488.jpeg 2048w\" sizes=\"auto, (max-width: 300px) 100vw, 300px\" \/><img loading=\"lazy\" decoding=\"async\" class=\"alignnone size-medium wp-image-782\" src=\"https:\/\/weltlaeden.de\/barsinghausen\/wp-content\/uploads\/sites\/235\/2025\/11\/IMG_0046-scaled-e1763981338448-300x195.jpeg\" alt=\"\" width=\"300\" height=\"195\" srcset=\"https:\/\/weltlaeden.de\/barsinghausen\/wp-content\/uploads\/sites\/235\/2025\/11\/IMG_0046-scaled-e1763981338448-300x195.jpeg 300w, https:\/\/weltlaeden.de\/barsinghausen\/wp-content\/uploads\/sites\/235\/2025\/11\/IMG_0046-scaled-e1763981338448-1024x667.jpeg 1024w, https:\/\/weltlaeden.de\/barsinghausen\/wp-content\/uploads\/sites\/235\/2025\/11\/IMG_0046-scaled-e1763981338448-768x500.jpeg 768w, https:\/\/weltlaeden.de\/barsinghausen\/wp-content\/uploads\/sites\/235\/2025\/11\/IMG_0046-scaled-e1763981338448-1536x1001.jpeg 1536w, https:\/\/weltlaeden.de\/barsinghausen\/wp-content\/uploads\/sites\/235\/2025\/11\/IMG_0046-scaled-e1763981338448-2048x1334.jpeg 2048w\" sizes=\"auto, (max-width: 300px) 100vw, 300px\" \/><img loading=\"lazy\" decoding=\"async\" class=\"alignnone size-medium wp-image-780\" src=\"https:\/\/weltlaeden.de\/barsinghausen\/wp-content\/uploads\/sites\/235\/2025\/11\/IMG_0044-scaled-e1763981385986-300x212.jpeg\" alt=\"\" width=\"300\" height=\"212\" srcset=\"https:\/\/weltlaeden.de\/barsinghausen\/wp-content\/uploads\/sites\/235\/2025\/11\/IMG_0044-scaled-e1763981385986-300x212.jpeg 300w, https:\/\/weltlaeden.de\/barsinghausen\/wp-content\/uploads\/sites\/235\/2025\/11\/IMG_0044-scaled-e1763981385986-1024x724.jpeg 1024w, https:\/\/weltlaeden.de\/barsinghausen\/wp-content\/uploads\/sites\/235\/2025\/11\/IMG_0044-scaled-e1763981385986-768x543.jpeg 768w, https:\/\/weltlaeden.de\/barsinghausen\/wp-content\/uploads\/sites\/235\/2025\/11\/IMG_0044-scaled-e1763981385986-1536x1086.jpeg 1536w, https:\/\/weltlaeden.de\/barsinghausen\/wp-content\/uploads\/sites\/235\/2025\/11\/IMG_0044-scaled-e1763981385986-2048x1448.jpeg 2048w\" sizes=\"auto, (max-width: 300px) 100vw, 300px\" \/><img loading=\"lazy\" decoding=\"async\" class=\"alignnone size-medium wp-image-783\" src=\"https:\/\/weltlaeden.de\/barsinghausen\/wp-content\/uploads\/sites\/235\/2025\/11\/IMG_0047-scaled-e1763981572827-300x220.jpeg\" alt=\"\" width=\"300\" height=\"220\" srcset=\"https:\/\/weltlaeden.de\/barsinghausen\/wp-content\/uploads\/sites\/235\/2025\/11\/IMG_0047-scaled-e1763981572827-300x220.jpeg 300w, https:\/\/weltlaeden.de\/barsinghausen\/wp-content\/uploads\/sites\/235\/2025\/11\/IMG_0047-scaled-e1763981572827-1024x750.jpeg 1024w, https:\/\/weltlaeden.de\/barsinghausen\/wp-content\/uploads\/sites\/235\/2025\/11\/IMG_0047-scaled-e1763981572827-768x563.jpeg 768w, https:\/\/weltlaeden.de\/barsinghausen\/wp-content\/uploads\/sites\/235\/2025\/11\/IMG_0047-scaled-e1763981572827-1536x1126.jpeg 1536w, https:\/\/weltlaeden.de\/barsinghausen\/wp-content\/uploads\/sites\/235\/2025\/11\/IMG_0047-scaled-e1763981572827-2048x1501.jpeg 2048w\" sizes=\"auto, (max-width: 300px) 100vw, 300px\" \/><\/p><\/div>[\/vc_column][\/vc_row]<\/p>\n<\/div>","protected":false},"excerpt":{"rendered":"<p>[vc_row][vc_column width=&#8220;1\/2&#8243;][vc_column_text css=&#8220;&#8220;]Grundschule San Pedro in Bolivien Der Ort Coroico (Ort, an dem man Gold findet) liegt ca. 100 km entfernt in den tropischen Bergh\u00e4ngen der Yungas. Er ist nur \u00fcber die an Bergh\u00e4ngen gelegene &#8222;gef\u00e4hrlichste Stra\u00dfe der Welt&#8220; zu erreichen, eine von 5.000m auf 1.700 m absteigende Erdpiste, die jedes Jahr mehrere hundert Todesopfer&hellip;<\/p>\n","protected":false},"author":348,"featured_media":0,"parent":0,"menu_order":0,"comment_status":"closed","ping_status":"closed","template":"","meta":{"footnotes":""},"class_list":["post-765","page","type-page","status-publish","hentry","description-off"],"yoast_head":"<!-- This site is optimized with the Yoast SEO plugin v26.8 - https:\/\/yoast.com\/product\/yoast-seo-wordpress\/ -->\n<title>Grundschule San Pedro in Bolivien - Weltladen Barsinghausen<\/title>\n<meta name=\"robots\" content=\"index, follow, max-snippet:-1, max-image-preview:large, max-video-preview:-1\" \/>\n<link rel=\"canonical\" href=\"https:\/\/weltlaeden.de\/barsinghausen\/grundschule-san-pedro-in-bolivien\/\" \/>\n<meta property=\"og:locale\" content=\"de_DE\" \/>\n<meta property=\"og:type\" content=\"article\" \/>\n<meta property=\"og:title\" content=\"Grundschule San Pedro in Bolivien - Weltladen Barsinghausen\" \/>\n<meta property=\"og:description\" content=\"[vc_row][vc_column width=&#8220;1\/2&#8243;][vc_column_text css=&#8220;&#8220;]Grundschule San Pedro in Bolivien Der Ort Coroico (Ort, an dem man Gold findet) liegt ca. 100 km entfernt in den tropischen Bergh\u00e4ngen der Yungas. Er ist nur \u00fcber die an Bergh\u00e4ngen gelegene &#8222;gef\u00e4hrlichste Stra\u00dfe der Welt&#8220; zu erreichen, eine von 5.000m auf 1.700 m absteigende Erdpiste, die jedes Jahr mehrere hundert Todesopfer&hellip;\" \/>\n<meta property=\"og:url\" content=\"https:\/\/weltlaeden.de\/barsinghausen\/grundschule-san-pedro-in-bolivien\/\" \/>\n<meta property=\"og:site_name\" content=\"Weltladen Barsinghausen\" \/>\n<meta property=\"article:modified_time\" content=\"2025-11-24T10:53:11+00:00\" \/>\n<meta property=\"og:image\" content=\"https:\/\/weltlaeden.de\/barsinghausen\/wp-content\/uploads\/sites\/235\/2025\/11\/IMG_0045-scaled-e1763981252354.jpeg\" \/>\n\t<meta property=\"og:image:width\" content=\"2513\" \/>\n\t<meta property=\"og:image:height\" content=\"1826\" \/>\n\t<meta property=\"og:image:type\" content=\"image\/jpeg\" \/>\n<meta name=\"twitter:card\" content=\"summary_large_image\" \/>\n<meta name=\"twitter:label1\" content=\"Gesch\u00e4tzte Lesezeit\" \/>\n\t<meta name=\"twitter:data1\" content=\"3\u00a0Minuten\" \/>\n<script type=\"application\/ld+json\" class=\"yoast-schema-graph\">{\"@context\":\"https:\/\/schema.org\",\"@graph\":[{\"@type\":\"WebPage\",\"@id\":\"https:\/\/weltlaeden.de\/barsinghausen\/grundschule-san-pedro-in-bolivien\/\",\"url\":\"https:\/\/weltlaeden.de\/barsinghausen\/grundschule-san-pedro-in-bolivien\/\",\"name\":\"Grundschule San Pedro in Bolivien - Weltladen Barsinghausen\",\"isPartOf\":{\"@id\":\"https:\/\/weltlaeden.de\/barsinghausen\/#website\"},\"primaryImageOfPage\":{\"@id\":\"https:\/\/weltlaeden.de\/barsinghausen\/grundschule-san-pedro-in-bolivien\/#primaryimage\"},\"image\":{\"@id\":\"https:\/\/weltlaeden.de\/barsinghausen\/grundschule-san-pedro-in-bolivien\/#primaryimage\"},\"thumbnailUrl\":\"https:\/\/weltlaeden.de\/barsinghausen\/wp-content\/uploads\/sites\/235\/2025\/11\/IMG_0045-scaled-e1763981252354-300x218.jpeg\",\"datePublished\":\"2025-11-19T16:31:44+00:00\",\"dateModified\":\"2025-11-24T10:53:11+00:00\",\"breadcrumb\":{\"@id\":\"https:\/\/weltlaeden.de\/barsinghausen\/grundschule-san-pedro-in-bolivien\/#breadcrumb\"},\"inLanguage\":\"de\",\"potentialAction\":[{\"@type\":\"ReadAction\",\"target\":[\"https:\/\/weltlaeden.de\/barsinghausen\/grundschule-san-pedro-in-bolivien\/\"]}]},{\"@type\":\"ImageObject\",\"inLanguage\":\"de\",\"@id\":\"https:\/\/weltlaeden.de\/barsinghausen\/grundschule-san-pedro-in-bolivien\/#primaryimage\",\"url\":\"https:\/\/weltlaeden.de\/barsinghausen\/wp-content\/uploads\/sites\/235\/2025\/11\/IMG_0045-scaled-e1763981252354.jpeg\",\"contentUrl\":\"https:\/\/weltlaeden.de\/barsinghausen\/wp-content\/uploads\/sites\/235\/2025\/11\/IMG_0045-scaled-e1763981252354.jpeg\",\"width\":2513,\"height\":1826},{\"@type\":\"BreadcrumbList\",\"@id\":\"https:\/\/weltlaeden.de\/barsinghausen\/grundschule-san-pedro-in-bolivien\/#breadcrumb\",\"itemListElement\":[{\"@type\":\"ListItem\",\"position\":1,\"name\":\"Startseite\",\"item\":\"https:\/\/weltlaeden.de\/barsinghausen\/\"},{\"@type\":\"ListItem\",\"position\":2,\"name\":\"Grundschule San Pedro in Bolivien\"}]},{\"@type\":\"WebSite\",\"@id\":\"https:\/\/weltlaeden.de\/barsinghausen\/#website\",\"url\":\"https:\/\/weltlaeden.de\/barsinghausen\/\",\"name\":\"Weltladen Barsinghausen\",\"description\":\"Faire Produkte seit 1990\",\"potentialAction\":[{\"@type\":\"SearchAction\",\"target\":{\"@type\":\"EntryPoint\",\"urlTemplate\":\"https:\/\/weltlaeden.de\/barsinghausen\/?s={search_term_string}\"},\"query-input\":{\"@type\":\"PropertyValueSpecification\",\"valueRequired\":true,\"valueName\":\"search_term_string\"}}],\"inLanguage\":\"de\"}]}<\/script>\n<!-- \/ Yoast SEO plugin. -->","yoast_head_json":{"title":"Grundschule San Pedro in Bolivien - Weltladen Barsinghausen","robots":{"index":"index","follow":"follow","max-snippet":"max-snippet:-1","max-image-preview":"max-image-preview:large","max-video-preview":"max-video-preview:-1"},"canonical":"https:\/\/weltlaeden.de\/barsinghausen\/grundschule-san-pedro-in-bolivien\/","og_locale":"de_DE","og_type":"article","og_title":"Grundschule San Pedro in Bolivien - Weltladen Barsinghausen","og_description":"[vc_row][vc_column width=&#8220;1\/2&#8243;][vc_column_text css=&#8220;&#8220;]Grundschule San Pedro in Bolivien Der Ort Coroico (Ort, an dem man Gold findet) liegt ca. 100 km entfernt in den tropischen Bergh\u00e4ngen der Yungas. Er ist nur \u00fcber die an Bergh\u00e4ngen gelegene &#8222;gef\u00e4hrlichste Stra\u00dfe der Welt&#8220; zu erreichen, eine von 5.000m auf 1.700 m absteigende Erdpiste, die jedes Jahr mehrere hundert Todesopfer&hellip;","og_url":"https:\/\/weltlaeden.de\/barsinghausen\/grundschule-san-pedro-in-bolivien\/","og_site_name":"Weltladen Barsinghausen","article_modified_time":"2025-11-24T10:53:11+00:00","og_image":[{"width":2513,"height":1826,"url":"https:\/\/weltlaeden.de\/barsinghausen\/wp-content\/uploads\/sites\/235\/2025\/11\/IMG_0045-scaled-e1763981252354.jpeg","type":"image\/jpeg"}],"twitter_card":"summary_large_image","twitter_misc":{"Gesch\u00e4tzte Lesezeit":"3\u00a0Minuten"},"schema":{"@context":"https:\/\/schema.org","@graph":[{"@type":"WebPage","@id":"https:\/\/weltlaeden.de\/barsinghausen\/grundschule-san-pedro-in-bolivien\/","url":"https:\/\/weltlaeden.de\/barsinghausen\/grundschule-san-pedro-in-bolivien\/","name":"Grundschule San Pedro in Bolivien - Weltladen Barsinghausen","isPartOf":{"@id":"https:\/\/weltlaeden.de\/barsinghausen\/#website"},"primaryImageOfPage":{"@id":"https:\/\/weltlaeden.de\/barsinghausen\/grundschule-san-pedro-in-bolivien\/#primaryimage"},"image":{"@id":"https:\/\/weltlaeden.de\/barsinghausen\/grundschule-san-pedro-in-bolivien\/#primaryimage"},"thumbnailUrl":"https:\/\/weltlaeden.de\/barsinghausen\/wp-content\/uploads\/sites\/235\/2025\/11\/IMG_0045-scaled-e1763981252354-300x218.jpeg","datePublished":"2025-11-19T16:31:44+00:00","dateModified":"2025-11-24T10:53:11+00:00","breadcrumb":{"@id":"https:\/\/weltlaeden.de\/barsinghausen\/grundschule-san-pedro-in-bolivien\/#breadcrumb"},"inLanguage":"de","potentialAction":[{"@type":"ReadAction","target":["https:\/\/weltlaeden.de\/barsinghausen\/grundschule-san-pedro-in-bolivien\/"]}]},{"@type":"ImageObject","inLanguage":"de","@id":"https:\/\/weltlaeden.de\/barsinghausen\/grundschule-san-pedro-in-bolivien\/#primaryimage","url":"https:\/\/weltlaeden.de\/barsinghausen\/wp-content\/uploads\/sites\/235\/2025\/11\/IMG_0045-scaled-e1763981252354.jpeg","contentUrl":"https:\/\/weltlaeden.de\/barsinghausen\/wp-content\/uploads\/sites\/235\/2025\/11\/IMG_0045-scaled-e1763981252354.jpeg","width":2513,"height":1826},{"@type":"BreadcrumbList","@id":"https:\/\/weltlaeden.de\/barsinghausen\/grundschule-san-pedro-in-bolivien\/#breadcrumb","itemListElement":[{"@type":"ListItem","position":1,"name":"Startseite","item":"https:\/\/weltlaeden.de\/barsinghausen\/"},{"@type":"ListItem","position":2,"name":"Grundschule San Pedro in Bolivien"}]},{"@type":"WebSite","@id":"https:\/\/weltlaeden.de\/barsinghausen\/#website","url":"https:\/\/weltlaeden.de\/barsinghausen\/","name":"Weltladen Barsinghausen","description":"Faire Produkte seit 1990","potentialAction":[{"@type":"SearchAction","target":{"@type":"EntryPoint","urlTemplate":"https:\/\/weltlaeden.de\/barsinghausen\/?s={search_term_string}"},"query-input":{"@type":"PropertyValueSpecification","valueRequired":true,"valueName":"search_term_string"}}],"inLanguage":"de"}]}},"_links":{"self":[{"href":"https:\/\/weltlaeden.de\/barsinghausen\/wp-json\/wp\/v2\/pages\/765","targetHints":{"allow":["GET"]}}],"collection":[{"href":"https:\/\/weltlaeden.de\/barsinghausen\/wp-json\/wp\/v2\/pages"}],"about":[{"href":"https:\/\/weltlaeden.de\/barsinghausen\/wp-json\/wp\/v2\/types\/page"}],"author":[{"embeddable":true,"href":"https:\/\/weltlaeden.de\/barsinghausen\/wp-json\/wp\/v2\/users\/348"}],"replies":[{"embeddable":true,"href":"https:\/\/weltlaeden.de\/barsinghausen\/wp-json\/wp\/v2\/comments?post=765"}],"version-history":[{"count":3,"href":"https:\/\/weltlaeden.de\/barsinghausen\/wp-json\/wp\/v2\/pages\/765\/revisions"}],"predecessor-version":[{"id":789,"href":"https:\/\/weltlaeden.de\/barsinghausen\/wp-json\/wp\/v2\/pages\/765\/revisions\/789"}],"wp:attachment":[{"href":"https:\/\/weltlaeden.de\/barsinghausen\/wp-json\/wp\/v2\/media?parent=765"}],"curies":[{"name":"wp","href":"https:\/\/api.w.org\/{rel}","templated":true}]}}