{"id":749,"date":"2025-11-19T16:37:21","date_gmt":"2025-11-19T15:37:21","guid":{"rendered":"https:\/\/weltlaeden.de\/barsinghausen\/?page_id=749"},"modified":"2025-11-19T16:37:26","modified_gmt":"2025-11-19T15:37:26","slug":"graif-frauenfoerderung-im-senegal","status":"publish","type":"page","link":"https:\/\/weltlaeden.de\/barsinghausen\/graif-frauenfoerderung-im-senegal\/","title":{"rendered":"GRAIF &#8211; Frauenf\u00f6rderung im Senegal"},"content":{"rendered":"<div class=\"wpb-content-wrapper\"><p>[vc_row][vc_column][vc_column_text css=&#8220;&#8220;]<strong>GRAIF &#8211; Groupe de recherche et d&#8217;appui aux initiatives f\u00e9minines\u00a0<\/strong><\/p>\n<p>GRAIF ist ein Nicht-Regierungsorganisation zur Frauenf\u00f6rderung. Die Organisationwurde 1990 gegr\u00fcndet und wird von senegalesischen Frauen geleitet, die lange Erfahrung mit Entwicklungsf\u00f6rderung im l\u00e4ndlichen Raum haben. GRAIF arbeitet an der Verwirklichung mehrerer Entwicklungsprojekte. Die Organisation hat einen aus sieben Mitgliedern bestehenden Verwaltungsrat und eine B\u00fcro mit vier Mitarbeiterinnen.<\/p>\n<p>GRAIF begleitet ihre Mitglieder in ihrem Kampf gegen Armut und Analphabetismus, unter Ber\u00fccksichtigung der soziologischen-\u00f6konomischen Gegebenheiten der Bev\u00f6lkerung. Die Frauenf\u00f6rderung besteht vor allem in der Region von Thi\u00e8s, in den D\u00e9partements von Tivouane, Mbour und auch im S\u00fcdosten. die Frauen wurden und werden durch verschiedene Programme und Seminare geschult.<\/p>\n<p><strong>Unser Spendenkonto: DE84 2519 0001 0220 6919 00<\/strong><\/p>\n<p>[\/vc_column_text][\/vc_column][\/vc_row]<\/p>\n<\/div>","protected":false},"excerpt":{"rendered":"<p>[vc_row][vc_column][vc_column_text css=&#8220;&#8220;]GRAIF &#8211; Groupe de recherche et d&#8217;appui aux initiatives f\u00e9minines\u00a0 GRAIF ist ein Nicht-Regierungsorganisation zur Frauenf\u00f6rderung. Die Organisationwurde 1990 gegr\u00fcndet und wird von senegalesischen Frauen geleitet, die lange Erfahrung mit Entwicklungsf\u00f6rderung im l\u00e4ndlichen Raum haben. GRAIF arbeitet an der Verwirklichung mehrerer Entwicklungsprojekte. Die Organisation hat einen aus sieben Mitgliedern bestehenden Verwaltungsrat und eine B\u00fcro&hellip;<\/p>\n","protected":false},"author":348,"featured_media":0,"parent":0,"menu_order":0,"comment_status":"closed","ping_status":"closed","template":"","meta":{"footnotes":""},"class_list":["post-749","page","type-page","status-publish","hentry","description-off"],"yoast_head":"<!-- This site is optimized with the Yoast SEO plugin v26.8 - https:\/\/yoast.com\/product\/yoast-seo-wordpress\/ -->\n<title>GRAIF - Frauenf\u00f6rderung im Senegal - Weltladen Barsinghausen<\/title>\n<meta name=\"robots\" content=\"index, follow, max-snippet:-1, max-image-preview:large, max-video-preview:-1\" \/>\n<link rel=\"canonical\" href=\"https:\/\/weltlaeden.de\/barsinghausen\/graif-frauenfoerderung-im-senegal\/\" \/>\n<meta property=\"og:locale\" content=\"de_DE\" \/>\n<meta property=\"og:type\" content=\"article\" \/>\n<meta property=\"og:title\" content=\"GRAIF - Frauenf\u00f6rderung im Senegal - Weltladen Barsinghausen\" \/>\n<meta property=\"og:description\" content=\"[vc_row][vc_column][vc_column_text css=&#8220;&#8220;]GRAIF &#8211; Groupe de recherche et d&#8217;appui aux initiatives f\u00e9minines\u00a0 GRAIF ist ein Nicht-Regierungsorganisation zur Frauenf\u00f6rderung. Die Organisationwurde 1990 gegr\u00fcndet und wird von senegalesischen Frauen geleitet, die lange Erfahrung mit Entwicklungsf\u00f6rderung im l\u00e4ndlichen Raum haben. GRAIF arbeitet an der Verwirklichung mehrerer Entwicklungsprojekte. Die Organisation hat einen aus sieben Mitgliedern bestehenden Verwaltungsrat und eine B\u00fcro&hellip;\" \/>\n<meta property=\"og:url\" content=\"https:\/\/weltlaeden.de\/barsinghausen\/graif-frauenfoerderung-im-senegal\/\" \/>\n<meta property=\"og:site_name\" content=\"Weltladen Barsinghausen\" \/>\n<meta property=\"article:modified_time\" content=\"2025-11-19T15:37:26+00:00\" \/>\n<meta name=\"twitter:card\" content=\"summary_large_image\" \/>\n<meta name=\"twitter:label1\" content=\"Gesch\u00e4tzte Lesezeit\" \/>\n\t<meta name=\"twitter:data1\" content=\"1\u00a0Minute\" \/>\n<script type=\"application\/ld+json\" class=\"yoast-schema-graph\">{\"@context\":\"https:\/\/schema.org\",\"@graph\":[{\"@type\":\"WebPage\",\"@id\":\"https:\/\/weltlaeden.de\/barsinghausen\/graif-frauenfoerderung-im-senegal\/\",\"url\":\"https:\/\/weltlaeden.de\/barsinghausen\/graif-frauenfoerderung-im-senegal\/\",\"name\":\"GRAIF - Frauenf\u00f6rderung im Senegal - Weltladen Barsinghausen\",\"isPartOf\":{\"@id\":\"https:\/\/weltlaeden.de\/barsinghausen\/#website\"},\"datePublished\":\"2025-11-19T15:37:21+00:00\",\"dateModified\":\"2025-11-19T15:37:26+00:00\",\"breadcrumb\":{\"@id\":\"https:\/\/weltlaeden.de\/barsinghausen\/graif-frauenfoerderung-im-senegal\/#breadcrumb\"},\"inLanguage\":\"de\",\"potentialAction\":[{\"@type\":\"ReadAction\",\"target\":[\"https:\/\/weltlaeden.de\/barsinghausen\/graif-frauenfoerderung-im-senegal\/\"]}]},{\"@type\":\"BreadcrumbList\",\"@id\":\"https:\/\/weltlaeden.de\/barsinghausen\/graif-frauenfoerderung-im-senegal\/#breadcrumb\",\"itemListElement\":[{\"@type\":\"ListItem\",\"position\":1,\"name\":\"Startseite\",\"item\":\"https:\/\/weltlaeden.de\/barsinghausen\/\"},{\"@type\":\"ListItem\",\"position\":2,\"name\":\"GRAIF &#8211; Frauenf\u00f6rderung im Senegal\"}]},{\"@type\":\"WebSite\",\"@id\":\"https:\/\/weltlaeden.de\/barsinghausen\/#website\",\"url\":\"https:\/\/weltlaeden.de\/barsinghausen\/\",\"name\":\"Weltladen Barsinghausen\",\"description\":\"Faire Produkte seit 1990\",\"potentialAction\":[{\"@type\":\"SearchAction\",\"target\":{\"@type\":\"EntryPoint\",\"urlTemplate\":\"https:\/\/weltlaeden.de\/barsinghausen\/?s={search_term_string}\"},\"query-input\":{\"@type\":\"PropertyValueSpecification\",\"valueRequired\":true,\"valueName\":\"search_term_string\"}}],\"inLanguage\":\"de\"}]}<\/script>\n<!-- \/ Yoast SEO plugin. -->","yoast_head_json":{"title":"GRAIF - Frauenf\u00f6rderung im Senegal - Weltladen Barsinghausen","robots":{"index":"index","follow":"follow","max-snippet":"max-snippet:-1","max-image-preview":"max-image-preview:large","max-video-preview":"max-video-preview:-1"},"canonical":"https:\/\/weltlaeden.de\/barsinghausen\/graif-frauenfoerderung-im-senegal\/","og_locale":"de_DE","og_type":"article","og_title":"GRAIF - Frauenf\u00f6rderung im Senegal - Weltladen Barsinghausen","og_description":"[vc_row][vc_column][vc_column_text css=&#8220;&#8220;]GRAIF &#8211; Groupe de recherche et d&#8217;appui aux initiatives f\u00e9minines\u00a0 GRAIF ist ein Nicht-Regierungsorganisation zur Frauenf\u00f6rderung. Die Organisationwurde 1990 gegr\u00fcndet und wird von senegalesischen Frauen geleitet, die lange Erfahrung mit Entwicklungsf\u00f6rderung im l\u00e4ndlichen Raum haben. GRAIF arbeitet an der Verwirklichung mehrerer Entwicklungsprojekte. Die Organisation hat einen aus sieben Mitgliedern bestehenden Verwaltungsrat und eine B\u00fcro&hellip;","og_url":"https:\/\/weltlaeden.de\/barsinghausen\/graif-frauenfoerderung-im-senegal\/","og_site_name":"Weltladen Barsinghausen","article_modified_time":"2025-11-19T15:37:26+00:00","twitter_card":"summary_large_image","twitter_misc":{"Gesch\u00e4tzte Lesezeit":"1\u00a0Minute"},"schema":{"@context":"https:\/\/schema.org","@graph":[{"@type":"WebPage","@id":"https:\/\/weltlaeden.de\/barsinghausen\/graif-frauenfoerderung-im-senegal\/","url":"https:\/\/weltlaeden.de\/barsinghausen\/graif-frauenfoerderung-im-senegal\/","name":"GRAIF - Frauenf\u00f6rderung im Senegal - Weltladen Barsinghausen","isPartOf":{"@id":"https:\/\/weltlaeden.de\/barsinghausen\/#website"},"datePublished":"2025-11-19T15:37:21+00:00","dateModified":"2025-11-19T15:37:26+00:00","breadcrumb":{"@id":"https:\/\/weltlaeden.de\/barsinghausen\/graif-frauenfoerderung-im-senegal\/#breadcrumb"},"inLanguage":"de","potentialAction":[{"@type":"ReadAction","target":["https:\/\/weltlaeden.de\/barsinghausen\/graif-frauenfoerderung-im-senegal\/"]}]},{"@type":"BreadcrumbList","@id":"https:\/\/weltlaeden.de\/barsinghausen\/graif-frauenfoerderung-im-senegal\/#breadcrumb","itemListElement":[{"@type":"ListItem","position":1,"name":"Startseite","item":"https:\/\/weltlaeden.de\/barsinghausen\/"},{"@type":"ListItem","position":2,"name":"GRAIF &#8211; Frauenf\u00f6rderung im Senegal"}]},{"@type":"WebSite","@id":"https:\/\/weltlaeden.de\/barsinghausen\/#website","url":"https:\/\/weltlaeden.de\/barsinghausen\/","name":"Weltladen Barsinghausen","description":"Faire Produkte seit 1990","potentialAction":[{"@type":"SearchAction","target":{"@type":"EntryPoint","urlTemplate":"https:\/\/weltlaeden.de\/barsinghausen\/?s={search_term_string}"},"query-input":{"@type":"PropertyValueSpecification","valueRequired":true,"valueName":"search_term_string"}}],"inLanguage":"de"}]}},"_links":{"self":[{"href":"https:\/\/weltlaeden.de\/barsinghausen\/wp-json\/wp\/v2\/pages\/749","targetHints":{"allow":["GET"]}}],"collection":[{"href":"https:\/\/weltlaeden.de\/barsinghausen\/wp-json\/wp\/v2\/pages"}],"about":[{"href":"https:\/\/weltlaeden.de\/barsinghausen\/wp-json\/wp\/v2\/types\/page"}],"author":[{"embeddable":true,"href":"https:\/\/weltlaeden.de\/barsinghausen\/wp-json\/wp\/v2\/users\/348"}],"replies":[{"embeddable":true,"href":"https:\/\/weltlaeden.de\/barsinghausen\/wp-json\/wp\/v2\/comments?post=749"}],"version-history":[{"count":1,"href":"https:\/\/weltlaeden.de\/barsinghausen\/wp-json\/wp\/v2\/pages\/749\/revisions"}],"predecessor-version":[{"id":750,"href":"https:\/\/weltlaeden.de\/barsinghausen\/wp-json\/wp\/v2\/pages\/749\/revisions\/750"}],"wp:attachment":[{"href":"https:\/\/weltlaeden.de\/barsinghausen\/wp-json\/wp\/v2\/media?parent=749"}],"curies":[{"name":"wp","href":"https:\/\/api.w.org\/{rel}","templated":true}]}}