{"id":745,"date":"2025-11-19T16:17:42","date_gmt":"2025-11-19T15:17:42","guid":{"rendered":"https:\/\/weltlaeden.de\/barsinghausen\/?page_id=745"},"modified":"2025-11-24T11:57:32","modified_gmt":"2025-11-24T10:57:32","slug":"kindergarten-nilahui-in-mexico","status":"publish","type":"page","link":"https:\/\/weltlaeden.de\/barsinghausen\/kindergarten-nilahui-in-mexico\/","title":{"rendered":"Kindergarten Nilahui in Mexico"},"content":{"rendered":"<div class=\"wpb-content-wrapper\"><p>[vc_row][vc_column width=&#8220;1\/2&#8243;][vc_column_text css=&#8220;&#8220;]<strong>Nilahui, ein Kindergarten in Ocotl\u00e1n (Oaxaca, Mexiko)<\/strong><\/p>\n<p>Mexiko ist eigentlich ein reiches Land. Statistisch gesehen geh\u00f6rt es zur Mittelschicht der Welt. Aber die Ungleichheit im Land ist extrem. Viele Millionen leben an der Armutsgrenze. Mexiko wurde von der Finanzmarkt- und Wirtschaftskrise 2008 und wird zur Zeit durch die Politik von Donald Trump wegen seiner starken Abh\u00e4ngigkeit von den USA besonders hart getroffen. Gleichzeitig f\u00fchrt die Regierung einen notwendigen Krieg gegen die Drogenmafia, der viele Todesopfer fordert, so dass Mexiko heute gef\u00e4hrlicher ist als Kolumbien. In dieser Situation ist es besonders wichtig, sich um Entwicklungsfaktoren zu k\u00fcmmern, die f\u00fcr die Zukunft der Menschen in diesem Land entscheidend sind: um die Bildung der jungen Generation und die Bewahrung einer gesunden Umwelt. Deshalb bitten wir um Unterst\u00fctzung f\u00fcr ein Kindergartenprojekt in Ocotl\u00e1n (Bundesstaat Oaxaca, Mexiko).<\/p>\n<p>Ocotl\u00e1n ist ein kleiner Ort im besonders armen s\u00fcdlichen Bundesstaat Oaxaca. Mit etwa 10.000 &#8211; 12.000 Euro, die j\u00e4hrlich zusammenkommen, unterst\u00fctzen wir die Arbeit von Antonio Luz Elena Moctezuma und Antonio Gonzalez, die neben dem Kindergarten, der inzwischen auch von der Hahn-Air-Foundation mitfinanziert wird, weitere Projekte betreiben. Im Kindergarten Nil\u00e1hui werden 70 -75 Kinder nach Grunds\u00e4tzen der Montessori P\u00e4dagogik und der &#8222;P\u00e4dagogik der Befreiung&#8220; Paolo Freires unterrichtet.<\/p>\n<p>Eine intensive Bewusstseinsbildungsarbeit mit den Eltern begleitet die Arbeit mit den Kindern. In regelm\u00e4\u00dfigen Elternabenden werden Fragen der Erziehung und Gesundheit und des sozialen Engagements in der Gemeinde besprochen. Dank der Unterst\u00fctzung der Hahn-Air-Foundationwird auch in. einem Nachbarort ein Kindergarten errichtet, der nach der gleichen Methode arbeiten wird. Aus der Arbeit mit den Eltern sind weitere Projekte entstanden: So ist neben einer Genossenschaftsbank f\u00fcr die Vergabe von Kleinkrediten aus dieser Arbeit auch ein Umweltprojekt hervorgegangen.<\/p>\n<p>Durch den Bau von Regenr\u00fcckhaltebecken und Staustufen in B\u00e4chen und Fl\u00fcssen soll der Grundwasserspiegel in dem au\u00dferhalb der Regenzeit extrem trockenen Tal von Ocotl\u00e1n angehoben werden, damit die BewohnerInnen sich wieder aus ihrem Brunnen versorgen k\u00f6nnen und nicht auf das teure Wasser von Tankwagen angewiesen \u00a0sind.<\/p>\n<p>Um auch in Mexiko selbst solidarische Netzwerke mit den Armen aufzubauen, beinhaltet das Projekt eine &#8222;solidarische Katechese&#8220;: eine theologische Erwachsenenbildung, die u.a. darauf abzielt, dass die TeilnehmerInnen sich bereit finden, soziale Projekte zu unterst\u00fctzen, beispielsweise eine g\u00fcnstige Unterkunft in der Hauptstadt des Bundesstaates Oaxaca f\u00fcr Menschen vom Land, die vor\u00fcbergehend eine Bleibe suchen (die Estanica Fraternidad), und ein Waisenhaus (der &#8222;Hagar de la Nina&#8220;).<\/p>\n<p>Die Arbeit vor Ort wird koordiniert von einem mexikanischen Ehepaar, dem Theologen Antonio Gonzalez Roser und der P\u00e4dagogin Luz Elena Moctezuma, die beide seit 35 Jahren Erfahrung in der armutsbezogenen Entwicklungsarbeit haben und seit 25 Jahren in Oaxaca leben und arbeiten.<\/p>\n<p><strong>Unser Spendenkonto bei der Hannoverschen Volksbank: DE84 2519 0001 0220 6919 00\u00a0<\/strong>[\/vc_column_text][\/vc_column][vc_column width=&#8220;1\/2&#8243;]<div class=\"wl_einzelbild\"><p><img loading=\"lazy\" decoding=\"async\" class=\"alignnone size-medium wp-image-784\" src=\"https:\/\/weltlaeden.de\/barsinghausen\/wp-content\/uploads\/sites\/235\/2025\/11\/IMG_0048-scaled-e1763981664503-300x221.jpeg\" alt=\"\" width=\"300\" height=\"221\" srcset=\"https:\/\/weltlaeden.de\/barsinghausen\/wp-content\/uploads\/sites\/235\/2025\/11\/IMG_0048-scaled-e1763981664503-300x221.jpeg 300w, https:\/\/weltlaeden.de\/barsinghausen\/wp-content\/uploads\/sites\/235\/2025\/11\/IMG_0048-scaled-e1763981664503-1024x756.jpeg 1024w, https:\/\/weltlaeden.de\/barsinghausen\/wp-content\/uploads\/sites\/235\/2025\/11\/IMG_0048-scaled-e1763981664503-768x567.jpeg 768w, https:\/\/weltlaeden.de\/barsinghausen\/wp-content\/uploads\/sites\/235\/2025\/11\/IMG_0048-scaled-e1763981664503-1536x1134.jpeg 1536w, https:\/\/weltlaeden.de\/barsinghausen\/wp-content\/uploads\/sites\/235\/2025\/11\/IMG_0048-scaled-e1763981664503-2048x1512.jpeg 2048w\" sizes=\"auto, (max-width: 300px) 100vw, 300px\" \/><img loading=\"lazy\" decoding=\"async\" class=\"alignnone size-medium wp-image-785\" src=\"https:\/\/weltlaeden.de\/barsinghausen\/wp-content\/uploads\/sites\/235\/2025\/11\/IMG_0049-scaled-e1763981731957-300x227.jpeg\" alt=\"\" width=\"300\" height=\"227\" srcset=\"https:\/\/weltlaeden.de\/barsinghausen\/wp-content\/uploads\/sites\/235\/2025\/11\/IMG_0049-scaled-e1763981731957-300x227.jpeg 300w, https:\/\/weltlaeden.de\/barsinghausen\/wp-content\/uploads\/sites\/235\/2025\/11\/IMG_0049-scaled-e1763981731957-1024x776.jpeg 1024w, https:\/\/weltlaeden.de\/barsinghausen\/wp-content\/uploads\/sites\/235\/2025\/11\/IMG_0049-scaled-e1763981731957-768x582.jpeg 768w, https:\/\/weltlaeden.de\/barsinghausen\/wp-content\/uploads\/sites\/235\/2025\/11\/IMG_0049-scaled-e1763981731957-1536x1163.jpeg 1536w, https:\/\/weltlaeden.de\/barsinghausen\/wp-content\/uploads\/sites\/235\/2025\/11\/IMG_0049-scaled-e1763981731957-2048x1551.jpeg 2048w\" sizes=\"auto, (max-width: 300px) 100vw, 300px\" \/><img loading=\"lazy\" decoding=\"async\" class=\"alignnone size-medium wp-image-786\" src=\"https:\/\/weltlaeden.de\/barsinghausen\/wp-content\/uploads\/sites\/235\/2025\/11\/IMG_0050-scaled-e1763981816292-300x203.jpeg\" alt=\"\" width=\"300\" height=\"203\" srcset=\"https:\/\/weltlaeden.de\/barsinghausen\/wp-content\/uploads\/sites\/235\/2025\/11\/IMG_0050-scaled-e1763981816292-300x203.jpeg 300w, https:\/\/weltlaeden.de\/barsinghausen\/wp-content\/uploads\/sites\/235\/2025\/11\/IMG_0050-scaled-e1763981816292-1024x693.jpeg 1024w, https:\/\/weltlaeden.de\/barsinghausen\/wp-content\/uploads\/sites\/235\/2025\/11\/IMG_0050-scaled-e1763981816292-768x520.jpeg 768w, https:\/\/weltlaeden.de\/barsinghausen\/wp-content\/uploads\/sites\/235\/2025\/11\/IMG_0050-scaled-e1763981816292-1536x1039.jpeg 1536w, https:\/\/weltlaeden.de\/barsinghausen\/wp-content\/uploads\/sites\/235\/2025\/11\/IMG_0050-scaled-e1763981816292-2048x1386.jpeg 2048w\" sizes=\"auto, (max-width: 300px) 100vw, 300px\" \/><\/p><\/div>[\/vc_column][\/vc_row]<\/p>\n<\/div>","protected":false},"excerpt":{"rendered":"<p>[vc_row][vc_column width=&#8220;1\/2&#8243;][vc_column_text css=&#8220;&#8220;]Nilahui, ein Kindergarten in Ocotl\u00e1n (Oaxaca, Mexiko) Mexiko ist eigentlich ein reiches Land. Statistisch gesehen geh\u00f6rt es zur Mittelschicht der Welt. Aber die Ungleichheit im Land ist extrem. Viele Millionen leben an der Armutsgrenze. Mexiko wurde von der Finanzmarkt- und Wirtschaftskrise 2008 und wird zur Zeit durch die Politik von Donald Trump wegen&hellip;<\/p>\n","protected":false},"author":348,"featured_media":0,"parent":0,"menu_order":0,"comment_status":"closed","ping_status":"closed","template":"","meta":{"footnotes":""},"class_list":["post-745","page","type-page","status-publish","hentry","description-off"],"yoast_head":"<!-- This site is optimized with the Yoast SEO plugin v26.8 - https:\/\/yoast.com\/product\/yoast-seo-wordpress\/ -->\n<title>Kindergarten Nilahui in Mexico - Weltladen Barsinghausen<\/title>\n<meta name=\"robots\" content=\"index, follow, max-snippet:-1, max-image-preview:large, max-video-preview:-1\" \/>\n<link rel=\"canonical\" href=\"https:\/\/weltlaeden.de\/barsinghausen\/kindergarten-nilahui-in-mexico\/\" \/>\n<meta property=\"og:locale\" content=\"de_DE\" \/>\n<meta property=\"og:type\" content=\"article\" \/>\n<meta property=\"og:title\" content=\"Kindergarten Nilahui in Mexico - Weltladen Barsinghausen\" \/>\n<meta property=\"og:description\" content=\"[vc_row][vc_column width=&#8220;1\/2&#8243;][vc_column_text css=&#8220;&#8220;]Nilahui, ein Kindergarten in Ocotl\u00e1n (Oaxaca, Mexiko) Mexiko ist eigentlich ein reiches Land. Statistisch gesehen geh\u00f6rt es zur Mittelschicht der Welt. Aber die Ungleichheit im Land ist extrem. Viele Millionen leben an der Armutsgrenze. Mexiko wurde von der Finanzmarkt- und Wirtschaftskrise 2008 und wird zur Zeit durch die Politik von Donald Trump wegen&hellip;\" \/>\n<meta property=\"og:url\" content=\"https:\/\/weltlaeden.de\/barsinghausen\/kindergarten-nilahui-in-mexico\/\" \/>\n<meta property=\"og:site_name\" content=\"Weltladen Barsinghausen\" \/>\n<meta property=\"article:modified_time\" content=\"2025-11-24T10:57:32+00:00\" \/>\n<meta property=\"og:image\" content=\"https:\/\/weltlaeden.de\/barsinghausen\/wp-content\/uploads\/sites\/235\/2025\/11\/IMG_0048-scaled-e1763981664503.jpeg\" \/>\n\t<meta property=\"og:image:width\" content=\"2266\" \/>\n\t<meta property=\"og:image:height\" content=\"1673\" \/>\n\t<meta property=\"og:image:type\" content=\"image\/jpeg\" \/>\n<meta name=\"twitter:card\" content=\"summary_large_image\" \/>\n<meta name=\"twitter:label1\" content=\"Gesch\u00e4tzte Lesezeit\" \/>\n\t<meta name=\"twitter:data1\" content=\"4\u00a0Minuten\" \/>\n<script type=\"application\/ld+json\" class=\"yoast-schema-graph\">{\"@context\":\"https:\/\/schema.org\",\"@graph\":[{\"@type\":\"WebPage\",\"@id\":\"https:\/\/weltlaeden.de\/barsinghausen\/kindergarten-nilahui-in-mexico\/\",\"url\":\"https:\/\/weltlaeden.de\/barsinghausen\/kindergarten-nilahui-in-mexico\/\",\"name\":\"Kindergarten Nilahui in Mexico - Weltladen Barsinghausen\",\"isPartOf\":{\"@id\":\"https:\/\/weltlaeden.de\/barsinghausen\/#website\"},\"primaryImageOfPage\":{\"@id\":\"https:\/\/weltlaeden.de\/barsinghausen\/kindergarten-nilahui-in-mexico\/#primaryimage\"},\"image\":{\"@id\":\"https:\/\/weltlaeden.de\/barsinghausen\/kindergarten-nilahui-in-mexico\/#primaryimage\"},\"thumbnailUrl\":\"https:\/\/weltlaeden.de\/barsinghausen\/wp-content\/uploads\/sites\/235\/2025\/11\/IMG_0048-scaled-e1763981664503-300x221.jpeg\",\"datePublished\":\"2025-11-19T15:17:42+00:00\",\"dateModified\":\"2025-11-24T10:57:32+00:00\",\"breadcrumb\":{\"@id\":\"https:\/\/weltlaeden.de\/barsinghausen\/kindergarten-nilahui-in-mexico\/#breadcrumb\"},\"inLanguage\":\"de\",\"potentialAction\":[{\"@type\":\"ReadAction\",\"target\":[\"https:\/\/weltlaeden.de\/barsinghausen\/kindergarten-nilahui-in-mexico\/\"]}]},{\"@type\":\"ImageObject\",\"inLanguage\":\"de\",\"@id\":\"https:\/\/weltlaeden.de\/barsinghausen\/kindergarten-nilahui-in-mexico\/#primaryimage\",\"url\":\"https:\/\/weltlaeden.de\/barsinghausen\/wp-content\/uploads\/sites\/235\/2025\/11\/IMG_0048-scaled-e1763981664503.jpeg\",\"contentUrl\":\"https:\/\/weltlaeden.de\/barsinghausen\/wp-content\/uploads\/sites\/235\/2025\/11\/IMG_0048-scaled-e1763981664503.jpeg\",\"width\":2266,\"height\":1673},{\"@type\":\"BreadcrumbList\",\"@id\":\"https:\/\/weltlaeden.de\/barsinghausen\/kindergarten-nilahui-in-mexico\/#breadcrumb\",\"itemListElement\":[{\"@type\":\"ListItem\",\"position\":1,\"name\":\"Startseite\",\"item\":\"https:\/\/weltlaeden.de\/barsinghausen\/\"},{\"@type\":\"ListItem\",\"position\":2,\"name\":\"Kindergarten Nilahui in Mexico\"}]},{\"@type\":\"WebSite\",\"@id\":\"https:\/\/weltlaeden.de\/barsinghausen\/#website\",\"url\":\"https:\/\/weltlaeden.de\/barsinghausen\/\",\"name\":\"Weltladen Barsinghausen\",\"description\":\"Faire Produkte seit 1990\",\"potentialAction\":[{\"@type\":\"SearchAction\",\"target\":{\"@type\":\"EntryPoint\",\"urlTemplate\":\"https:\/\/weltlaeden.de\/barsinghausen\/?s={search_term_string}\"},\"query-input\":{\"@type\":\"PropertyValueSpecification\",\"valueRequired\":true,\"valueName\":\"search_term_string\"}}],\"inLanguage\":\"de\"}]}<\/script>\n<!-- \/ Yoast SEO plugin. -->","yoast_head_json":{"title":"Kindergarten Nilahui in Mexico - Weltladen Barsinghausen","robots":{"index":"index","follow":"follow","max-snippet":"max-snippet:-1","max-image-preview":"max-image-preview:large","max-video-preview":"max-video-preview:-1"},"canonical":"https:\/\/weltlaeden.de\/barsinghausen\/kindergarten-nilahui-in-mexico\/","og_locale":"de_DE","og_type":"article","og_title":"Kindergarten Nilahui in Mexico - Weltladen Barsinghausen","og_description":"[vc_row][vc_column width=&#8220;1\/2&#8243;][vc_column_text css=&#8220;&#8220;]Nilahui, ein Kindergarten in Ocotl\u00e1n (Oaxaca, Mexiko) Mexiko ist eigentlich ein reiches Land. Statistisch gesehen geh\u00f6rt es zur Mittelschicht der Welt. Aber die Ungleichheit im Land ist extrem. Viele Millionen leben an der Armutsgrenze. Mexiko wurde von der Finanzmarkt- und Wirtschaftskrise 2008 und wird zur Zeit durch die Politik von Donald Trump wegen&hellip;","og_url":"https:\/\/weltlaeden.de\/barsinghausen\/kindergarten-nilahui-in-mexico\/","og_site_name":"Weltladen Barsinghausen","article_modified_time":"2025-11-24T10:57:32+00:00","og_image":[{"width":2266,"height":1673,"url":"https:\/\/weltlaeden.de\/barsinghausen\/wp-content\/uploads\/sites\/235\/2025\/11\/IMG_0048-scaled-e1763981664503.jpeg","type":"image\/jpeg"}],"twitter_card":"summary_large_image","twitter_misc":{"Gesch\u00e4tzte Lesezeit":"4\u00a0Minuten"},"schema":{"@context":"https:\/\/schema.org","@graph":[{"@type":"WebPage","@id":"https:\/\/weltlaeden.de\/barsinghausen\/kindergarten-nilahui-in-mexico\/","url":"https:\/\/weltlaeden.de\/barsinghausen\/kindergarten-nilahui-in-mexico\/","name":"Kindergarten Nilahui in Mexico - Weltladen Barsinghausen","isPartOf":{"@id":"https:\/\/weltlaeden.de\/barsinghausen\/#website"},"primaryImageOfPage":{"@id":"https:\/\/weltlaeden.de\/barsinghausen\/kindergarten-nilahui-in-mexico\/#primaryimage"},"image":{"@id":"https:\/\/weltlaeden.de\/barsinghausen\/kindergarten-nilahui-in-mexico\/#primaryimage"},"thumbnailUrl":"https:\/\/weltlaeden.de\/barsinghausen\/wp-content\/uploads\/sites\/235\/2025\/11\/IMG_0048-scaled-e1763981664503-300x221.jpeg","datePublished":"2025-11-19T15:17:42+00:00","dateModified":"2025-11-24T10:57:32+00:00","breadcrumb":{"@id":"https:\/\/weltlaeden.de\/barsinghausen\/kindergarten-nilahui-in-mexico\/#breadcrumb"},"inLanguage":"de","potentialAction":[{"@type":"ReadAction","target":["https:\/\/weltlaeden.de\/barsinghausen\/kindergarten-nilahui-in-mexico\/"]}]},{"@type":"ImageObject","inLanguage":"de","@id":"https:\/\/weltlaeden.de\/barsinghausen\/kindergarten-nilahui-in-mexico\/#primaryimage","url":"https:\/\/weltlaeden.de\/barsinghausen\/wp-content\/uploads\/sites\/235\/2025\/11\/IMG_0048-scaled-e1763981664503.jpeg","contentUrl":"https:\/\/weltlaeden.de\/barsinghausen\/wp-content\/uploads\/sites\/235\/2025\/11\/IMG_0048-scaled-e1763981664503.jpeg","width":2266,"height":1673},{"@type":"BreadcrumbList","@id":"https:\/\/weltlaeden.de\/barsinghausen\/kindergarten-nilahui-in-mexico\/#breadcrumb","itemListElement":[{"@type":"ListItem","position":1,"name":"Startseite","item":"https:\/\/weltlaeden.de\/barsinghausen\/"},{"@type":"ListItem","position":2,"name":"Kindergarten Nilahui in Mexico"}]},{"@type":"WebSite","@id":"https:\/\/weltlaeden.de\/barsinghausen\/#website","url":"https:\/\/weltlaeden.de\/barsinghausen\/","name":"Weltladen Barsinghausen","description":"Faire Produkte seit 1990","potentialAction":[{"@type":"SearchAction","target":{"@type":"EntryPoint","urlTemplate":"https:\/\/weltlaeden.de\/barsinghausen\/?s={search_term_string}"},"query-input":{"@type":"PropertyValueSpecification","valueRequired":true,"valueName":"search_term_string"}}],"inLanguage":"de"}]}},"_links":{"self":[{"href":"https:\/\/weltlaeden.de\/barsinghausen\/wp-json\/wp\/v2\/pages\/745","targetHints":{"allow":["GET"]}}],"collection":[{"href":"https:\/\/weltlaeden.de\/barsinghausen\/wp-json\/wp\/v2\/pages"}],"about":[{"href":"https:\/\/weltlaeden.de\/barsinghausen\/wp-json\/wp\/v2\/types\/page"}],"author":[{"embeddable":true,"href":"https:\/\/weltlaeden.de\/barsinghausen\/wp-json\/wp\/v2\/users\/348"}],"replies":[{"embeddable":true,"href":"https:\/\/weltlaeden.de\/barsinghausen\/wp-json\/wp\/v2\/comments?post=745"}],"version-history":[{"count":3,"href":"https:\/\/weltlaeden.de\/barsinghausen\/wp-json\/wp\/v2\/pages\/745\/revisions"}],"predecessor-version":[{"id":790,"href":"https:\/\/weltlaeden.de\/barsinghausen\/wp-json\/wp\/v2\/pages\/745\/revisions\/790"}],"wp:attachment":[{"href":"https:\/\/weltlaeden.de\/barsinghausen\/wp-json\/wp\/v2\/media?parent=745"}],"curies":[{"name":"wp","href":"https:\/\/api.w.org\/{rel}","templated":true}]}}