{"id":674,"date":"2025-11-19T12:14:50","date_gmt":"2025-11-19T11:14:50","guid":{"rendered":"https:\/\/weltlaeden.de\/barsinghausen\/?page_id=674"},"modified":"2025-12-15T17:02:12","modified_gmt":"2025-12-15T16:02:12","slug":"unsere-projekte","status":"publish","type":"page","link":"https:\/\/weltlaeden.de\/barsinghausen\/unsere-projekte\/","title":{"rendered":"Unsere Projekte"},"content":{"rendered":"<div class=\"wpb-content-wrapper\"><p>[vc_row][vc_column][vc_column_text css=&#8220;&#8220;]<strong>Unsere Projekte<\/strong><\/p>\n<p>In einer Mitgliederversammlung wird \u00fcber die j\u00e4hrlichen Zuwendungen an die Projekte abgestimmt und entschieden. Die finanziellen Zuwendungen setzen sich zusammen aus den Gewinnen des Ladens und den Spenden. Zu allen Projekten bestehen \u00fcber Mitglieder des Vereins pers\u00f6nliche Beziehungen. Dadurch k\u00f6nnen die Gelder gezielt eingesetzt und der Verwaltungsaufwand auf ein absolutes Minimum gehalten werden.<\/p>\n<p>Mit Ihrem Einkauf und\/oder\u00a0Ihren Spenden<\/p>\n<ul>\n<li>erm\u00f6glichen Sie unseren Handelspartnern feste Abnahmemengen und Mindestpreise, Vorfinanzierung und Projektberatung.<\/li>\n<li>tragen Sie zur Umsetzung von Umwelt- und Sozialstandards in Industrie, Handwerk und Sozialstandards bei.<\/li>\n<li>f\u00f6rdern Sie traditionelle Herstellungsverfahren von Handwerker- und Kleinbauernfamilien.<\/li>\n<li>treten Sie f\u00fcr Selbsthilfegruppen und den Aufbau von Kooperativen ein.<\/li>\n<li>unterst\u00fctzen Sie Menschen, denen es durch bestehende politische und wirtschaftliche Ungerechtigkeiten wesentlich schlechter geht als uns.<\/li>\n<\/ul>\n<p>&nbsp;<\/p>\n<p><strong>Unser Spendenkonto: Volksbank Hannover DE84 2519 0001 0220 6919 00<\/strong>[\/vc_column_text][\/vc_column][\/vc_row]<\/p>\n<\/div>","protected":false},"excerpt":{"rendered":"<p>[vc_row][vc_column][vc_column_text css=&#8220;&#8220;]Unsere Projekte In einer Mitgliederversammlung wird \u00fcber die j\u00e4hrlichen Zuwendungen an die Projekte abgestimmt und entschieden. Die finanziellen Zuwendungen setzen sich zusammen aus den Gewinnen des Ladens und den Spenden. Zu allen Projekten bestehen \u00fcber Mitglieder des Vereins pers\u00f6nliche Beziehungen. Dadurch k\u00f6nnen die Gelder gezielt eingesetzt und der Verwaltungsaufwand auf ein absolutes Minimum gehalten&hellip;<\/p>\n","protected":false},"author":348,"featured_media":0,"parent":0,"menu_order":0,"comment_status":"closed","ping_status":"closed","template":"","meta":{"footnotes":""},"class_list":["post-674","page","type-page","status-publish","hentry","description-off"],"yoast_head":"<!-- This site is optimized with the Yoast SEO plugin v26.8 - https:\/\/yoast.com\/product\/yoast-seo-wordpress\/ -->\n<title>Unsere Projekte - Weltladen Barsinghausen<\/title>\n<meta name=\"robots\" content=\"index, follow, max-snippet:-1, max-image-preview:large, max-video-preview:-1\" \/>\n<link rel=\"canonical\" href=\"https:\/\/weltlaeden.de\/barsinghausen\/unsere-projekte\/\" \/>\n<meta property=\"og:locale\" content=\"de_DE\" \/>\n<meta property=\"og:type\" content=\"article\" \/>\n<meta property=\"og:title\" content=\"Unsere Projekte - Weltladen Barsinghausen\" \/>\n<meta property=\"og:description\" content=\"[vc_row][vc_column][vc_column_text css=&#8220;&#8220;]Unsere Projekte In einer Mitgliederversammlung wird \u00fcber die j\u00e4hrlichen Zuwendungen an die Projekte abgestimmt und entschieden. Die finanziellen Zuwendungen setzen sich zusammen aus den Gewinnen des Ladens und den Spenden. Zu allen Projekten bestehen \u00fcber Mitglieder des Vereins pers\u00f6nliche Beziehungen. Dadurch k\u00f6nnen die Gelder gezielt eingesetzt und der Verwaltungsaufwand auf ein absolutes Minimum gehalten&hellip;\" \/>\n<meta property=\"og:url\" content=\"https:\/\/weltlaeden.de\/barsinghausen\/unsere-projekte\/\" \/>\n<meta property=\"og:site_name\" content=\"Weltladen Barsinghausen\" \/>\n<meta property=\"article:modified_time\" content=\"2025-12-15T16:02:12+00:00\" \/>\n<meta name=\"twitter:card\" content=\"summary_large_image\" \/>\n<meta name=\"twitter:label1\" content=\"Gesch\u00e4tzte Lesezeit\" \/>\n\t<meta name=\"twitter:data1\" content=\"1\u00a0Minute\" \/>\n<script type=\"application\/ld+json\" class=\"yoast-schema-graph\">{\"@context\":\"https:\/\/schema.org\",\"@graph\":[{\"@type\":\"WebPage\",\"@id\":\"https:\/\/weltlaeden.de\/barsinghausen\/unsere-projekte\/\",\"url\":\"https:\/\/weltlaeden.de\/barsinghausen\/unsere-projekte\/\",\"name\":\"Unsere Projekte - Weltladen Barsinghausen\",\"isPartOf\":{\"@id\":\"https:\/\/weltlaeden.de\/barsinghausen\/#website\"},\"datePublished\":\"2025-11-19T11:14:50+00:00\",\"dateModified\":\"2025-12-15T16:02:12+00:00\",\"breadcrumb\":{\"@id\":\"https:\/\/weltlaeden.de\/barsinghausen\/unsere-projekte\/#breadcrumb\"},\"inLanguage\":\"de\",\"potentialAction\":[{\"@type\":\"ReadAction\",\"target\":[\"https:\/\/weltlaeden.de\/barsinghausen\/unsere-projekte\/\"]}]},{\"@type\":\"BreadcrumbList\",\"@id\":\"https:\/\/weltlaeden.de\/barsinghausen\/unsere-projekte\/#breadcrumb\",\"itemListElement\":[{\"@type\":\"ListItem\",\"position\":1,\"name\":\"Startseite\",\"item\":\"https:\/\/weltlaeden.de\/barsinghausen\/\"},{\"@type\":\"ListItem\",\"position\":2,\"name\":\"Unsere Projekte\"}]},{\"@type\":\"WebSite\",\"@id\":\"https:\/\/weltlaeden.de\/barsinghausen\/#website\",\"url\":\"https:\/\/weltlaeden.de\/barsinghausen\/\",\"name\":\"Weltladen Barsinghausen\",\"description\":\"Faire Produkte seit 1990\",\"potentialAction\":[{\"@type\":\"SearchAction\",\"target\":{\"@type\":\"EntryPoint\",\"urlTemplate\":\"https:\/\/weltlaeden.de\/barsinghausen\/?s={search_term_string}\"},\"query-input\":{\"@type\":\"PropertyValueSpecification\",\"valueRequired\":true,\"valueName\":\"search_term_string\"}}],\"inLanguage\":\"de\"}]}<\/script>\n<!-- \/ Yoast SEO plugin. -->","yoast_head_json":{"title":"Unsere Projekte - Weltladen Barsinghausen","robots":{"index":"index","follow":"follow","max-snippet":"max-snippet:-1","max-image-preview":"max-image-preview:large","max-video-preview":"max-video-preview:-1"},"canonical":"https:\/\/weltlaeden.de\/barsinghausen\/unsere-projekte\/","og_locale":"de_DE","og_type":"article","og_title":"Unsere Projekte - Weltladen Barsinghausen","og_description":"[vc_row][vc_column][vc_column_text css=&#8220;&#8220;]Unsere Projekte In einer Mitgliederversammlung wird \u00fcber die j\u00e4hrlichen Zuwendungen an die Projekte abgestimmt und entschieden. Die finanziellen Zuwendungen setzen sich zusammen aus den Gewinnen des Ladens und den Spenden. Zu allen Projekten bestehen \u00fcber Mitglieder des Vereins pers\u00f6nliche Beziehungen. Dadurch k\u00f6nnen die Gelder gezielt eingesetzt und der Verwaltungsaufwand auf ein absolutes Minimum gehalten&hellip;","og_url":"https:\/\/weltlaeden.de\/barsinghausen\/unsere-projekte\/","og_site_name":"Weltladen Barsinghausen","article_modified_time":"2025-12-15T16:02:12+00:00","twitter_card":"summary_large_image","twitter_misc":{"Gesch\u00e4tzte Lesezeit":"1\u00a0Minute"},"schema":{"@context":"https:\/\/schema.org","@graph":[{"@type":"WebPage","@id":"https:\/\/weltlaeden.de\/barsinghausen\/unsere-projekte\/","url":"https:\/\/weltlaeden.de\/barsinghausen\/unsere-projekte\/","name":"Unsere Projekte - Weltladen Barsinghausen","isPartOf":{"@id":"https:\/\/weltlaeden.de\/barsinghausen\/#website"},"datePublished":"2025-11-19T11:14:50+00:00","dateModified":"2025-12-15T16:02:12+00:00","breadcrumb":{"@id":"https:\/\/weltlaeden.de\/barsinghausen\/unsere-projekte\/#breadcrumb"},"inLanguage":"de","potentialAction":[{"@type":"ReadAction","target":["https:\/\/weltlaeden.de\/barsinghausen\/unsere-projekte\/"]}]},{"@type":"BreadcrumbList","@id":"https:\/\/weltlaeden.de\/barsinghausen\/unsere-projekte\/#breadcrumb","itemListElement":[{"@type":"ListItem","position":1,"name":"Startseite","item":"https:\/\/weltlaeden.de\/barsinghausen\/"},{"@type":"ListItem","position":2,"name":"Unsere Projekte"}]},{"@type":"WebSite","@id":"https:\/\/weltlaeden.de\/barsinghausen\/#website","url":"https:\/\/weltlaeden.de\/barsinghausen\/","name":"Weltladen Barsinghausen","description":"Faire Produkte seit 1990","potentialAction":[{"@type":"SearchAction","target":{"@type":"EntryPoint","urlTemplate":"https:\/\/weltlaeden.de\/barsinghausen\/?s={search_term_string}"},"query-input":{"@type":"PropertyValueSpecification","valueRequired":true,"valueName":"search_term_string"}}],"inLanguage":"de"}]}},"_links":{"self":[{"href":"https:\/\/weltlaeden.de\/barsinghausen\/wp-json\/wp\/v2\/pages\/674","targetHints":{"allow":["GET"]}}],"collection":[{"href":"https:\/\/weltlaeden.de\/barsinghausen\/wp-json\/wp\/v2\/pages"}],"about":[{"href":"https:\/\/weltlaeden.de\/barsinghausen\/wp-json\/wp\/v2\/types\/page"}],"author":[{"embeddable":true,"href":"https:\/\/weltlaeden.de\/barsinghausen\/wp-json\/wp\/v2\/users\/348"}],"replies":[{"embeddable":true,"href":"https:\/\/weltlaeden.de\/barsinghausen\/wp-json\/wp\/v2\/comments?post=674"}],"version-history":[{"count":9,"href":"https:\/\/weltlaeden.de\/barsinghausen\/wp-json\/wp\/v2\/pages\/674\/revisions"}],"predecessor-version":[{"id":818,"href":"https:\/\/weltlaeden.de\/barsinghausen\/wp-json\/wp\/v2\/pages\/674\/revisions\/818"}],"wp:attachment":[{"href":"https:\/\/weltlaeden.de\/barsinghausen\/wp-json\/wp\/v2\/media?parent=674"}],"curies":[{"name":"wp","href":"https:\/\/api.w.org\/{rel}","templated":true}]}}