{"id":219,"date":"2016-10-28T13:34:47","date_gmt":"2016-10-28T11:34:47","guid":{"rendered":"https:\/\/wl.heimpixel.de\/vorlage\/ueber-uns\/"},"modified":"2026-01-12T11:49:03","modified_gmt":"2026-01-12T10:49:03","slug":"ueber-uns","status":"publish","type":"page","link":"https:\/\/weltlaeden.de\/barsinghausen\/ueber-uns\/","title":{"rendered":"\u00dcber uns"},"content":{"rendered":"<div class=\"wpb-content-wrapper\"><p>[vc_row][vc_column width=&#8220;1\/2&#8243;][vc_column_text css=&#8220;&#8220;]<\/p>\n<h1>\u00dcber den Weltladen Barsinghausen<\/h1>\n<p>[\/vc_column_text][vc_column_text css=&#8220;&#8220;]1981 hat sich der ehrenamtlich betriebene Verein Eine-Welt-Laden Barsinghausen in der Marienstra\u00dfe gegr\u00fcndet. Seit November 1983 ist der Verein in die Marktstr. 14 umgezogen und bietet dort auf nur 12 qm Fair Trade Produkte wie Schokolade, Kaffee, Geschirr und anderes an. Der Gewinn und die Spenden flie\u00dfen in soziale Projekte. Unterst\u00fctzt werden die Sch\u00fclerhilfe und GRAIF im Senegal, der Cactus Kindergarten in Mexiko sowie eine Grundschule und Volksk\u00fcche in Bolivien.<\/p>\n<p>Das Team besteht aus ca. 20 Mitarbeitenden, die die Welt durch die Unterst\u00fctzung des fairen Handels gern zu einem besseren Ort machen m\u00f6chten.[\/vc_column_text][\/vc_column][vc_column width=&#8220;1\/2&#8243;]<div class=\"wl_einzelbild\"><p><\/p>\n<p>&nbsp;<\/p>\n<p>&nbsp;<\/p>\n<p>&nbsp;<\/p>\n<p>&nbsp;<\/p>\n<p>&nbsp;<\/p>\n<p><img loading=\"lazy\" decoding=\"async\" class=\"aligncenter wp-image-707 size-medium\" src=\"https:\/\/weltlaeden.de\/barsinghausen\/wp-content\/uploads\/sites\/235\/2025\/11\/IMG_0033-scaled-e1762939326439-293x300.jpeg\" alt=\"\" width=\"293\" height=\"300\" srcset=\"https:\/\/weltlaeden.de\/barsinghausen\/wp-content\/uploads\/sites\/235\/2025\/11\/IMG_0033-scaled-e1762939326439-293x300.jpeg 293w, https:\/\/weltlaeden.de\/barsinghausen\/wp-content\/uploads\/sites\/235\/2025\/11\/IMG_0033-scaled-e1762939326439-999x1024.jpeg 999w, https:\/\/weltlaeden.de\/barsinghausen\/wp-content\/uploads\/sites\/235\/2025\/11\/IMG_0033-scaled-e1762939326439-768x787.jpeg 768w, https:\/\/weltlaeden.de\/barsinghausen\/wp-content\/uploads\/sites\/235\/2025\/11\/IMG_0033-scaled-e1762939326439-1499x1536.jpeg 1499w, https:\/\/weltlaeden.de\/barsinghausen\/wp-content\/uploads\/sites\/235\/2025\/11\/IMG_0033-scaled-e1762939326439.jpeg 1760w\" sizes=\"auto, (max-width: 293px) 100vw, 293px\" \/><\/p><\/div>[\/vc_column][\/vc_row][vc_row][vc_column][vc_empty_space][vc_column_text css=&#8220;&#8220;]<\/p>\n<h1>Mitmachen im Weltladen Barsinghausen<\/h1>\n<p>[\/vc_column_text][vc_column_text css=&#8220;&#8220;]<strong>Wir suchen<\/strong> Menschen, die Lust haben, sich ehrenamtlich f\u00fcr eine offene, transparente, \u00f6kologische und nachhaltige Form des Wirtschaftens zu engagieren. Ob im Verkauf, der Informations- oder Bildungsarbeit &#8211; die M\u00f6glichkeiten, in unserem Team mitzumachen sind vielf\u00e4ltig und lassen sich bestimmt auch in Ihren Alltag integrieren! Neben regelm\u00e4\u00dfigen Aufgaben gibt es bei uns auch immer wieder einzelne zeitlich befristete Projekte, f\u00fcr die wir Unterst\u00fctzer\/innen suchen. Viele Aufgaben erfordern keine speziellen Vorkenntnisse, sondern nur Ihre Bereitschaft, Ihre F\u00e4higkeiten einzubringen und eventuell in neuen Bereichen dazuzulernen.<\/p>\n<p><strong>Wir bieten<\/strong> ein nettes Team aus Engagierten mit vielf\u00e4ltigen M\u00f6glichkeiten, sich selbst einzubringen. Eine Gemeinschaft, die Sie herzlich aufnimmt, einarbeitet und bei Fragen zur Verf\u00fcgung steht. Fortbildungsm\u00f6glichkeiten nach Ihren Interessen und Aufgaben.<\/p>\n<p><strong>Ansprechpartner\/in:<\/strong><br \/>\nMarianne Ruhnke 0176 34529775<\/p>\n<p>Christian R\u00f6ver 0151 15305148<\/p>\n<p>Uwe Brandt 0157 52556324<\/p>\n<p><strong>Wir freuen uns auf Dich!<\/strong>[\/vc_column_text][\/vc_column][\/vc_row]<\/p>\n<\/div>","protected":false},"excerpt":{"rendered":"<p>[vc_row][vc_column width=&#8220;1\/2&#8243;][vc_column_text css=&#8220;&#8220;] \u00dcber den Weltladen Barsinghausen [\/vc_column_text][vc_column_text css=&#8220;&#8220;]1981 hat sich der ehrenamtlich betriebene Verein Eine-Welt-Laden Barsinghausen in der Marienstra\u00dfe gegr\u00fcndet. Seit November 1983 ist der Verein in die Marktstr. 14 umgezogen und bietet dort auf nur 12 qm Fair Trade Produkte wie Schokolade, Kaffee, Geschirr und anderes an. Der Gewinn und die Spenden flie\u00dfen&hellip;<\/p>\n","protected":false},"author":1,"featured_media":0,"parent":0,"menu_order":6,"comment_status":"closed","ping_status":"closed","template":"","meta":{"footnotes":""},"class_list":["post-219","page","type-page","status-publish","hentry","description-off"],"yoast_head":"<!-- This site is optimized with the Yoast SEO plugin v26.8 - https:\/\/yoast.com\/product\/yoast-seo-wordpress\/ -->\n<title>\u00dcber uns - Weltladen Barsinghausen<\/title>\n<meta name=\"robots\" content=\"index, follow, max-snippet:-1, max-image-preview:large, max-video-preview:-1\" \/>\n<link rel=\"canonical\" href=\"https:\/\/weltlaeden.de\/barsinghausen\/ueber-uns\/\" \/>\n<meta property=\"og:locale\" content=\"de_DE\" \/>\n<meta property=\"og:type\" content=\"article\" \/>\n<meta property=\"og:title\" content=\"\u00dcber uns - Weltladen Barsinghausen\" \/>\n<meta property=\"og:description\" content=\"[vc_row][vc_column width=&#8220;1\/2&#8243;][vc_column_text css=&#8220;&#8220;] \u00dcber den Weltladen Barsinghausen [\/vc_column_text][vc_column_text css=&#8220;&#8220;]1981 hat sich der ehrenamtlich betriebene Verein Eine-Welt-Laden Barsinghausen in der Marienstra\u00dfe gegr\u00fcndet. Seit November 1983 ist der Verein in die Marktstr. 14 umgezogen und bietet dort auf nur 12 qm Fair Trade Produkte wie Schokolade, Kaffee, Geschirr und anderes an. Der Gewinn und die Spenden flie\u00dfen&hellip;\" \/>\n<meta property=\"og:url\" content=\"https:\/\/weltlaeden.de\/barsinghausen\/ueber-uns\/\" \/>\n<meta property=\"og:site_name\" content=\"Weltladen Barsinghausen\" \/>\n<meta property=\"article:modified_time\" content=\"2026-01-12T10:49:03+00:00\" \/>\n<meta property=\"og:image\" content=\"https:\/\/weltlaeden.de\/barsinghausen\/wp-content\/uploads\/sites\/235\/2025\/11\/IMG_0033-scaled-e1762939326439.jpeg\" \/>\n\t<meta property=\"og:image:width\" content=\"1760\" \/>\n\t<meta property=\"og:image:height\" content=\"1804\" \/>\n\t<meta property=\"og:image:type\" content=\"image\/jpeg\" \/>\n<meta name=\"twitter:card\" content=\"summary_large_image\" \/>\n<meta name=\"twitter:label1\" content=\"Gesch\u00e4tzte Lesezeit\" \/>\n\t<meta name=\"twitter:data1\" content=\"2\u00a0Minuten\" \/>\n<script type=\"application\/ld+json\" class=\"yoast-schema-graph\">{\"@context\":\"https:\/\/schema.org\",\"@graph\":[{\"@type\":\"WebPage\",\"@id\":\"https:\/\/weltlaeden.de\/barsinghausen\/ueber-uns\/\",\"url\":\"https:\/\/weltlaeden.de\/barsinghausen\/ueber-uns\/\",\"name\":\"\u00dcber uns - Weltladen Barsinghausen\",\"isPartOf\":{\"@id\":\"https:\/\/weltlaeden.de\/barsinghausen\/#website\"},\"primaryImageOfPage\":{\"@id\":\"https:\/\/weltlaeden.de\/barsinghausen\/ueber-uns\/#primaryimage\"},\"image\":{\"@id\":\"https:\/\/weltlaeden.de\/barsinghausen\/ueber-uns\/#primaryimage\"},\"thumbnailUrl\":\"https:\/\/weltlaeden.de\/barsinghausen\/wp-content\/uploads\/sites\/235\/2025\/11\/IMG_0033-scaled-e1762939326439-293x300.jpeg\",\"datePublished\":\"2016-10-28T11:34:47+00:00\",\"dateModified\":\"2026-01-12T10:49:03+00:00\",\"breadcrumb\":{\"@id\":\"https:\/\/weltlaeden.de\/barsinghausen\/ueber-uns\/#breadcrumb\"},\"inLanguage\":\"de\",\"potentialAction\":[{\"@type\":\"ReadAction\",\"target\":[\"https:\/\/weltlaeden.de\/barsinghausen\/ueber-uns\/\"]}]},{\"@type\":\"ImageObject\",\"inLanguage\":\"de\",\"@id\":\"https:\/\/weltlaeden.de\/barsinghausen\/ueber-uns\/#primaryimage\",\"url\":\"https:\/\/weltlaeden.de\/barsinghausen\/wp-content\/uploads\/sites\/235\/2025\/11\/IMG_0033-scaled-e1762939326439.jpeg\",\"contentUrl\":\"https:\/\/weltlaeden.de\/barsinghausen\/wp-content\/uploads\/sites\/235\/2025\/11\/IMG_0033-scaled-e1762939326439.jpeg\",\"width\":1760,\"height\":1804},{\"@type\":\"BreadcrumbList\",\"@id\":\"https:\/\/weltlaeden.de\/barsinghausen\/ueber-uns\/#breadcrumb\",\"itemListElement\":[{\"@type\":\"ListItem\",\"position\":1,\"name\":\"Startseite\",\"item\":\"https:\/\/weltlaeden.de\/barsinghausen\/\"},{\"@type\":\"ListItem\",\"position\":2,\"name\":\"\u00dcber uns\"}]},{\"@type\":\"WebSite\",\"@id\":\"https:\/\/weltlaeden.de\/barsinghausen\/#website\",\"url\":\"https:\/\/weltlaeden.de\/barsinghausen\/\",\"name\":\"Weltladen Barsinghausen\",\"description\":\"Faire Produkte seit 1990\",\"potentialAction\":[{\"@type\":\"SearchAction\",\"target\":{\"@type\":\"EntryPoint\",\"urlTemplate\":\"https:\/\/weltlaeden.de\/barsinghausen\/?s={search_term_string}\"},\"query-input\":{\"@type\":\"PropertyValueSpecification\",\"valueRequired\":true,\"valueName\":\"search_term_string\"}}],\"inLanguage\":\"de\"}]}<\/script>\n<!-- \/ Yoast SEO plugin. -->","yoast_head_json":{"title":"\u00dcber uns - Weltladen Barsinghausen","robots":{"index":"index","follow":"follow","max-snippet":"max-snippet:-1","max-image-preview":"max-image-preview:large","max-video-preview":"max-video-preview:-1"},"canonical":"https:\/\/weltlaeden.de\/barsinghausen\/ueber-uns\/","og_locale":"de_DE","og_type":"article","og_title":"\u00dcber uns - Weltladen Barsinghausen","og_description":"[vc_row][vc_column width=&#8220;1\/2&#8243;][vc_column_text css=&#8220;&#8220;] \u00dcber den Weltladen Barsinghausen [\/vc_column_text][vc_column_text css=&#8220;&#8220;]1981 hat sich der ehrenamtlich betriebene Verein Eine-Welt-Laden Barsinghausen in der Marienstra\u00dfe gegr\u00fcndet. Seit November 1983 ist der Verein in die Marktstr. 14 umgezogen und bietet dort auf nur 12 qm Fair Trade Produkte wie Schokolade, Kaffee, Geschirr und anderes an. Der Gewinn und die Spenden flie\u00dfen&hellip;","og_url":"https:\/\/weltlaeden.de\/barsinghausen\/ueber-uns\/","og_site_name":"Weltladen Barsinghausen","article_modified_time":"2026-01-12T10:49:03+00:00","og_image":[{"width":1760,"height":1804,"url":"https:\/\/weltlaeden.de\/barsinghausen\/wp-content\/uploads\/sites\/235\/2025\/11\/IMG_0033-scaled-e1762939326439.jpeg","type":"image\/jpeg"}],"twitter_card":"summary_large_image","twitter_misc":{"Gesch\u00e4tzte Lesezeit":"2\u00a0Minuten"},"schema":{"@context":"https:\/\/schema.org","@graph":[{"@type":"WebPage","@id":"https:\/\/weltlaeden.de\/barsinghausen\/ueber-uns\/","url":"https:\/\/weltlaeden.de\/barsinghausen\/ueber-uns\/","name":"\u00dcber uns - Weltladen Barsinghausen","isPartOf":{"@id":"https:\/\/weltlaeden.de\/barsinghausen\/#website"},"primaryImageOfPage":{"@id":"https:\/\/weltlaeden.de\/barsinghausen\/ueber-uns\/#primaryimage"},"image":{"@id":"https:\/\/weltlaeden.de\/barsinghausen\/ueber-uns\/#primaryimage"},"thumbnailUrl":"https:\/\/weltlaeden.de\/barsinghausen\/wp-content\/uploads\/sites\/235\/2025\/11\/IMG_0033-scaled-e1762939326439-293x300.jpeg","datePublished":"2016-10-28T11:34:47+00:00","dateModified":"2026-01-12T10:49:03+00:00","breadcrumb":{"@id":"https:\/\/weltlaeden.de\/barsinghausen\/ueber-uns\/#breadcrumb"},"inLanguage":"de","potentialAction":[{"@type":"ReadAction","target":["https:\/\/weltlaeden.de\/barsinghausen\/ueber-uns\/"]}]},{"@type":"ImageObject","inLanguage":"de","@id":"https:\/\/weltlaeden.de\/barsinghausen\/ueber-uns\/#primaryimage","url":"https:\/\/weltlaeden.de\/barsinghausen\/wp-content\/uploads\/sites\/235\/2025\/11\/IMG_0033-scaled-e1762939326439.jpeg","contentUrl":"https:\/\/weltlaeden.de\/barsinghausen\/wp-content\/uploads\/sites\/235\/2025\/11\/IMG_0033-scaled-e1762939326439.jpeg","width":1760,"height":1804},{"@type":"BreadcrumbList","@id":"https:\/\/weltlaeden.de\/barsinghausen\/ueber-uns\/#breadcrumb","itemListElement":[{"@type":"ListItem","position":1,"name":"Startseite","item":"https:\/\/weltlaeden.de\/barsinghausen\/"},{"@type":"ListItem","position":2,"name":"\u00dcber uns"}]},{"@type":"WebSite","@id":"https:\/\/weltlaeden.de\/barsinghausen\/#website","url":"https:\/\/weltlaeden.de\/barsinghausen\/","name":"Weltladen Barsinghausen","description":"Faire Produkte seit 1990","potentialAction":[{"@type":"SearchAction","target":{"@type":"EntryPoint","urlTemplate":"https:\/\/weltlaeden.de\/barsinghausen\/?s={search_term_string}"},"query-input":{"@type":"PropertyValueSpecification","valueRequired":true,"valueName":"search_term_string"}}],"inLanguage":"de"}]}},"_links":{"self":[{"href":"https:\/\/weltlaeden.de\/barsinghausen\/wp-json\/wp\/v2\/pages\/219","targetHints":{"allow":["GET"]}}],"collection":[{"href":"https:\/\/weltlaeden.de\/barsinghausen\/wp-json\/wp\/v2\/pages"}],"about":[{"href":"https:\/\/weltlaeden.de\/barsinghausen\/wp-json\/wp\/v2\/types\/page"}],"author":[{"embeddable":true,"href":"https:\/\/weltlaeden.de\/barsinghausen\/wp-json\/wp\/v2\/users\/1"}],"replies":[{"embeddable":true,"href":"https:\/\/weltlaeden.de\/barsinghausen\/wp-json\/wp\/v2\/comments?post=219"}],"version-history":[{"count":16,"href":"https:\/\/weltlaeden.de\/barsinghausen\/wp-json\/wp\/v2\/pages\/219\/revisions"}],"predecessor-version":[{"id":823,"href":"https:\/\/weltlaeden.de\/barsinghausen\/wp-json\/wp\/v2\/pages\/219\/revisions\/823"}],"wp:attachment":[{"href":"https:\/\/weltlaeden.de\/barsinghausen\/wp-json\/wp\/v2\/media?parent=219"}],"curies":[{"name":"wp","href":"https:\/\/api.w.org\/{rel}","templated":true}]}}