{"id":20,"date":"2016-10-14T09:05:21","date_gmt":"2016-10-14T07:05:21","guid":{"rendered":"https:\/\/wl.heimpixel.de\/vorlage\/weltladen-musterdorf\/"},"modified":"2025-12-09T12:00:16","modified_gmt":"2025-12-09T11:00:16","slug":"weltladen-musterdorf","status":"publish","type":"page","link":"https:\/\/weltlaeden.de\/barsinghausen\/","title":{"rendered":"Eine-Welt-Laden Barsinghausen"},"content":{"rendered":"<div class=\"wpb-content-wrapper\"><p>[vc_row][vc_column]<div class=\"wl_einzelbild\"><p><img loading=\"lazy\" decoding=\"async\" class=\"aligncenter wp-image-794\" src=\"https:\/\/weltlaeden.de\/barsinghausen\/wp-content\/uploads\/sites\/235\/2025\/11\/IMG_0051-1024x768.jpeg\" alt=\"\" width=\"600\" height=\"450\" srcset=\"https:\/\/weltlaeden.de\/barsinghausen\/wp-content\/uploads\/sites\/235\/2025\/11\/IMG_0051-1024x768.jpeg 1024w, https:\/\/weltlaeden.de\/barsinghausen\/wp-content\/uploads\/sites\/235\/2025\/11\/IMG_0051-300x225.jpeg 300w, https:\/\/weltlaeden.de\/barsinghausen\/wp-content\/uploads\/sites\/235\/2025\/11\/IMG_0051-768x576.jpeg 768w, https:\/\/weltlaeden.de\/barsinghausen\/wp-content\/uploads\/sites\/235\/2025\/11\/IMG_0051-1536x1152.jpeg 1536w, https:\/\/weltlaeden.de\/barsinghausen\/wp-content\/uploads\/sites\/235\/2025\/11\/IMG_0051-2048x1536.jpeg 2048w\" sizes=\"auto, (max-width: 600px) 100vw, 600px\" \/><\/p><\/div>[vc_empty_space height=&#8220;20px&#8220;][\/vc_column][\/vc_row][vc_row][vc_column]<div class=\"wl_einzelbild\"><p><\/p>\n<p>&nbsp;<\/p>\n<p><\/p><\/div>[vc_column_text css=&#8220;&#8220;]<\/p>\n<h1 style=\"text-align: left;\">Willkommen im Eine-Welt-Laden Barsinghausen<\/h1>\n<p>Produkte aus der &#8222;Dritten Welt&#8220; sind fester Bestandteil unseres Alltags. Die meisten davon werden unter menschenunw\u00fcrdigen und umweltzerst\u00f6renden Bedingungen hergestellt und gehandelt. Der Eine-Welt-Laden Barsinghausen geh\u00f6rt zur internationalen Fairhandelsbewegung, die versucht, alternative Wege zu gehen.<\/p>\n<p><strong>Unsere Hauptanliegen:<\/strong><\/p>\n<ul>\n<li><strong>F\u00f6rderung gerechter Handelsstrukturen<\/strong><\/li>\n<li><strong>Gr\u00f6\u00dferes Mitspracherecht des globalen S\u00fcdens im Welthandel<\/strong><\/li>\n<li><strong>F\u00f6rderung global vertretbarer Lebensweisen<\/strong><\/li>\n<\/ul>\n<p>Wir arbeiten <strong>ehrenamtlich<\/strong> und <strong>nicht profitorientiert <\/strong>und beziehen die fair gehandelten Waren<\/p>\n<p>von Importorganisationen wie Gepa, El Puente, Weltpartner, Globo, Akar und einigen anderen.<\/p>\n<p>Wir sind Mitglied im Weltladen Dachverband.[\/vc_column_text][vc_column_text css=&#8220;&#8220;][\/vc_column_text][vc_empty_space height=&#8220;30px&#8220;][\/vc_column][\/vc_row][vc_row][vc_column][vc_column_text]<\/p>\n<h2>Was Sie auf dieser Website finden:<\/h2>\n<p>[\/vc_column_text][vc_empty_space height=&#8220;20px&#8220;][vc_row_inner][vc_column_inner width=&#8220;1\/4&#8243;]<div class=\"wl_einzelbild\"><p><img loading=\"lazy\" decoding=\"async\" class=\"alignleft size-thumbnail wp-image-nsm-3-15\" src=\"https:\/\/weltlaeden.de\/vorlage\/wp-content\/uploads\/sites\/3\/2016\/11\/FairerHandel_ElPuente_Fingerpuppen_EccoExe_Peru-150x150.jpg\" alt=\"\" width=\"150\" height=\"150\" \/><\/p><\/div>[\/vc_column_inner][vc_column_inner width=&#8220;3\/4&#8243;][vc_column_text]<\/p>\n<h3>Fairer Handel<\/h3>\n<p>Was meint Fairer Handel \u00fcberhaupt? Welche Kriterien m\u00fcssen eingehalten werden und wer \u00fcberpr\u00fcft diese? <a href=\"?pagename=fairer-handel\">Erfahren Sie mehr &#8230;<\/a>[\/vc_column_text][\/vc_column_inner][\/vc_row_inner][vc_separator][vc_row_inner][vc_column_inner width=&#8220;1\/4&#8243;]<div class=\"wl_einzelbild\"><p><img loading=\"lazy\" decoding=\"async\" class=\"alignleft size-full wp-image-nsm-3-28\" src=\"https:\/\/weltlaeden.de\/vorlage\/wp-content\/uploads\/sites\/3\/2018\/05\/Lebensmittel_WL-Bornheim-Christian-Schilling_150x150.jpg\" alt=\"\" width=\"150\" height=\"150\" \/><\/p><\/div>[\/vc_column_inner][vc_column_inner width=&#8220;3\/4&#8243;][vc_column_text]<\/p>\n<h3>Produkte<\/h3>\n<p>Unsere Produkte im Weltladen sind nat\u00fcrlich alle aus Fairem Handel, dennoch kommen sie von unterschiedlichen Fair-Handels-Importeuren. <a href=\"?pagename=produkte\">Hier zeigen wir Ihnen unser Sortiment &#8230;<\/a>[\/vc_column_text][\/vc_column_inner][\/vc_row_inner][vc_separator][vc_row_inner][vc_column_inner width=&#8220;1\/4&#8243;]<div class=\"wl_einzelbild\"><p><img loading=\"lazy\" decoding=\"async\" class=\"size-thumbnail wp-image-448 alignleft\" src=\"https:\/\/weltlaeden.de\/barsinghausen\/wp-content\/uploads\/sites\/235\/2019\/04\/board-game-challenge-chess-209728_1200x519-150x150.png\" alt=\"\" width=\"150\" height=\"150\" \/><\/p><\/div>[\/vc_column_inner][vc_column_inner width=&#8220;3\/4&#8243;][vc_column_text]<\/p>\n<h3>\u00dcber uns<\/h3>\n<p>Wer wir sind, warum wir uns f\u00fcr Fairen Handel engagieren und wie man bei uns mitmachen kann &#8211; <a href=\"?pagename=ueber-uns\">hier stellen wir uns vor &#8230;<\/a>[\/vc_column_text][\/vc_column_inner][\/vc_row_inner][vc_separator][vc_row_inner][vc_column_inner width=&#8220;1\/4&#8243;]<div class=\"wl_einzelbild\"><p><img loading=\"lazy\" decoding=\"async\" class=\"alignleft size-full wp-image-nsm-3-35\" src=\"https:\/\/weltlaeden.de\/vorlage\/wp-content\/uploads\/sites\/3\/2018\/08\/pocket-watch-1637396_1920_150x150.png\" alt=\"\" width=\"150\" height=\"150\" \/><\/p><\/div>[\/vc_column_inner][vc_column_inner width=&#8220;3\/4&#8243;][vc_column_text css=&#8220;&#8220;]<\/p>\n<h3>Termine<\/h3>\n<p>Wir treffen uns alle 2 Monate zu Teamsitzungen, organisieren im Herbst das faire Fr\u00fchst\u00fcck und sind an verkaufsoffenen Sonntagen vertreten. Hin und wieder begleiten wir Aktionen am HAG Barsinghausen. <a href=\"https:\/\/weltlaeden.de\/barsinghausen\/termine\/\">Hier erfahren Sie was bei uns los ist \u2026<\/a>[\/vc_column_text][\/vc_column_inner][\/vc_row_inner][vc_separator][vc_empty_space][\/vc_column][\/vc_row][vc_row][vc_column][vc_column_text]<\/p>\n<h2>Neuigkeiten<\/h2>\n<p>[\/vc_column_text]<section class=\"items-grid wf-container\"><div class=\"wf-cell wf-1-2\"><article class=\"post-format-standard\"><div class=\"mini-post-img\"><a class=\"alignleft post-rollover layzr-bg\" href=\"https:\/\/weltlaeden.de\/barsinghausen\/sortimentserweiterung\/\" aria-label=\"Post image\"><img decoding=\"async\" class=\"preload-me lazy-load aspect\" src=\"data:image\/svg+xml,%3Csvg%20xmlns%3D&#39;http%3A%2F%2Fwww.w3.org%2F2000%2Fsvg&#39;%20viewBox%3D&#39;0%200%2060%2060&#39;%2F%3E\" data-src=\"https:\/\/weltlaeden.de\/barsinghausen\/wp-content\/uploads\/sites\/235\/2025\/11\/IMG_0024-1-scaled-e1763550516826-60x60.jpeg\" data-srcset=\"https:\/\/weltlaeden.de\/barsinghausen\/wp-content\/uploads\/sites\/235\/2025\/11\/IMG_0024-1-scaled-e1763550516826-60x60.jpeg 60w, https:\/\/weltlaeden.de\/barsinghausen\/wp-content\/uploads\/sites\/235\/2025\/11\/IMG_0024-1-scaled-e1763550516826-120x120.jpeg 120w\" loading=\"eager\" style=\"--ratio: 60 \/ 60\" sizes=\"(max-width: 60px) 100vw, 60px\" width=\"60\" height=\"60\"  alt=\"\" \/><\/a><\/div><div class=\"post-content\"><a href=\"https:\/\/weltlaeden.de\/barsinghausen\/sortimentserweiterung\/\">Sortimentserweiterung<\/a><br \/><time class=\"text-secondary\" datetime=\"2025-11-19T12:08:54+01:00\">19. November 2025<\/time><\/div><\/article><\/div><\/section><a href=\"?pagename=neuigkeiten\" class=\"btn-shortcode dt-btn-s dt-btn default-btn-color default-btn-hover-color default-btn-bg-color default-btn-bg-hover-color\" target=\"_blank\" id=\"dt-btn-1\" rel=\"noopener\"><span>Alle Neuigkeiten<\/span><\/a>[\/vc_column][\/vc_row]<\/p>\n<\/div>","protected":false},"excerpt":{"rendered":"<p>[vc_row][vc_column][vc_empty_space height=&#8220;20px&#8220;][\/vc_column][\/vc_row][vc_row][vc_column][vc_column_text css=&#8220;&#8220;] Willkommen im Eine-Welt-Laden Barsinghausen Produkte aus der &#8222;Dritten Welt&#8220; sind fester Bestandteil unseres Alltags. Die meisten davon werden unter menschenunw\u00fcrdigen und umweltzerst\u00f6renden Bedingungen hergestellt und gehandelt. Der Eine-Welt-Laden Barsinghausen geh\u00f6rt zur internationalen Fairhandelsbewegung, die versucht, alternative Wege zu gehen. Unsere Hauptanliegen: F\u00f6rderung gerechter Handelsstrukturen Gr\u00f6\u00dferes Mitspracherecht des globalen S\u00fcdens im Welthandel F\u00f6rderung&hellip;<\/p>\n","protected":false},"author":1,"featured_media":0,"parent":0,"menu_order":0,"comment_status":"closed","ping_status":"closed","template":"","meta":{"footnotes":""},"class_list":["post-20","page","type-page","status-publish","hentry","description-off"],"yoast_head":"<!-- This site is optimized with the Yoast SEO plugin v26.8 - https:\/\/yoast.com\/product\/yoast-seo-wordpress\/ -->\n<title>Eine-Welt-Laden Barsinghausen - Weltladen Barsinghausen<\/title>\n<meta name=\"robots\" content=\"index, follow, max-snippet:-1, max-image-preview:large, max-video-preview:-1\" \/>\n<link rel=\"canonical\" href=\"https:\/\/weltlaeden.de\/barsinghausen\/\" \/>\n<meta property=\"og:locale\" content=\"de_DE\" \/>\n<meta property=\"og:type\" content=\"article\" \/>\n<meta property=\"og:title\" content=\"Eine-Welt-Laden Barsinghausen - Weltladen Barsinghausen\" \/>\n<meta property=\"og:description\" content=\"[vc_row][vc_column][vc_empty_space height=&#8220;20px&#8220;][\/vc_column][\/vc_row][vc_row][vc_column][vc_column_text css=&#8220;&#8220;] Willkommen im Eine-Welt-Laden Barsinghausen Produkte aus der &#8222;Dritten Welt&#8220; sind fester Bestandteil unseres Alltags. Die meisten davon werden unter menschenunw\u00fcrdigen und umweltzerst\u00f6renden Bedingungen hergestellt und gehandelt. Der Eine-Welt-Laden Barsinghausen geh\u00f6rt zur internationalen Fairhandelsbewegung, die versucht, alternative Wege zu gehen. Unsere Hauptanliegen: F\u00f6rderung gerechter Handelsstrukturen Gr\u00f6\u00dferes Mitspracherecht des globalen S\u00fcdens im Welthandel F\u00f6rderung&hellip;\" \/>\n<meta property=\"og:url\" content=\"https:\/\/weltlaeden.de\/barsinghausen\/\" \/>\n<meta property=\"og:site_name\" content=\"Weltladen Barsinghausen\" \/>\n<meta property=\"article:modified_time\" content=\"2025-12-09T11:00:16+00:00\" \/>\n<meta property=\"og:image\" content=\"https:\/\/weltlaeden.de\/barsinghausen\/wp-content\/uploads\/sites\/235\/2025\/11\/IMG_0051-scaled.jpeg\" \/>\n\t<meta property=\"og:image:width\" content=\"2560\" \/>\n\t<meta property=\"og:image:height\" content=\"1920\" \/>\n\t<meta property=\"og:image:type\" content=\"image\/jpeg\" \/>\n<meta name=\"twitter:card\" content=\"summary_large_image\" \/>\n<meta name=\"twitter:label1\" content=\"Gesch\u00e4tzte Lesezeit\" \/>\n\t<meta name=\"twitter:data1\" content=\"3\u00a0Minuten\" \/>\n<script type=\"application\/ld+json\" class=\"yoast-schema-graph\">{\"@context\":\"https:\/\/schema.org\",\"@graph\":[{\"@type\":\"WebPage\",\"@id\":\"https:\/\/weltlaeden.de\/barsinghausen\/\",\"url\":\"https:\/\/weltlaeden.de\/barsinghausen\/\",\"name\":\"Eine-Welt-Laden Barsinghausen - Weltladen Barsinghausen\",\"isPartOf\":{\"@id\":\"https:\/\/weltlaeden.de\/barsinghausen\/#website\"},\"primaryImageOfPage\":{\"@id\":\"https:\/\/weltlaeden.de\/barsinghausen\/#primaryimage\"},\"image\":{\"@id\":\"https:\/\/weltlaeden.de\/barsinghausen\/#primaryimage\"},\"thumbnailUrl\":\"https:\/\/weltlaeden.de\/barsinghausen\/wp-content\/uploads\/sites\/235\/2025\/11\/IMG_0051-1024x768.jpeg\",\"datePublished\":\"2016-10-14T07:05:21+00:00\",\"dateModified\":\"2025-12-09T11:00:16+00:00\",\"breadcrumb\":{\"@id\":\"https:\/\/weltlaeden.de\/barsinghausen\/#breadcrumb\"},\"inLanguage\":\"de\",\"potentialAction\":[{\"@type\":\"ReadAction\",\"target\":[\"https:\/\/weltlaeden.de\/barsinghausen\/\"]}]},{\"@type\":\"ImageObject\",\"inLanguage\":\"de\",\"@id\":\"https:\/\/weltlaeden.de\/barsinghausen\/#primaryimage\",\"url\":\"https:\/\/weltlaeden.de\/barsinghausen\/wp-content\/uploads\/sites\/235\/2025\/11\/IMG_0051-scaled.jpeg\",\"contentUrl\":\"https:\/\/weltlaeden.de\/barsinghausen\/wp-content\/uploads\/sites\/235\/2025\/11\/IMG_0051-scaled.jpeg\",\"width\":2560,\"height\":1920},{\"@type\":\"BreadcrumbList\",\"@id\":\"https:\/\/weltlaeden.de\/barsinghausen\/#breadcrumb\",\"itemListElement\":[{\"@type\":\"ListItem\",\"position\":1,\"name\":\"Startseite\",\"item\":\"https:\/\/weltlaeden.de\/barsinghausen\/\"},{\"@type\":\"ListItem\",\"position\":2,\"name\":\"Eine-Welt-Laden Barsinghausen\"}]},{\"@type\":\"WebSite\",\"@id\":\"https:\/\/weltlaeden.de\/barsinghausen\/#website\",\"url\":\"https:\/\/weltlaeden.de\/barsinghausen\/\",\"name\":\"Weltladen Barsinghausen\",\"description\":\"Faire Produkte seit 1990\",\"potentialAction\":[{\"@type\":\"SearchAction\",\"target\":{\"@type\":\"EntryPoint\",\"urlTemplate\":\"https:\/\/weltlaeden.de\/barsinghausen\/?s={search_term_string}\"},\"query-input\":{\"@type\":\"PropertyValueSpecification\",\"valueRequired\":true,\"valueName\":\"search_term_string\"}}],\"inLanguage\":\"de\"}]}<\/script>\n<!-- \/ Yoast SEO plugin. -->","yoast_head_json":{"title":"Eine-Welt-Laden Barsinghausen - Weltladen Barsinghausen","robots":{"index":"index","follow":"follow","max-snippet":"max-snippet:-1","max-image-preview":"max-image-preview:large","max-video-preview":"max-video-preview:-1"},"canonical":"https:\/\/weltlaeden.de\/barsinghausen\/","og_locale":"de_DE","og_type":"article","og_title":"Eine-Welt-Laden Barsinghausen - Weltladen Barsinghausen","og_description":"[vc_row][vc_column][vc_empty_space height=&#8220;20px&#8220;][\/vc_column][\/vc_row][vc_row][vc_column][vc_column_text css=&#8220;&#8220;] Willkommen im Eine-Welt-Laden Barsinghausen Produkte aus der &#8222;Dritten Welt&#8220; sind fester Bestandteil unseres Alltags. Die meisten davon werden unter menschenunw\u00fcrdigen und umweltzerst\u00f6renden Bedingungen hergestellt und gehandelt. Der Eine-Welt-Laden Barsinghausen geh\u00f6rt zur internationalen Fairhandelsbewegung, die versucht, alternative Wege zu gehen. Unsere Hauptanliegen: F\u00f6rderung gerechter Handelsstrukturen Gr\u00f6\u00dferes Mitspracherecht des globalen S\u00fcdens im Welthandel F\u00f6rderung&hellip;","og_url":"https:\/\/weltlaeden.de\/barsinghausen\/","og_site_name":"Weltladen Barsinghausen","article_modified_time":"2025-12-09T11:00:16+00:00","og_image":[{"width":2560,"height":1920,"url":"https:\/\/weltlaeden.de\/barsinghausen\/wp-content\/uploads\/sites\/235\/2025\/11\/IMG_0051-scaled.jpeg","type":"image\/jpeg"}],"twitter_card":"summary_large_image","twitter_misc":{"Gesch\u00e4tzte Lesezeit":"3\u00a0Minuten"},"schema":{"@context":"https:\/\/schema.org","@graph":[{"@type":"WebPage","@id":"https:\/\/weltlaeden.de\/barsinghausen\/","url":"https:\/\/weltlaeden.de\/barsinghausen\/","name":"Eine-Welt-Laden Barsinghausen - Weltladen Barsinghausen","isPartOf":{"@id":"https:\/\/weltlaeden.de\/barsinghausen\/#website"},"primaryImageOfPage":{"@id":"https:\/\/weltlaeden.de\/barsinghausen\/#primaryimage"},"image":{"@id":"https:\/\/weltlaeden.de\/barsinghausen\/#primaryimage"},"thumbnailUrl":"https:\/\/weltlaeden.de\/barsinghausen\/wp-content\/uploads\/sites\/235\/2025\/11\/IMG_0051-1024x768.jpeg","datePublished":"2016-10-14T07:05:21+00:00","dateModified":"2025-12-09T11:00:16+00:00","breadcrumb":{"@id":"https:\/\/weltlaeden.de\/barsinghausen\/#breadcrumb"},"inLanguage":"de","potentialAction":[{"@type":"ReadAction","target":["https:\/\/weltlaeden.de\/barsinghausen\/"]}]},{"@type":"ImageObject","inLanguage":"de","@id":"https:\/\/weltlaeden.de\/barsinghausen\/#primaryimage","url":"https:\/\/weltlaeden.de\/barsinghausen\/wp-content\/uploads\/sites\/235\/2025\/11\/IMG_0051-scaled.jpeg","contentUrl":"https:\/\/weltlaeden.de\/barsinghausen\/wp-content\/uploads\/sites\/235\/2025\/11\/IMG_0051-scaled.jpeg","width":2560,"height":1920},{"@type":"BreadcrumbList","@id":"https:\/\/weltlaeden.de\/barsinghausen\/#breadcrumb","itemListElement":[{"@type":"ListItem","position":1,"name":"Startseite","item":"https:\/\/weltlaeden.de\/barsinghausen\/"},{"@type":"ListItem","position":2,"name":"Eine-Welt-Laden Barsinghausen"}]},{"@type":"WebSite","@id":"https:\/\/weltlaeden.de\/barsinghausen\/#website","url":"https:\/\/weltlaeden.de\/barsinghausen\/","name":"Weltladen Barsinghausen","description":"Faire Produkte seit 1990","potentialAction":[{"@type":"SearchAction","target":{"@type":"EntryPoint","urlTemplate":"https:\/\/weltlaeden.de\/barsinghausen\/?s={search_term_string}"},"query-input":{"@type":"PropertyValueSpecification","valueRequired":true,"valueName":"search_term_string"}}],"inLanguage":"de"}]}},"_links":{"self":[{"href":"https:\/\/weltlaeden.de\/barsinghausen\/wp-json\/wp\/v2\/pages\/20","targetHints":{"allow":["GET"]}}],"collection":[{"href":"https:\/\/weltlaeden.de\/barsinghausen\/wp-json\/wp\/v2\/pages"}],"about":[{"href":"https:\/\/weltlaeden.de\/barsinghausen\/wp-json\/wp\/v2\/types\/page"}],"author":[{"embeddable":true,"href":"https:\/\/weltlaeden.de\/barsinghausen\/wp-json\/wp\/v2\/users\/1"}],"replies":[{"embeddable":true,"href":"https:\/\/weltlaeden.de\/barsinghausen\/wp-json\/wp\/v2\/comments?post=20"}],"version-history":[{"count":46,"href":"https:\/\/weltlaeden.de\/barsinghausen\/wp-json\/wp\/v2\/pages\/20\/revisions"}],"predecessor-version":[{"id":811,"href":"https:\/\/weltlaeden.de\/barsinghausen\/wp-json\/wp\/v2\/pages\/20\/revisions\/811"}],"wp:attachment":[{"href":"https:\/\/weltlaeden.de\/barsinghausen\/wp-json\/wp\/v2\/media?parent=20"}],"curies":[{"name":"wp","href":"https:\/\/api.w.org\/{rel}","templated":true}]}}