{"id":958,"date":"2020-01-29T18:58:40","date_gmt":"2020-01-29T17:58:40","guid":{"rendered":"https:\/\/weltlaeden.de\/badwildungen\/?page_id=958"},"modified":"2020-02-05T16:59:10","modified_gmt":"2020-02-05T15:59:10","slug":"silberschmuck-pakilia","status":"publish","type":"page","link":"https:\/\/weltlaeden.de\/badwildungen\/silberschmuck-pakilia\/","title":{"rendered":"Silberschmuck Pakilia"},"content":{"rendered":"<h1>Projektbeispiele<\/h1>\n<p>&nbsp;<\/p>\n<h2>Silberschmuck Projekt Pakilia<\/h2>\n<p>Pakilia ist ein vom Weltladendachverband anerkanntes faires Handelsunternehmen.<\/p>\n<p>Das Unternehmen vertreibt Silberschmuck, den es in Taxco\/ Mexiko direkt von Silberschmieden zu fairen Preisen aufkauft und dann, ohne weitere Zwischenh\u00e4ndler, hier in Deutschland weiterverkauft, direkt oder \u00fcber Weltl\u00e4den. Das Engagement dieses jungen Startup Unternehmens zielt auch darauf ab, dass eine jahrhundertalte Silberschmiedetradition in Taxco\/ Mexiko nicht verlorengeht<\/p>\n<p>&nbsp;<\/p>\n<p>Das Besondere bei Pakilia ist:<\/p>\n<h2>Jedes Schmuckst\u00fcck l\u00e4sst sich bis zu seiner Herstellerin, seinem Hersteller zur\u00fcckverfolgen. Die K\u00fcnstler werden sichtbar und wertgesch\u00e4tzt!<\/h2>\n<p>Beispiele:<\/p>\n<p>&nbsp;<\/p>\n<h3><\/h3>\n<h2><\/h2>\n<h2>Rosenschmuck<\/h2>\n\n\t\t\t<style type='text\/css'>\n\t\t\t\t#gallery-1 {\n\t\t\t\t\tmargin: auto;\n\t\t\t\t}\n\t\t\t\t#gallery-1 .gallery-item {\n\t\t\t\t\tfloat: left;\n\t\t\t\t\tmargin-top: 10px;\n\t\t\t\t\ttext-align: center;\n\t\t\t\t\twidth: 33%;\n\t\t\t\t}\n\t\t\t\t#gallery-1 img {\n\t\t\t\t\tborder: 2px solid #cfcfcf;\n\t\t\t\t}\n\t\t\t\t#gallery-1 .gallery-caption {\n\t\t\t\t\tmargin-left: 0;\n\t\t\t\t}\n\t\t\t\t\/* see gallery_shortcode() in wp-includes\/media.php *\/\n\t\t\t<\/style>\n\t\t<div id='gallery-1' class='dt-gallery-container gallery galleryid-958 gallery-columns-3 gallery-size-full'><dl class='gallery-item'>\n\t\t\t\t<dt class='gallery-icon landscape'>\n\t\t\t\t\t<img loading=\"lazy\" decoding=\"async\" width=\"225\" height=\"152\" src=\"https:\/\/weltlaeden.de\/badwildungen\/wp-content\/uploads\/sites\/113\/2020\/02\/pakilia5.jpg\" class=\"attachment-full size-full\" alt=\"\" \/>\n\t\t\t\t<\/dt><\/dl><dl class='gallery-item'>\n\t\t\t\t<dt class='gallery-icon landscape'>\n\t\t\t\t\t<img loading=\"lazy\" decoding=\"async\" width=\"110\" height=\"110\" src=\"https:\/\/weltlaeden.de\/badwildungen\/wp-content\/uploads\/sites\/113\/2020\/01\/pakilia10-1-e1580764374229.jpg\" class=\"attachment-full size-full\" alt=\"\" aria-describedby=\"gallery-1-982\" \/>\n\t\t\t\t<\/dt>\n\t\t\t\t\t<dd class='wp-caption-text gallery-caption' id='gallery-1-982'>\n\t\t\t\t\tK\u00fcnstlerin Lucia Martinez\n\t\t\t\t\t<\/dd><\/dl><dl class='gallery-item'>\n\t\t\t\t<dt class='gallery-icon landscape'>\n\t\t\t\t\t<img loading=\"lazy\" decoding=\"async\" width=\"150\" height=\"70\" src=\"https:\/\/weltlaeden.de\/badwildungen\/wp-content\/uploads\/sites\/113\/2020\/01\/pakilia9.jpg\" class=\"attachment-full size-full\" alt=\"\" \/>\n\t\t\t\t<\/dt><\/dl><br style=\"clear: both\" \/><dl class='gallery-item'>\n\t\t\t\t<dt class='gallery-icon portrait'>\n\t\t\t\t\t<img loading=\"lazy\" decoding=\"async\" width=\"71\" height=\"100\" src=\"https:\/\/weltlaeden.de\/badwildungen\/wp-content\/uploads\/sites\/113\/2020\/01\/pakilia8.jpg\" class=\"attachment-full size-full\" alt=\"\" \/>\n\t\t\t\t<\/dt><\/dl><dl class='gallery-item'>\n\t\t\t\t<dt class='gallery-icon landscape'>\n\t\t\t\t\t<img loading=\"lazy\" decoding=\"async\" width=\"115\" height=\"79\" src=\"https:\/\/weltlaeden.de\/badwildungen\/wp-content\/uploads\/sites\/113\/2020\/01\/pakilia7.jpg\" class=\"attachment-full size-full\" alt=\"\" \/>\n\t\t\t\t<\/dt><\/dl><dl class='gallery-item'>\n\t\t\t\t<dt class='gallery-icon landscape'>\n\t\t\t\t\t<img loading=\"lazy\" decoding=\"async\" width=\"148\" height=\"76\" src=\"https:\/\/weltlaeden.de\/badwildungen\/wp-content\/uploads\/sites\/113\/2020\/01\/pakilia6.jpg\" class=\"attachment-full size-full\" alt=\"\" \/>\n\t\t\t\t<\/dt><\/dl><br style=\"clear: both\" \/>\n\t\t\t<\/div>\n\n<p>Alles, was mit Rosen zu tun hat, vom Ohrring \u00fcber Ketten und Ringe bis hin zu Armb\u00e4ndern, stammt von der K\u00fcnstlerin Lucia Martinez. Jedes Rosenblatt wird einzeln mit der Zange zurecht gebogen.<\/p>\n<p>Hier der Link zu einem Vorstellungsvideo\u00a0 von Maria Martinez. <a href=\"https:\/\/youtu.be\/3DuWRISZ6mk\">Info<\/a><\/p>\n<p>&nbsp;<\/p>\n<p>&nbsp;<\/p>\n<h2>Silberstreifenschmuck<\/h2>\n\n\t\t\t<style type='text\/css'>\n\t\t\t\t#gallery-2 {\n\t\t\t\t\tmargin: auto;\n\t\t\t\t}\n\t\t\t\t#gallery-2 .gallery-item {\n\t\t\t\t\tfloat: left;\n\t\t\t\t\tmargin-top: 10px;\n\t\t\t\t\ttext-align: center;\n\t\t\t\t\twidth: 33%;\n\t\t\t\t}\n\t\t\t\t#gallery-2 img {\n\t\t\t\t\tborder: 2px solid #cfcfcf;\n\t\t\t\t}\n\t\t\t\t#gallery-2 .gallery-caption {\n\t\t\t\t\tmargin-left: 0;\n\t\t\t\t}\n\t\t\t\t\/* see gallery_shortcode() in wp-includes\/media.php *\/\n\t\t\t<\/style>\n\t\t<div id='gallery-2' class='dt-gallery-container gallery galleryid-958 gallery-columns-3 gallery-size-thumbnail'><dl class='gallery-item'>\n\t\t\t\t<dt class='gallery-icon landscape'>\n\t\t\t\t\t<img loading=\"lazy\" decoding=\"async\" width=\"150\" height=\"146\" src=\"https:\/\/weltlaeden.de\/badwildungen\/wp-content\/uploads\/sites\/113\/2020\/01\/pakilia11-1-150x146.jpg\" class=\"attachment-thumbnail size-thumbnail\" alt=\"\" \/>\n\t\t\t\t<\/dt><\/dl><dl class='gallery-item'>\n\t\t\t\t<dt class='gallery-icon portrait'>\n\t\t\t\t\t<img loading=\"lazy\" decoding=\"async\" width=\"123\" height=\"134\" src=\"https:\/\/weltlaeden.de\/badwildungen\/wp-content\/uploads\/sites\/113\/2020\/01\/pakilia15.jpg\" class=\"attachment-thumbnail size-thumbnail\" alt=\"\" aria-describedby=\"gallery-2-965\" \/>\n\t\t\t\t<\/dt>\n\t\t\t\t\t<dd class='wp-caption-text gallery-caption' id='gallery-2-965'>\n\t\t\t\t\tK\u00fcnstlerin Gloria Fuentes\n\t\t\t\t\t<\/dd><\/dl><dl class='gallery-item'>\n\t\t\t\t<dt class='gallery-icon landscape'>\n\t\t\t\t\t<img loading=\"lazy\" decoding=\"async\" width=\"83\" height=\"83\" src=\"https:\/\/weltlaeden.de\/badwildungen\/wp-content\/uploads\/sites\/113\/2020\/01\/pakilia13-1.jpg\" class=\"attachment-thumbnail size-thumbnail\" alt=\"\" \/>\n\t\t\t\t<\/dt><\/dl><br style=\"clear: both\" \/><dl class='gallery-item'>\n\t\t\t\t<dt class='gallery-icon landscape'>\n\t\t\t\t\t<img loading=\"lazy\" decoding=\"async\" width=\"98\" height=\"98\" src=\"https:\/\/weltlaeden.de\/badwildungen\/wp-content\/uploads\/sites\/113\/2020\/01\/pakilia14-1.jpg\" class=\"attachment-thumbnail size-thumbnail\" alt=\"\" \/>\n\t\t\t\t<\/dt><\/dl><dl class='gallery-item'>\n\t\t\t\t<dt class='gallery-icon portrait'>\n\t\t\t\t\t<img loading=\"lazy\" decoding=\"async\" width=\"55\" height=\"75\" src=\"https:\/\/weltlaeden.de\/badwildungen\/wp-content\/uploads\/sites\/113\/2020\/01\/pakilia12-1.jpg\" class=\"attachment-thumbnail size-thumbnail\" alt=\"\" \/>\n\t\t\t\t<\/dt><\/dl>\n\t\t\t\t<br style='clear: both' \/>\n\t\t\t<\/div>\n\n<p>Bei Gloria Fuentes finden wir Schmuckst\u00fccke aus zarten Silberstreifen. Die Ohrh\u00e4nger sind verspielt und elegant zugleich. Jeden Samstag verkauft Gloria die Schmuckst\u00fccke auf dem Markt, die von ihrem Cousin Adrian hergestellt werden. Adrian erhitzt einen Silberdraht und h\u00e4mmert ihn so lange flach, bis er die entsprechende Form hat. Die zarten Silberstreifen f\u00fcgen sich dann zu tollen Formen zusammen.<\/p>\n<p>Hier der Link zu einem Vorstellungsvideo\u00a0 von Gloria Fuentes. <a href=\"https:\/\/youtu.be\/wUk3zaB_Gzg\">Info<\/a><\/p>\n<p>&nbsp;<\/p>\n<p>&nbsp;<\/p>\n<h2>Perlenschmuck<\/h2>\n\n\t\t\t<style type='text\/css'>\n\t\t\t\t#gallery-3 {\n\t\t\t\t\tmargin: auto;\n\t\t\t\t}\n\t\t\t\t#gallery-3 .gallery-item {\n\t\t\t\t\tfloat: left;\n\t\t\t\t\tmargin-top: 10px;\n\t\t\t\t\ttext-align: center;\n\t\t\t\t\twidth: 33%;\n\t\t\t\t}\n\t\t\t\t#gallery-3 img {\n\t\t\t\t\tborder: 2px solid #cfcfcf;\n\t\t\t\t}\n\t\t\t\t#gallery-3 .gallery-caption {\n\t\t\t\t\tmargin-left: 0;\n\t\t\t\t}\n\t\t\t\t\/* see gallery_shortcode() in wp-includes\/media.php *\/\n\t\t\t<\/style>\n\t\t<div id='gallery-3' class='dt-gallery-container gallery galleryid-958 gallery-columns-3 gallery-size-thumbnail'><dl class='gallery-item'>\n\t\t\t\t<dt class='gallery-icon landscape'>\n\t\t\t\t\t<img loading=\"lazy\" decoding=\"async\" width=\"150\" height=\"140\" src=\"https:\/\/weltlaeden.de\/badwildungen\/wp-content\/uploads\/sites\/113\/2020\/01\/pakilia16-1-150x140.jpg\" class=\"attachment-thumbnail size-thumbnail\" alt=\"\" \/>\n\t\t\t\t<\/dt><\/dl><dl class='gallery-item'>\n\t\t\t\t<dt class='gallery-icon landscape'>\n\t\t\t\t\t<img loading=\"lazy\" decoding=\"async\" width=\"142\" height=\"142\" src=\"https:\/\/weltlaeden.de\/badwildungen\/wp-content\/uploads\/sites\/113\/2020\/01\/pakilia21.jpg\" class=\"attachment-thumbnail size-thumbnail\" alt=\"\" aria-describedby=\"gallery-3-971\" \/>\n\t\t\t\t<\/dt>\n\t\t\t\t\t<dd class='wp-caption-text gallery-caption' id='gallery-3-971'>\n\t\t\t\t\tK\u00fcnstlerin Luz Amalia\n\t\t\t\t\t<\/dd><\/dl><dl class='gallery-item'>\n\t\t\t\t<dt class='gallery-icon portrait'>\n\t\t\t\t\t<img loading=\"lazy\" decoding=\"async\" width=\"53\" height=\"65\" src=\"https:\/\/weltlaeden.de\/badwildungen\/wp-content\/uploads\/sites\/113\/2020\/01\/pakilia17.jpg\" class=\"attachment-thumbnail size-thumbnail\" alt=\"\" \/>\n\t\t\t\t<\/dt><\/dl><br style=\"clear: both\" \/><dl class='gallery-item'>\n\t\t\t\t<dt class='gallery-icon landscape'>\n\t\t\t\t\t<img loading=\"lazy\" decoding=\"async\" width=\"104\" height=\"51\" src=\"https:\/\/weltlaeden.de\/badwildungen\/wp-content\/uploads\/sites\/113\/2020\/01\/pakilia19.jpg\" class=\"attachment-thumbnail size-thumbnail\" alt=\"\" \/>\n\t\t\t\t<\/dt><\/dl><dl class='gallery-item'>\n\t\t\t\t<dt class='gallery-icon landscape'>\n\t\t\t\t\t<img loading=\"lazy\" decoding=\"async\" width=\"149\" height=\"61\" src=\"https:\/\/weltlaeden.de\/badwildungen\/wp-content\/uploads\/sites\/113\/2020\/01\/pakilia4.jpg\" class=\"attachment-thumbnail size-thumbnail\" alt=\"\" \/>\n\t\t\t\t<\/dt><\/dl><dl class='gallery-item'>\n\t\t\t\t<dt class='gallery-icon landscape'>\n\t\t\t\t\t<img loading=\"lazy\" decoding=\"async\" width=\"150\" height=\"115\" src=\"https:\/\/weltlaeden.de\/badwildungen\/wp-content\/uploads\/sites\/113\/2020\/01\/pakilia18-150x115.jpg\" class=\"attachment-thumbnail size-thumbnail\" alt=\"\" \/>\n\t\t\t\t<\/dt><\/dl><br style=\"clear: both\" \/>\n\t\t\t<\/div>\n\n<p>Luz Amalia ist die Perlenfrau von Pakilia. Wundersch\u00f6ne Ohrstecker, Perlenketten und -armb\u00e4nder fertigt sie in liebevoller Handarbeit in ihrer Werkstatt, in der au\u00dferdem ihr Mitarbeiter Pancho besch\u00e4ftigt ist. Die in Silber eingefassten Perlen wurden gemeinsam mit den beiden und Pakilia entwickelt. Die Fassung ist aus hochwertigem Feinsilber, damit sie sich an die nat\u00fcrliche Form der Perle anschmiegt. Zus\u00e4tzlich zu den S\u00fc\u00dfwasser-Zuchtperlen haben sich Luz und Pancho in ihren Schmuckst\u00fccken auch auf die Verarbeitung von mexikanischen Natursteinen spezialisiert.<\/p>\n<p>Hier der Link zu dem Vorstellungsvideo\u00a0 von Luz Amalia:\u00a0<a href=\"https:\/\/youtu.be\/8YEG9cSy4Sc\">Info<\/a><\/p>\n<p>&nbsp;<\/p>\n<p>&nbsp;<\/p>\n<h2>Bei Pakilia kann man den K\u00fcnstlern \u00fcber die Schulter schauen.<\/h2>\n<p>&nbsp;<\/p>\n<p>Video zur Herstellung einer einzigen Perla Torzal: <a href=\"https:\/\/youtu.be\/Yb4rfpVcZL4\">Info<\/a><br \/>\n<img loading=\"lazy\" decoding=\"async\" class=\"alignnone size-full wp-image-976\" src=\"https:\/\/weltlaeden.de\/badwildungen\/wp-content\/uploads\/sites\/113\/2020\/01\/pakilia4.jpg\" alt=\"\" width=\"149\" height=\"61\" \/><\/p>\n<p>&nbsp;<\/p>\n<p>&nbsp;<\/p>\n<h2>Wie ist Pakilia entstanden?<\/h2>\n<p>Es begann mit einem jungen und hochmotivierten Team aus Studentinnen und Absolventinnen der Internationalen BWL. Das Studienprogramm der ESB Business School Reutlingen f\u00fchrte sie f\u00fcr zwei Jahre nach Puebla, Mexiko. Dort begeisterten sie sich 2012 f\u00fcr die Stadt Taxco, mit ihrer jahrhundertealten Tradition von Silberschmieden und einem ber\u00fchmten Silbermarkt.<\/p>\n<p><img loading=\"lazy\" decoding=\"async\" class=\" wp-image-973 aligncenter\" src=\"https:\/\/weltlaeden.de\/badwildungen\/wp-content\/uploads\/sites\/113\/2020\/01\/pakilia1-300x114.jpg\" alt=\"\" width=\"409\" height=\"156\" srcset=\"https:\/\/weltlaeden.de\/badwildungen\/wp-content\/uploads\/sites\/113\/2020\/01\/pakilia1-300x114.jpg 300w, https:\/\/weltlaeden.de\/badwildungen\/wp-content\/uploads\/sites\/113\/2020\/01\/pakilia1.jpg 453w\" sizes=\"auto, (max-width: 409px) 100vw, 409px\" \/><\/p>\n<p>Doch sie merken bald: Den Herstellerfamilien geht es nicht gut: Durch extreme Silberpreisschwankungen und zunehmende Probleme wie der R\u00fcckgang des Tourismus durch den Drogenkrieg und die zunehmende Kaufkraftschw\u00e4che vieler\u00a0 Mexikaner wird das Silbergesch\u00e4ft immer schwerer. Die Studentinnen freunden sich\u00a0 mit einigen Kunsthandwerker*innen an, besuchen ihre\u00a0 Werkst\u00e4tten \u2013 manchmal\u00a0 nur eine Ecke im Wohnzimmer der Familie &#8211;\u00a0 und kaufen Schmuckst\u00fccke \u2026\u2026<\/p>\n<p><img loading=\"lazy\" decoding=\"async\" class=\"aligncenter wp-image-974\" src=\"https:\/\/weltlaeden.de\/badwildungen\/wp-content\/uploads\/sites\/113\/2020\/01\/pakilia2-300x111.jpg\" alt=\"\" width=\"409\" height=\"151\" srcset=\"https:\/\/weltlaeden.de\/badwildungen\/wp-content\/uploads\/sites\/113\/2020\/01\/pakilia2-300x111.jpg 300w, https:\/\/weltlaeden.de\/badwildungen\/wp-content\/uploads\/sites\/113\/2020\/01\/pakilia2.jpg 453w\" sizes=\"auto, (max-width: 409px) 100vw, 409px\" \/><\/p>\n<p>Nach ihrer Heimreise nach Deutschland kehren sie wieder nach Taxco zur\u00fcck,\u00a0 mit einer Vision im Gep\u00e4ck: Sie wollen einen alternativen, fairen Vertrieb f\u00fcr den Schmuck nach Deutschland organisieren, ohne Zwischenhandel, ihr betriebswissenschaftliches Know How den K\u00fcnstlern zur Verf\u00fcgung stellen und f\u00fcr regelm\u00e4\u00dfigen Absatz und angemessene Preise sorgen, so dass die Familien davon gut leben k\u00f6nnen. Die Idee l\u00e4sst sich umsetzen und hei\u00dft \u00a0<strong>Pakilia<\/strong>.<\/p>\n<p><img loading=\"lazy\" decoding=\"async\" class=\"aligncenter wp-image-975\" src=\"https:\/\/weltlaeden.de\/badwildungen\/wp-content\/uploads\/sites\/113\/2020\/01\/pakilia3-300x120.jpg\" alt=\"\" width=\"409\" height=\"164\" srcset=\"https:\/\/weltlaeden.de\/badwildungen\/wp-content\/uploads\/sites\/113\/2020\/01\/pakilia3-300x120.jpg 300w, https:\/\/weltlaeden.de\/badwildungen\/wp-content\/uploads\/sites\/113\/2020\/01\/pakilia3.jpg 465w\" sizes=\"auto, (max-width: 409px) 100vw, 409px\" \/><\/p>\n<p>Pakilia w\u00e4chst seitdem kontinuierlich, die Basis sind herzliche Freundschaften mit vielen \u00a0mexikanischen K\u00fcnstlern aus Taxco und deren Familien. Eine alte Tradition kann weitergef\u00fchrt werden. Viele K\u00fcnstlerfamilien in Taxco k\u00f6nnen wieder von der Silberkunst leben. Auffallend ist das gro\u00dfe Engagement und die Begeisterung der deutschen jungen Frauen, ihr Motto: Dialog, Respekt und Transparenz.<\/p>\n<p>Weitere\u00a0 Informationen auf der Website von Pakilia <a href=\"https:\/\/www.pakilia.com\/index.php?force_sid=81477adcdb5c794527dfcdb4b069b718&amp;\">Info<\/a><\/p>\n<p>&nbsp;<\/p>\n","protected":false},"excerpt":{"rendered":"<p>Projektbeispiele &nbsp; Silberschmuck Projekt Pakilia Pakilia ist ein vom Weltladendachverband anerkanntes faires Handelsunternehmen. Das Unternehmen vertreibt Silberschmuck, den es in Taxco\/ Mexiko direkt von Silberschmieden zu fairen Preisen aufkauft und dann, ohne weitere Zwischenh\u00e4ndler, hier in Deutschland weiterverkauft, direkt oder \u00fcber Weltl\u00e4den. Das Engagement dieses jungen Startup Unternehmens zielt auch darauf ab, dass eine jahrhundertalte&hellip;<\/p>\n","protected":false},"author":174,"featured_media":0,"parent":0,"menu_order":7,"comment_status":"closed","ping_status":"closed","template":"","meta":{"footnotes":""},"class_list":["post-958","page","type-page","status-publish","hentry","description-off"],"yoast_head":"<!-- This site is optimized with the Yoast SEO plugin v26.8 - https:\/\/yoast.com\/product\/yoast-seo-wordpress\/ -->\n<title>Silberschmuck Pakilia - Weltladen Bad Wildungen<\/title>\n<meta name=\"robots\" content=\"index, follow, max-snippet:-1, max-image-preview:large, max-video-preview:-1\" \/>\n<link rel=\"canonical\" href=\"https:\/\/weltlaeden.de\/badwildungen\/silberschmuck-pakilia\/\" \/>\n<meta property=\"og:locale\" content=\"de_DE\" \/>\n<meta property=\"og:type\" content=\"article\" \/>\n<meta property=\"og:title\" content=\"Silberschmuck Pakilia - Weltladen Bad Wildungen\" \/>\n<meta property=\"og:description\" content=\"Projektbeispiele &nbsp; Silberschmuck Projekt Pakilia Pakilia ist ein vom Weltladendachverband anerkanntes faires Handelsunternehmen. Das Unternehmen vertreibt Silberschmuck, den es in Taxco\/ Mexiko direkt von Silberschmieden zu fairen Preisen aufkauft und dann, ohne weitere Zwischenh\u00e4ndler, hier in Deutschland weiterverkauft, direkt oder \u00fcber Weltl\u00e4den. Das Engagement dieses jungen Startup Unternehmens zielt auch darauf ab, dass eine jahrhundertalte&hellip;\" \/>\n<meta property=\"og:url\" content=\"https:\/\/weltlaeden.de\/badwildungen\/silberschmuck-pakilia\/\" \/>\n<meta property=\"og:site_name\" content=\"Weltladen Bad Wildungen\" \/>\n<meta property=\"article:modified_time\" content=\"2020-02-05T15:59:10+00:00\" \/>\n<meta property=\"og:image\" content=\"https:\/\/weltlaeden.de\/badwildungen\/wp-content\/uploads\/sites\/113\/2020\/02\/pakilia5.jpg\" \/>\n<meta name=\"twitter:card\" content=\"summary_large_image\" \/>\n<meta name=\"twitter:label1\" content=\"Gesch\u00e4tzte Lesezeit\" \/>\n\t<meta name=\"twitter:data1\" content=\"3\u00a0Minuten\" \/>\n<script type=\"application\/ld+json\" class=\"yoast-schema-graph\">{\"@context\":\"https:\/\/schema.org\",\"@graph\":[{\"@type\":\"WebPage\",\"@id\":\"https:\/\/weltlaeden.de\/badwildungen\/silberschmuck-pakilia\/\",\"url\":\"https:\/\/weltlaeden.de\/badwildungen\/silberschmuck-pakilia\/\",\"name\":\"Silberschmuck Pakilia - Weltladen Bad Wildungen\",\"isPartOf\":{\"@id\":\"https:\/\/weltlaeden.de\/badwildungen\/#website\"},\"primaryImageOfPage\":{\"@id\":\"https:\/\/weltlaeden.de\/badwildungen\/silberschmuck-pakilia\/#primaryimage\"},\"image\":{\"@id\":\"https:\/\/weltlaeden.de\/badwildungen\/silberschmuck-pakilia\/#primaryimage\"},\"thumbnailUrl\":\"https:\/\/weltlaeden.de\/badwildungen\/wp-content\/uploads\/sites\/113\/2020\/01\/pakilia4.jpg\",\"datePublished\":\"2020-01-29T17:58:40+00:00\",\"dateModified\":\"2020-02-05T15:59:10+00:00\",\"breadcrumb\":{\"@id\":\"https:\/\/weltlaeden.de\/badwildungen\/silberschmuck-pakilia\/#breadcrumb\"},\"inLanguage\":\"de\",\"potentialAction\":[{\"@type\":\"ReadAction\",\"target\":[\"https:\/\/weltlaeden.de\/badwildungen\/silberschmuck-pakilia\/\"]}]},{\"@type\":\"ImageObject\",\"inLanguage\":\"de\",\"@id\":\"https:\/\/weltlaeden.de\/badwildungen\/silberschmuck-pakilia\/#primaryimage\",\"url\":\"https:\/\/weltlaeden.de\/badwildungen\/wp-content\/uploads\/sites\/113\/2020\/01\/pakilia4.jpg\",\"contentUrl\":\"https:\/\/weltlaeden.de\/badwildungen\/wp-content\/uploads\/sites\/113\/2020\/01\/pakilia4.jpg\",\"width\":149,\"height\":61},{\"@type\":\"BreadcrumbList\",\"@id\":\"https:\/\/weltlaeden.de\/badwildungen\/silberschmuck-pakilia\/#breadcrumb\",\"itemListElement\":[{\"@type\":\"ListItem\",\"position\":1,\"name\":\"Startseite\",\"item\":\"https:\/\/weltlaeden.de\/badwildungen\/\"},{\"@type\":\"ListItem\",\"position\":2,\"name\":\"Silberschmuck Pakilia\"}]},{\"@type\":\"WebSite\",\"@id\":\"https:\/\/weltlaeden.de\/badwildungen\/#website\",\"url\":\"https:\/\/weltlaeden.de\/badwildungen\/\",\"name\":\"Weltladen Bad Wildungen\",\"description\":\"Faire Produkte seit 1990\",\"potentialAction\":[{\"@type\":\"SearchAction\",\"target\":{\"@type\":\"EntryPoint\",\"urlTemplate\":\"https:\/\/weltlaeden.de\/badwildungen\/?s={search_term_string}\"},\"query-input\":{\"@type\":\"PropertyValueSpecification\",\"valueRequired\":true,\"valueName\":\"search_term_string\"}}],\"inLanguage\":\"de\"}]}<\/script>\n<!-- \/ Yoast SEO plugin. -->","yoast_head_json":{"title":"Silberschmuck Pakilia - Weltladen Bad Wildungen","robots":{"index":"index","follow":"follow","max-snippet":"max-snippet:-1","max-image-preview":"max-image-preview:large","max-video-preview":"max-video-preview:-1"},"canonical":"https:\/\/weltlaeden.de\/badwildungen\/silberschmuck-pakilia\/","og_locale":"de_DE","og_type":"article","og_title":"Silberschmuck Pakilia - Weltladen Bad Wildungen","og_description":"Projektbeispiele &nbsp; Silberschmuck Projekt Pakilia Pakilia ist ein vom Weltladendachverband anerkanntes faires Handelsunternehmen. Das Unternehmen vertreibt Silberschmuck, den es in Taxco\/ Mexiko direkt von Silberschmieden zu fairen Preisen aufkauft und dann, ohne weitere Zwischenh\u00e4ndler, hier in Deutschland weiterverkauft, direkt oder \u00fcber Weltl\u00e4den. Das Engagement dieses jungen Startup Unternehmens zielt auch darauf ab, dass eine jahrhundertalte&hellip;","og_url":"https:\/\/weltlaeden.de\/badwildungen\/silberschmuck-pakilia\/","og_site_name":"Weltladen Bad Wildungen","article_modified_time":"2020-02-05T15:59:10+00:00","og_image":[{"url":"https:\/\/weltlaeden.de\/badwildungen\/wp-content\/uploads\/sites\/113\/2020\/02\/pakilia5.jpg","type":"","width":"","height":""}],"twitter_card":"summary_large_image","twitter_misc":{"Gesch\u00e4tzte Lesezeit":"3\u00a0Minuten"},"schema":{"@context":"https:\/\/schema.org","@graph":[{"@type":"WebPage","@id":"https:\/\/weltlaeden.de\/badwildungen\/silberschmuck-pakilia\/","url":"https:\/\/weltlaeden.de\/badwildungen\/silberschmuck-pakilia\/","name":"Silberschmuck Pakilia - Weltladen Bad Wildungen","isPartOf":{"@id":"https:\/\/weltlaeden.de\/badwildungen\/#website"},"primaryImageOfPage":{"@id":"https:\/\/weltlaeden.de\/badwildungen\/silberschmuck-pakilia\/#primaryimage"},"image":{"@id":"https:\/\/weltlaeden.de\/badwildungen\/silberschmuck-pakilia\/#primaryimage"},"thumbnailUrl":"https:\/\/weltlaeden.de\/badwildungen\/wp-content\/uploads\/sites\/113\/2020\/01\/pakilia4.jpg","datePublished":"2020-01-29T17:58:40+00:00","dateModified":"2020-02-05T15:59:10+00:00","breadcrumb":{"@id":"https:\/\/weltlaeden.de\/badwildungen\/silberschmuck-pakilia\/#breadcrumb"},"inLanguage":"de","potentialAction":[{"@type":"ReadAction","target":["https:\/\/weltlaeden.de\/badwildungen\/silberschmuck-pakilia\/"]}]},{"@type":"ImageObject","inLanguage":"de","@id":"https:\/\/weltlaeden.de\/badwildungen\/silberschmuck-pakilia\/#primaryimage","url":"https:\/\/weltlaeden.de\/badwildungen\/wp-content\/uploads\/sites\/113\/2020\/01\/pakilia4.jpg","contentUrl":"https:\/\/weltlaeden.de\/badwildungen\/wp-content\/uploads\/sites\/113\/2020\/01\/pakilia4.jpg","width":149,"height":61},{"@type":"BreadcrumbList","@id":"https:\/\/weltlaeden.de\/badwildungen\/silberschmuck-pakilia\/#breadcrumb","itemListElement":[{"@type":"ListItem","position":1,"name":"Startseite","item":"https:\/\/weltlaeden.de\/badwildungen\/"},{"@type":"ListItem","position":2,"name":"Silberschmuck Pakilia"}]},{"@type":"WebSite","@id":"https:\/\/weltlaeden.de\/badwildungen\/#website","url":"https:\/\/weltlaeden.de\/badwildungen\/","name":"Weltladen Bad Wildungen","description":"Faire Produkte seit 1990","potentialAction":[{"@type":"SearchAction","target":{"@type":"EntryPoint","urlTemplate":"https:\/\/weltlaeden.de\/badwildungen\/?s={search_term_string}"},"query-input":{"@type":"PropertyValueSpecification","valueRequired":true,"valueName":"search_term_string"}}],"inLanguage":"de"}]}},"_links":{"self":[{"href":"https:\/\/weltlaeden.de\/badwildungen\/wp-json\/wp\/v2\/pages\/958","targetHints":{"allow":["GET"]}}],"collection":[{"href":"https:\/\/weltlaeden.de\/badwildungen\/wp-json\/wp\/v2\/pages"}],"about":[{"href":"https:\/\/weltlaeden.de\/badwildungen\/wp-json\/wp\/v2\/types\/page"}],"author":[{"embeddable":true,"href":"https:\/\/weltlaeden.de\/badwildungen\/wp-json\/wp\/v2\/users\/174"}],"replies":[{"embeddable":true,"href":"https:\/\/weltlaeden.de\/badwildungen\/wp-json\/wp\/v2\/comments?post=958"}],"version-history":[{"count":61,"href":"https:\/\/weltlaeden.de\/badwildungen\/wp-json\/wp\/v2\/pages\/958\/revisions"}],"predecessor-version":[{"id":1253,"href":"https:\/\/weltlaeden.de\/badwildungen\/wp-json\/wp\/v2\/pages\/958\/revisions\/1253"}],"wp:attachment":[{"href":"https:\/\/weltlaeden.de\/badwildungen\/wp-json\/wp\/v2\/media?parent=958"}],"curies":[{"name":"wp","href":"https:\/\/api.w.org\/{rel}","templated":true}]}}