{"id":934,"date":"2020-01-29T17:59:20","date_gmt":"2020-01-29T16:59:20","guid":{"rendered":"https:\/\/weltlaeden.de\/badwildungen\/?page_id=934"},"modified":"2020-02-05T17:10:43","modified_gmt":"2020-02-05T16:10:43","slug":"preda-projekt","status":"publish","type":"page","link":"https:\/\/weltlaeden.de\/badwildungen\/preda-projekt\/","title":{"rendered":"Preda-Projekt"},"content":{"rendered":"<h1>Projektbeispiele<\/h1>\n<h3><\/h3>\n<h2>Das Preda-Projekt<\/h2>\n<p>Preda ist eine Kinderschutzorganisation auf den Philippinen, die einen Fairen Handel mit Mangos betreibt. Gegr\u00fcndet wurde die Organisation \u00a0vor ca.40 Jahren von dem irischen \u00a0Pater Shay Cullen.<\/p>\n<p>&nbsp;<\/p>\n<p>&nbsp;<\/p>\n<p><img loading=\"lazy\" decoding=\"async\" class=\"alignnone size-medium wp-image-1080\" src=\"https:\/\/weltlaeden.de\/badwildungen\/wp-content\/uploads\/sites\/113\/2020\/02\/Unbenannt-300x211.png\" alt=\"\" width=\"300\" height=\"211\" srcset=\"https:\/\/weltlaeden.de\/badwildungen\/wp-content\/uploads\/sites\/113\/2020\/02\/Unbenannt-300x211.png 300w, https:\/\/weltlaeden.de\/badwildungen\/wp-content\/uploads\/sites\/113\/2020\/02\/Unbenannt.png 468w\" sizes=\"auto, (max-width: 300px) 100vw, 300px\" \/>\u00a0 \u00a0 \u00a0 \u00a0 \u00a0 \u00a0\u00a0<strong>\u00a0<img loading=\"lazy\" decoding=\"async\" class=\"alignnone wp-image-833\" src=\"https:\/\/weltlaeden.de\/badwildungen\/wp-content\/uploads\/sites\/113\/2019\/12\/Bildschirmfoto-2019-12-09-um-23.26.29-300x255.png\" alt=\"\" width=\"246\" height=\"209\" srcset=\"https:\/\/weltlaeden.de\/badwildungen\/wp-content\/uploads\/sites\/113\/2019\/12\/Bildschirmfoto-2019-12-09-um-23.26.29-300x255.png 300w, https:\/\/weltlaeden.de\/badwildungen\/wp-content\/uploads\/sites\/113\/2019\/12\/Bildschirmfoto-2019-12-09-um-23.26.29.png 552w\" sizes=\"auto, (max-width: 246px) 100vw, 246px\" \/><\/strong><\/p>\n<p><strong>\u00a0<\/strong><\/p>\n<h2><\/h2>\n<h2><\/h2>\n<h2>Durch die Zahlung fairer Preise an Kleinbauern- Kooperativen kann \u00a0Preda Perspektiven auf dem Land schaffen und den Kreislauf der Armut unterbrechen:<\/h2>\n<p>Weitabgelegene D\u00f6rfer mit einem Schatz an gro\u00dfen Mangob\u00e4umen haben keinen direkten Zugang\u00a0 zu gr\u00f6\u00dferen M\u00e4rkten und sind dadurch von\u00a0 Zwischenh\u00e4ndlern abh\u00e4ngig, die oft nur Dumping Preise zahlen. Manchmal lie\u00dfen die Bauern ihre Mangos auf den B\u00e4umen verfaulen, weil die Ernte sich nicht lohnte. Die einsetzende Landflucht endete f\u00fcr die meisten in den Slums von Manila, f\u00fcr Kinder oft auf der Stra\u00dfe, in Gef\u00e4ngnissen oder in der Zwangsprostitution.<\/p>\n<p>&nbsp;<\/p>\n<p>&nbsp;<\/p>\n<p style=\"text-align: center\"><img loading=\"lazy\" decoding=\"async\" class=\" wp-image-894 alignleft\" src=\"https:\/\/weltlaeden.de\/badwildungen\/wp-content\/uploads\/sites\/113\/2020\/01\/preda1.jpg\" alt=\"\" width=\"273\" height=\"273\" \/>\u00a0\u00a0<img loading=\"lazy\" decoding=\"async\" class=\"wp-image-900 alignnone\" src=\"https:\/\/weltlaeden.de\/badwildungen\/wp-content\/uploads\/sites\/113\/2020\/01\/preda7.jpg\" alt=\"\" width=\"273\" height=\"273\" \/><\/p>\n<p>&nbsp;<\/p>\n<h2>Preda benutzt den Erl\u00f6s aus dem Fairen Handel mit Mangos zur Finanzierung seiner Sozialprogramme f\u00fcr Kinder:<\/h2>\n<p>Stra\u00dfenkinder, vor allem Jungen, werden vor Todeskommandos gerettet, bzw. aus Gef\u00e4ngnissen geholt und M\u00e4dchen aus Bordellen befreit. Sie erhalten\u00a0 Betreuung und Ausbildung in handwerklichen und landwirtschaftlichen Projekten und damit eine Lebensperspektive.<\/p>\n<p>&nbsp;<\/p>\n<h2>Um mehr \u00fcber dieses Projekt zu erfahren, empfehlen wir den Film mit den Tatort-Kommissaren Dietmar B\u00e4r und Klaus J. Behrendt.\u00a0<em>Film ansehen&#8230;<a style=\"color: #ff0000\" href=\"https:\/\/www.youtube.com\/watch?v=9m00uT4agl0\">Film<\/a><\/em><\/h2>\n<p>&nbsp;<\/p>\n","protected":false},"excerpt":{"rendered":"<p>Projektbeispiele Das Preda-Projekt Preda ist eine Kinderschutzorganisation auf den Philippinen, die einen Fairen Handel mit Mangos betreibt. Gegr\u00fcndet wurde die Organisation \u00a0vor ca.40 Jahren von dem irischen \u00a0Pater Shay Cullen. &nbsp; &nbsp; \u00a0 \u00a0 \u00a0 \u00a0 \u00a0 \u00a0\u00a0\u00a0 \u00a0 Durch die Zahlung fairer Preise an Kleinbauern- Kooperativen kann \u00a0Preda Perspektiven auf dem Land schaffen und&hellip;<\/p>\n","protected":false},"author":174,"featured_media":0,"parent":0,"menu_order":6,"comment_status":"closed","ping_status":"closed","template":"","meta":{"footnotes":""},"class_list":["post-934","page","type-page","status-publish","hentry","description-off"],"yoast_head":"<!-- This site is optimized with the Yoast SEO plugin v26.8 - https:\/\/yoast.com\/product\/yoast-seo-wordpress\/ -->\n<title>Preda-Projekt - Weltladen Bad Wildungen<\/title>\n<meta name=\"robots\" content=\"index, follow, max-snippet:-1, max-image-preview:large, max-video-preview:-1\" \/>\n<link rel=\"canonical\" href=\"https:\/\/weltlaeden.de\/badwildungen\/preda-projekt\/\" \/>\n<meta property=\"og:locale\" content=\"de_DE\" \/>\n<meta property=\"og:type\" content=\"article\" \/>\n<meta property=\"og:title\" content=\"Preda-Projekt - Weltladen Bad Wildungen\" \/>\n<meta property=\"og:description\" content=\"Projektbeispiele Das Preda-Projekt Preda ist eine Kinderschutzorganisation auf den Philippinen, die einen Fairen Handel mit Mangos betreibt. Gegr\u00fcndet wurde die Organisation \u00a0vor ca.40 Jahren von dem irischen \u00a0Pater Shay Cullen. &nbsp; &nbsp; \u00a0 \u00a0 \u00a0 \u00a0 \u00a0 \u00a0\u00a0\u00a0 \u00a0 Durch die Zahlung fairer Preise an Kleinbauern- Kooperativen kann \u00a0Preda Perspektiven auf dem Land schaffen und&hellip;\" \/>\n<meta property=\"og:url\" content=\"https:\/\/weltlaeden.de\/badwildungen\/preda-projekt\/\" \/>\n<meta property=\"og:site_name\" content=\"Weltladen Bad Wildungen\" \/>\n<meta property=\"article:modified_time\" content=\"2020-02-05T16:10:43+00:00\" \/>\n<meta property=\"og:image\" content=\"https:\/\/weltlaeden.de\/badwildungen\/wp-content\/uploads\/sites\/113\/2020\/02\/Unbenannt-300x211.png\" \/>\n<meta name=\"twitter:card\" content=\"summary_large_image\" \/>\n<meta name=\"twitter:label1\" content=\"Gesch\u00e4tzte Lesezeit\" \/>\n\t<meta name=\"twitter:data1\" content=\"1\u00a0Minute\" \/>\n<script type=\"application\/ld+json\" class=\"yoast-schema-graph\">{\"@context\":\"https:\/\/schema.org\",\"@graph\":[{\"@type\":\"WebPage\",\"@id\":\"https:\/\/weltlaeden.de\/badwildungen\/preda-projekt\/\",\"url\":\"https:\/\/weltlaeden.de\/badwildungen\/preda-projekt\/\",\"name\":\"Preda-Projekt - Weltladen Bad Wildungen\",\"isPartOf\":{\"@id\":\"https:\/\/weltlaeden.de\/badwildungen\/#website\"},\"primaryImageOfPage\":{\"@id\":\"https:\/\/weltlaeden.de\/badwildungen\/preda-projekt\/#primaryimage\"},\"image\":{\"@id\":\"https:\/\/weltlaeden.de\/badwildungen\/preda-projekt\/#primaryimage\"},\"thumbnailUrl\":\"https:\/\/weltlaeden.de\/badwildungen\/wp-content\/uploads\/sites\/113\/2020\/02\/Unbenannt-300x211.png\",\"datePublished\":\"2020-01-29T16:59:20+00:00\",\"dateModified\":\"2020-02-05T16:10:43+00:00\",\"breadcrumb\":{\"@id\":\"https:\/\/weltlaeden.de\/badwildungen\/preda-projekt\/#breadcrumb\"},\"inLanguage\":\"de\",\"potentialAction\":[{\"@type\":\"ReadAction\",\"target\":[\"https:\/\/weltlaeden.de\/badwildungen\/preda-projekt\/\"]}]},{\"@type\":\"ImageObject\",\"inLanguage\":\"de\",\"@id\":\"https:\/\/weltlaeden.de\/badwildungen\/preda-projekt\/#primaryimage\",\"url\":\"https:\/\/weltlaeden.de\/badwildungen\/wp-content\/uploads\/sites\/113\/2020\/02\/Unbenannt.png\",\"contentUrl\":\"https:\/\/weltlaeden.de\/badwildungen\/wp-content\/uploads\/sites\/113\/2020\/02\/Unbenannt.png\",\"width\":468,\"height\":329,\"caption\":\"Rosenschmuck\"},{\"@type\":\"BreadcrumbList\",\"@id\":\"https:\/\/weltlaeden.de\/badwildungen\/preda-projekt\/#breadcrumb\",\"itemListElement\":[{\"@type\":\"ListItem\",\"position\":1,\"name\":\"Startseite\",\"item\":\"https:\/\/weltlaeden.de\/badwildungen\/\"},{\"@type\":\"ListItem\",\"position\":2,\"name\":\"Preda-Projekt\"}]},{\"@type\":\"WebSite\",\"@id\":\"https:\/\/weltlaeden.de\/badwildungen\/#website\",\"url\":\"https:\/\/weltlaeden.de\/badwildungen\/\",\"name\":\"Weltladen Bad Wildungen\",\"description\":\"Faire Produkte seit 1990\",\"potentialAction\":[{\"@type\":\"SearchAction\",\"target\":{\"@type\":\"EntryPoint\",\"urlTemplate\":\"https:\/\/weltlaeden.de\/badwildungen\/?s={search_term_string}\"},\"query-input\":{\"@type\":\"PropertyValueSpecification\",\"valueRequired\":true,\"valueName\":\"search_term_string\"}}],\"inLanguage\":\"de\"}]}<\/script>\n<!-- \/ Yoast SEO plugin. -->","yoast_head_json":{"title":"Preda-Projekt - Weltladen Bad Wildungen","robots":{"index":"index","follow":"follow","max-snippet":"max-snippet:-1","max-image-preview":"max-image-preview:large","max-video-preview":"max-video-preview:-1"},"canonical":"https:\/\/weltlaeden.de\/badwildungen\/preda-projekt\/","og_locale":"de_DE","og_type":"article","og_title":"Preda-Projekt - Weltladen Bad Wildungen","og_description":"Projektbeispiele Das Preda-Projekt Preda ist eine Kinderschutzorganisation auf den Philippinen, die einen Fairen Handel mit Mangos betreibt. Gegr\u00fcndet wurde die Organisation \u00a0vor ca.40 Jahren von dem irischen \u00a0Pater Shay Cullen. &nbsp; &nbsp; \u00a0 \u00a0 \u00a0 \u00a0 \u00a0 \u00a0\u00a0\u00a0 \u00a0 Durch die Zahlung fairer Preise an Kleinbauern- Kooperativen kann \u00a0Preda Perspektiven auf dem Land schaffen und&hellip;","og_url":"https:\/\/weltlaeden.de\/badwildungen\/preda-projekt\/","og_site_name":"Weltladen Bad Wildungen","article_modified_time":"2020-02-05T16:10:43+00:00","og_image":[{"url":"https:\/\/weltlaeden.de\/badwildungen\/wp-content\/uploads\/sites\/113\/2020\/02\/Unbenannt-300x211.png","type":"","width":"","height":""}],"twitter_card":"summary_large_image","twitter_misc":{"Gesch\u00e4tzte Lesezeit":"1\u00a0Minute"},"schema":{"@context":"https:\/\/schema.org","@graph":[{"@type":"WebPage","@id":"https:\/\/weltlaeden.de\/badwildungen\/preda-projekt\/","url":"https:\/\/weltlaeden.de\/badwildungen\/preda-projekt\/","name":"Preda-Projekt - Weltladen Bad Wildungen","isPartOf":{"@id":"https:\/\/weltlaeden.de\/badwildungen\/#website"},"primaryImageOfPage":{"@id":"https:\/\/weltlaeden.de\/badwildungen\/preda-projekt\/#primaryimage"},"image":{"@id":"https:\/\/weltlaeden.de\/badwildungen\/preda-projekt\/#primaryimage"},"thumbnailUrl":"https:\/\/weltlaeden.de\/badwildungen\/wp-content\/uploads\/sites\/113\/2020\/02\/Unbenannt-300x211.png","datePublished":"2020-01-29T16:59:20+00:00","dateModified":"2020-02-05T16:10:43+00:00","breadcrumb":{"@id":"https:\/\/weltlaeden.de\/badwildungen\/preda-projekt\/#breadcrumb"},"inLanguage":"de","potentialAction":[{"@type":"ReadAction","target":["https:\/\/weltlaeden.de\/badwildungen\/preda-projekt\/"]}]},{"@type":"ImageObject","inLanguage":"de","@id":"https:\/\/weltlaeden.de\/badwildungen\/preda-projekt\/#primaryimage","url":"https:\/\/weltlaeden.de\/badwildungen\/wp-content\/uploads\/sites\/113\/2020\/02\/Unbenannt.png","contentUrl":"https:\/\/weltlaeden.de\/badwildungen\/wp-content\/uploads\/sites\/113\/2020\/02\/Unbenannt.png","width":468,"height":329,"caption":"Rosenschmuck"},{"@type":"BreadcrumbList","@id":"https:\/\/weltlaeden.de\/badwildungen\/preda-projekt\/#breadcrumb","itemListElement":[{"@type":"ListItem","position":1,"name":"Startseite","item":"https:\/\/weltlaeden.de\/badwildungen\/"},{"@type":"ListItem","position":2,"name":"Preda-Projekt"}]},{"@type":"WebSite","@id":"https:\/\/weltlaeden.de\/badwildungen\/#website","url":"https:\/\/weltlaeden.de\/badwildungen\/","name":"Weltladen Bad Wildungen","description":"Faire Produkte seit 1990","potentialAction":[{"@type":"SearchAction","target":{"@type":"EntryPoint","urlTemplate":"https:\/\/weltlaeden.de\/badwildungen\/?s={search_term_string}"},"query-input":{"@type":"PropertyValueSpecification","valueRequired":true,"valueName":"search_term_string"}}],"inLanguage":"de"}]}},"_links":{"self":[{"href":"https:\/\/weltlaeden.de\/badwildungen\/wp-json\/wp\/v2\/pages\/934","targetHints":{"allow":["GET"]}}],"collection":[{"href":"https:\/\/weltlaeden.de\/badwildungen\/wp-json\/wp\/v2\/pages"}],"about":[{"href":"https:\/\/weltlaeden.de\/badwildungen\/wp-json\/wp\/v2\/types\/page"}],"author":[{"embeddable":true,"href":"https:\/\/weltlaeden.de\/badwildungen\/wp-json\/wp\/v2\/users\/174"}],"replies":[{"embeddable":true,"href":"https:\/\/weltlaeden.de\/badwildungen\/wp-json\/wp\/v2\/comments?post=934"}],"version-history":[{"count":21,"href":"https:\/\/weltlaeden.de\/badwildungen\/wp-json\/wp\/v2\/pages\/934\/revisions"}],"predecessor-version":[{"id":1260,"href":"https:\/\/weltlaeden.de\/badwildungen\/wp-json\/wp\/v2\/pages\/934\/revisions\/1260"}],"wp:attachment":[{"href":"https:\/\/weltlaeden.de\/badwildungen\/wp-json\/wp\/v2\/media?parent=934"}],"curies":[{"name":"wp","href":"https:\/\/api.w.org\/{rel}","templated":true}]}}