{"id":482,"date":"2019-11-14T15:02:14","date_gmt":"2019-11-14T14:02:14","guid":{"rendered":"https:\/\/weltlaeden.de\/badwildungen\/?page_id=482"},"modified":"2024-02-17T17:27:42","modified_gmt":"2024-02-17T16:27:42","slug":"lieferkettengesetz","status":"publish","type":"page","link":"https:\/\/weltlaeden.de\/badwildungen\/lieferkettengesetz\/","title":{"rendered":"Lieferkettengesetz"},"content":{"rendered":"<h2 id=\"page-title\" class=\"title\">Das deutsche Lieferkettengesetz ist in Kraft getreten &#8211; Eine Erfolgsgeschichte beim Kampf f\u00fcr Menschenrechte<\/h2>\n<div>\n<div class=\"field field-name-field-teaser field-type-text-long field-label-hidden\">\n<div class=\"field-items\">\n<div class=\"field-item even\">Jahrelang haben die Weltl\u00e4den und andere Organisationen mit der<a href=\"https:\/\/www.weltladen.de\/politik-veraendern\/initiative-lieferkettengesetz\/\"> Intiative Lieferkettengesetz<\/a> daf\u00fcr gek\u00e4mpft, nun ist es endlich durch den Bundestag: Das Lieferkettengesetz. Es steht, trotz aller gebotenen Kritik, f\u00fcr einen grundlegenden Paradigmenwechsel<\/div>\n<\/div>\n<\/div>\n<\/div>\n<p>Der Gesetzgeber hat das Lieferkettengesetz am 11.6.2021 verabschiedet, es ist seit dem 1. Januar 2023 in Kraft. Ab 2023 sind nun Unternehmen mit mehr als 3.000 Mitarbeiterinnen und Mitarbeitern \u2013\u00a0 rund 900 Unternehmen in Deutschland \u2013 gesetzlich verpflichtet, bei sich und ihren Lieferanten zu pr\u00fcfen, ob Menschenrechtsverst\u00f6\u00dfe vorliegen und gegebenenfalls Vermeidungs- und Abhilfema\u00dfnahmen durchzuf\u00fchren. Wenn sie das nicht tun, drohen im Einzelfall Bu\u00dfgelder in nicht geringer H\u00f6he, n\u00e4mlich bis zu zwei Prozent des Jahresumsatzes. Das kann bei milliardenschweren Unternehmen durchaus ein stattlicher Betrag sein.<\/p>\n<p>Ebenso m\u00fcssen <span class=\"ILfuVd\" lang=\"de\"><span class=\"hgKElc\">Unternehmen mit Sitz in Deutschland darauf achten, dass ihre Lieferanten weltweit Umweltstandards einhalten.<\/span><\/span><\/p>\n<p>Das ist ein echter Erfolg beim Einsatz f\u00fcr Menschenrechte und Umweltschutz in der Wirtschaft, weil es eine Abkehr vom Prinzip der Freiwilligkeit bedeutet. Im Vorfeld der Verabschiedung hatten Lobbyverb\u00e4nde wieder und wieder versucht, die von den Ministern der ehemaligen Koalition Heil und M\u00fcller im M\u00e4rz 2020 vorgeschlagenen Gesetzeseckpunkte zu verw\u00e4ssern.<\/p>\n<p>Kurzbewertung:<\/p>\n<p>positiv: Die Sorgfaltspflichten des Unternehmens erstrecken sich nun auch auf dessen T\u00f6chter.<\/p>\n<p>negativ: Im Gesetz finden sich keine zivilrechtlichen Haftungsanspr\u00fcche.<\/p>\n<p>mehr lesen:<\/p>\n<p><a href=\"https:\/\/www.weltladen.de\/politik-veraendern\/initiative-lieferkettengesetz\/\">https:\/\/www.weltladen.de\/politik-veraendern\/initiative-lieferkettengesetz\/<\/a><\/p>\n<p><a href=\"https:\/\/www.forum-fairer-handel.de\/blog\/artikel\/endlich-beschlossen-das-lieferkettengesetz\">Geschichte und Bewertung des Lieferkettengesetzes<\/a><\/p>\n<h2>Warum ist das Lieferkettengesetz so wichtig?<\/h2>\n<p><a href=\"https:\/\/weltlaeden.de\/badwildungen\/fallbeispiele\/\">Lieferkettengesetz \u2013 Fallbeispiele<\/a><\/p>\n<p>&nbsp;<\/p>\n<h2>Der Kampf geht weiter &#8211; f\u00fcr ein starkes Lieferkettengesetz in Europa<\/h2>\n<p>In diesem Jahr (2023) wird aber auch auf europ\u00e4ischer Ebene entschieden, ob der Schutz von Umwelt und Menschrechten in Wertsch\u00f6pfungsketten gesetzlich verankert wird. Denn dort wird dieses Jahr \u00fcber einen Entwurf f\u00fcr ein EU-Lieferkettengesetz abgestimmt.Nachdem die EU-Kommission und der EU-Rat bereits ihre Position abgegeben haben, wird aktuell im Europ\u00e4ischen Parlament in den verschiedenen Aussch\u00fcssen verhandelt. Voraussichtlich im Mai soll das Parlament seine Position abgeben. Auch hier drohen Lobbyverb\u00e4nde das im Gesetz geplante Prinzip zivilrechtlicher Haftung einzuschr\u00e4nken.<\/p>\n<p>Unter dem Dach der Initiative Lieferkettengesetz machen viele Organsationen mobil f\u00fcr ein starkes Lieferkettengesetz in Europa. Im November 2022 \u00fcbergaben Aktivistinnen und Aktivisten der Initiative eine <a href=\"https:\/\/www.oxfam.de\/ueber-uns\/aktuelles\/90000-menschen-fordern-starkes-eu-lieferkettengesetz\">Petition mit 90 000 Unterschriften<\/a> an Bundeskanzler Olaf Scholz. Mit einem <a href=\"https:\/\/lieferkettengesetz.de\/2023\/01\/19\/offener-brief-an-axel-voss\/\" target=\"_blank\" rel=\"noopener\">offenen Brief<\/a> wendet sich die Initiative Lieferkettengesetz, der der Weltladen-Dachverband angeh\u00f6rt, aktuell an EU-Abgeordnete mit der Forderung, sich f\u00fcr ein wirksames EU-Lieferkettengesetz einzusetzen.<\/p>\n<p>mehr lesen: <a href=\"https:\/\/lieferkettengesetz.de\/\">Lieferkettengesetz in Europa<\/a><\/p>\n<p>Das EU-Parlament hat dem noch versch\u00e4rften Richtlinienentwurf am 1.6.23 zugestimmt. Im Trilog mit dem EU-Rat und der EU-Kommission wird jetzt die endg\u00fcltige Ausgestaltung des EU-Lieferkettengesetzes verhandelt.<\/p>\n<p>Der Entwurf sieht Folgendes vor:<\/p>\n<ul class=\"ep_list\">\n<li>\n<div class=\"ep-p_text\"><span class=\"ep_name\">Sorgfaltspflicht muss in die Unternehmensf\u00fchrung integriert werden<\/span><\/div>\n<\/li>\n<li>\n<div class=\"ep-p_text\"><span class=\"ep_name\">Bek\u00e4mpfung von Kinderarbeit, Sklaverei, Ausbeutung von Arbeitskr\u00e4ften, Umweltverschmutzung, Umweltzerst\u00f6rung und Verlust der biologischen Vielfalt<\/span><\/div>\n<\/li>\n<li>\n<div class=\"ep-p_text\"><span class=\"ep_name\">Geldstrafen von mindestens 5 % des weltweiten Nettoumsatzes eines Unternehmens bei Nichteinhaltung<\/span><\/div>\n<\/li>\n<\/ul>\n<p>F\u00fcr weitere Informationen <a href=\"https:\/\/www.europarl.europa.eu\/news\/de\/press-room\/20230524IPR91907\/lieferketten-unternehmen-sollen-menschenrechte-und-umweltnormen-berucksichtigen\">https:\/\/www.europarl.europa.eu\/news\/de\/press-room\/20230524IPR91907\/lieferketten-unternehmen-sollen-<\/a><\/p>\n<p><a href=\"https:\/\/www.verdi.de\/themen\/internationales\/initiative-lieferkettengesetz\">https:\/\/www.verdi.de\/themen\/internationales\/initiative-lieferkettengesetz<\/a><span style=\"color: #ff0000\"><strong>\u00a0<\/strong><\/span><\/p>\n<p>&nbsp;<\/p>\n<p>Am 12.2.24 sollte eigentlich der im Trilog ausverhandelte Entwurf des Lieferkettengesetzes im Rat der EU-Mitgliedstaaten beschlossen werden. Die Zustimmung galt nur noch als Formsache. Die FDP gr\u00e4tschte allerdings &#8211; wieder mal &#8211; dazwischen. Bundesjustizminister Marco Buschmann (FDP) k\u00fcndigte seine Ablehnung des EU-Gesetzes an und appellierte auch an seine Kollegen, dem bereits vereinbarten Gesetz die Zustimmung zu entziehen. Dies h\u00e4tte bei der geplanten Abstimmung zu einer Enthaltung Deutschlands gef\u00fchrt mit verheerender Au\u00dfenwirkung. Die finale Abstimmung zum EU-Lieferkettengesetz im Rat der EU-Mitgliedsstaaten wurde daraufhin kurzfristig verschoben. Die FDP erkl\u00e4rte ihre Blockadehaltung trotz der \u00dcberarbeitung des Entwurfs durch Arbeitsminister Heil in letzter Minute mit unverh\u00e4ltnism\u00e4\u00dfigen Berichtspflichten und einer \u00dcberforderung vieler Unternehmen durch zu viel B\u00fcrokratie.Die EU-Abgeordnete Anna Cavazzini, Vorsitzende des Ausschusses f\u00fcr Binnenmarkt und Verbraucherschutz im Europaparlament, kritisierte, dass die FDP\u00a0 nicht nur Deutschland zu einer Enthaltung gezwungen, sondern auch auf andere L\u00e4nder Druck ausge\u00fcbt habe, dem EU-Lieferkettengesetz ebenfalls nicht zuzustimmen. Die Koalitionspartner sowie viele NGOs kritisierten die Blockadehaltung der FDP und Anna-Lena Bearbock beklagt den dadurch entstandenen Vertrauensverlust.<\/p>\n<div class=\"bbqjgdv c10o8fzf\">\n<div class=\"r80o15e\"><\/div>\n<\/div>\n<p><a href=\"https:\/\/www.tagesschau.de\/inland\/innenpolitik\/analyse-neinsager-fdp-100.html\">https:\/\/www.tagesschau.de\/inland\/innenpolitik\/analyse-neinsager-fdp-100.html<\/a><\/p>\n<p><a href=\"https:\/\/www.zdf.de\/nachrichten\/politik\/ausland\/eu-lieferkettengesetz-fdp-blockade-100.html\">https:\/\/www.zdf.de\/nachrichten\/politik\/ausland\/eu-lieferkettengesetz-fdp-blockade-100.html<\/a><\/p>\n<p><a href=\"https:\/\/www.tagesschau.de\/ausland\/eu-lieferkettengesetz-abstimmung-100.html\">https:\/\/www.tagesschau.de\/ausland\/eu-lieferkettengesetz-abstimmung-100.html<\/a><\/p>\n<p><a href=\"https:\/\/lieferkettengesetz.de\/aktuelles\/\">https:\/\/lieferkettengesetz.de\/aktuelles\/<\/a><\/p>\n","protected":false},"excerpt":{"rendered":"<p>Das deutsche Lieferkettengesetz ist in Kraft getreten &#8211; Eine Erfolgsgeschichte beim Kampf f\u00fcr Menschenrechte Jahrelang haben die Weltl\u00e4den und andere Organisationen mit der Intiative Lieferkettengesetz daf\u00fcr gek\u00e4mpft, nun ist es endlich durch den Bundestag: Das Lieferkettengesetz. Es steht, trotz aller gebotenen Kritik, f\u00fcr einen grundlegenden Paradigmenwechsel Der Gesetzgeber hat das Lieferkettengesetz am 11.6.2021 verabschiedet, es&hellip;<\/p>\n","protected":false},"author":174,"featured_media":0,"parent":0,"menu_order":4,"comment_status":"closed","ping_status":"closed","template":"","meta":{"footnotes":""},"class_list":["post-482","page","type-page","status-publish","hentry","description-off"],"yoast_head":"<!-- This site is optimized with the Yoast SEO plugin v26.8 - https:\/\/yoast.com\/product\/yoast-seo-wordpress\/ -->\n<title>Lieferkettengesetz - Weltladen Bad Wildungen<\/title>\n<meta name=\"robots\" content=\"index, follow, max-snippet:-1, max-image-preview:large, max-video-preview:-1\" \/>\n<link rel=\"canonical\" href=\"https:\/\/weltlaeden.de\/badwildungen\/lieferkettengesetz\/\" \/>\n<meta property=\"og:locale\" content=\"de_DE\" \/>\n<meta property=\"og:type\" content=\"article\" \/>\n<meta property=\"og:title\" content=\"Lieferkettengesetz - Weltladen Bad Wildungen\" \/>\n<meta property=\"og:description\" content=\"Das deutsche Lieferkettengesetz ist in Kraft getreten &#8211; Eine Erfolgsgeschichte beim Kampf f\u00fcr Menschenrechte Jahrelang haben die Weltl\u00e4den und andere Organisationen mit der Intiative Lieferkettengesetz daf\u00fcr gek\u00e4mpft, nun ist es endlich durch den Bundestag: Das Lieferkettengesetz. Es steht, trotz aller gebotenen Kritik, f\u00fcr einen grundlegenden Paradigmenwechsel Der Gesetzgeber hat das Lieferkettengesetz am 11.6.2021 verabschiedet, es&hellip;\" \/>\n<meta property=\"og:url\" content=\"https:\/\/weltlaeden.de\/badwildungen\/lieferkettengesetz\/\" \/>\n<meta property=\"og:site_name\" content=\"Weltladen Bad Wildungen\" \/>\n<meta property=\"article:modified_time\" content=\"2024-02-17T16:27:42+00:00\" \/>\n<meta name=\"twitter:card\" content=\"summary_large_image\" \/>\n<meta name=\"twitter:label1\" content=\"Gesch\u00e4tzte Lesezeit\" \/>\n\t<meta name=\"twitter:data1\" content=\"4\u00a0Minuten\" \/>\n<script type=\"application\/ld+json\" class=\"yoast-schema-graph\">{\"@context\":\"https:\/\/schema.org\",\"@graph\":[{\"@type\":\"WebPage\",\"@id\":\"https:\/\/weltlaeden.de\/badwildungen\/lieferkettengesetz\/\",\"url\":\"https:\/\/weltlaeden.de\/badwildungen\/lieferkettengesetz\/\",\"name\":\"Lieferkettengesetz - Weltladen Bad Wildungen\",\"isPartOf\":{\"@id\":\"https:\/\/weltlaeden.de\/badwildungen\/#website\"},\"datePublished\":\"2019-11-14T14:02:14+00:00\",\"dateModified\":\"2024-02-17T16:27:42+00:00\",\"breadcrumb\":{\"@id\":\"https:\/\/weltlaeden.de\/badwildungen\/lieferkettengesetz\/#breadcrumb\"},\"inLanguage\":\"de\",\"potentialAction\":[{\"@type\":\"ReadAction\",\"target\":[\"https:\/\/weltlaeden.de\/badwildungen\/lieferkettengesetz\/\"]}]},{\"@type\":\"BreadcrumbList\",\"@id\":\"https:\/\/weltlaeden.de\/badwildungen\/lieferkettengesetz\/#breadcrumb\",\"itemListElement\":[{\"@type\":\"ListItem\",\"position\":1,\"name\":\"Startseite\",\"item\":\"https:\/\/weltlaeden.de\/badwildungen\/\"},{\"@type\":\"ListItem\",\"position\":2,\"name\":\"Lieferkettengesetz\"}]},{\"@type\":\"WebSite\",\"@id\":\"https:\/\/weltlaeden.de\/badwildungen\/#website\",\"url\":\"https:\/\/weltlaeden.de\/badwildungen\/\",\"name\":\"Weltladen Bad Wildungen\",\"description\":\"Faire Produkte seit 1990\",\"potentialAction\":[{\"@type\":\"SearchAction\",\"target\":{\"@type\":\"EntryPoint\",\"urlTemplate\":\"https:\/\/weltlaeden.de\/badwildungen\/?s={search_term_string}\"},\"query-input\":{\"@type\":\"PropertyValueSpecification\",\"valueRequired\":true,\"valueName\":\"search_term_string\"}}],\"inLanguage\":\"de\"}]}<\/script>\n<!-- \/ Yoast SEO plugin. -->","yoast_head_json":{"title":"Lieferkettengesetz - Weltladen Bad Wildungen","robots":{"index":"index","follow":"follow","max-snippet":"max-snippet:-1","max-image-preview":"max-image-preview:large","max-video-preview":"max-video-preview:-1"},"canonical":"https:\/\/weltlaeden.de\/badwildungen\/lieferkettengesetz\/","og_locale":"de_DE","og_type":"article","og_title":"Lieferkettengesetz - Weltladen Bad Wildungen","og_description":"Das deutsche Lieferkettengesetz ist in Kraft getreten &#8211; Eine Erfolgsgeschichte beim Kampf f\u00fcr Menschenrechte Jahrelang haben die Weltl\u00e4den und andere Organisationen mit der Intiative Lieferkettengesetz daf\u00fcr gek\u00e4mpft, nun ist es endlich durch den Bundestag: Das Lieferkettengesetz. Es steht, trotz aller gebotenen Kritik, f\u00fcr einen grundlegenden Paradigmenwechsel Der Gesetzgeber hat das Lieferkettengesetz am 11.6.2021 verabschiedet, es&hellip;","og_url":"https:\/\/weltlaeden.de\/badwildungen\/lieferkettengesetz\/","og_site_name":"Weltladen Bad Wildungen","article_modified_time":"2024-02-17T16:27:42+00:00","twitter_card":"summary_large_image","twitter_misc":{"Gesch\u00e4tzte Lesezeit":"4\u00a0Minuten"},"schema":{"@context":"https:\/\/schema.org","@graph":[{"@type":"WebPage","@id":"https:\/\/weltlaeden.de\/badwildungen\/lieferkettengesetz\/","url":"https:\/\/weltlaeden.de\/badwildungen\/lieferkettengesetz\/","name":"Lieferkettengesetz - Weltladen Bad Wildungen","isPartOf":{"@id":"https:\/\/weltlaeden.de\/badwildungen\/#website"},"datePublished":"2019-11-14T14:02:14+00:00","dateModified":"2024-02-17T16:27:42+00:00","breadcrumb":{"@id":"https:\/\/weltlaeden.de\/badwildungen\/lieferkettengesetz\/#breadcrumb"},"inLanguage":"de","potentialAction":[{"@type":"ReadAction","target":["https:\/\/weltlaeden.de\/badwildungen\/lieferkettengesetz\/"]}]},{"@type":"BreadcrumbList","@id":"https:\/\/weltlaeden.de\/badwildungen\/lieferkettengesetz\/#breadcrumb","itemListElement":[{"@type":"ListItem","position":1,"name":"Startseite","item":"https:\/\/weltlaeden.de\/badwildungen\/"},{"@type":"ListItem","position":2,"name":"Lieferkettengesetz"}]},{"@type":"WebSite","@id":"https:\/\/weltlaeden.de\/badwildungen\/#website","url":"https:\/\/weltlaeden.de\/badwildungen\/","name":"Weltladen Bad Wildungen","description":"Faire Produkte seit 1990","potentialAction":[{"@type":"SearchAction","target":{"@type":"EntryPoint","urlTemplate":"https:\/\/weltlaeden.de\/badwildungen\/?s={search_term_string}"},"query-input":{"@type":"PropertyValueSpecification","valueRequired":true,"valueName":"search_term_string"}}],"inLanguage":"de"}]}},"_links":{"self":[{"href":"https:\/\/weltlaeden.de\/badwildungen\/wp-json\/wp\/v2\/pages\/482","targetHints":{"allow":["GET"]}}],"collection":[{"href":"https:\/\/weltlaeden.de\/badwildungen\/wp-json\/wp\/v2\/pages"}],"about":[{"href":"https:\/\/weltlaeden.de\/badwildungen\/wp-json\/wp\/v2\/types\/page"}],"author":[{"embeddable":true,"href":"https:\/\/weltlaeden.de\/badwildungen\/wp-json\/wp\/v2\/users\/174"}],"replies":[{"embeddable":true,"href":"https:\/\/weltlaeden.de\/badwildungen\/wp-json\/wp\/v2\/comments?post=482"}],"version-history":[{"count":38,"href":"https:\/\/weltlaeden.de\/badwildungen\/wp-json\/wp\/v2\/pages\/482\/revisions"}],"predecessor-version":[{"id":1504,"href":"https:\/\/weltlaeden.de\/badwildungen\/wp-json\/wp\/v2\/pages\/482\/revisions\/1504"}],"wp:attachment":[{"href":"https:\/\/weltlaeden.de\/badwildungen\/wp-json\/wp\/v2\/media?parent=482"}],"curies":[{"name":"wp","href":"https:\/\/api.w.org\/{rel}","templated":true}]}}