{"id":461,"date":"2019-11-14T00:05:58","date_gmt":"2019-11-13T23:05:58","guid":{"rendered":"https:\/\/weltlaeden.de\/badwildungen\/?page_id=461"},"modified":"2020-02-20T18:40:41","modified_gmt":"2020-02-20T17:40:41","slug":"politik","status":"publish","type":"page","link":"https:\/\/weltlaeden.de\/badwildungen\/politik\/","title":{"rendered":"Politische Ziele"},"content":{"rendered":"<h2>Politische Ziele<\/h2>\n<h1 style=\"text-align: center\"><\/h1>\n<p>Seit Jahren fordern wir mit allen Akteuren des Fairen Handels, dass deutsche Konzerne mehr Verantwortung f\u00fcr die Bedingungen in Billiglohnl\u00e4ndern \u00fcbernehmen m\u00fcssen, unter denen unsere Produkte hergestellt werden. Der gesamte Welthandel muss fairer werden! Eine Schl\u00fcsselrolle spielt das <strong>Lieferkettengesetz<\/strong>. Die <strong>Fallbeispiele<\/strong> (unten) belegen, warum dieses notwendig ist.<\/p>\n<p>&nbsp;<\/p>\n<h2 style=\"text-align: left\"><a href=\"https:\/\/weltlaeden.de\/badwildungen\/lieferkettengesetz\/\"><img loading=\"lazy\" decoding=\"async\" class=\"wp-image-511 alignnone\" src=\"https:\/\/weltlaeden.de\/badwildungen\/wp-content\/uploads\/sites\/113\/2019\/11\/lieferkette.jpg\" alt=\"\" width=\"306\" height=\"216\" \/><\/a>\u00a0 \u00a0<img loading=\"lazy\" decoding=\"async\" class=\"alignnone wp-image-505\" src=\"https:\/\/weltlaeden.de\/badwildungen\/wp-content\/uploads\/sites\/113\/2019\/11\/fallbeispiel3.jpg\" alt=\"\" width=\"326\" height=\"217\" \/>\u00a0 \u00a0 \u00a0 \u00a0\u00a0<span style=\"color: #0000ff\"><a style=\"color: #0000ff\" href=\"https:\/\/weltlaeden.de\/badwildungen\/lieferkettengesetz\/\">Lieferkettengesetz<\/a>\u00a0<\/span> \u00a0 \u00a0 \u00a0 \u00a0 \u00a0 \u00a0 \u00a0 \u00a0 \u00a0 \u00a0 \u00a0 \u00a0<span style=\"color: #0000ff\"><a style=\"color: #0000ff\" href=\"https:\/\/weltlaeden.de\/badwildungen\/fallbeispiele\/\">Fallbeispiele<\/a><\/span><\/h2>\n<h2><\/h2>\n<p><span style=\"font-size: 14px;font-weight: normal\">\u00a0 \u00a0 \u00a0 \u00a0 \u00a0 \u00a0 \u00a0 \u00a0 \u00a0 \u00a0 \u00a0 \u00a0 \u00a0 \u00a0 \u00a0 \u00a0 \u00a0 \u00a0 \u00a0 \u00a0 \u00a0 \u00a0 \u00a0 \u00a0 \u00a0 \u00a0 \u00a0 \u00a0 \u00a0 \u00a0 \u00a0\u00a0<\/span><\/p>\n","protected":false},"excerpt":{"rendered":"<p>Politische Ziele Seit Jahren fordern wir mit allen Akteuren des Fairen Handels, dass deutsche Konzerne mehr Verantwortung f\u00fcr die Bedingungen in Billiglohnl\u00e4ndern \u00fcbernehmen m\u00fcssen, unter denen unsere Produkte hergestellt werden. Der gesamte Welthandel muss fairer werden! Eine Schl\u00fcsselrolle spielt das Lieferkettengesetz. Die Fallbeispiele (unten) belegen, warum dieses notwendig ist. &nbsp; \u00a0 \u00a0\u00a0 \u00a0 \u00a0 \u00a0\u00a0Lieferkettengesetz\u00a0&hellip;<\/p>\n","protected":false},"author":174,"featured_media":0,"parent":0,"menu_order":2,"comment_status":"closed","ping_status":"closed","template":"","meta":{"footnotes":""},"class_list":["post-461","page","type-page","status-publish","hentry","description-off"],"yoast_head":"<!-- This site is optimized with the Yoast SEO plugin v26.8 - https:\/\/yoast.com\/product\/yoast-seo-wordpress\/ -->\n<title>Politische Ziele - Weltladen Bad Wildungen<\/title>\n<meta name=\"robots\" content=\"index, follow, max-snippet:-1, max-image-preview:large, max-video-preview:-1\" \/>\n<link rel=\"canonical\" href=\"https:\/\/weltlaeden.de\/badwildungen\/politik\/\" \/>\n<meta property=\"og:locale\" content=\"de_DE\" \/>\n<meta property=\"og:type\" content=\"article\" \/>\n<meta property=\"og:title\" content=\"Politische Ziele - Weltladen Bad Wildungen\" \/>\n<meta property=\"og:description\" content=\"Politische Ziele Seit Jahren fordern wir mit allen Akteuren des Fairen Handels, dass deutsche Konzerne mehr Verantwortung f\u00fcr die Bedingungen in Billiglohnl\u00e4ndern \u00fcbernehmen m\u00fcssen, unter denen unsere Produkte hergestellt werden. Der gesamte Welthandel muss fairer werden! Eine Schl\u00fcsselrolle spielt das Lieferkettengesetz. Die Fallbeispiele (unten) belegen, warum dieses notwendig ist. &nbsp; \u00a0 \u00a0\u00a0 \u00a0 \u00a0 \u00a0\u00a0Lieferkettengesetz\u00a0&hellip;\" \/>\n<meta property=\"og:url\" content=\"https:\/\/weltlaeden.de\/badwildungen\/politik\/\" \/>\n<meta property=\"og:site_name\" content=\"Weltladen Bad Wildungen\" \/>\n<meta property=\"article:modified_time\" content=\"2020-02-20T17:40:41+00:00\" \/>\n<meta property=\"og:image\" content=\"https:\/\/weltlaeden.de\/badwildungen\/wp-content\/uploads\/sites\/113\/2019\/11\/lieferkette.jpg\" \/>\n<meta name=\"twitter:card\" content=\"summary_large_image\" \/>\n<script type=\"application\/ld+json\" class=\"yoast-schema-graph\">{\"@context\":\"https:\/\/schema.org\",\"@graph\":[{\"@type\":\"WebPage\",\"@id\":\"https:\/\/weltlaeden.de\/badwildungen\/politik\/\",\"url\":\"https:\/\/weltlaeden.de\/badwildungen\/politik\/\",\"name\":\"Politische Ziele - Weltladen Bad Wildungen\",\"isPartOf\":{\"@id\":\"https:\/\/weltlaeden.de\/badwildungen\/#website\"},\"primaryImageOfPage\":{\"@id\":\"https:\/\/weltlaeden.de\/badwildungen\/politik\/#primaryimage\"},\"image\":{\"@id\":\"https:\/\/weltlaeden.de\/badwildungen\/politik\/#primaryimage\"},\"thumbnailUrl\":\"https:\/\/weltlaeden.de\/badwildungen\/wp-content\/uploads\/sites\/113\/2019\/11\/lieferkette.jpg\",\"datePublished\":\"2019-11-13T23:05:58+00:00\",\"dateModified\":\"2020-02-20T17:40:41+00:00\",\"breadcrumb\":{\"@id\":\"https:\/\/weltlaeden.de\/badwildungen\/politik\/#breadcrumb\"},\"inLanguage\":\"de\",\"potentialAction\":[{\"@type\":\"ReadAction\",\"target\":[\"https:\/\/weltlaeden.de\/badwildungen\/politik\/\"]}]},{\"@type\":\"ImageObject\",\"inLanguage\":\"de\",\"@id\":\"https:\/\/weltlaeden.de\/badwildungen\/politik\/#primaryimage\",\"url\":\"https:\/\/weltlaeden.de\/badwildungen\/wp-content\/uploads\/sites\/113\/2019\/11\/lieferkette.jpg\",\"contentUrl\":\"https:\/\/weltlaeden.de\/badwildungen\/wp-content\/uploads\/sites\/113\/2019\/11\/lieferkette.jpg\",\"width\":275,\"height\":194},{\"@type\":\"BreadcrumbList\",\"@id\":\"https:\/\/weltlaeden.de\/badwildungen\/politik\/#breadcrumb\",\"itemListElement\":[{\"@type\":\"ListItem\",\"position\":1,\"name\":\"Startseite\",\"item\":\"https:\/\/weltlaeden.de\/badwildungen\/\"},{\"@type\":\"ListItem\",\"position\":2,\"name\":\"Politische Ziele\"}]},{\"@type\":\"WebSite\",\"@id\":\"https:\/\/weltlaeden.de\/badwildungen\/#website\",\"url\":\"https:\/\/weltlaeden.de\/badwildungen\/\",\"name\":\"Weltladen Bad Wildungen\",\"description\":\"Faire Produkte seit 1990\",\"potentialAction\":[{\"@type\":\"SearchAction\",\"target\":{\"@type\":\"EntryPoint\",\"urlTemplate\":\"https:\/\/weltlaeden.de\/badwildungen\/?s={search_term_string}\"},\"query-input\":{\"@type\":\"PropertyValueSpecification\",\"valueRequired\":true,\"valueName\":\"search_term_string\"}}],\"inLanguage\":\"de\"}]}<\/script>\n<!-- \/ Yoast SEO plugin. -->","yoast_head_json":{"title":"Politische Ziele - Weltladen Bad Wildungen","robots":{"index":"index","follow":"follow","max-snippet":"max-snippet:-1","max-image-preview":"max-image-preview:large","max-video-preview":"max-video-preview:-1"},"canonical":"https:\/\/weltlaeden.de\/badwildungen\/politik\/","og_locale":"de_DE","og_type":"article","og_title":"Politische Ziele - Weltladen Bad Wildungen","og_description":"Politische Ziele Seit Jahren fordern wir mit allen Akteuren des Fairen Handels, dass deutsche Konzerne mehr Verantwortung f\u00fcr die Bedingungen in Billiglohnl\u00e4ndern \u00fcbernehmen m\u00fcssen, unter denen unsere Produkte hergestellt werden. Der gesamte Welthandel muss fairer werden! Eine Schl\u00fcsselrolle spielt das Lieferkettengesetz. Die Fallbeispiele (unten) belegen, warum dieses notwendig ist. &nbsp; \u00a0 \u00a0\u00a0 \u00a0 \u00a0 \u00a0\u00a0Lieferkettengesetz\u00a0&hellip;","og_url":"https:\/\/weltlaeden.de\/badwildungen\/politik\/","og_site_name":"Weltladen Bad Wildungen","article_modified_time":"2020-02-20T17:40:41+00:00","og_image":[{"url":"https:\/\/weltlaeden.de\/badwildungen\/wp-content\/uploads\/sites\/113\/2019\/11\/lieferkette.jpg","type":"","width":"","height":""}],"twitter_card":"summary_large_image","schema":{"@context":"https:\/\/schema.org","@graph":[{"@type":"WebPage","@id":"https:\/\/weltlaeden.de\/badwildungen\/politik\/","url":"https:\/\/weltlaeden.de\/badwildungen\/politik\/","name":"Politische Ziele - Weltladen Bad Wildungen","isPartOf":{"@id":"https:\/\/weltlaeden.de\/badwildungen\/#website"},"primaryImageOfPage":{"@id":"https:\/\/weltlaeden.de\/badwildungen\/politik\/#primaryimage"},"image":{"@id":"https:\/\/weltlaeden.de\/badwildungen\/politik\/#primaryimage"},"thumbnailUrl":"https:\/\/weltlaeden.de\/badwildungen\/wp-content\/uploads\/sites\/113\/2019\/11\/lieferkette.jpg","datePublished":"2019-11-13T23:05:58+00:00","dateModified":"2020-02-20T17:40:41+00:00","breadcrumb":{"@id":"https:\/\/weltlaeden.de\/badwildungen\/politik\/#breadcrumb"},"inLanguage":"de","potentialAction":[{"@type":"ReadAction","target":["https:\/\/weltlaeden.de\/badwildungen\/politik\/"]}]},{"@type":"ImageObject","inLanguage":"de","@id":"https:\/\/weltlaeden.de\/badwildungen\/politik\/#primaryimage","url":"https:\/\/weltlaeden.de\/badwildungen\/wp-content\/uploads\/sites\/113\/2019\/11\/lieferkette.jpg","contentUrl":"https:\/\/weltlaeden.de\/badwildungen\/wp-content\/uploads\/sites\/113\/2019\/11\/lieferkette.jpg","width":275,"height":194},{"@type":"BreadcrumbList","@id":"https:\/\/weltlaeden.de\/badwildungen\/politik\/#breadcrumb","itemListElement":[{"@type":"ListItem","position":1,"name":"Startseite","item":"https:\/\/weltlaeden.de\/badwildungen\/"},{"@type":"ListItem","position":2,"name":"Politische Ziele"}]},{"@type":"WebSite","@id":"https:\/\/weltlaeden.de\/badwildungen\/#website","url":"https:\/\/weltlaeden.de\/badwildungen\/","name":"Weltladen Bad Wildungen","description":"Faire Produkte seit 1990","potentialAction":[{"@type":"SearchAction","target":{"@type":"EntryPoint","urlTemplate":"https:\/\/weltlaeden.de\/badwildungen\/?s={search_term_string}"},"query-input":{"@type":"PropertyValueSpecification","valueRequired":true,"valueName":"search_term_string"}}],"inLanguage":"de"}]}},"_links":{"self":[{"href":"https:\/\/weltlaeden.de\/badwildungen\/wp-json\/wp\/v2\/pages\/461","targetHints":{"allow":["GET"]}}],"collection":[{"href":"https:\/\/weltlaeden.de\/badwildungen\/wp-json\/wp\/v2\/pages"}],"about":[{"href":"https:\/\/weltlaeden.de\/badwildungen\/wp-json\/wp\/v2\/types\/page"}],"author":[{"embeddable":true,"href":"https:\/\/weltlaeden.de\/badwildungen\/wp-json\/wp\/v2\/users\/174"}],"replies":[{"embeddable":true,"href":"https:\/\/weltlaeden.de\/badwildungen\/wp-json\/wp\/v2\/comments?post=461"}],"version-history":[{"count":38,"href":"https:\/\/weltlaeden.de\/badwildungen\/wp-json\/wp\/v2\/pages\/461\/revisions"}],"predecessor-version":[{"id":1323,"href":"https:\/\/weltlaeden.de\/badwildungen\/wp-json\/wp\/v2\/pages\/461\/revisions\/1323"}],"wp:attachment":[{"href":"https:\/\/weltlaeden.de\/badwildungen\/wp-json\/wp\/v2\/media?parent=461"}],"curies":[{"name":"wp","href":"https:\/\/api.w.org\/{rel}","templated":true}]}}