{"id":219,"date":"2016-10-28T13:34:47","date_gmt":"2016-10-28T11:34:47","guid":{"rendered":"https:\/\/wl.heimpixel.de\/vorlage\/ueber-uns\/"},"modified":"2026-04-01T13:23:11","modified_gmt":"2026-04-01T11:23:11","slug":"ueber-uns","status":"publish","type":"page","link":"https:\/\/weltlaeden.de\/badwildungen\/ueber-uns\/","title":{"rendered":"\u00dcber uns"},"content":{"rendered":"<div class=\"wpb-content-wrapper\"><p>[vc_row][vc_column][vc_column_text css=&#8220;&#8220;]<\/p>\n<h2 style=\"text-align: left\"><strong><em>\u00a0 \u00a0 \u00a0 \u00a0 \u00a0 \u00a0 \u00a0 \u00a0 \u00a0 \u00a0 \u00a0 \u00a0 \u00a0 <img loading=\"lazy\" decoding=\"async\" class=\"alignnone size-medium wp-image-1581\" src=\"https:\/\/weltlaeden.de\/badwildungen\/wp-content\/uploads\/sites\/113\/2024\/09\/20240906_220310-300x202.jpg\" alt=\"\" width=\"300\" height=\"202\" srcset=\"https:\/\/weltlaeden.de\/badwildungen\/wp-content\/uploads\/sites\/113\/2024\/09\/20240906_220310-300x202.jpg 300w, https:\/\/weltlaeden.de\/badwildungen\/wp-content\/uploads\/sites\/113\/2024\/09\/20240906_220310-1024x690.jpg 1024w, https:\/\/weltlaeden.de\/badwildungen\/wp-content\/uploads\/sites\/113\/2024\/09\/20240906_220310-768x518.jpg 768w, https:\/\/weltlaeden.de\/badwildungen\/wp-content\/uploads\/sites\/113\/2024\/09\/20240906_220310-1536x1035.jpg 1536w, https:\/\/weltlaeden.de\/badwildungen\/wp-content\/uploads\/sites\/113\/2024\/09\/20240906_220310.jpg 2048w\" sizes=\"auto, (max-width: 300px) 100vw, 300px\" \/><\/em><\/strong><\/h2>\n<p style=\"text-align: left\"><em>\u00a0 \u00a0 \u00a0 \u00a0 \u00a0 \u00a0 \u00a0 \u00a0 \u00a0 \u00a0 \u00a0 \u00a0 \u00a0 \u00a0 \u00a0 \u00a0 \u00a0 \u00a0 \u00a0 \u00a0 \u00a0 \u00a0 \u00a0 \u00a0 \u00a0 \u00a0 \u00a0 \u00a0 \u00a0 \u00a0 \u00a0 \u00a0 \u00a0 \u00a0 \u00a0 \u00a0 \u00a0 \u00a0 \u00a0 \u00a0 \u00a0 \u00a0 \u00a0 \u00a0 \u00a0 Foto: Weltladen Bad Wildungen<br \/>\n<\/em><\/p>\n<h1 style=\"text-align: center\"><\/h1>\n<h2 style=\"text-align: left\">Weltladen Bad Wildungen<\/h2>\n<p>\u00dcber 40 Jahre gibt es den Weltladen in Bad Wildungen und so sieht das fast\u00a0vollst\u00e4ndige aktive Team heute aus.\u00a0Nicht mehr ganz jung, aber voll engagiert und weltoffen! \u00a0Es macht uns froh, dass wir hier gemeinsam etwas Sinnvolles tun k\u00f6nnen und Menschen weltweit davon profitieren.<br \/>\n<em>Mehr lesen&#8230;<\/em>\u00a0<a href=\"https:\/\/weltlaeden.de\/badwildungen\/unsere-projekte\/\"><span style=\"color: #ff0000\"><em><u>Projekte<\/u><\/em><\/span><\/a><\/p>\n<p>Wir setzen uns, gut vernetzt mit anderen zivilgesellschaftlichen Organisationen, ein f\u00fcr einen gerechteren Welthandel. Das \u00a0schlie\u00dft ein nachhaltiges und \u00f6kologisches Wirtschaften, das das Klima sch\u00fctzt, mit ein.<\/p>\n<p>Gerade vor dem Hintergrund von Armutsmigration ist die die Idee des Fairen Handels besonders wichtig. Fairer Handel auf Augenh\u00f6he mit den Produzenten vor allem des globalen S\u00fcdens garantiert ein stabiles Einkommen und l\u00e4sst einen h\u00f6heren Anteil der Wertsch\u00f6pfung im Ursprungsland. Deshalb ist die Mitarbeit im Weltladen sinnstiftend und vor allem vor dem Hintergrund des Migrationsdrucks gesellschaftspolitisch wichtig.<\/p>\n<p><a href=\"https:\/\/www.wlz-online.de\/waldeck\/bad-wildungen\/weltladen-sucht-mitstreiter-armutsmigration-an-der-basis-mindern-92638507.html\">https:\/\/www.wlz-online.de\/waldeck\/bad-wildungen\/weltladen-sucht-mitstreiter-armutsmigration-an-der-basis-mindern-92638507.html<\/a><br \/>\n<em>Mehr lesen&#8230;<\/em><span style=\"color: #ff0000\"><a style=\"color: #ff0000\" href=\"https:\/\/weltlaeden.de\/badwildungen\/politik\/\"><em>Politische<\/em> Ziele<\/a><\/span><\/p>\n<p>&nbsp;<\/p>\n<p><strong>Lust zum Mitmachen?<\/strong><\/p>\n<p>Herzlich willkommen!<br \/>\nEhrenamt kann Freude machen und verbindet! Das ist unsere Erfahrung.<br \/>\nJede und jeder kann sich entsprechend der eigenen Zeitspielr\u00e4ume engagieren und sich da einbringen, wo die pers\u00f6nlichen Neigungen liegen. Bei den monatlichen Laden-Treffen bestimmen wir gemeinsam den weiteren Kurs, wir freuen uns \u00fcber alle Anregungen!<\/p>\n<p>&nbsp;<\/p>\n<p><strong>Aktionen des Weltladens in Bildern<\/strong><\/p>\n\n\t\t\t<style type='text\/css'>\n\t\t\t\t#gallery-1 {\n\t\t\t\t\tmargin: auto;\n\t\t\t\t}\n\t\t\t\t#gallery-1 .gallery-item {\n\t\t\t\t\tfloat: left;\n\t\t\t\t\tmargin-top: 10px;\n\t\t\t\t\ttext-align: center;\n\t\t\t\t\twidth: 50%;\n\t\t\t\t}\n\t\t\t\t#gallery-1 img {\n\t\t\t\t\tborder: 2px solid #cfcfcf;\n\t\t\t\t}\n\t\t\t\t#gallery-1 .gallery-caption {\n\t\t\t\t\tmargin-left: 0;\n\t\t\t\t}\n\t\t\t\t\/* see gallery_shortcode() in wp-includes\/media.php *\/\n\t\t\t<\/style>\n\t\t<div id='gallery-1' class='dt-gallery-container gallery galleryid-219 gallery-columns-2 gallery-size-thumbnail'><dl class='gallery-item'>\n\t\t\t\t<dt class='gallery-icon landscape'>\n\t\t\t\t\t<a class=\"rollover\" href='https:\/\/weltlaeden.de\/badwildungen\/ueber-uns\/40jaehriges1\/'><img loading=\"lazy\" decoding=\"async\" width=\"150\" height=\"150\" src=\"https:\/\/weltlaeden.de\/badwildungen\/wp-content\/uploads\/sites\/113\/2020\/02\/40j\u00e4hriges1-150x150.jpg\" class=\"attachment-thumbnail size-thumbnail\" alt=\"\" aria-describedby=\"gallery-1-1278\" \/><\/a>\n\t\t\t\t<\/dt>\n\t\t\t\t\t<dd class='wp-caption-text gallery-caption' id='gallery-1-1278'>\n\t\t\t\t\t40j\u00e4hrige Jubil\u00e4umsfeier\n\t\t\t\t\t<\/dd><\/dl><dl class='gallery-item'>\n\t\t\t\t<dt class='gallery-icon landscape'>\n\t\t\t\t\t<a class=\"rollover\" href='https:\/\/weltlaeden.de\/badwildungen\/ueber-uns\/img-20180529-wa0003\/'><img loading=\"lazy\" decoding=\"async\" width=\"150\" height=\"150\" src=\"https:\/\/weltlaeden.de\/badwildungen\/wp-content\/uploads\/sites\/113\/2020\/02\/IMG-20180529-WA0003-150x150.jpg\" class=\"attachment-thumbnail size-thumbnail\" alt=\"\" aria-describedby=\"gallery-1-1279\" \/><\/a>\n\t\t\t\t<\/dt>\n\t\t\t\t\t<dd class='wp-caption-text gallery-caption' id='gallery-1-1279'>\n\t\t\t\t\tInfost\u00e4nde am Weltladentag\n\t\t\t\t\t<\/dd><\/dl><br style=\"clear: both\" \/><dl class='gallery-item'>\n\t\t\t\t<dt class='gallery-icon landscape'>\n\t\t\t\t\t<a class=\"rollover\" href='https:\/\/weltlaeden.de\/badwildungen\/ueber-uns\/p1090183\/'><img loading=\"lazy\" decoding=\"async\" width=\"150\" height=\"150\" src=\"https:\/\/weltlaeden.de\/badwildungen\/wp-content\/uploads\/sites\/113\/2020\/02\/P1090183-150x150.jpg\" class=\"attachment-thumbnail size-thumbnail\" alt=\"\" aria-describedby=\"gallery-1-1280\" \/><\/a>\n\t\t\t\t<\/dt>\n\t\t\t\t\t<dd class='wp-caption-text gallery-caption' id='gallery-1-1280'>\n\t\t\t\t\tSketch: Adidas N\u00e4herin trifft Adidas Aktion\u00e4r (nach: &#8222;Die Anstalt&#8220; 2014)\n\t\t\t\t\t<\/dd><\/dl><dl class='gallery-item'>\n\t\t\t\t<dt class='gallery-icon landscape'>\n\t\t\t\t\t<a class=\"rollover\" href='https:\/\/weltlaeden.de\/badwildungen\/ueber-uns\/paderborn\/'><img loading=\"lazy\" decoding=\"async\" width=\"150\" height=\"150\" src=\"https:\/\/weltlaeden.de\/badwildungen\/wp-content\/uploads\/sites\/113\/2020\/02\/Paderborn-150x150.jpg\" class=\"attachment-thumbnail size-thumbnail\" alt=\"\" aria-describedby=\"gallery-1-1281\" \/><\/a>\n\t\t\t\t<\/dt>\n\t\t\t\t\t<dd class='wp-caption-text gallery-caption' id='gallery-1-1281'>\n\t\t\t\t\tBesuch im Weltladen Paderborn\n\t\t\t\t\t<\/dd><\/dl><br style=\"clear: both\" \/><dl class='gallery-item'>\n\t\t\t\t<dt class='gallery-icon landscape'>\n\t\t\t\t\t<a class=\"rollover\" href='https:\/\/weltlaeden.de\/badwildungen\/ueber-uns\/bundestagswahl\/'><img loading=\"lazy\" decoding=\"async\" width=\"150\" height=\"150\" src=\"https:\/\/weltlaeden.de\/badwildungen\/wp-content\/uploads\/sites\/113\/2020\/02\/Bundestagswahl-150x150.jpg\" class=\"attachment-thumbnail size-thumbnail\" alt=\"\" aria-describedby=\"gallery-1-1282\" \/><\/a>\n\t\t\t\t<\/dt>\n\t\t\t\t\t<dd class='wp-caption-text gallery-caption' id='gallery-1-1282'>\n\t\t\t\t\tBefragung von Bundestagsabgeordneten bzw. deren Vertreter vor der Wahl\n\t\t\t\t\t<\/dd><\/dl><dl class='gallery-item'>\n\t\t\t\t<dt class='gallery-icon landscape'>\n\t\t\t\t\t<a class=\"rollover\" href='https:\/\/weltlaeden.de\/badwildungen\/ueber-uns\/drei-koenigs-treffen\/'><img loading=\"lazy\" decoding=\"async\" width=\"150\" height=\"150\" src=\"https:\/\/weltlaeden.de\/badwildungen\/wp-content\/uploads\/sites\/113\/2020\/02\/Drei-K\u00f6nigs-Treffen-150x150.jpg\" class=\"attachment-thumbnail size-thumbnail\" alt=\"\" aria-describedby=\"gallery-1-1283\" \/><\/a>\n\t\t\t\t<\/dt>\n\t\t\t\t\t<dd class='wp-caption-text gallery-caption' id='gallery-1-1283'>\n\t\t\t\t\tTraditionelles Kaffeetrinken am Drei-K\u00f6nigs-Treffen\n\t\t\t\t\t<\/dd><\/dl><br style=\"clear: both\" \/><dl class='gallery-item'>\n\t\t\t\t<dt class='gallery-icon landscape'>\n\t\t\t\t\t<a class=\"rollover\" href='https:\/\/weltlaeden.de\/badwildungen\/ueber-uns\/img-20191203-wa0005\/'><img loading=\"lazy\" decoding=\"async\" width=\"150\" height=\"150\" src=\"https:\/\/weltlaeden.de\/badwildungen\/wp-content\/uploads\/sites\/113\/2020\/02\/IMG-20191203-WA0005-150x150.jpg\" class=\"attachment-thumbnail size-thumbnail\" alt=\"\" aria-describedby=\"gallery-1-1285\" \/><\/a>\n\t\t\t\t<\/dt>\n\t\t\t\t\t<dd class='wp-caption-text gallery-caption' id='gallery-1-1285'>\n\t\t\t\t\tKonfirmanden informieren sich im Weltladen\n\t\t\t\t\t<\/dd><\/dl><dl class='gallery-item'>\n\t\t\t\t<dt class='gallery-icon landscape'>\n\t\t\t\t\t<a class=\"rollover\" href='https:\/\/weltlaeden.de\/badwildungen\/ueber-uns\/gruppe-richard\/'><img loading=\"lazy\" decoding=\"async\" width=\"150\" height=\"150\" src=\"https:\/\/weltlaeden.de\/badwildungen\/wp-content\/uploads\/sites\/113\/2020\/02\/Gruppe-Richard-150x150.jpg\" class=\"attachment-thumbnail size-thumbnail\" alt=\"\" aria-describedby=\"gallery-1-1284\" \/><\/a>\n\t\t\t\t<\/dt>\n\t\t\t\t\t<dd class='wp-caption-text gallery-caption' id='gallery-1-1284'>\n\t\t\t\t\tDiskussionsrunde mit MdEP Martin H\u00e4usling\n\t\t\t\t\t<\/dd><\/dl><br style=\"clear: both\" \/><dl class='gallery-item'>\n\t\t\t\t<dt class='gallery-icon landscape'>\n\t\t\t\t\t<a class=\"rollover\" href='https:\/\/weltlaeden.de\/badwildungen\/ueber-uns\/martin-haeusling\/'><img loading=\"lazy\" decoding=\"async\" width=\"150\" height=\"150\" src=\"https:\/\/weltlaeden.de\/badwildungen\/wp-content\/uploads\/sites\/113\/2020\/02\/Martin-H\u00e4usling-150x150.jpg\" class=\"attachment-thumbnail size-thumbnail\" alt=\"\" aria-describedby=\"gallery-1-1286\" \/><\/a>\n\t\t\t\t<\/dt>\n\t\t\t\t\t<dd class='wp-caption-text gallery-caption' id='gallery-1-1286'>\n\t\t\t\t\tDiskussionsrunde mit MdEP Martin H\u00e4usling\n\t\t\t\t\t<\/dd><\/dl><dl class='gallery-item'>\n\t\t\t\t<dt class='gallery-icon landscape'>\n\t\t\t\t\t<a class=\"rollover\" href='https:\/\/weltlaeden.de\/badwildungen\/ueber-uns\/20231025_224934-6\/'><img loading=\"lazy\" decoding=\"async\" width=\"150\" height=\"150\" src=\"https:\/\/weltlaeden.de\/badwildungen\/wp-content\/uploads\/sites\/113\/2023\/10\/20231025_224934-5-150x150.jpg\" class=\"attachment-thumbnail size-thumbnail\" alt=\"\" aria-describedby=\"gallery-1-1484\" srcset=\"https:\/\/weltlaeden.de\/badwildungen\/wp-content\/uploads\/sites\/113\/2023\/10\/20231025_224934-5-150x150.jpg 150w, https:\/\/weltlaeden.de\/badwildungen\/wp-content\/uploads\/sites\/113\/2023\/10\/20231025_224934-5-300x298.jpg 300w, https:\/\/weltlaeden.de\/badwildungen\/wp-content\/uploads\/sites\/113\/2023\/10\/20231025_224934-5-1024x1015.jpg 1024w, https:\/\/weltlaeden.de\/badwildungen\/wp-content\/uploads\/sites\/113\/2023\/10\/20231025_224934-5-768x762.jpg 768w, https:\/\/weltlaeden.de\/badwildungen\/wp-content\/uploads\/sites\/113\/2023\/10\/20231025_224934-5.jpg 1080w\" sizes=\"auto, (max-width: 150px) 100vw, 150px\" \/><\/a>\n\t\t\t\t<\/dt>\n\t\t\t\t\t<dd class='wp-caption-text gallery-caption' id='gallery-1-1484'>\n\t\t\t\t\tWeltladentag 2023\nPostkartenaktion zum Lieferkettengesetz \n\t\t\t\t\t<\/dd><\/dl><br style=\"clear: both\" \/><dl class='gallery-item'>\n\t\t\t\t<dt class='gallery-icon landscape'>\n\t\t\t\t\t<a class=\"rollover\" href='https:\/\/weltlaeden.de\/badwildungen\/20230530_212034\/'><img loading=\"lazy\" decoding=\"async\" width=\"150\" height=\"150\" src=\"https:\/\/weltlaeden.de\/badwildungen\/wp-content\/uploads\/sites\/113\/2023\/10\/20230530_212034-150x150.png\" class=\"attachment-thumbnail size-thumbnail\" alt=\"\" aria-describedby=\"gallery-1-1486\" srcset=\"https:\/\/weltlaeden.de\/badwildungen\/wp-content\/uploads\/sites\/113\/2023\/10\/20230530_212034-150x150.png 150w, https:\/\/weltlaeden.de\/badwildungen\/wp-content\/uploads\/sites\/113\/2023\/10\/20230530_212034-300x300.png 300w, https:\/\/weltlaeden.de\/badwildungen\/wp-content\/uploads\/sites\/113\/2023\/10\/20230530_212034-768x768.png 768w, https:\/\/weltlaeden.de\/badwildungen\/wp-content\/uploads\/sites\/113\/2023\/10\/20230530_212034.png 846w\" sizes=\"auto, (max-width: 150px) 100vw, 150px\" \/><\/a>\n\t\t\t\t<\/dt>\n\t\t\t\t\t<dd class='wp-caption-text gallery-caption' id='gallery-1-1486'>\n\t\t\t\t\t2023 Videokonferenz mit dem EU-Abgeordneten Udo Bullmann zum Lieferkettengesetz \n\t\t\t\t\t<\/dd><\/dl><dl class='gallery-item'>\n\t\t\t\t<dt class='gallery-icon landscape'>\n\t\t\t\t\t<a class=\"rollover\" href='https:\/\/weltlaeden.de\/badwildungen\/termin\/multivisionsvortrag-schokolade-fair-naschen-mit-lobolmo-8-9-23-um-19-30-uhr\/20230724_222412\/'><img loading=\"lazy\" decoding=\"async\" width=\"150\" height=\"150\" src=\"https:\/\/weltlaeden.de\/badwildungen\/wp-content\/uploads\/sites\/113\/2023\/09\/20230724_222412-150x150.jpg\" class=\"attachment-thumbnail size-thumbnail\" alt=\"\" aria-describedby=\"gallery-1-1470\" srcset=\"https:\/\/weltlaeden.de\/badwildungen\/wp-content\/uploads\/sites\/113\/2023\/09\/20230724_222412-150x150.jpg 150w, https:\/\/weltlaeden.de\/badwildungen\/wp-content\/uploads\/sites\/113\/2023\/09\/20230724_222412-300x300.jpg 300w, https:\/\/weltlaeden.de\/badwildungen\/wp-content\/uploads\/sites\/113\/2023\/09\/20230724_222412-768x767.jpg 768w, https:\/\/weltlaeden.de\/badwildungen\/wp-content\/uploads\/sites\/113\/2023\/09\/20230724_222412.jpg 779w\" sizes=\"auto, (max-width: 150px) 100vw, 150px\" \/><\/a>\n\t\t\t\t<\/dt>\n\t\t\t\t\t<dd class='wp-caption-text gallery-caption' id='gallery-1-1470'>\n\t\t\t\t\t2023 Multivisionsvortrag mit LobOlmo \n\t\t\t\t\t<\/dd><\/dl><br style=\"clear: both\" \/><dl class='gallery-item'>\n\t\t\t\t<dt class='gallery-icon landscape'>\n\t\t\t\t\t<a class=\"rollover\" href='https:\/\/weltlaeden.de\/badwildungen\/ueber-uns\/mutlivisionsshow-weltreise-2\/'><img loading=\"lazy\" decoding=\"async\" width=\"150\" height=\"150\" src=\"https:\/\/weltlaeden.de\/badwildungen\/wp-content\/uploads\/sites\/113\/2024\/02\/Mutlivisionsshow-Weltreise-1-150x150.jpg\" class=\"attachment-thumbnail size-thumbnail\" alt=\"Multivisionsshov mit lobOlmo - Koperation mit der Stadt Bad Wildungen als Dankesch\u00f6n-Veranstaltung f\u00fcr aktive Ehrenamtliche der Stadt Bad Wildungen\" aria-describedby=\"gallery-1-1499\" srcset=\"https:\/\/weltlaeden.de\/badwildungen\/wp-content\/uploads\/sites\/113\/2024\/02\/Mutlivisionsshow-Weltreise-1-150x150.jpg 150w, https:\/\/weltlaeden.de\/badwildungen\/wp-content\/uploads\/sites\/113\/2024\/02\/Mutlivisionsshow-Weltreise-1-300x300.jpg 300w, https:\/\/weltlaeden.de\/badwildungen\/wp-content\/uploads\/sites\/113\/2024\/02\/Mutlivisionsshow-Weltreise-1.jpg 474w\" sizes=\"auto, (max-width: 150px) 100vw, 150px\" \/><\/a>\n\t\t\t\t<\/dt>\n\t\t\t\t\t<dd class='wp-caption-text gallery-caption' id='gallery-1-1499'>\n\t\t\t\t\t2024 Multivisionsshow mit lobOlmo &#8211; Kooperation mit der Stadt Bad Wildungen\n\t\t\t\t\t<\/dd><\/dl>\n\t\t\t\t<br style='clear: both' \/>\n\t\t\t<\/div>\n\n<p>&nbsp;<\/p>\n<p><strong>Organisationsform und Finanzen des Weltladens<\/strong><\/p>\n<p>Unser Weltladen wird von dem gemeinn\u00fctzigen Verein \u201eWeltladen Bad Wildungen e.V.\u201c getragen. Der Verein hat ca.60 Mitglieder, davon arbeiten ungef\u00e4hr 15 Mitglieder ehrenamtlich im Laden. Der Zweck des Ladengesch\u00e4ftes ist nicht, Gewinne zu erwirtschaften, sondern durch den Verkauf von fair gehandelten Waren Kooperativen im benachteiligten globalen S\u00fcden zu unterst\u00fctzen. \u00dcber den Warenverkauf k\u00f6nnen wir alle Unkosten decken. Mit den verbleibenden \u00dcbersch\u00fcssen unterst\u00fctzen wir Hilfsprojekte.<br \/>\nSiehe <a href=\"https:\/\/weltlaeden.de\/badwildungen\/unsere-projekte\/\">Projekte<\/a><\/p>\n<p>Seit 2017 haben wir zwei 200\u20ac &#8211; Minijobs eingerichtet, weil Verwaltung und Wareneinkauf ausschlie\u00dflich ehrenamtlich nicht mehr zu bew\u00e4ltigen waren. Die Minijobs finanzieren wir \u00fcber unsere Mitgliedsbeitr\u00e4ge und Spenden, die wir von Wildunger B\u00fcrgern und von evangelischen Kirchengemeinden erhalten. Die beiden Minijobberinnen arbeiten zus\u00e4tzlich auch ehrenamtlich. So gilt das \u201ePrinzip\u00a0Ehrenamt\u201c f\u00fcr alle, das\u00a0 hat sich sehr bew\u00e4hrt, man sp\u00fcrt es am guten Betriebsklima.<\/p>\n<p><strong><em>M\u00f6chten Sie Mitglied werden?<\/em><\/strong><\/p>\n<p>Das w\u00e4re eine gute Unterst\u00fctzung f\u00fcr uns. Das Anmeldeformular finden Sie <a href=\"https:\/\/weltlaeden.de\/badwildungen\/wp-content\/uploads\/sites\/113\/2020\/02\/Beitrittserkl\u00e4rung_Juli-2019.pdf\">hier<\/a><\/p>\n<p>Interessiert Sie unsere Satzung, dann klicken Sie hier: <a href=\"https:\/\/weltlaeden.de\/badwildungen\/wp-content\/uploads\/sites\/113\/2026\/04\/neue-Satzung-ab-30.1.2026.pdf\">neue Satzung ab 30.1.2026<\/a><\/p>\n<p>&nbsp;<\/p>\n<p>&nbsp;<\/p>\n<p>&nbsp;<\/p>\n<p>&nbsp;<\/p>\n<p>[\/vc_column_text][\/vc_column][\/vc_row]<\/p>\n<\/div>","protected":false},"excerpt":{"rendered":"<p>[vc_row][vc_column][vc_column_text css=&#8220;&#8220;] \u00a0 \u00a0 \u00a0 \u00a0 \u00a0 \u00a0 \u00a0 \u00a0 \u00a0 \u00a0 \u00a0 \u00a0 \u00a0 \u00a0 \u00a0 \u00a0 \u00a0 \u00a0 \u00a0 \u00a0 \u00a0 \u00a0 \u00a0 \u00a0 \u00a0 \u00a0 \u00a0 \u00a0 \u00a0 \u00a0 \u00a0 \u00a0 \u00a0 \u00a0 \u00a0 \u00a0 \u00a0 \u00a0 \u00a0 \u00a0 \u00a0 \u00a0 \u00a0 \u00a0 \u00a0 \u00a0 \u00a0 \u00a0 \u00a0 \u00a0 \u00a0 \u00a0 \u00a0&hellip;<\/p>\n","protected":false},"author":1,"featured_media":0,"parent":0,"menu_order":16,"comment_status":"closed","ping_status":"closed","template":"","meta":{"footnotes":""},"class_list":["post-219","page","type-page","status-publish","hentry","description-off"],"yoast_head":"<!-- This site is optimized with the Yoast SEO plugin v26.8 - https:\/\/yoast.com\/product\/yoast-seo-wordpress\/ -->\n<title>\u00dcber uns - Weltladen Bad Wildungen<\/title>\n<meta name=\"robots\" content=\"index, follow, max-snippet:-1, max-image-preview:large, max-video-preview:-1\" \/>\n<link rel=\"canonical\" href=\"https:\/\/weltlaeden.de\/badwildungen\/ueber-uns\/\" \/>\n<meta property=\"og:locale\" content=\"de_DE\" \/>\n<meta property=\"og:type\" content=\"article\" \/>\n<meta property=\"og:title\" content=\"\u00dcber uns - Weltladen Bad Wildungen\" \/>\n<meta property=\"og:url\" content=\"https:\/\/weltlaeden.de\/badwildungen\/ueber-uns\/\" \/>\n<meta property=\"og:site_name\" content=\"Weltladen Bad Wildungen\" \/>\n<meta property=\"article:modified_time\" content=\"2026-04-01T11:23:11+00:00\" \/>\n<meta property=\"og:image\" content=\"https:\/\/weltlaeden.de\/badwildungen\/wp-content\/uploads\/sites\/113\/2024\/09\/20240906_220310.jpg\" \/>\n\t<meta property=\"og:image:width\" content=\"2048\" \/>\n\t<meta property=\"og:image:height\" content=\"1380\" \/>\n\t<meta property=\"og:image:type\" content=\"image\/jpeg\" \/>\n<meta name=\"twitter:card\" content=\"summary_large_image\" \/>\n<meta name=\"twitter:label1\" content=\"Gesch\u00e4tzte Lesezeit\" \/>\n\t<meta name=\"twitter:data1\" content=\"3\u00a0Minuten\" \/>\n<script type=\"application\/ld+json\" class=\"yoast-schema-graph\">{\"@context\":\"https:\/\/schema.org\",\"@graph\":[{\"@type\":\"WebPage\",\"@id\":\"https:\/\/weltlaeden.de\/badwildungen\/ueber-uns\/\",\"url\":\"https:\/\/weltlaeden.de\/badwildungen\/ueber-uns\/\",\"name\":\"\u00dcber uns - Weltladen Bad Wildungen\",\"isPartOf\":{\"@id\":\"https:\/\/weltlaeden.de\/badwildungen\/#website\"},\"primaryImageOfPage\":{\"@id\":\"https:\/\/weltlaeden.de\/badwildungen\/ueber-uns\/#primaryimage\"},\"image\":{\"@id\":\"https:\/\/weltlaeden.de\/badwildungen\/ueber-uns\/#primaryimage\"},\"thumbnailUrl\":\"https:\/\/weltlaeden.de\/badwildungen\/wp-content\/uploads\/sites\/113\/2024\/09\/20240906_220310-300x202.jpg\",\"datePublished\":\"2016-10-28T11:34:47+00:00\",\"dateModified\":\"2026-04-01T11:23:11+00:00\",\"breadcrumb\":{\"@id\":\"https:\/\/weltlaeden.de\/badwildungen\/ueber-uns\/#breadcrumb\"},\"inLanguage\":\"de\",\"potentialAction\":[{\"@type\":\"ReadAction\",\"target\":[\"https:\/\/weltlaeden.de\/badwildungen\/ueber-uns\/\"]}]},{\"@type\":\"ImageObject\",\"inLanguage\":\"de\",\"@id\":\"https:\/\/weltlaeden.de\/badwildungen\/ueber-uns\/#primaryimage\",\"url\":\"https:\/\/weltlaeden.de\/badwildungen\/wp-content\/uploads\/sites\/113\/2024\/09\/20240906_220310.jpg\",\"contentUrl\":\"https:\/\/weltlaeden.de\/badwildungen\/wp-content\/uploads\/sites\/113\/2024\/09\/20240906_220310.jpg\",\"width\":2048,\"height\":1380},{\"@type\":\"BreadcrumbList\",\"@id\":\"https:\/\/weltlaeden.de\/badwildungen\/ueber-uns\/#breadcrumb\",\"itemListElement\":[{\"@type\":\"ListItem\",\"position\":1,\"name\":\"Startseite\",\"item\":\"https:\/\/weltlaeden.de\/badwildungen\/\"},{\"@type\":\"ListItem\",\"position\":2,\"name\":\"\u00dcber uns\"}]},{\"@type\":\"WebSite\",\"@id\":\"https:\/\/weltlaeden.de\/badwildungen\/#website\",\"url\":\"https:\/\/weltlaeden.de\/badwildungen\/\",\"name\":\"Weltladen Bad Wildungen\",\"description\":\"Faire Produkte seit 1990\",\"potentialAction\":[{\"@type\":\"SearchAction\",\"target\":{\"@type\":\"EntryPoint\",\"urlTemplate\":\"https:\/\/weltlaeden.de\/badwildungen\/?s={search_term_string}\"},\"query-input\":{\"@type\":\"PropertyValueSpecification\",\"valueRequired\":true,\"valueName\":\"search_term_string\"}}],\"inLanguage\":\"de\"}]}<\/script>\n<!-- \/ Yoast SEO plugin. -->","yoast_head_json":{"title":"\u00dcber uns - Weltladen Bad Wildungen","robots":{"index":"index","follow":"follow","max-snippet":"max-snippet:-1","max-image-preview":"max-image-preview:large","max-video-preview":"max-video-preview:-1"},"canonical":"https:\/\/weltlaeden.de\/badwildungen\/ueber-uns\/","og_locale":"de_DE","og_type":"article","og_title":"\u00dcber uns - Weltladen Bad Wildungen","og_url":"https:\/\/weltlaeden.de\/badwildungen\/ueber-uns\/","og_site_name":"Weltladen Bad Wildungen","article_modified_time":"2026-04-01T11:23:11+00:00","og_image":[{"width":2048,"height":1380,"url":"https:\/\/weltlaeden.de\/badwildungen\/wp-content\/uploads\/sites\/113\/2024\/09\/20240906_220310.jpg","type":"image\/jpeg"}],"twitter_card":"summary_large_image","twitter_misc":{"Gesch\u00e4tzte Lesezeit":"3\u00a0Minuten"},"schema":{"@context":"https:\/\/schema.org","@graph":[{"@type":"WebPage","@id":"https:\/\/weltlaeden.de\/badwildungen\/ueber-uns\/","url":"https:\/\/weltlaeden.de\/badwildungen\/ueber-uns\/","name":"\u00dcber uns - Weltladen Bad Wildungen","isPartOf":{"@id":"https:\/\/weltlaeden.de\/badwildungen\/#website"},"primaryImageOfPage":{"@id":"https:\/\/weltlaeden.de\/badwildungen\/ueber-uns\/#primaryimage"},"image":{"@id":"https:\/\/weltlaeden.de\/badwildungen\/ueber-uns\/#primaryimage"},"thumbnailUrl":"https:\/\/weltlaeden.de\/badwildungen\/wp-content\/uploads\/sites\/113\/2024\/09\/20240906_220310-300x202.jpg","datePublished":"2016-10-28T11:34:47+00:00","dateModified":"2026-04-01T11:23:11+00:00","breadcrumb":{"@id":"https:\/\/weltlaeden.de\/badwildungen\/ueber-uns\/#breadcrumb"},"inLanguage":"de","potentialAction":[{"@type":"ReadAction","target":["https:\/\/weltlaeden.de\/badwildungen\/ueber-uns\/"]}]},{"@type":"ImageObject","inLanguage":"de","@id":"https:\/\/weltlaeden.de\/badwildungen\/ueber-uns\/#primaryimage","url":"https:\/\/weltlaeden.de\/badwildungen\/wp-content\/uploads\/sites\/113\/2024\/09\/20240906_220310.jpg","contentUrl":"https:\/\/weltlaeden.de\/badwildungen\/wp-content\/uploads\/sites\/113\/2024\/09\/20240906_220310.jpg","width":2048,"height":1380},{"@type":"BreadcrumbList","@id":"https:\/\/weltlaeden.de\/badwildungen\/ueber-uns\/#breadcrumb","itemListElement":[{"@type":"ListItem","position":1,"name":"Startseite","item":"https:\/\/weltlaeden.de\/badwildungen\/"},{"@type":"ListItem","position":2,"name":"\u00dcber uns"}]},{"@type":"WebSite","@id":"https:\/\/weltlaeden.de\/badwildungen\/#website","url":"https:\/\/weltlaeden.de\/badwildungen\/","name":"Weltladen Bad Wildungen","description":"Faire Produkte seit 1990","potentialAction":[{"@type":"SearchAction","target":{"@type":"EntryPoint","urlTemplate":"https:\/\/weltlaeden.de\/badwildungen\/?s={search_term_string}"},"query-input":{"@type":"PropertyValueSpecification","valueRequired":true,"valueName":"search_term_string"}}],"inLanguage":"de"}]}},"_links":{"self":[{"href":"https:\/\/weltlaeden.de\/badwildungen\/wp-json\/wp\/v2\/pages\/219","targetHints":{"allow":["GET"]}}],"collection":[{"href":"https:\/\/weltlaeden.de\/badwildungen\/wp-json\/wp\/v2\/pages"}],"about":[{"href":"https:\/\/weltlaeden.de\/badwildungen\/wp-json\/wp\/v2\/types\/page"}],"author":[{"embeddable":true,"href":"https:\/\/weltlaeden.de\/badwildungen\/wp-json\/wp\/v2\/users\/1"}],"replies":[{"embeddable":true,"href":"https:\/\/weltlaeden.de\/badwildungen\/wp-json\/wp\/v2\/comments?post=219"}],"version-history":[{"count":66,"href":"https:\/\/weltlaeden.de\/badwildungen\/wp-json\/wp\/v2\/pages\/219\/revisions"}],"predecessor-version":[{"id":1599,"href":"https:\/\/weltlaeden.de\/badwildungen\/wp-json\/wp\/v2\/pages\/219\/revisions\/1599"}],"wp:attachment":[{"href":"https:\/\/weltlaeden.de\/badwildungen\/wp-json\/wp\/v2\/media?parent=219"}],"curies":[{"name":"wp","href":"https:\/\/api.w.org\/{rel}","templated":true}]}}