{"id":20,"date":"2016-10-14T09:05:21","date_gmt":"2016-10-14T07:05:21","guid":{"rendered":"https:\/\/wl.heimpixel.de\/vorlage\/weltladen-musterdorf\/"},"modified":"2025-10-07T15:36:54","modified_gmt":"2025-10-07T13:36:54","slug":"weltladen-musterdorf","status":"publish","type":"page","link":"https:\/\/weltlaeden.de\/badwildungen\/","title":{"rendered":"Weltladen Bad Wildungen"},"content":{"rendered":"<div class=\"wpb-content-wrapper\"><p>[vc_row][vc_column][vc_column_text css=&#8220;&#8220;]<\/p>\n<h1 style=\"text-align: left\"><img loading=\"lazy\" decoding=\"async\" class=\"alignnone size-medium wp-image-1584\" src=\"https:\/\/weltlaeden.de\/badwildungen\/wp-content\/uploads\/sites\/113\/2025\/07\/20250703_174433-300x225.jpg\" alt=\"\" width=\"300\" height=\"225\" srcset=\"https:\/\/weltlaeden.de\/badwildungen\/wp-content\/uploads\/sites\/113\/2025\/07\/20250703_174433-300x225.jpg 300w, https:\/\/weltlaeden.de\/badwildungen\/wp-content\/uploads\/sites\/113\/2025\/07\/20250703_174433-1024x768.jpg 1024w, https:\/\/weltlaeden.de\/badwildungen\/wp-content\/uploads\/sites\/113\/2025\/07\/20250703_174433-768x576.jpg 768w, https:\/\/weltlaeden.de\/badwildungen\/wp-content\/uploads\/sites\/113\/2025\/07\/20250703_174433-1536x1152.jpg 1536w, https:\/\/weltlaeden.de\/badwildungen\/wp-content\/uploads\/sites\/113\/2025\/07\/20250703_174433-2048x1536.jpg 2048w\" sizes=\"auto, (max-width: 300px) 100vw, 300px\" \/><\/h1>\n<h1 style=\"text-align: left\">Willkommen im Weltladen Bad Wildungen!<\/h1>\n<p><strong>Liebe Kundinnen und Kunden,<\/strong><\/p>\n<p><strong>unsere aktuellen \u00d6ffnungszeiten:\u00a0<\/strong><\/p>\n<div class=\"gmail_default\">\n<p class=\"gmail_default\"><strong>Dienstag:\u00a0 \u00a0 \u00a0 \u00a0 \u00a0 \u00a0 \u00a0 \u00a0 \u00a0 \u00a014.00\u00a0 &#8211; 18.00 Uhr<br \/>\nMittwoch &#8211; Freitag: 10.00 \u00a0&#8211; \u00a018.00 Uhr<br \/>\n<\/strong><strong>Samstag:\u00a0 \u00a0 \u00a0 \u00a0 \u00a0 \u00a0 \u00a0 \u00a0 \u00a0 \u00a010.00 \u00a0&#8211; \u00a014.00 Uhr<\/strong><\/p>\n<p>&nbsp;<\/p>\n<h3><strong><span style=\"color: #ff0000\">Neue Mitarbeiterinnen und Mitarbeiter sind herzlich willkommen.<\/span><\/strong><\/h3>\n<\/div>\n<div><\/div>\n<div>\n<p><strong style=\"font-size: 14px\"><em>Wir retten nicht die Welt, aber&#8230;<\/em><\/strong><\/p>\n<\/div>\n<p>wenn Sie bei uns einkaufen, dann erm\u00f6glichen Sie den Produzenten\u00a0 in den Ursprungsl\u00e4ndern ein verl\u00e4ssliches, existenzsicherndes Einkommen und damit einhergehend ein menschenw\u00fcrdiges Dasein, bessere Bildungschancen und eine positive Lebensperspektive. Damit bek\u00e4mpfen Sie gleichzeitig aktiv Fluchtursachen und \u00fcbernehmen Verantwortung als Verbraucherinnen und Verbraucher.<\/p>\n<p>Wir sind ein Non-Profit-Unternehmen und unser Tr\u00e4gerverein ist gemeinn\u00fctzig. Wir f\u00fchren <strong><em><u>ausschlie\u00dflich<\/u><\/em><\/strong> Produkte, die dem fairen Handel verpflichtet sind.<\/p>\n<p style=\"text-align: center\"><b>Entdecken Sie die Welt des Fairen Handels<\/b><br \/>\n<b>in der<\/b> <b>Brunnenstra\u00dfe 31<\/b>\u00a0<b>in Bad Wildungen.<br \/>\n<\/b><br \/>\nWir informieren und beraten Sie gern und laden Sie ein a<span class=\"StrongEmphasis\">uf <strong>einen fairen Kaffee<\/strong><\/span> in unserem Weltladen.<\/p>\n<p style=\"text-align: left\"><img loading=\"lazy\" decoding=\"async\" class=\" wp-image-470 aligncenter\" src=\"https:\/\/weltlaeden.de\/badwildungen\/wp-content\/uploads\/sites\/113\/2019\/11\/kaffeetasse.jpg\" alt=\"\" width=\"157\" height=\"103\" \/><\/p>\n<p>&nbsp;<\/p>\n<p>&nbsp;<\/p>\n<p><strong>Wir freuen uns auch \u00fcber eine Spende:<\/strong><\/p>\n<p><strong>Sparkasse Waldeck-Frankenberg<\/strong><\/p>\n<p><strong>DE82 5235 0005 0002 019<br \/>\n<\/strong>[\/vc_column_text][\/vc_column][\/vc_row]<\/p>\n<\/div>","protected":false},"excerpt":{"rendered":"<p>[vc_row][vc_column][vc_column_text css=&#8220;&#8220;] Willkommen im Weltladen Bad Wildungen! Liebe Kundinnen und Kunden, unsere aktuellen \u00d6ffnungszeiten:\u00a0 Dienstag:\u00a0 \u00a0 \u00a0 \u00a0 \u00a0 \u00a0 \u00a0 \u00a0 \u00a0 \u00a014.00\u00a0 &#8211; 18.00 Uhr Mittwoch &#8211; Freitag: 10.00 \u00a0&#8211; \u00a018.00 Uhr Samstag:\u00a0 \u00a0 \u00a0 \u00a0 \u00a0 \u00a0 \u00a0 \u00a0 \u00a0 \u00a010.00 \u00a0&#8211; \u00a014.00 Uhr &nbsp; Neue Mitarbeiterinnen und Mitarbeiter sind herzlich willkommen.&hellip;<\/p>\n","protected":false},"author":1,"featured_media":0,"parent":0,"menu_order":1,"comment_status":"closed","ping_status":"closed","template":"","meta":{"footnotes":""},"class_list":["post-20","page","type-page","status-publish","hentry","description-off"],"yoast_head":"<!-- This site is optimized with the Yoast SEO plugin v26.8 - https:\/\/yoast.com\/product\/yoast-seo-wordpress\/ -->\n<title>Weltladen Bad Wildungen - Weltladen Bad Wildungen<\/title>\n<meta name=\"robots\" content=\"index, follow, max-snippet:-1, max-image-preview:large, max-video-preview:-1\" \/>\n<link rel=\"canonical\" href=\"https:\/\/weltlaeden.de\/badwildungen\/\" \/>\n<meta property=\"og:locale\" content=\"de_DE\" \/>\n<meta property=\"og:type\" content=\"article\" \/>\n<meta property=\"og:title\" content=\"Weltladen Bad Wildungen - Weltladen Bad Wildungen\" \/>\n<meta property=\"og:description\" content=\"[vc_row][vc_column][vc_column_text css=&#8220;&#8220;] Willkommen im Weltladen Bad Wildungen! Liebe Kundinnen und Kunden, unsere aktuellen \u00d6ffnungszeiten:\u00a0 Dienstag:\u00a0 \u00a0 \u00a0 \u00a0 \u00a0 \u00a0 \u00a0 \u00a0 \u00a0 \u00a014.00\u00a0 &#8211; 18.00 Uhr Mittwoch &#8211; Freitag: 10.00 \u00a0&#8211; \u00a018.00 Uhr Samstag:\u00a0 \u00a0 \u00a0 \u00a0 \u00a0 \u00a0 \u00a0 \u00a0 \u00a0 \u00a010.00 \u00a0&#8211; \u00a014.00 Uhr &nbsp; Neue Mitarbeiterinnen und Mitarbeiter sind herzlich willkommen.&hellip;\" \/>\n<meta property=\"og:url\" content=\"https:\/\/weltlaeden.de\/badwildungen\/\" \/>\n<meta property=\"og:site_name\" content=\"Weltladen Bad Wildungen\" \/>\n<meta property=\"article:modified_time\" content=\"2025-10-07T13:36:54+00:00\" \/>\n<meta property=\"og:image\" content=\"https:\/\/weltlaeden.de\/badwildungen\/wp-content\/uploads\/sites\/113\/2025\/07\/20250703_174433-scaled.jpg\" \/>\n\t<meta property=\"og:image:width\" content=\"2560\" \/>\n\t<meta property=\"og:image:height\" content=\"1920\" \/>\n\t<meta property=\"og:image:type\" content=\"image\/jpeg\" \/>\n<meta name=\"twitter:card\" content=\"summary_large_image\" \/>\n<meta name=\"twitter:label1\" content=\"Gesch\u00e4tzte Lesezeit\" \/>\n\t<meta name=\"twitter:data1\" content=\"2\u00a0Minuten\" \/>\n<script type=\"application\/ld+json\" class=\"yoast-schema-graph\">{\"@context\":\"https:\/\/schema.org\",\"@graph\":[{\"@type\":\"WebPage\",\"@id\":\"https:\/\/weltlaeden.de\/badwildungen\/\",\"url\":\"https:\/\/weltlaeden.de\/badwildungen\/\",\"name\":\"Weltladen Bad Wildungen - Weltladen Bad Wildungen\",\"isPartOf\":{\"@id\":\"https:\/\/weltlaeden.de\/badwildungen\/#website\"},\"primaryImageOfPage\":{\"@id\":\"https:\/\/weltlaeden.de\/badwildungen\/#primaryimage\"},\"image\":{\"@id\":\"https:\/\/weltlaeden.de\/badwildungen\/#primaryimage\"},\"thumbnailUrl\":\"https:\/\/weltlaeden.de\/badwildungen\/wp-content\/uploads\/sites\/113\/2025\/07\/20250703_174433-300x225.jpg\",\"datePublished\":\"2016-10-14T07:05:21+00:00\",\"dateModified\":\"2025-10-07T13:36:54+00:00\",\"breadcrumb\":{\"@id\":\"https:\/\/weltlaeden.de\/badwildungen\/#breadcrumb\"},\"inLanguage\":\"de\",\"potentialAction\":[{\"@type\":\"ReadAction\",\"target\":[\"https:\/\/weltlaeden.de\/badwildungen\/\"]}]},{\"@type\":\"ImageObject\",\"inLanguage\":\"de\",\"@id\":\"https:\/\/weltlaeden.de\/badwildungen\/#primaryimage\",\"url\":\"https:\/\/weltlaeden.de\/badwildungen\/wp-content\/uploads\/sites\/113\/2025\/07\/20250703_174433-scaled.jpg\",\"contentUrl\":\"https:\/\/weltlaeden.de\/badwildungen\/wp-content\/uploads\/sites\/113\/2025\/07\/20250703_174433-scaled.jpg\",\"width\":2560,\"height\":1920},{\"@type\":\"BreadcrumbList\",\"@id\":\"https:\/\/weltlaeden.de\/badwildungen\/#breadcrumb\",\"itemListElement\":[{\"@type\":\"ListItem\",\"position\":1,\"name\":\"Startseite\",\"item\":\"https:\/\/weltlaeden.de\/badwildungen\/\"},{\"@type\":\"ListItem\",\"position\":2,\"name\":\"Weltladen Bad Wildungen\"}]},{\"@type\":\"WebSite\",\"@id\":\"https:\/\/weltlaeden.de\/badwildungen\/#website\",\"url\":\"https:\/\/weltlaeden.de\/badwildungen\/\",\"name\":\"Weltladen Bad Wildungen\",\"description\":\"Faire Produkte seit 1990\",\"potentialAction\":[{\"@type\":\"SearchAction\",\"target\":{\"@type\":\"EntryPoint\",\"urlTemplate\":\"https:\/\/weltlaeden.de\/badwildungen\/?s={search_term_string}\"},\"query-input\":{\"@type\":\"PropertyValueSpecification\",\"valueRequired\":true,\"valueName\":\"search_term_string\"}}],\"inLanguage\":\"de\"}]}<\/script>\n<!-- \/ Yoast SEO plugin. -->","yoast_head_json":{"title":"Weltladen Bad Wildungen - Weltladen Bad Wildungen","robots":{"index":"index","follow":"follow","max-snippet":"max-snippet:-1","max-image-preview":"max-image-preview:large","max-video-preview":"max-video-preview:-1"},"canonical":"https:\/\/weltlaeden.de\/badwildungen\/","og_locale":"de_DE","og_type":"article","og_title":"Weltladen Bad Wildungen - Weltladen Bad Wildungen","og_description":"[vc_row][vc_column][vc_column_text css=&#8220;&#8220;] Willkommen im Weltladen Bad Wildungen! Liebe Kundinnen und Kunden, unsere aktuellen \u00d6ffnungszeiten:\u00a0 Dienstag:\u00a0 \u00a0 \u00a0 \u00a0 \u00a0 \u00a0 \u00a0 \u00a0 \u00a0 \u00a014.00\u00a0 &#8211; 18.00 Uhr Mittwoch &#8211; Freitag: 10.00 \u00a0&#8211; \u00a018.00 Uhr Samstag:\u00a0 \u00a0 \u00a0 \u00a0 \u00a0 \u00a0 \u00a0 \u00a0 \u00a0 \u00a010.00 \u00a0&#8211; \u00a014.00 Uhr &nbsp; Neue Mitarbeiterinnen und Mitarbeiter sind herzlich willkommen.&hellip;","og_url":"https:\/\/weltlaeden.de\/badwildungen\/","og_site_name":"Weltladen Bad Wildungen","article_modified_time":"2025-10-07T13:36:54+00:00","og_image":[{"width":2560,"height":1920,"url":"https:\/\/weltlaeden.de\/badwildungen\/wp-content\/uploads\/sites\/113\/2025\/07\/20250703_174433-scaled.jpg","type":"image\/jpeg"}],"twitter_card":"summary_large_image","twitter_misc":{"Gesch\u00e4tzte Lesezeit":"2\u00a0Minuten"},"schema":{"@context":"https:\/\/schema.org","@graph":[{"@type":"WebPage","@id":"https:\/\/weltlaeden.de\/badwildungen\/","url":"https:\/\/weltlaeden.de\/badwildungen\/","name":"Weltladen Bad Wildungen - Weltladen Bad Wildungen","isPartOf":{"@id":"https:\/\/weltlaeden.de\/badwildungen\/#website"},"primaryImageOfPage":{"@id":"https:\/\/weltlaeden.de\/badwildungen\/#primaryimage"},"image":{"@id":"https:\/\/weltlaeden.de\/badwildungen\/#primaryimage"},"thumbnailUrl":"https:\/\/weltlaeden.de\/badwildungen\/wp-content\/uploads\/sites\/113\/2025\/07\/20250703_174433-300x225.jpg","datePublished":"2016-10-14T07:05:21+00:00","dateModified":"2025-10-07T13:36:54+00:00","breadcrumb":{"@id":"https:\/\/weltlaeden.de\/badwildungen\/#breadcrumb"},"inLanguage":"de","potentialAction":[{"@type":"ReadAction","target":["https:\/\/weltlaeden.de\/badwildungen\/"]}]},{"@type":"ImageObject","inLanguage":"de","@id":"https:\/\/weltlaeden.de\/badwildungen\/#primaryimage","url":"https:\/\/weltlaeden.de\/badwildungen\/wp-content\/uploads\/sites\/113\/2025\/07\/20250703_174433-scaled.jpg","contentUrl":"https:\/\/weltlaeden.de\/badwildungen\/wp-content\/uploads\/sites\/113\/2025\/07\/20250703_174433-scaled.jpg","width":2560,"height":1920},{"@type":"BreadcrumbList","@id":"https:\/\/weltlaeden.de\/badwildungen\/#breadcrumb","itemListElement":[{"@type":"ListItem","position":1,"name":"Startseite","item":"https:\/\/weltlaeden.de\/badwildungen\/"},{"@type":"ListItem","position":2,"name":"Weltladen Bad Wildungen"}]},{"@type":"WebSite","@id":"https:\/\/weltlaeden.de\/badwildungen\/#website","url":"https:\/\/weltlaeden.de\/badwildungen\/","name":"Weltladen Bad Wildungen","description":"Faire Produkte seit 1990","potentialAction":[{"@type":"SearchAction","target":{"@type":"EntryPoint","urlTemplate":"https:\/\/weltlaeden.de\/badwildungen\/?s={search_term_string}"},"query-input":{"@type":"PropertyValueSpecification","valueRequired":true,"valueName":"search_term_string"}}],"inLanguage":"de"}]}},"_links":{"self":[{"href":"https:\/\/weltlaeden.de\/badwildungen\/wp-json\/wp\/v2\/pages\/20","targetHints":{"allow":["GET"]}}],"collection":[{"href":"https:\/\/weltlaeden.de\/badwildungen\/wp-json\/wp\/v2\/pages"}],"about":[{"href":"https:\/\/weltlaeden.de\/badwildungen\/wp-json\/wp\/v2\/types\/page"}],"author":[{"embeddable":true,"href":"https:\/\/weltlaeden.de\/badwildungen\/wp-json\/wp\/v2\/users\/1"}],"replies":[{"embeddable":true,"href":"https:\/\/weltlaeden.de\/badwildungen\/wp-json\/wp\/v2\/comments?post=20"}],"version-history":[{"count":66,"href":"https:\/\/weltlaeden.de\/badwildungen\/wp-json\/wp\/v2\/pages\/20\/revisions"}],"predecessor-version":[{"id":1596,"href":"https:\/\/weltlaeden.de\/badwildungen\/wp-json\/wp\/v2\/pages\/20\/revisions\/1596"}],"wp:attachment":[{"href":"https:\/\/weltlaeden.de\/badwildungen\/wp-json\/wp\/v2\/media?parent=20"}],"curies":[{"name":"wp","href":"https:\/\/api.w.org\/{rel}","templated":true}]}}