{"id":1001,"date":"2020-01-29T22:56:25","date_gmt":"2020-01-29T21:56:25","guid":{"rendered":"https:\/\/weltlaeden.de\/badwildungen\/?page_id=1001"},"modified":"2020-02-10T14:08:22","modified_gmt":"2020-02-10T13:08:22","slug":"ethiopia-arise","status":"publish","type":"page","link":"https:\/\/weltlaeden.de\/badwildungen\/ethiopia-arise\/","title":{"rendered":"Ethiopia Arise Projekt"},"content":{"rendered":"<h1>Projektbeispiele<\/h1>\n<h2><strong>Kinderhilfsprojekt Ethiopia Arise (EA)<\/strong><\/h2>\n<p>&nbsp;<\/p>\n\n\t\t\t<style type='text\/css'>\n\t\t\t\t#gallery-1 {\n\t\t\t\t\tmargin: auto;\n\t\t\t\t}\n\t\t\t\t#gallery-1 .gallery-item {\n\t\t\t\t\tfloat: left;\n\t\t\t\t\tmargin-top: 10px;\n\t\t\t\t\ttext-align: center;\n\t\t\t\t\twidth: 50%;\n\t\t\t\t}\n\t\t\t\t#gallery-1 img {\n\t\t\t\t\tborder: 2px solid #cfcfcf;\n\t\t\t\t}\n\t\t\t\t#gallery-1 .gallery-caption {\n\t\t\t\t\tmargin-left: 0;\n\t\t\t\t}\n\t\t\t\t\/* see gallery_shortcode() in wp-includes\/media.php *\/\n\t\t\t<\/style>\n\t\t<div id='gallery-1' class='dt-gallery-container gallery galleryid-1001 gallery-columns-2 gallery-size-large'><dl class='gallery-item'>\n\t\t\t\t<dt class='gallery-icon landscape'>\n\t\t\t\t\t<img loading=\"lazy\" decoding=\"async\" width=\"960\" height=\"500\" src=\"https:\/\/weltlaeden.de\/badwildungen\/wp-content\/uploads\/sites\/113\/2020\/02\/ea02.jpg\" class=\"attachment-large size-large\" alt=\"\" srcset=\"https:\/\/weltlaeden.de\/badwildungen\/wp-content\/uploads\/sites\/113\/2020\/02\/ea02.jpg 960w, https:\/\/weltlaeden.de\/badwildungen\/wp-content\/uploads\/sites\/113\/2020\/02\/ea02-300x156.jpg 300w, https:\/\/weltlaeden.de\/badwildungen\/wp-content\/uploads\/sites\/113\/2020\/02\/ea02-768x400.jpg 768w\" sizes=\"auto, (max-width: 960px) 100vw, 960px\" \/>\n\t\t\t\t<\/dt><\/dl><dl class='gallery-item'>\n\t\t\t\t<dt class='gallery-icon landscape'>\n\t\t\t\t\t<img loading=\"lazy\" decoding=\"async\" width=\"960\" height=\"500\" src=\"https:\/\/weltlaeden.de\/badwildungen\/wp-content\/uploads\/sites\/113\/2020\/02\/ea01.jpg\" class=\"attachment-large size-large\" alt=\"\" srcset=\"https:\/\/weltlaeden.de\/badwildungen\/wp-content\/uploads\/sites\/113\/2020\/02\/ea01.jpg 960w, https:\/\/weltlaeden.de\/badwildungen\/wp-content\/uploads\/sites\/113\/2020\/02\/ea01-300x156.jpg 300w, https:\/\/weltlaeden.de\/badwildungen\/wp-content\/uploads\/sites\/113\/2020\/02\/ea01-768x400.jpg 768w\" sizes=\"auto, (max-width: 960px) 100vw, 960px\" \/>\n\t\t\t\t<\/dt><\/dl><br style=\"clear: both\" \/>\n\t\t\t<\/div>\n\n<p><strong>\u00a0\u00a0<\/strong><\/p>\n<p>Das Hilfsprojekt Ethiopia Arise wird von unserem Weltladen schon \u00fcber 10 Jahre kontinuierlich finanziell unterst\u00fctzt &#8211;\u00a0 so weit, wie wir es k\u00f6nnen. Wir kennen die Initiatoren, das Ehepaar Betz, pers\u00f6nlich.<br \/>\nKlaus Betz stammt aus dem kleinen Ort B\u00f6hne in unmittelbarer N\u00e4he von Bad Wildungen. Er und seine Frau Ruth Betz haben sich bei Heimataufenthalten mit dem Weltladenteam getroffen und so konnten wir ganz unmittelbar die Entwicklung des Projektes mitverfolgen.<\/p>\n<p>&nbsp;<\/p>\n\n\t\t\t<style type='text\/css'>\n\t\t\t\t#gallery-2 {\n\t\t\t\t\tmargin: auto;\n\t\t\t\t}\n\t\t\t\t#gallery-2 .gallery-item {\n\t\t\t\t\tfloat: left;\n\t\t\t\t\tmargin-top: 10px;\n\t\t\t\t\ttext-align: center;\n\t\t\t\t\twidth: 50%;\n\t\t\t\t}\n\t\t\t\t#gallery-2 img {\n\t\t\t\t\tborder: 2px solid #cfcfcf;\n\t\t\t\t}\n\t\t\t\t#gallery-2 .gallery-caption {\n\t\t\t\t\tmargin-left: 0;\n\t\t\t\t}\n\t\t\t\t\/* see gallery_shortcode() in wp-includes\/media.php *\/\n\t\t\t<\/style>\n\t\t<div id='gallery-2' class='dt-gallery-container gallery galleryid-1001 gallery-columns-2 gallery-size-thumbnail'><dl class='gallery-item'>\n\t\t\t\t<dt class='gallery-icon landscape'>\n\t\t\t\t\t<a class=\"rollover\" href='https:\/\/weltlaeden.de\/badwildungen\/ethiopia-arise\/ea12\/'><img loading=\"lazy\" decoding=\"async\" width=\"150\" height=\"150\" src=\"https:\/\/weltlaeden.de\/badwildungen\/wp-content\/uploads\/sites\/113\/2020\/02\/ea12-150x150.jpg\" class=\"attachment-thumbnail size-thumbnail\" alt=\"\" aria-describedby=\"gallery-2-1305\" \/><\/a>\n\t\t\t\t<\/dt>\n\t\t\t\t\t<dd class='wp-caption-text gallery-caption' id='gallery-2-1305'>\n\t\t\t\t\tRuth und Klaus Betz\n\t\t\t\t\t<\/dd><\/dl><dl class='gallery-item'>\n\t\t\t\t<dt class='gallery-icon landscape'>\n\t\t\t\t\t<a class=\"rollover\" href='https:\/\/weltlaeden.de\/badwildungen\/ethiopia-arise\/ea13-2\/'><img loading=\"lazy\" decoding=\"async\" width=\"150\" height=\"150\" src=\"https:\/\/weltlaeden.de\/badwildungen\/wp-content\/uploads\/sites\/113\/2020\/02\/ea13-1-150x150.jpg\" class=\"attachment-thumbnail size-thumbnail\" alt=\"\" aria-describedby=\"gallery-2-1306\" \/><\/a>\n\t\t\t\t<\/dt>\n\t\t\t\t\t<dd class='wp-caption-text gallery-caption' id='gallery-2-1306'>\n\t\t\t\t\tWeihnachten 2014\n\t\t\t\t\t<\/dd><\/dl><br style=\"clear: both\" \/>\n\t\t\t<\/div>\n\n<p>&nbsp;<\/p>\n<p>Ruth Betz stammt aus \u00c4thiopien. Dadurch hatten die beiden einen ganz besonderen Zugang zur einheimischen Bev\u00f6lkerung. Ihr Engagement galt von Anfang an armen Kindern und ihren alleinerziehenden M\u00fcttern. In \u00c4thiopien gibt es keine Sozialhilfe. Um zu \u00fcberleben, m\u00fcssen sich viele alleinerziehende M\u00fctter zusammen mit ihren Kindern mit Kleinsthandel und Betteln \u00fcber Wasser halten.<\/p>\n<p>Das EA- Projekt begann 2008 mit der Errichtung eines \u00a0Kinderhauses in Addis Abeba. Durch die Betreuung \u00a0ihrer Kinder k\u00f6nnen die\u00a0 M\u00fctter besser bezahlte Jobs finden. Im EA &#8211; Kindergarten wird kreativ eine Grundlage f\u00fcr eine solide Bildung gelegt. Samstags werden in diesem Haus Schulkinder gef\u00f6rdert, mit Computer- Mathe-, Englisch- Musik- und Sportunterricht. Dar\u00fcber hinaus werden Jugendliche auf Ausbildung und weiterf\u00fchrende Bildung vorbereitet.<\/p>\n<p>&nbsp;<\/p>\n\n\t\t\t<style type='text\/css'>\n\t\t\t\t#gallery-3 {\n\t\t\t\t\tmargin: auto;\n\t\t\t\t}\n\t\t\t\t#gallery-3 .gallery-item {\n\t\t\t\t\tfloat: left;\n\t\t\t\t\tmargin-top: 10px;\n\t\t\t\t\ttext-align: center;\n\t\t\t\t\twidth: 50%;\n\t\t\t\t}\n\t\t\t\t#gallery-3 img {\n\t\t\t\t\tborder: 2px solid #cfcfcf;\n\t\t\t\t}\n\t\t\t\t#gallery-3 .gallery-caption {\n\t\t\t\t\tmargin-left: 0;\n\t\t\t\t}\n\t\t\t\t\/* see gallery_shortcode() in wp-includes\/media.php *\/\n\t\t\t<\/style>\n\t\t<div id='gallery-3' class='dt-gallery-container gallery galleryid-1001 gallery-columns-2 gallery-size-thumbnail'><dl class='gallery-item'>\n\t\t\t\t<dt class='gallery-icon landscape'>\n\t\t\t\t\t<a class=\"rollover\" href='https:\/\/weltlaeden.de\/badwildungen\/ethiopia-arise\/ea10\/'><img loading=\"lazy\" decoding=\"async\" width=\"150\" height=\"150\" src=\"https:\/\/weltlaeden.de\/badwildungen\/wp-content\/uploads\/sites\/113\/2020\/02\/ea10-150x150.jpg\" class=\"attachment-thumbnail size-thumbnail\" alt=\"\" aria-describedby=\"gallery-3-1303\" \/><\/a>\n\t\t\t\t<\/dt>\n\t\t\t\t\t<dd class='wp-caption-text gallery-caption' id='gallery-3-1303'>\n\t\t\t\t\tJobtraining f\u00fcr die F\u00fchrung eines Restaurants\n\t\t\t\t\t<\/dd><\/dl><dl class='gallery-item'>\n\t\t\t\t<dt class='gallery-icon landscape'>\n\t\t\t\t\t<a class=\"rollover\" href='https:\/\/weltlaeden.de\/badwildungen\/ethiopia-arise\/ea11\/'><img loading=\"lazy\" decoding=\"async\" width=\"150\" height=\"150\" src=\"https:\/\/weltlaeden.de\/badwildungen\/wp-content\/uploads\/sites\/113\/2020\/02\/ea11-150x150.jpg\" class=\"attachment-thumbnail size-thumbnail\" alt=\"\" aria-describedby=\"gallery-3-1304\" \/><\/a>\n\t\t\t\t<\/dt>\n\t\t\t\t\t<dd class='wp-caption-text gallery-caption' id='gallery-3-1304'>\n\t\t\t\t\tJobtraining f\u00fcr die F\u00fchrung eines Frisiersalons\n\t\t\t\t\t<\/dd><\/dl><br style=\"clear: both\" \/>\n\t\t\t<\/div>\n\n<p>&nbsp;<\/p>\n<p class=\"id-article-content-item\">Sehr bald wurde deutlich, dass die M\u00fctter der EA-Kinder mehr Unterst\u00fctzung brauchen. Werkst\u00e4tten f\u00fcr gezieltes Jobtraining wurden eingerichtet. Dadurch wurde das Selbstwertgef\u00fchl der Frauen gest\u00e4rkt und half ihnen bei dem nicht leichten Schritt, Arbeit zu finden oder sich selbst\u00e4ndig zu machen.<br \/>\nDenn: &#8222;Betteln erscheint\u00a0 immer mal wieder verf\u00fchrerisch als leichtere Alternative\u201c, berichtete uns Ruth Betz. Auf dem Weg zur Selbst\u00e4ndigkeit gibt es auch Startkapital, z.B. eine N\u00e4hmaschine.<\/p>\n<p class=\"id-article-content-item\">Inzwischen\u00a0 ist das EA-Projekt weiter gewachsen:\u00a0 Auf dem Land in Melga Kocho, rund 300 Kilometer s\u00fcdlich von Addis Abeba, dem Geburtsort von Ruth Betz, wurde von EA ein Kindergarten und eine Schule f\u00fcr 100 Kinder errichtet. Mittlerweile hat die Regierung die Schule \u00fcbernommen, mit der Zusicherung, sie bis zur achten Klasse zu erweitern und Trinkwasser zur Verf\u00fcgung zu stellen.<\/p>\n<p>&nbsp;<\/p>\n\n\t\t\t<style type='text\/css'>\n\t\t\t\t#gallery-4 {\n\t\t\t\t\tmargin: auto;\n\t\t\t\t}\n\t\t\t\t#gallery-4 .gallery-item {\n\t\t\t\t\tfloat: left;\n\t\t\t\t\tmargin-top: 10px;\n\t\t\t\t\ttext-align: center;\n\t\t\t\t\twidth: 33%;\n\t\t\t\t}\n\t\t\t\t#gallery-4 img {\n\t\t\t\t\tborder: 2px solid #cfcfcf;\n\t\t\t\t}\n\t\t\t\t#gallery-4 .gallery-caption {\n\t\t\t\t\tmargin-left: 0;\n\t\t\t\t}\n\t\t\t\t\/* see gallery_shortcode() in wp-includes\/media.php *\/\n\t\t\t<\/style>\n\t\t<div id='gallery-4' class='dt-gallery-container gallery galleryid-1001 gallery-columns-3 gallery-size-thumbnail'><dl class='gallery-item'>\n\t\t\t\t<dt class='gallery-icon landscape'>\n\t\t\t\t\t<a class=\"rollover\" href='https:\/\/weltlaeden.de\/badwildungen\/ethiopia-arise\/ea07-2\/'><img loading=\"lazy\" decoding=\"async\" width=\"150\" height=\"150\" src=\"https:\/\/weltlaeden.de\/badwildungen\/wp-content\/uploads\/sites\/113\/2020\/02\/ea07-1-150x150.jpg\" class=\"attachment-thumbnail size-thumbnail\" alt=\"\" aria-describedby=\"gallery-4-1302\" \/><\/a>\n\t\t\t\t<\/dt>\n\t\t\t\t\t<dd class='wp-caption-text gallery-caption' id='gallery-4-1302'>\n\t\t\t\t\tDas Dorf Melaga Kocho\n\t\t\t\t\t<\/dd><\/dl><dl class='gallery-item'>\n\t\t\t\t<dt class='gallery-icon landscape'>\n\t\t\t\t\t<a class=\"rollover\" href='https:\/\/weltlaeden.de\/badwildungen\/ethiopia-arise\/ea05\/'><img loading=\"lazy\" decoding=\"async\" width=\"150\" height=\"150\" src=\"https:\/\/weltlaeden.de\/badwildungen\/wp-content\/uploads\/sites\/113\/2020\/02\/ea05-150x150.jpg\" class=\"attachment-thumbnail size-thumbnail\" alt=\"\" aria-describedby=\"gallery-4-1300\" \/><\/a>\n\t\t\t\t<\/dt>\n\t\t\t\t\t<dd class='wp-caption-text gallery-caption' id='gallery-4-1300'>\n\t\t\t\t\tGrundsch\u00fclerinnen\n\t\t\t\t\t<\/dd><\/dl><dl class='gallery-item'>\n\t\t\t\t<dt class='gallery-icon landscape'>\n\t\t\t\t\t<a class=\"rollover\" href='https:\/\/weltlaeden.de\/badwildungen\/ethiopia-arise\/ea06\/'><img loading=\"lazy\" decoding=\"async\" width=\"150\" height=\"150\" src=\"https:\/\/weltlaeden.de\/badwildungen\/wp-content\/uploads\/sites\/113\/2020\/02\/ea06-150x150.jpg\" class=\"attachment-thumbnail size-thumbnail\" alt=\"\" aria-describedby=\"gallery-4-1293\" \/><\/a>\n\t\t\t\t<\/dt>\n\t\t\t\t\t<dd class='wp-caption-text gallery-caption' id='gallery-4-1293'>\n\t\t\t\t\tSchule in Melaga Kocho\n\t\t\t\t\t<\/dd><\/dl><br style=\"clear: both\" \/>\n\t\t\t<\/div>\n\n<p>&nbsp;<\/p>\n<p>Ein gro\u00dfer Einbruch f\u00fcr Ethiopia\u00a0 Arise war der Tod 2018 von Ruth Betz nach einer pl\u00f6tzlichen und schweren Erkrankung. Das Projekt geht aber weiter, wie wir bei dem Besuch von Klaus Betz mit dem \u00a0EA-Kinderchor im Sommer 2019 erleben durften. Die Deutschlandreise war lange geplant, es war Ruth Betz Idee gewesen und musste nun ohne sie stattfinden. Der Wildunger \u00a0Weltladen beteiligte sich an den Reisekosten.<\/p>\n<p>&nbsp;<\/p>\n<p><img loading=\"lazy\" decoding=\"async\" class=\"alignnone wp-image-1011\" src=\"https:\/\/weltlaeden.de\/badwildungen\/wp-content\/uploads\/sites\/113\/2020\/01\/ethiopia12.jpg\" alt=\"\" width=\"270\" height=\"177\" \/><img loading=\"lazy\" decoding=\"async\" class=\"wp-image-1015 alignleft\" src=\"https:\/\/weltlaeden.de\/badwildungen\/wp-content\/uploads\/sites\/113\/2020\/01\/ethiopia13.jpg\" alt=\"\" width=\"313\" height=\"168\" \/><br \/>\nEA-Chor am 15.August 2019 in B\u00f6hne und danach mit Organisatorin Gabriela Peter-Berthold<\/p>\n<p>&nbsp;<\/p>\n<p>H\u00f6hepunkt f\u00fcr uns war der Auftritt des Chores in B\u00f6hne. Der Funke der Begeisterung sprang auf das Publikum \u00fcber. Das lag an der Sing- und Tanzfreude der Kinder und ihrem musikalischen Begleiter Mussie Fisseha. Besonders faszinierte uns das Selbstbewusstsein, das die Kinder ausstrahlten. Man konnte es sp\u00fcren: Ethiopia Arise ist ein guter Ort f\u00fcr junge Menschen.<\/p>\n<p>Hier werden sie gef\u00f6rdert, damit sie ein &#8211; mit den Worten von Klaus Betz &#8211; \u201egl\u00fccklicheres Leben mit christlichen Werten und einem Bewusstsein f\u00fcr Aufrichtigkeit, Liebe und Verantwortung f\u00fchren k\u00f6nnen\u201c<\/p>\n<p>Das Projekt ist auf Spenden und neue Patenschaften f\u00fcr Kinder angewiesen. EA ist als gemeinn\u00fctziger Verein anerkannt.\u00a0 Weitere Infos unter: \u00a0<a href=\"https:\/\/ethiopia-arise.org\/\"><strong>www.ethiopia-arise.org<\/strong><\/a><\/p>\n<p>&nbsp;<\/p>\n<p>&nbsp;<\/p>\n<p>&nbsp;<\/p>\n","protected":false},"excerpt":{"rendered":"<p>Projektbeispiele Kinderhilfsprojekt Ethiopia Arise (EA) &nbsp; \u00a0\u00a0 Das Hilfsprojekt Ethiopia Arise wird von unserem Weltladen schon \u00fcber 10 Jahre kontinuierlich finanziell unterst\u00fctzt &#8211;\u00a0 so weit, wie wir es k\u00f6nnen. Wir kennen die Initiatoren, das Ehepaar Betz, pers\u00f6nlich. Klaus Betz stammt aus dem kleinen Ort B\u00f6hne in unmittelbarer N\u00e4he von Bad Wildungen. Er und seine Frau&hellip;<\/p>\n","protected":false},"author":174,"featured_media":0,"parent":0,"menu_order":8,"comment_status":"closed","ping_status":"closed","template":"","meta":{"footnotes":""},"class_list":["post-1001","page","type-page","status-publish","hentry","description-off"],"yoast_head":"<!-- This site is optimized with the Yoast SEO plugin v26.8 - https:\/\/yoast.com\/product\/yoast-seo-wordpress\/ -->\n<title>Ethiopia Arise Projekt - Weltladen Bad Wildungen<\/title>\n<meta name=\"robots\" content=\"index, follow, max-snippet:-1, max-image-preview:large, max-video-preview:-1\" \/>\n<link rel=\"canonical\" href=\"https:\/\/weltlaeden.de\/badwildungen\/ethiopia-arise\/\" \/>\n<meta property=\"og:locale\" content=\"de_DE\" \/>\n<meta property=\"og:type\" content=\"article\" \/>\n<meta property=\"og:title\" content=\"Ethiopia Arise Projekt - Weltladen Bad Wildungen\" \/>\n<meta property=\"og:description\" content=\"Projektbeispiele Kinderhilfsprojekt Ethiopia Arise (EA) &nbsp; \u00a0\u00a0 Das Hilfsprojekt Ethiopia Arise wird von unserem Weltladen schon \u00fcber 10 Jahre kontinuierlich finanziell unterst\u00fctzt &#8211;\u00a0 so weit, wie wir es k\u00f6nnen. Wir kennen die Initiatoren, das Ehepaar Betz, pers\u00f6nlich. Klaus Betz stammt aus dem kleinen Ort B\u00f6hne in unmittelbarer N\u00e4he von Bad Wildungen. Er und seine Frau&hellip;\" \/>\n<meta property=\"og:url\" content=\"https:\/\/weltlaeden.de\/badwildungen\/ethiopia-arise\/\" \/>\n<meta property=\"og:site_name\" content=\"Weltladen Bad Wildungen\" \/>\n<meta property=\"article:modified_time\" content=\"2020-02-10T13:08:22+00:00\" \/>\n<meta property=\"og:image\" content=\"https:\/\/weltlaeden.de\/badwildungen\/wp-content\/uploads\/sites\/113\/2020\/02\/ea02.jpg\" \/>\n<meta name=\"twitter:card\" content=\"summary_large_image\" \/>\n<meta name=\"twitter:label1\" content=\"Gesch\u00e4tzte Lesezeit\" \/>\n\t<meta name=\"twitter:data1\" content=\"3\u00a0Minuten\" \/>\n<script type=\"application\/ld+json\" class=\"yoast-schema-graph\">{\"@context\":\"https:\/\/schema.org\",\"@graph\":[{\"@type\":\"WebPage\",\"@id\":\"https:\/\/weltlaeden.de\/badwildungen\/ethiopia-arise\/\",\"url\":\"https:\/\/weltlaeden.de\/badwildungen\/ethiopia-arise\/\",\"name\":\"Ethiopia Arise Projekt - Weltladen Bad Wildungen\",\"isPartOf\":{\"@id\":\"https:\/\/weltlaeden.de\/badwildungen\/#website\"},\"primaryImageOfPage\":{\"@id\":\"https:\/\/weltlaeden.de\/badwildungen\/ethiopia-arise\/#primaryimage\"},\"image\":{\"@id\":\"https:\/\/weltlaeden.de\/badwildungen\/ethiopia-arise\/#primaryimage\"},\"thumbnailUrl\":\"https:\/\/weltlaeden.de\/badwildungen\/wp-content\/uploads\/sites\/113\/2020\/01\/ethiopia12.jpg\",\"datePublished\":\"2020-01-29T21:56:25+00:00\",\"dateModified\":\"2020-02-10T13:08:22+00:00\",\"breadcrumb\":{\"@id\":\"https:\/\/weltlaeden.de\/badwildungen\/ethiopia-arise\/#breadcrumb\"},\"inLanguage\":\"de\",\"potentialAction\":[{\"@type\":\"ReadAction\",\"target\":[\"https:\/\/weltlaeden.de\/badwildungen\/ethiopia-arise\/\"]}]},{\"@type\":\"ImageObject\",\"inLanguage\":\"de\",\"@id\":\"https:\/\/weltlaeden.de\/badwildungen\/ethiopia-arise\/#primaryimage\",\"url\":\"https:\/\/weltlaeden.de\/badwildungen\/wp-content\/uploads\/sites\/113\/2020\/01\/ethiopia12.jpg\",\"contentUrl\":\"https:\/\/weltlaeden.de\/badwildungen\/wp-content\/uploads\/sites\/113\/2020\/01\/ethiopia12.jpg\",\"width\":174,\"height\":114},{\"@type\":\"BreadcrumbList\",\"@id\":\"https:\/\/weltlaeden.de\/badwildungen\/ethiopia-arise\/#breadcrumb\",\"itemListElement\":[{\"@type\":\"ListItem\",\"position\":1,\"name\":\"Startseite\",\"item\":\"https:\/\/weltlaeden.de\/badwildungen\/\"},{\"@type\":\"ListItem\",\"position\":2,\"name\":\"Ethiopia Arise Projekt\"}]},{\"@type\":\"WebSite\",\"@id\":\"https:\/\/weltlaeden.de\/badwildungen\/#website\",\"url\":\"https:\/\/weltlaeden.de\/badwildungen\/\",\"name\":\"Weltladen Bad Wildungen\",\"description\":\"Faire Produkte seit 1990\",\"potentialAction\":[{\"@type\":\"SearchAction\",\"target\":{\"@type\":\"EntryPoint\",\"urlTemplate\":\"https:\/\/weltlaeden.de\/badwildungen\/?s={search_term_string}\"},\"query-input\":{\"@type\":\"PropertyValueSpecification\",\"valueRequired\":true,\"valueName\":\"search_term_string\"}}],\"inLanguage\":\"de\"}]}<\/script>\n<!-- \/ Yoast SEO plugin. -->","yoast_head_json":{"title":"Ethiopia Arise Projekt - Weltladen Bad Wildungen","robots":{"index":"index","follow":"follow","max-snippet":"max-snippet:-1","max-image-preview":"max-image-preview:large","max-video-preview":"max-video-preview:-1"},"canonical":"https:\/\/weltlaeden.de\/badwildungen\/ethiopia-arise\/","og_locale":"de_DE","og_type":"article","og_title":"Ethiopia Arise Projekt - Weltladen Bad Wildungen","og_description":"Projektbeispiele Kinderhilfsprojekt Ethiopia Arise (EA) &nbsp; \u00a0\u00a0 Das Hilfsprojekt Ethiopia Arise wird von unserem Weltladen schon \u00fcber 10 Jahre kontinuierlich finanziell unterst\u00fctzt &#8211;\u00a0 so weit, wie wir es k\u00f6nnen. Wir kennen die Initiatoren, das Ehepaar Betz, pers\u00f6nlich. Klaus Betz stammt aus dem kleinen Ort B\u00f6hne in unmittelbarer N\u00e4he von Bad Wildungen. Er und seine Frau&hellip;","og_url":"https:\/\/weltlaeden.de\/badwildungen\/ethiopia-arise\/","og_site_name":"Weltladen Bad Wildungen","article_modified_time":"2020-02-10T13:08:22+00:00","og_image":[{"url":"https:\/\/weltlaeden.de\/badwildungen\/wp-content\/uploads\/sites\/113\/2020\/02\/ea02.jpg","type":"","width":"","height":""}],"twitter_card":"summary_large_image","twitter_misc":{"Gesch\u00e4tzte Lesezeit":"3\u00a0Minuten"},"schema":{"@context":"https:\/\/schema.org","@graph":[{"@type":"WebPage","@id":"https:\/\/weltlaeden.de\/badwildungen\/ethiopia-arise\/","url":"https:\/\/weltlaeden.de\/badwildungen\/ethiopia-arise\/","name":"Ethiopia Arise Projekt - Weltladen Bad Wildungen","isPartOf":{"@id":"https:\/\/weltlaeden.de\/badwildungen\/#website"},"primaryImageOfPage":{"@id":"https:\/\/weltlaeden.de\/badwildungen\/ethiopia-arise\/#primaryimage"},"image":{"@id":"https:\/\/weltlaeden.de\/badwildungen\/ethiopia-arise\/#primaryimage"},"thumbnailUrl":"https:\/\/weltlaeden.de\/badwildungen\/wp-content\/uploads\/sites\/113\/2020\/01\/ethiopia12.jpg","datePublished":"2020-01-29T21:56:25+00:00","dateModified":"2020-02-10T13:08:22+00:00","breadcrumb":{"@id":"https:\/\/weltlaeden.de\/badwildungen\/ethiopia-arise\/#breadcrumb"},"inLanguage":"de","potentialAction":[{"@type":"ReadAction","target":["https:\/\/weltlaeden.de\/badwildungen\/ethiopia-arise\/"]}]},{"@type":"ImageObject","inLanguage":"de","@id":"https:\/\/weltlaeden.de\/badwildungen\/ethiopia-arise\/#primaryimage","url":"https:\/\/weltlaeden.de\/badwildungen\/wp-content\/uploads\/sites\/113\/2020\/01\/ethiopia12.jpg","contentUrl":"https:\/\/weltlaeden.de\/badwildungen\/wp-content\/uploads\/sites\/113\/2020\/01\/ethiopia12.jpg","width":174,"height":114},{"@type":"BreadcrumbList","@id":"https:\/\/weltlaeden.de\/badwildungen\/ethiopia-arise\/#breadcrumb","itemListElement":[{"@type":"ListItem","position":1,"name":"Startseite","item":"https:\/\/weltlaeden.de\/badwildungen\/"},{"@type":"ListItem","position":2,"name":"Ethiopia Arise Projekt"}]},{"@type":"WebSite","@id":"https:\/\/weltlaeden.de\/badwildungen\/#website","url":"https:\/\/weltlaeden.de\/badwildungen\/","name":"Weltladen Bad Wildungen","description":"Faire Produkte seit 1990","potentialAction":[{"@type":"SearchAction","target":{"@type":"EntryPoint","urlTemplate":"https:\/\/weltlaeden.de\/badwildungen\/?s={search_term_string}"},"query-input":{"@type":"PropertyValueSpecification","valueRequired":true,"valueName":"search_term_string"}}],"inLanguage":"de"}]}},"_links":{"self":[{"href":"https:\/\/weltlaeden.de\/badwildungen\/wp-json\/wp\/v2\/pages\/1001","targetHints":{"allow":["GET"]}}],"collection":[{"href":"https:\/\/weltlaeden.de\/badwildungen\/wp-json\/wp\/v2\/pages"}],"about":[{"href":"https:\/\/weltlaeden.de\/badwildungen\/wp-json\/wp\/v2\/types\/page"}],"author":[{"embeddable":true,"href":"https:\/\/weltlaeden.de\/badwildungen\/wp-json\/wp\/v2\/users\/174"}],"replies":[{"embeddable":true,"href":"https:\/\/weltlaeden.de\/badwildungen\/wp-json\/wp\/v2\/comments?post=1001"}],"version-history":[{"count":37,"href":"https:\/\/weltlaeden.de\/badwildungen\/wp-json\/wp\/v2\/pages\/1001\/revisions"}],"predecessor-version":[{"id":1318,"href":"https:\/\/weltlaeden.de\/badwildungen\/wp-json\/wp\/v2\/pages\/1001\/revisions\/1318"}],"wp:attachment":[{"href":"https:\/\/weltlaeden.de\/badwildungen\/wp-json\/wp\/v2\/media?parent=1001"}],"curies":[{"name":"wp","href":"https:\/\/api.w.org\/{rel}","templated":true}]}}