{"id":253,"date":"2016-11-10T13:50:06","date_gmt":"2016-11-10T12:50:06","guid":{"rendered":"https:\/\/wl.heimpixel.de\/vorlage\/?page_id=253"},"modified":"2019-04-30T09:48:12","modified_gmt":"2019-04-30T07:48:12","slug":"impressum","status":"publish","type":"page","link":"https:\/\/weltlaeden.de\/bad-liebenzell\/impressum\/","title":{"rendered":"Impressum"},"content":{"rendered":"<div class=\"wpb-content-wrapper\"><p>[vc_row][vc_column][vc_column_text]<\/p>\n<h1>Impressum<\/h1>\n<p>Weltladen Bad Liebenzell<br \/>\nDr.-Mertz-Promenade 6<br \/>\n75378 Bad Liebenzell<\/p>\n<p>&nbsp;<\/p>\n<h2>Vertreten durch:<\/h2>\nThomas Wittwer\n<p>&nbsp;<\/p>\n<h2>Kontakt:<\/h2>\n<p>weltladen-bad-liebenzell@posteo.de<br \/>\nTel \/ Fax: 07052-935855<br \/>\r\n<\/p>\n<p>&nbsp;<\/p>\n<h2>Umsatzsteuer-ID:<\/h2>\n<p>Umsatzsteuer-Identifikationsnummer gem\u00e4\u00df \u00a727 a Umsatzsteuergesetz:<br \/>\nDE 22 30 65 807<\/p>\n<p>&nbsp;<\/p>\n<h2>Aufsichtsbeh\u00f6rde:<\/h2>\nRegistergericht Calw, Nr. 667\n<p>&nbsp;<\/p>\n<p>&nbsp;<\/p>\n<h1>Haftungsausschluss (Disclaimer)<\/h1>\n<p><strong>Haftung f\u00fcr Inhalte<\/strong><\/p>\n<p>Als Diensteanbieter sind wir f\u00fcr eigene Inhalte auf diesen Seiten nach den allgemeinen Gesetzen verantwortlich. Wir sind  als Diensteanbieter jedoch nicht verpflichtet, \u00fcbermittelte oder gespeicherte fremde Informationen zu \u00fcberwachen oder nach Umst\u00e4nden zu forschen, die auf eine rechtswidrige T\u00e4tigkeit hinweisen.<\/p>\n<p>Verpflichtungen zur Entfernung oder Sperrung der Nutzung von Informationen nach den allgemeinen Gesetzen bleiben hiervon unber\u00fchrt. Eine diesbez\u00fcgliche Haftung ist jedoch erst ab dem Zeitpunkt der Kenntnis einer konkreten Rechtsverletzung m\u00f6glich. Bei Bekanntwerden von entsprechenden Rechtsverletzungen werden wir diese Inhalte umgehend entfernen.<\/p>\n<p><strong>Haftung f\u00fcr Links<\/strong><\/p>\n<p>Unser Angebot enth\u00e4lt Links zu externen Webseiten Dritter, auf deren Inhalte wir keinen Einfluss haben. Deshalb k\u00f6nnen wir f\u00fcr diese fremden Inhalte auch keine Gew\u00e4hr \u00fcbernehmen. F\u00fcr die Inhalte der verlinkten Seiten ist stets der jeweilige Anbieter oder Betreiber der Seiten verantwortlich. Die verlinkten Seiten wurden zum Zeitpunkt der Verlinkung auf m\u00f6gliche Rechtsverst\u00f6\u00dfe \u00fcberpr\u00fcft. Rechtswidrige Inhalte waren zum Zeitpunkt der Verlinkung nicht erkennbar.<\/p>\n<p>Eine permanente inhaltliche Kontrolle der verlinkten Seiten ist jedoch ohne konkrete Anhaltspunkte einer Rechtsverletzung nicht zumutbar. Bei Bekanntwerden von Rechtsverletzungen werden wir derartige Links umgehend entfernen.<\/p>\n<p><strong>Urheberrecht<\/strong><\/p>\n<p>Die durch die Seitenbetreiber erstellten Inhalte und Werke auf diesen Seiten unterliegen dem deutschen Urheberrecht. Die Vervielf\u00e4ltigung, Bearbeitung, Verbreitung und jede Art der Verwertung au\u00dferhalb der Grenzen des Urheberrechtes bed\u00fcrfen der schriftlichen Zustimmung des jeweiligen Autors bzw. Erstellers. Downloads und Kopien dieser Seite sind nur f\u00fcr den privaten, nicht kommerziellen Gebrauch gestattet.<\/p>\n<p>Soweit die Inhalte auf dieser Seite nicht vom Betreiber erstellt wurden, werden die Urheberrechte Dritter beachtet. Insbesondere werden Inhalte Dritter als solche gekennzeichnet. Sollten Sie trotzdem auf eine Urheberrechtsverletzung aufmerksam werden, bitten wir um einen entsprechenden Hinweis. Bei Bekanntwerden von Rechtsverletzungen werden wir derartige Inhalte umgehend entfernen.<\/p>\n<p>&nbsp;<\/p>\n<h1>Bildnachweise<\/h1>\n<p><strong>Folgende Bilder werden auf dieser Website verwendet:<br \/>\n<\/strong><em>(Aufz\u00e4hlung von links oben nach rechts unten)<\/em><\/p>\n<p>alle Seiten: Weltladen Bad Liebenzell\/Thomas Wittwer<\/p>\n<\/div>","protected":false},"excerpt":{"rendered":"<p>[vc_row][vc_column][vc_column_text] Impressum &nbsp; Vertreten durch: &nbsp; Kontakt: &nbsp; Umsatzsteuer-ID: Umsatzsteuer-Identifikationsnummer gem\u00e4\u00df \u00a727 a Umsatzsteuergesetz: &nbsp; Aufsichtsbeh\u00f6rde: &nbsp; &nbsp; Haftungsausschluss (Disclaimer) Haftung f\u00fcr Inhalte Als Diensteanbieter sind wir f\u00fcr eigene Inhalte auf diesen Seiten nach den allgemeinen Gesetzen verantwortlich. Wir sind als Diensteanbieter jedoch nicht verpflichtet, \u00fcbermittelte oder gespeicherte fremde Informationen zu \u00fcberwachen oder nach Umst\u00e4nden&hellip;<\/p>\n","protected":false},"author":1,"featured_media":0,"parent":0,"menu_order":5,"comment_status":"closed","ping_status":"closed","template":"","meta":{"footnotes":""},"class_list":["post-253","page","type-page","status-publish","hentry","description-off"],"yoast_head":"<!-- This site is optimized with the Yoast SEO plugin v26.8 - https:\/\/yoast.com\/product\/yoast-seo-wordpress\/ -->\n<title>Impressum - Weltladen Bad Liebenzell<\/title>\n<meta name=\"robots\" content=\"index, follow, max-snippet:-1, max-image-preview:large, max-video-preview:-1\" \/>\n<link rel=\"canonical\" href=\"https:\/\/weltlaeden.de\/bad-liebenzell\/impressum\/\" \/>\n<meta property=\"og:locale\" content=\"de_DE\" \/>\n<meta property=\"og:type\" content=\"article\" \/>\n<meta property=\"og:title\" content=\"Impressum - Weltladen Bad Liebenzell\" \/>\n<meta property=\"og:description\" content=\"[vc_row][vc_column][vc_column_text] Impressum &nbsp; Vertreten durch: &nbsp; Kontakt: &nbsp; Umsatzsteuer-ID: Umsatzsteuer-Identifikationsnummer gem\u00e4\u00df \u00a727 a Umsatzsteuergesetz: &nbsp; Aufsichtsbeh\u00f6rde: &nbsp; &nbsp; Haftungsausschluss (Disclaimer) Haftung f\u00fcr Inhalte Als Diensteanbieter sind wir f\u00fcr eigene Inhalte auf diesen Seiten nach den allgemeinen Gesetzen verantwortlich. Wir sind als Diensteanbieter jedoch nicht verpflichtet, \u00fcbermittelte oder gespeicherte fremde Informationen zu \u00fcberwachen oder nach Umst\u00e4nden&hellip;\" \/>\n<meta property=\"og:url\" content=\"https:\/\/weltlaeden.de\/bad-liebenzell\/impressum\/\" \/>\n<meta property=\"og:site_name\" content=\"Weltladen Bad Liebenzell\" \/>\n<meta property=\"article:modified_time\" content=\"2019-04-30T07:48:12+00:00\" \/>\n<meta name=\"twitter:card\" content=\"summary_large_image\" \/>\n<meta name=\"twitter:label1\" content=\"Gesch\u00e4tzte Lesezeit\" \/>\n\t<meta name=\"twitter:data1\" content=\"2\u00a0Minuten\" \/>\n<script type=\"application\/ld+json\" class=\"yoast-schema-graph\">{\"@context\":\"https:\/\/schema.org\",\"@graph\":[{\"@type\":\"WebPage\",\"@id\":\"https:\/\/weltlaeden.de\/bad-liebenzell\/impressum\/\",\"url\":\"https:\/\/weltlaeden.de\/bad-liebenzell\/impressum\/\",\"name\":\"Impressum - Weltladen Bad Liebenzell\",\"isPartOf\":{\"@id\":\"https:\/\/weltlaeden.de\/bad-liebenzell\/#website\"},\"datePublished\":\"2016-11-10T12:50:06+00:00\",\"dateModified\":\"2019-04-30T07:48:12+00:00\",\"breadcrumb\":{\"@id\":\"https:\/\/weltlaeden.de\/bad-liebenzell\/impressum\/#breadcrumb\"},\"inLanguage\":\"de\",\"potentialAction\":[{\"@type\":\"ReadAction\",\"target\":[\"https:\/\/weltlaeden.de\/bad-liebenzell\/impressum\/\"]}]},{\"@type\":\"BreadcrumbList\",\"@id\":\"https:\/\/weltlaeden.de\/bad-liebenzell\/impressum\/#breadcrumb\",\"itemListElement\":[{\"@type\":\"ListItem\",\"position\":1,\"name\":\"Startseite\",\"item\":\"https:\/\/weltlaeden.de\/bad-liebenzell\/\"},{\"@type\":\"ListItem\",\"position\":2,\"name\":\"Impressum\"}]},{\"@type\":\"WebSite\",\"@id\":\"https:\/\/weltlaeden.de\/bad-liebenzell\/#website\",\"url\":\"https:\/\/weltlaeden.de\/bad-liebenzell\/\",\"name\":\"Weltladen Bad Liebenzell\",\"description\":\"Faire Produkte seit 1990\",\"potentialAction\":[{\"@type\":\"SearchAction\",\"target\":{\"@type\":\"EntryPoint\",\"urlTemplate\":\"https:\/\/weltlaeden.de\/bad-liebenzell\/?s={search_term_string}\"},\"query-input\":{\"@type\":\"PropertyValueSpecification\",\"valueRequired\":true,\"valueName\":\"search_term_string\"}}],\"inLanguage\":\"de\"}]}<\/script>\n<!-- \/ Yoast SEO plugin. -->","yoast_head_json":{"title":"Impressum - Weltladen Bad Liebenzell","robots":{"index":"index","follow":"follow","max-snippet":"max-snippet:-1","max-image-preview":"max-image-preview:large","max-video-preview":"max-video-preview:-1"},"canonical":"https:\/\/weltlaeden.de\/bad-liebenzell\/impressum\/","og_locale":"de_DE","og_type":"article","og_title":"Impressum - Weltladen Bad Liebenzell","og_description":"[vc_row][vc_column][vc_column_text] Impressum &nbsp; Vertreten durch: &nbsp; Kontakt: &nbsp; Umsatzsteuer-ID: Umsatzsteuer-Identifikationsnummer gem\u00e4\u00df \u00a727 a Umsatzsteuergesetz: &nbsp; Aufsichtsbeh\u00f6rde: &nbsp; &nbsp; Haftungsausschluss (Disclaimer) Haftung f\u00fcr Inhalte Als Diensteanbieter sind wir f\u00fcr eigene Inhalte auf diesen Seiten nach den allgemeinen Gesetzen verantwortlich. Wir sind als Diensteanbieter jedoch nicht verpflichtet, \u00fcbermittelte oder gespeicherte fremde Informationen zu \u00fcberwachen oder nach Umst\u00e4nden&hellip;","og_url":"https:\/\/weltlaeden.de\/bad-liebenzell\/impressum\/","og_site_name":"Weltladen Bad Liebenzell","article_modified_time":"2019-04-30T07:48:12+00:00","twitter_card":"summary_large_image","twitter_misc":{"Gesch\u00e4tzte Lesezeit":"2\u00a0Minuten"},"schema":{"@context":"https:\/\/schema.org","@graph":[{"@type":"WebPage","@id":"https:\/\/weltlaeden.de\/bad-liebenzell\/impressum\/","url":"https:\/\/weltlaeden.de\/bad-liebenzell\/impressum\/","name":"Impressum - Weltladen Bad Liebenzell","isPartOf":{"@id":"https:\/\/weltlaeden.de\/bad-liebenzell\/#website"},"datePublished":"2016-11-10T12:50:06+00:00","dateModified":"2019-04-30T07:48:12+00:00","breadcrumb":{"@id":"https:\/\/weltlaeden.de\/bad-liebenzell\/impressum\/#breadcrumb"},"inLanguage":"de","potentialAction":[{"@type":"ReadAction","target":["https:\/\/weltlaeden.de\/bad-liebenzell\/impressum\/"]}]},{"@type":"BreadcrumbList","@id":"https:\/\/weltlaeden.de\/bad-liebenzell\/impressum\/#breadcrumb","itemListElement":[{"@type":"ListItem","position":1,"name":"Startseite","item":"https:\/\/weltlaeden.de\/bad-liebenzell\/"},{"@type":"ListItem","position":2,"name":"Impressum"}]},{"@type":"WebSite","@id":"https:\/\/weltlaeden.de\/bad-liebenzell\/#website","url":"https:\/\/weltlaeden.de\/bad-liebenzell\/","name":"Weltladen Bad Liebenzell","description":"Faire Produkte seit 1990","potentialAction":[{"@type":"SearchAction","target":{"@type":"EntryPoint","urlTemplate":"https:\/\/weltlaeden.de\/bad-liebenzell\/?s={search_term_string}"},"query-input":{"@type":"PropertyValueSpecification","valueRequired":true,"valueName":"search_term_string"}}],"inLanguage":"de"}]}},"_links":{"self":[{"href":"https:\/\/weltlaeden.de\/bad-liebenzell\/wp-json\/wp\/v2\/pages\/253","targetHints":{"allow":["GET"]}}],"collection":[{"href":"https:\/\/weltlaeden.de\/bad-liebenzell\/wp-json\/wp\/v2\/pages"}],"about":[{"href":"https:\/\/weltlaeden.de\/bad-liebenzell\/wp-json\/wp\/v2\/types\/page"}],"author":[{"embeddable":true,"href":"https:\/\/weltlaeden.de\/bad-liebenzell\/wp-json\/wp\/v2\/users\/1"}],"replies":[{"embeddable":true,"href":"https:\/\/weltlaeden.de\/bad-liebenzell\/wp-json\/wp\/v2\/comments?post=253"}],"version-history":[{"count":11,"href":"https:\/\/weltlaeden.de\/bad-liebenzell\/wp-json\/wp\/v2\/pages\/253\/revisions"}],"predecessor-version":[{"id":544,"href":"https:\/\/weltlaeden.de\/bad-liebenzell\/wp-json\/wp\/v2\/pages\/253\/revisions\/544"}],"wp:attachment":[{"href":"https:\/\/weltlaeden.de\/bad-liebenzell\/wp-json\/wp\/v2\/media?parent=253"}],"curies":[{"name":"wp","href":"https:\/\/api.w.org\/{rel}","templated":true}]}}