{"id":219,"date":"2016-10-28T13:34:47","date_gmt":"2016-10-28T11:34:47","guid":{"rendered":"https:\/\/wl.heimpixel.de\/vorlage\/ueber-uns\/"},"modified":"2026-04-10T09:27:45","modified_gmt":"2026-04-10T07:27:45","slug":"ueber-uns","status":"publish","type":"page","link":"https:\/\/weltlaeden.de\/bad-liebenzell\/ueber-uns\/","title":{"rendered":"\u00dcber uns"},"content":{"rendered":"<div class=\"wpb-content-wrapper\"><p>[vc_row][vc_column][vc_column_text]<\/p>\n<h1>\u00dcber den Weltladen Bad Liebenzell<\/h1>\n<p>[\/vc_column_text][vc_column_text css=&#8220;&#8220;]<\/p>\n<p>Wir freuen uns, dass es unseren Verein nun schon seit \u00fcber 30 Jahren gibt und <strong>unser Ladengesch\u00e4ft sich<\/strong> <strong>seit 25 Jahren<\/strong> <strong>in der Ortsmitte von Bad Liebenzell behauptet.<\/strong><\/p>\n<p><strong><img loading=\"lazy\" decoding=\"async\" class=\"alignnone size-full wp-image-1369\" src=\"https:\/\/weltlaeden.de\/bad-liebenzell\/wp-content\/uploads\/sites\/88\/2025\/12\/1765538141553-Kopie-e1765611579338.jpg\" alt=\"\" width=\"386\" height=\"259\" srcset=\"https:\/\/weltlaeden.de\/bad-liebenzell\/wp-content\/uploads\/sites\/88\/2025\/12\/1765538141553-Kopie-e1765611579338.jpg 386w, https:\/\/weltlaeden.de\/bad-liebenzell\/wp-content\/uploads\/sites\/88\/2025\/12\/1765538141553-Kopie-e1765611579338-300x201.jpg 300w\" sizes=\"auto, (max-width: 386px) 100vw, 386px\" \/><\/strong><\/p>\n<p><strong>Bei der Mitgliederversammlung<\/strong> <strong>am 11. Dezember 2025 wurde der Vorstand einstimmig best\u00e4tigt: Doris Ladj, Werner Kuschmann, Christel Wittwer <\/strong>(siehe Foto). Ebenso im Amt der Kassenpr\u00fcfung: Heike H\u00e4berle, Ute Nagel. Der Jahresbericht zeigte geringf\u00fcgig weniger Umsatz als im vergangenen Jahr. Der Weltladen ist aber schuldenfrei und die ausgew\u00e4hlten Projekte des Vereins werden weiterhin mit Hilfsgeldern in H\u00f6he von jeweils \u20ac 300 bedacht. Dies alles ist m\u00f6glich, weil Mitarbeitende im Weltladen ehrenamtlich t\u00e4tig sind und der Verein mit seinen Mitgliedern \u00fcber eine feste finanzielle Basis verf\u00fcgt. <strong>Ein Flyer \u00fcber unseren Weltladen kann im Laden mitgenommen werden!<\/strong><\/p>\n<p>Unseren <strong>Weltladen gibt es seit dem 31. M\u00e4rz 2001<\/strong>. Zurzeit haben wir 44 Mitglieder, 16 Personen geh\u00f6ren zum &#8222;Team&#8220;. Neue Mitglieder sind herzlich willkommen! Die Ladeneinrichtung wurde von Alfons Heller aus Naturholz handgeschreinert. F\u00fcr die Inhalte der Website und der Pressever\u00f6ffentlichungen ist Thomas Wittwer verantwortlich.<\/p>\n<p>Wir freuten uns \u00fcber die Verleihung eines Sozialpreises f\u00fcr \u201eein <strong>vorbildliches b\u00fcrgerschaftliches Engagement<\/strong>\u201c durch den Kreisseniorenrat Calw. In der Begr\u00fcndung hie\u00df es unter anderem: \u201eGegr\u00fcndet vor rund 30 Jahren, k\u00fcmmert sich &#8211; seit 19 Jahren ununterbrochen &#8211; ein <strong>ehrenamtliches Team<\/strong> um den Weltladen. Dieses wird von weiteren Senioren\/Innen unterst\u00fctzt. Der Weltladen ist t\u00e4glich vormittags und nachmittags ge\u00f6ffnet. Es werden fair gehandelte Waren, Recyclingwaren und eine kleine Auswahl an B\u00fcchern angeboten. Der Schwerpunkt liegt auf Lebens- und Genussmitteln. Alle damit verbundenen <strong>Arbeiten (Einkauf, Bestellung, Buchhaltung, Schaufenstergestaltung und vieles mehr) werden selbst<\/strong> <strong>erledigt<\/strong>. Das Team verfolgt als Ziel, Kleinbauern und Handwerkern in Entwicklungshilfe- und Schwellenl\u00e4ndern ein Leben in W\u00fcrde zu erm\u00f6glichen.\u201c Das Weltladenteam bedankt sich bei den Verantwortlichen des Kreisseniorenrates Calw, der Sparkasse Pforzheim Calw, beim Rotary Club Nagold-Herrenberg, sowie besonders bei Frau Rose Weidenbach, die uns f\u00fcr diesen Preis vorgeschlagen hat.<\/p>\n<p>Von unserem \u00dcberschuss unterst\u00fctzen wir zurzeit folgende <strong>Projekte<\/strong> mit <strong>je \u20ac 300<\/strong>: Verein &#8222;Lotusbl\u00fcten&#8220; Laos \/ &#8222;Freundeskreis Nepalhilfe&#8220; \/ &#8222;Tumaini Isiolo&#8220; Bildungsprojekte Kenia \/ &#8222;Solwodi&#8220; Solidarit\u00e4t mit Frauen in Not \/ Verein &#8222;Pro Haiti&#8220; Schreinerwerkstatt, Elektrowerkstatt \/ &#8222;Global Nature Fund&#8220; \/ &#8222;Terre des Femmes&#8220;, &#8222;Terre des Hommes&#8220; \/ &#8222;Tatort &#8211; Stra\u00dfen der Welt e.V.&#8220; Philippinen \/ &#8222;Medikamente f\u00fcr D\u00f6rfer in Indien&#8220; Frau Dr. Golombiewski[\/vc_column_text][\/vc_column][\/vc_row][vc_row][vc_column][vc_empty_space][vc_column_text]<\/p>\n<h1>Mitmachen im Weltladen Bad Liebenzell<\/h1>\n<p>[\/vc_column_text][vc_column_text css=&#8220;&#8220;]<strong>Wir suchen<\/strong> Menschen, die Lust haben, sich ehrenamtlich f\u00fcr eine offene, \u00f6kologische und nachhaltige Form des Wirtschaftens zu engagieren. Die M\u00f6glichkeiten, in unserem Team mitzumachen, sind vielf\u00e4ltig und lassen sich bestimmt auch in Ihren Alltag integrieren! Die Aufgaben erfordern keine speziellen Vorkenntnisse, sondern nur die Bereitschaft, sich einzubringen und dazuzulernen.<\/p>\n<p><strong>Wir bieten<\/strong> ein nettes Team aus Engagierten, das Sie einarbeitet und bei Fragen zur Verf\u00fcgung steht.<\/p>\n<p><strong>Ansprechpartner\/in:<\/strong><\/p>\n<p>Christel Wittwer, Tel. 07084 7411<\/p>\n<p>Doris Ladj, Tel. 07052 1696<\/p>\n<p><strong>Wir freuen uns auf Sie!<\/strong>[\/vc_column_text][\/vc_column][\/vc_row]<\/p>\n<\/div>","protected":false},"excerpt":{"rendered":"<p>[vc_row][vc_column][vc_column_text] \u00dcber den Weltladen Bad Liebenzell [\/vc_column_text][vc_column_text css=&#8220;&#8220;] Wir freuen uns, dass es unseren Verein nun schon seit \u00fcber 30 Jahren gibt und unser Ladengesch\u00e4ft sich seit 25 Jahren in der Ortsmitte von Bad Liebenzell behauptet. Bei der Mitgliederversammlung am 11. Dezember 2025 wurde der Vorstand einstimmig best\u00e4tigt: Doris Ladj, Werner Kuschmann, Christel Wittwer (siehe&hellip;<\/p>\n","protected":false},"author":1,"featured_media":0,"parent":0,"menu_order":3,"comment_status":"closed","ping_status":"closed","template":"","meta":{"footnotes":""},"class_list":["post-219","page","type-page","status-publish","hentry","description-off"],"yoast_head":"<!-- This site is optimized with the Yoast SEO plugin v26.8 - https:\/\/yoast.com\/product\/yoast-seo-wordpress\/ -->\n<title>\u00dcber uns - Weltladen Bad Liebenzell<\/title>\n<meta name=\"robots\" content=\"index, follow, max-snippet:-1, max-image-preview:large, max-video-preview:-1\" \/>\n<link rel=\"canonical\" href=\"https:\/\/weltlaeden.de\/bad-liebenzell\/ueber-uns\/\" \/>\n<meta property=\"og:locale\" content=\"de_DE\" \/>\n<meta property=\"og:type\" content=\"article\" \/>\n<meta property=\"og:title\" content=\"\u00dcber uns - Weltladen Bad Liebenzell\" \/>\n<meta property=\"og:description\" content=\"[vc_row][vc_column][vc_column_text] \u00dcber den Weltladen Bad Liebenzell [\/vc_column_text][vc_column_text css=&#8220;&#8220;] Wir freuen uns, dass es unseren Verein nun schon seit \u00fcber 30 Jahren gibt und unser Ladengesch\u00e4ft sich seit 25 Jahren in der Ortsmitte von Bad Liebenzell behauptet. Bei der Mitgliederversammlung am 11. Dezember 2025 wurde der Vorstand einstimmig best\u00e4tigt: Doris Ladj, Werner Kuschmann, Christel Wittwer (siehe&hellip;\" \/>\n<meta property=\"og:url\" content=\"https:\/\/weltlaeden.de\/bad-liebenzell\/ueber-uns\/\" \/>\n<meta property=\"og:site_name\" content=\"Weltladen Bad Liebenzell\" \/>\n<meta property=\"article:modified_time\" content=\"2026-04-10T07:27:45+00:00\" \/>\n<meta property=\"og:image\" content=\"https:\/\/weltlaeden.de\/bad-liebenzell\/wp-content\/uploads\/sites\/88\/2025\/12\/1765538141553-Kopie-e1765611579338.jpg\" \/>\n\t<meta property=\"og:image:width\" content=\"386\" \/>\n\t<meta property=\"og:image:height\" content=\"259\" \/>\n\t<meta property=\"og:image:type\" content=\"image\/jpeg\" \/>\n<meta name=\"twitter:card\" content=\"summary_large_image\" \/>\n<meta name=\"twitter:label1\" content=\"Gesch\u00e4tzte Lesezeit\" \/>\n\t<meta name=\"twitter:data1\" content=\"3\u00a0Minuten\" \/>\n<script type=\"application\/ld+json\" class=\"yoast-schema-graph\">{\"@context\":\"https:\/\/schema.org\",\"@graph\":[{\"@type\":\"WebPage\",\"@id\":\"https:\/\/weltlaeden.de\/bad-liebenzell\/ueber-uns\/\",\"url\":\"https:\/\/weltlaeden.de\/bad-liebenzell\/ueber-uns\/\",\"name\":\"\u00dcber uns - Weltladen Bad Liebenzell\",\"isPartOf\":{\"@id\":\"https:\/\/weltlaeden.de\/bad-liebenzell\/#website\"},\"primaryImageOfPage\":{\"@id\":\"https:\/\/weltlaeden.de\/bad-liebenzell\/ueber-uns\/#primaryimage\"},\"image\":{\"@id\":\"https:\/\/weltlaeden.de\/bad-liebenzell\/ueber-uns\/#primaryimage\"},\"thumbnailUrl\":\"https:\/\/weltlaeden.de\/bad-liebenzell\/wp-content\/uploads\/sites\/88\/2025\/12\/1765538141553-Kopie-e1765611579338.jpg\",\"datePublished\":\"2016-10-28T11:34:47+00:00\",\"dateModified\":\"2026-04-10T07:27:45+00:00\",\"breadcrumb\":{\"@id\":\"https:\/\/weltlaeden.de\/bad-liebenzell\/ueber-uns\/#breadcrumb\"},\"inLanguage\":\"de\",\"potentialAction\":[{\"@type\":\"ReadAction\",\"target\":[\"https:\/\/weltlaeden.de\/bad-liebenzell\/ueber-uns\/\"]}]},{\"@type\":\"ImageObject\",\"inLanguage\":\"de\",\"@id\":\"https:\/\/weltlaeden.de\/bad-liebenzell\/ueber-uns\/#primaryimage\",\"url\":\"https:\/\/weltlaeden.de\/bad-liebenzell\/wp-content\/uploads\/sites\/88\/2025\/12\/1765538141553-Kopie-e1765611579338.jpg\",\"contentUrl\":\"https:\/\/weltlaeden.de\/bad-liebenzell\/wp-content\/uploads\/sites\/88\/2025\/12\/1765538141553-Kopie-e1765611579338.jpg\",\"width\":386,\"height\":259},{\"@type\":\"BreadcrumbList\",\"@id\":\"https:\/\/weltlaeden.de\/bad-liebenzell\/ueber-uns\/#breadcrumb\",\"itemListElement\":[{\"@type\":\"ListItem\",\"position\":1,\"name\":\"Startseite\",\"item\":\"https:\/\/weltlaeden.de\/bad-liebenzell\/\"},{\"@type\":\"ListItem\",\"position\":2,\"name\":\"\u00dcber uns\"}]},{\"@type\":\"WebSite\",\"@id\":\"https:\/\/weltlaeden.de\/bad-liebenzell\/#website\",\"url\":\"https:\/\/weltlaeden.de\/bad-liebenzell\/\",\"name\":\"Weltladen Bad Liebenzell\",\"description\":\"Faire Produkte seit 1990\",\"potentialAction\":[{\"@type\":\"SearchAction\",\"target\":{\"@type\":\"EntryPoint\",\"urlTemplate\":\"https:\/\/weltlaeden.de\/bad-liebenzell\/?s={search_term_string}\"},\"query-input\":{\"@type\":\"PropertyValueSpecification\",\"valueRequired\":true,\"valueName\":\"search_term_string\"}}],\"inLanguage\":\"de\"}]}<\/script>\n<!-- \/ Yoast SEO plugin. -->","yoast_head_json":{"title":"\u00dcber uns - Weltladen Bad Liebenzell","robots":{"index":"index","follow":"follow","max-snippet":"max-snippet:-1","max-image-preview":"max-image-preview:large","max-video-preview":"max-video-preview:-1"},"canonical":"https:\/\/weltlaeden.de\/bad-liebenzell\/ueber-uns\/","og_locale":"de_DE","og_type":"article","og_title":"\u00dcber uns - Weltladen Bad Liebenzell","og_description":"[vc_row][vc_column][vc_column_text] \u00dcber den Weltladen Bad Liebenzell [\/vc_column_text][vc_column_text css=&#8220;&#8220;] Wir freuen uns, dass es unseren Verein nun schon seit \u00fcber 30 Jahren gibt und unser Ladengesch\u00e4ft sich seit 25 Jahren in der Ortsmitte von Bad Liebenzell behauptet. Bei der Mitgliederversammlung am 11. Dezember 2025 wurde der Vorstand einstimmig best\u00e4tigt: Doris Ladj, Werner Kuschmann, Christel Wittwer (siehe&hellip;","og_url":"https:\/\/weltlaeden.de\/bad-liebenzell\/ueber-uns\/","og_site_name":"Weltladen Bad Liebenzell","article_modified_time":"2026-04-10T07:27:45+00:00","og_image":[{"width":386,"height":259,"url":"https:\/\/weltlaeden.de\/bad-liebenzell\/wp-content\/uploads\/sites\/88\/2025\/12\/1765538141553-Kopie-e1765611579338.jpg","type":"image\/jpeg"}],"twitter_card":"summary_large_image","twitter_misc":{"Gesch\u00e4tzte Lesezeit":"3\u00a0Minuten"},"schema":{"@context":"https:\/\/schema.org","@graph":[{"@type":"WebPage","@id":"https:\/\/weltlaeden.de\/bad-liebenzell\/ueber-uns\/","url":"https:\/\/weltlaeden.de\/bad-liebenzell\/ueber-uns\/","name":"\u00dcber uns - Weltladen Bad Liebenzell","isPartOf":{"@id":"https:\/\/weltlaeden.de\/bad-liebenzell\/#website"},"primaryImageOfPage":{"@id":"https:\/\/weltlaeden.de\/bad-liebenzell\/ueber-uns\/#primaryimage"},"image":{"@id":"https:\/\/weltlaeden.de\/bad-liebenzell\/ueber-uns\/#primaryimage"},"thumbnailUrl":"https:\/\/weltlaeden.de\/bad-liebenzell\/wp-content\/uploads\/sites\/88\/2025\/12\/1765538141553-Kopie-e1765611579338.jpg","datePublished":"2016-10-28T11:34:47+00:00","dateModified":"2026-04-10T07:27:45+00:00","breadcrumb":{"@id":"https:\/\/weltlaeden.de\/bad-liebenzell\/ueber-uns\/#breadcrumb"},"inLanguage":"de","potentialAction":[{"@type":"ReadAction","target":["https:\/\/weltlaeden.de\/bad-liebenzell\/ueber-uns\/"]}]},{"@type":"ImageObject","inLanguage":"de","@id":"https:\/\/weltlaeden.de\/bad-liebenzell\/ueber-uns\/#primaryimage","url":"https:\/\/weltlaeden.de\/bad-liebenzell\/wp-content\/uploads\/sites\/88\/2025\/12\/1765538141553-Kopie-e1765611579338.jpg","contentUrl":"https:\/\/weltlaeden.de\/bad-liebenzell\/wp-content\/uploads\/sites\/88\/2025\/12\/1765538141553-Kopie-e1765611579338.jpg","width":386,"height":259},{"@type":"BreadcrumbList","@id":"https:\/\/weltlaeden.de\/bad-liebenzell\/ueber-uns\/#breadcrumb","itemListElement":[{"@type":"ListItem","position":1,"name":"Startseite","item":"https:\/\/weltlaeden.de\/bad-liebenzell\/"},{"@type":"ListItem","position":2,"name":"\u00dcber uns"}]},{"@type":"WebSite","@id":"https:\/\/weltlaeden.de\/bad-liebenzell\/#website","url":"https:\/\/weltlaeden.de\/bad-liebenzell\/","name":"Weltladen Bad Liebenzell","description":"Faire Produkte seit 1990","potentialAction":[{"@type":"SearchAction","target":{"@type":"EntryPoint","urlTemplate":"https:\/\/weltlaeden.de\/bad-liebenzell\/?s={search_term_string}"},"query-input":{"@type":"PropertyValueSpecification","valueRequired":true,"valueName":"search_term_string"}}],"inLanguage":"de"}]}},"_links":{"self":[{"href":"https:\/\/weltlaeden.de\/bad-liebenzell\/wp-json\/wp\/v2\/pages\/219","targetHints":{"allow":["GET"]}}],"collection":[{"href":"https:\/\/weltlaeden.de\/bad-liebenzell\/wp-json\/wp\/v2\/pages"}],"about":[{"href":"https:\/\/weltlaeden.de\/bad-liebenzell\/wp-json\/wp\/v2\/types\/page"}],"author":[{"embeddable":true,"href":"https:\/\/weltlaeden.de\/bad-liebenzell\/wp-json\/wp\/v2\/users\/1"}],"replies":[{"embeddable":true,"href":"https:\/\/weltlaeden.de\/bad-liebenzell\/wp-json\/wp\/v2\/comments?post=219"}],"version-history":[{"count":50,"href":"https:\/\/weltlaeden.de\/bad-liebenzell\/wp-json\/wp\/v2\/pages\/219\/revisions"}],"predecessor-version":[{"id":1427,"href":"https:\/\/weltlaeden.de\/bad-liebenzell\/wp-json\/wp\/v2\/pages\/219\/revisions\/1427"}],"wp:attachment":[{"href":"https:\/\/weltlaeden.de\/bad-liebenzell\/wp-json\/wp\/v2\/media?parent=219"}],"curies":[{"name":"wp","href":"https:\/\/api.w.org\/{rel}","templated":true}]}}