{"id":20,"date":"2016-10-14T09:05:21","date_gmt":"2016-10-14T07:05:21","guid":{"rendered":"https:\/\/wl.heimpixel.de\/vorlage\/weltladen-musterdorf\/"},"modified":"2026-04-07T15:47:13","modified_gmt":"2026-04-07T13:47:13","slug":"weltladen-bad-liebenzell","status":"publish","type":"page","link":"https:\/\/weltlaeden.de\/bad-liebenzell\/","title":{"rendered":"Weltladen Bad Liebenzell"},"content":{"rendered":"<div class=\"wpb-content-wrapper\"><p>[vc_row][vc_column]<div class=\"wl_einzelbild\"><p><img loading=\"lazy\" decoding=\"async\" class=\"alignnone size-full wp-image-501\" src=\"https:\/\/weltlaeden.de\/bad-liebenzell\/wp-content\/uploads\/sites\/88\/2019\/04\/001.jpg\" alt=\"\" width=\"787\" height=\"340\" srcset=\"https:\/\/weltlaeden.de\/bad-liebenzell\/wp-content\/uploads\/sites\/88\/2019\/04\/001.jpg 787w, https:\/\/weltlaeden.de\/bad-liebenzell\/wp-content\/uploads\/sites\/88\/2019\/04\/001-300x130.jpg 300w, https:\/\/weltlaeden.de\/bad-liebenzell\/wp-content\/uploads\/sites\/88\/2019\/04\/001-768x332.jpg 768w\" sizes=\"auto, (max-width: 787px) 100vw, 787px\" \/><\/p><\/div>[vc_empty_space height=&#8220;20px&#8220;][\/vc_column][\/vc_row][vc_row][vc_column][vc_column_text]<\/p>\n<h1 style=\"text-align: left\">Willkommen im Weltladen Bad Liebenzell !<\/h1>\n<p>[\/vc_column_text][vc_column_text css=&#8220;&#8220;]Sie finden uns mitten im Ort, in der Ladenpassage &#8222;Neue Mitte&#8220;. Viele sagen: &#8222;<strong>Das ist der sch\u00f6nste Weltladen, den ich je gesehen habe!<\/strong>&#8220; Oder: &#8222;<strong>Hier finde ich immer ein Geschenk!<\/strong>&#8220; Der Weltladen f\u00fchrt ein breites Sortiment an<strong> Lebens- und Genussmitteln<\/strong> sowie <strong>Drogerieartikeln<\/strong>, also <strong>Waren des t\u00e4glichen Bedarfs. <\/strong>Au\u00dferdem <strong>Kunsthandwerk, B\u00fccher, Schreibwaren&#8230;<\/strong><\/p>\n<p><strong>\u00a0<\/strong>[\/vc_column_text][vc_empty_space height=&#8220;30px&#8220;][\/vc_column][\/vc_row][vc_row][vc_column][vc_column_text]<\/p>\n<h2>Was Sie auf dieser Website finden:<\/h2>\n<p>[\/vc_column_text][vc_empty_space height=&#8220;20px&#8220;][vc_row_inner][vc_column_inner width=&#8220;1\/4&#8243;]<div class=\"wl_einzelbild\"><p><img loading=\"lazy\" decoding=\"async\" class=\"alignnone size-full wp-image-536\" src=\"https:\/\/weltlaeden.de\/bad-liebenzell\/wp-content\/uploads\/sites\/88\/2019\/04\/007-Kopie.jpg\" alt=\"\" width=\"386\" height=\"259\" srcset=\"https:\/\/weltlaeden.de\/bad-liebenzell\/wp-content\/uploads\/sites\/88\/2019\/04\/007-Kopie.jpg 386w, https:\/\/weltlaeden.de\/bad-liebenzell\/wp-content\/uploads\/sites\/88\/2019\/04\/007-Kopie-300x201.jpg 300w\" sizes=\"auto, (max-width: 386px) 100vw, 386px\" \/><\/p><\/div>[\/vc_column_inner][vc_column_inner width=&#8220;3\/4&#8243;][vc_column_text css=&#8220;&#8220;]<\/p>\n<h3>Fairer Handel<\/h3>\n<p>Was meint Fairer Handel \u00fcberhaupt? Welche Kriterien m\u00fcssen eingehalten werden und wer \u00fcberpr\u00fcft diese? <strong>Worum geht es beim Weltladentag 2026 unter dem Motto &#8222;Fair fruchtet!&#8220;?<\/strong>\u00a0 <a href=\"https:\/\/weltlaeden.de\/bad-liebenzell\/fairer-handel\/\">Erfahren Sie mehr &#8230;<\/a>[\/vc_column_text][\/vc_column_inner][\/vc_row_inner][vc_separator][vc_row_inner][vc_column_inner width=&#8220;1\/4&#8243;]<div class=\"wl_einzelbild\"><p><img loading=\"lazy\" decoding=\"async\" class=\"alignnone size-full wp-image-506\" src=\"https:\/\/weltlaeden.de\/bad-liebenzell\/wp-content\/uploads\/sites\/88\/2019\/04\/080.jpg\" alt=\"\" width=\"386\" height=\"259\" srcset=\"https:\/\/weltlaeden.de\/bad-liebenzell\/wp-content\/uploads\/sites\/88\/2019\/04\/080.jpg 386w, https:\/\/weltlaeden.de\/bad-liebenzell\/wp-content\/uploads\/sites\/88\/2019\/04\/080-300x201.jpg 300w\" sizes=\"auto, (max-width: 386px) 100vw, 386px\" \/><\/p><\/div>[\/vc_column_inner][vc_column_inner width=&#8220;3\/4&#8243;][vc_column_text css=&#8220;&#8220;]<\/p>\n<h3>Produkte<\/h3>\n<p>Wir verkaufen Waren aus dem Fairen Handel, haupts\u00e4chlich von den Lieferanten GEPA, El Puente und WeltPartner. <strong>Beachten Sie unsere gro\u00dfe Auswahl an fair gehandelten Lebensmitteln!<\/strong>\u00a0 <a href=\"https:\/\/weltlaeden.de\/bad-liebenzell\/Produkte\">Erfahren Sie mehr &#8230;<\/a>[\/vc_column_text][\/vc_column_inner][\/vc_row_inner][vc_separator][vc_row_inner][vc_column_inner width=&#8220;1\/4&#8243;]<div class=\"wl_einzelbild\"><p><img loading=\"lazy\" decoding=\"async\" class=\"alignnone size-full wp-image-488\" src=\"https:\/\/weltlaeden.de\/bad-liebenzell\/wp-content\/uploads\/sites\/88\/2019\/04\/010-Kopie-3.jpg\" alt=\"\" width=\"386\" height=\"259\" srcset=\"https:\/\/weltlaeden.de\/bad-liebenzell\/wp-content\/uploads\/sites\/88\/2019\/04\/010-Kopie-3.jpg 386w, https:\/\/weltlaeden.de\/bad-liebenzell\/wp-content\/uploads\/sites\/88\/2019\/04\/010-Kopie-3-300x201.jpg 300w\" sizes=\"auto, (max-width: 386px) 100vw, 386px\" \/><\/p><\/div>[\/vc_column_inner][vc_column_inner width=&#8220;3\/4&#8243;][vc_column_text css=&#8220;&#8220;]<\/p>\n<h3>\u00dcber uns<\/h3>\n<p>Unser <strong>Laden<\/strong> wird <strong>nun schon<\/strong><strong>\u00a0seit 25 Jahren<\/strong> von der Initiative Eine Welt Bad Liebenzell e.V. getragen und betrieben. Vom \u00dcberschuss unterst\u00fctzen wir zahlreiche Projekte (mit je \u20ac 300).\u00a0 <a href=\"https:\/\/weltlaeden.de\/bad-liebenzell\/ueber-uns\/\">Erfahren Sie mehr &#8230;<\/a>[\/vc_column_text][\/vc_column_inner][\/vc_row_inner][vc_separator][vc_row_inner][vc_column_inner width=&#8220;1\/4&#8243;]<div class=\"wl_einzelbild\"><p><img loading=\"lazy\" decoding=\"async\" class=\"alignnone size-full wp-image-504\" src=\"https:\/\/weltlaeden.de\/bad-liebenzell\/wp-content\/uploads\/sites\/88\/2019\/04\/mai2007-006.jpg\" alt=\"\" width=\"386\" height=\"259\" srcset=\"https:\/\/weltlaeden.de\/bad-liebenzell\/wp-content\/uploads\/sites\/88\/2019\/04\/mai2007-006.jpg 386w, https:\/\/weltlaeden.de\/bad-liebenzell\/wp-content\/uploads\/sites\/88\/2019\/04\/mai2007-006-300x201.jpg 300w\" sizes=\"auto, (max-width: 386px) 100vw, 386px\" \/><\/p><\/div>[\/vc_column_inner][vc_column_inner width=&#8220;3\/4&#8243;][vc_column_text css=&#8220;&#8220;]<\/p>\n<h3>Termine<\/h3>\n<p><strong>Anl\u00e4sslich unseres 25j\u00e4hrigen Jubil\u00e4ums findet am Samstag, dem 9. Mai <\/strong>(der auch deutschlandweit Weltladentag ist)<strong>, in der Dr. Mertz &#8211; Promenade ein Fest mit abwechslungsreichem Programm statt.<\/strong>[\/vc_column_text][\/vc_column_inner][\/vc_row_inner][vc_separator][vc_empty_space][\/vc_column][\/vc_row][vc_row][vc_column][vc_column_text css=&#8220;&#8220;]<\/p>\n<h2><strong>Produkt des Monats<\/strong><\/h2>\n<p><b><img loading=\"lazy\" decoding=\"async\" class=\"alignnone size-full wp-image-1418\" src=\"https:\/\/weltlaeden.de\/bad-liebenzell\/wp-content\/uploads\/sites\/88\/2026\/04\/1775549892319-Kopie-scaled-e1775551406139.jpg\" alt=\"\" width=\"386\" height=\"290\" \/><\/b><\/p>\n<p><b>N\u00fcsse:<\/b> Verschiedene Sorten <strong>aus Kleinbauernprojekten, bei denen \u00f6kologischer Landbau, soziale Verantwortung und Fairer Handel<\/strong> <strong>zusammengebracht werden.<\/strong> <strong>So profitieren Mensch und Naur!<\/strong>[\/vc_column_text][\/vc_column][\/vc_row]<\/p>\n<\/div>","protected":false},"excerpt":{"rendered":"<p>[vc_row][vc_column][vc_empty_space height=&#8220;20px&#8220;][\/vc_column][\/vc_row][vc_row][vc_column][vc_column_text] Willkommen im Weltladen Bad Liebenzell ! [\/vc_column_text][vc_column_text css=&#8220;&#8220;]Sie finden uns mitten im Ort, in der Ladenpassage &#8222;Neue Mitte&#8220;. Viele sagen: &#8222;Das ist der sch\u00f6nste Weltladen, den ich je gesehen habe!&#8220; Oder: &#8222;Hier finde ich immer ein Geschenk!&#8220; Der Weltladen f\u00fchrt ein breites Sortiment an Lebens- und Genussmitteln sowie Drogerieartikeln, also Waren des t\u00e4glichen&hellip;<\/p>\n","protected":false},"author":1,"featured_media":0,"parent":0,"menu_order":0,"comment_status":"closed","ping_status":"closed","template":"","meta":{"footnotes":""},"class_list":["post-20","page","type-page","status-publish","hentry","description-off"],"yoast_head":"<!-- This site is optimized with the Yoast SEO plugin v26.8 - https:\/\/yoast.com\/product\/yoast-seo-wordpress\/ -->\n<title>Weltladen Bad Liebenzell - Weltladen Bad Liebenzell<\/title>\n<meta name=\"robots\" content=\"index, follow, max-snippet:-1, max-image-preview:large, max-video-preview:-1\" \/>\n<link rel=\"canonical\" href=\"https:\/\/weltlaeden.de\/bad-liebenzell\/\" \/>\n<meta property=\"og:locale\" content=\"de_DE\" \/>\n<meta property=\"og:type\" content=\"article\" \/>\n<meta property=\"og:title\" content=\"Weltladen Bad Liebenzell - Weltladen Bad Liebenzell\" \/>\n<meta property=\"og:description\" content=\"[vc_row][vc_column][vc_empty_space height=&#8220;20px&#8220;][\/vc_column][\/vc_row][vc_row][vc_column][vc_column_text] Willkommen im Weltladen Bad Liebenzell ! [\/vc_column_text][vc_column_text css=&#8220;&#8220;]Sie finden uns mitten im Ort, in der Ladenpassage &#8222;Neue Mitte&#8220;. Viele sagen: &#8222;Das ist der sch\u00f6nste Weltladen, den ich je gesehen habe!&#8220; Oder: &#8222;Hier finde ich immer ein Geschenk!&#8220; Der Weltladen f\u00fchrt ein breites Sortiment an Lebens- und Genussmitteln sowie Drogerieartikeln, also Waren des t\u00e4glichen&hellip;\" \/>\n<meta property=\"og:url\" content=\"https:\/\/weltlaeden.de\/bad-liebenzell\/\" \/>\n<meta property=\"og:site_name\" content=\"Weltladen Bad Liebenzell\" \/>\n<meta property=\"article:modified_time\" content=\"2026-04-07T13:47:13+00:00\" \/>\n<meta property=\"og:image\" content=\"https:\/\/weltlaeden.de\/bad-liebenzell\/wp-content\/uploads\/sites\/88\/2019\/04\/001.jpg\" \/>\n\t<meta property=\"og:image:width\" content=\"787\" \/>\n\t<meta property=\"og:image:height\" content=\"340\" \/>\n\t<meta property=\"og:image:type\" content=\"image\/jpeg\" \/>\n<meta name=\"twitter:card\" content=\"summary_large_image\" \/>\n<meta name=\"twitter:label1\" content=\"Gesch\u00e4tzte Lesezeit\" \/>\n\t<meta name=\"twitter:data1\" content=\"3\u00a0Minuten\" \/>\n<script type=\"application\/ld+json\" class=\"yoast-schema-graph\">{\"@context\":\"https:\/\/schema.org\",\"@graph\":[{\"@type\":\"WebPage\",\"@id\":\"https:\/\/weltlaeden.de\/bad-liebenzell\/\",\"url\":\"https:\/\/weltlaeden.de\/bad-liebenzell\/\",\"name\":\"Weltladen Bad Liebenzell - Weltladen Bad Liebenzell\",\"isPartOf\":{\"@id\":\"https:\/\/weltlaeden.de\/bad-liebenzell\/#website\"},\"primaryImageOfPage\":{\"@id\":\"https:\/\/weltlaeden.de\/bad-liebenzell\/#primaryimage\"},\"image\":{\"@id\":\"https:\/\/weltlaeden.de\/bad-liebenzell\/#primaryimage\"},\"thumbnailUrl\":\"https:\/\/weltlaeden.de\/bad-liebenzell\/wp-content\/uploads\/sites\/88\/2019\/04\/001.jpg\",\"datePublished\":\"2016-10-14T07:05:21+00:00\",\"dateModified\":\"2026-04-07T13:47:13+00:00\",\"breadcrumb\":{\"@id\":\"https:\/\/weltlaeden.de\/bad-liebenzell\/#breadcrumb\"},\"inLanguage\":\"de\",\"potentialAction\":[{\"@type\":\"ReadAction\",\"target\":[\"https:\/\/weltlaeden.de\/bad-liebenzell\/\"]}]},{\"@type\":\"ImageObject\",\"inLanguage\":\"de\",\"@id\":\"https:\/\/weltlaeden.de\/bad-liebenzell\/#primaryimage\",\"url\":\"https:\/\/weltlaeden.de\/bad-liebenzell\/wp-content\/uploads\/sites\/88\/2019\/04\/001.jpg\",\"contentUrl\":\"https:\/\/weltlaeden.de\/bad-liebenzell\/wp-content\/uploads\/sites\/88\/2019\/04\/001.jpg\",\"width\":787,\"height\":340},{\"@type\":\"BreadcrumbList\",\"@id\":\"https:\/\/weltlaeden.de\/bad-liebenzell\/#breadcrumb\",\"itemListElement\":[{\"@type\":\"ListItem\",\"position\":1,\"name\":\"Startseite\",\"item\":\"https:\/\/weltlaeden.de\/bad-liebenzell\/\"},{\"@type\":\"ListItem\",\"position\":2,\"name\":\"Weltladen Bad Liebenzell\"}]},{\"@type\":\"WebSite\",\"@id\":\"https:\/\/weltlaeden.de\/bad-liebenzell\/#website\",\"url\":\"https:\/\/weltlaeden.de\/bad-liebenzell\/\",\"name\":\"Weltladen Bad Liebenzell\",\"description\":\"Faire Produkte seit 1990\",\"potentialAction\":[{\"@type\":\"SearchAction\",\"target\":{\"@type\":\"EntryPoint\",\"urlTemplate\":\"https:\/\/weltlaeden.de\/bad-liebenzell\/?s={search_term_string}\"},\"query-input\":{\"@type\":\"PropertyValueSpecification\",\"valueRequired\":true,\"valueName\":\"search_term_string\"}}],\"inLanguage\":\"de\"}]}<\/script>\n<!-- \/ Yoast SEO plugin. -->","yoast_head_json":{"title":"Weltladen Bad Liebenzell - Weltladen Bad Liebenzell","robots":{"index":"index","follow":"follow","max-snippet":"max-snippet:-1","max-image-preview":"max-image-preview:large","max-video-preview":"max-video-preview:-1"},"canonical":"https:\/\/weltlaeden.de\/bad-liebenzell\/","og_locale":"de_DE","og_type":"article","og_title":"Weltladen Bad Liebenzell - Weltladen Bad Liebenzell","og_description":"[vc_row][vc_column][vc_empty_space height=&#8220;20px&#8220;][\/vc_column][\/vc_row][vc_row][vc_column][vc_column_text] Willkommen im Weltladen Bad Liebenzell ! [\/vc_column_text][vc_column_text css=&#8220;&#8220;]Sie finden uns mitten im Ort, in der Ladenpassage &#8222;Neue Mitte&#8220;. Viele sagen: &#8222;Das ist der sch\u00f6nste Weltladen, den ich je gesehen habe!&#8220; Oder: &#8222;Hier finde ich immer ein Geschenk!&#8220; Der Weltladen f\u00fchrt ein breites Sortiment an Lebens- und Genussmitteln sowie Drogerieartikeln, also Waren des t\u00e4glichen&hellip;","og_url":"https:\/\/weltlaeden.de\/bad-liebenzell\/","og_site_name":"Weltladen Bad Liebenzell","article_modified_time":"2026-04-07T13:47:13+00:00","og_image":[{"width":787,"height":340,"url":"https:\/\/weltlaeden.de\/bad-liebenzell\/wp-content\/uploads\/sites\/88\/2019\/04\/001.jpg","type":"image\/jpeg"}],"twitter_card":"summary_large_image","twitter_misc":{"Gesch\u00e4tzte Lesezeit":"3\u00a0Minuten"},"schema":{"@context":"https:\/\/schema.org","@graph":[{"@type":"WebPage","@id":"https:\/\/weltlaeden.de\/bad-liebenzell\/","url":"https:\/\/weltlaeden.de\/bad-liebenzell\/","name":"Weltladen Bad Liebenzell - Weltladen Bad Liebenzell","isPartOf":{"@id":"https:\/\/weltlaeden.de\/bad-liebenzell\/#website"},"primaryImageOfPage":{"@id":"https:\/\/weltlaeden.de\/bad-liebenzell\/#primaryimage"},"image":{"@id":"https:\/\/weltlaeden.de\/bad-liebenzell\/#primaryimage"},"thumbnailUrl":"https:\/\/weltlaeden.de\/bad-liebenzell\/wp-content\/uploads\/sites\/88\/2019\/04\/001.jpg","datePublished":"2016-10-14T07:05:21+00:00","dateModified":"2026-04-07T13:47:13+00:00","breadcrumb":{"@id":"https:\/\/weltlaeden.de\/bad-liebenzell\/#breadcrumb"},"inLanguage":"de","potentialAction":[{"@type":"ReadAction","target":["https:\/\/weltlaeden.de\/bad-liebenzell\/"]}]},{"@type":"ImageObject","inLanguage":"de","@id":"https:\/\/weltlaeden.de\/bad-liebenzell\/#primaryimage","url":"https:\/\/weltlaeden.de\/bad-liebenzell\/wp-content\/uploads\/sites\/88\/2019\/04\/001.jpg","contentUrl":"https:\/\/weltlaeden.de\/bad-liebenzell\/wp-content\/uploads\/sites\/88\/2019\/04\/001.jpg","width":787,"height":340},{"@type":"BreadcrumbList","@id":"https:\/\/weltlaeden.de\/bad-liebenzell\/#breadcrumb","itemListElement":[{"@type":"ListItem","position":1,"name":"Startseite","item":"https:\/\/weltlaeden.de\/bad-liebenzell\/"},{"@type":"ListItem","position":2,"name":"Weltladen Bad Liebenzell"}]},{"@type":"WebSite","@id":"https:\/\/weltlaeden.de\/bad-liebenzell\/#website","url":"https:\/\/weltlaeden.de\/bad-liebenzell\/","name":"Weltladen Bad Liebenzell","description":"Faire Produkte seit 1990","potentialAction":[{"@type":"SearchAction","target":{"@type":"EntryPoint","urlTemplate":"https:\/\/weltlaeden.de\/bad-liebenzell\/?s={search_term_string}"},"query-input":{"@type":"PropertyValueSpecification","valueRequired":true,"valueName":"search_term_string"}}],"inLanguage":"de"}]}},"_links":{"self":[{"href":"https:\/\/weltlaeden.de\/bad-liebenzell\/wp-json\/wp\/v2\/pages\/20","targetHints":{"allow":["GET"]}}],"collection":[{"href":"https:\/\/weltlaeden.de\/bad-liebenzell\/wp-json\/wp\/v2\/pages"}],"about":[{"href":"https:\/\/weltlaeden.de\/bad-liebenzell\/wp-json\/wp\/v2\/types\/page"}],"author":[{"embeddable":true,"href":"https:\/\/weltlaeden.de\/bad-liebenzell\/wp-json\/wp\/v2\/users\/1"}],"replies":[{"embeddable":true,"href":"https:\/\/weltlaeden.de\/bad-liebenzell\/wp-json\/wp\/v2\/comments?post=20"}],"version-history":[{"count":413,"href":"https:\/\/weltlaeden.de\/bad-liebenzell\/wp-json\/wp\/v2\/pages\/20\/revisions"}],"predecessor-version":[{"id":1423,"href":"https:\/\/weltlaeden.de\/bad-liebenzell\/wp-json\/wp\/v2\/pages\/20\/revisions\/1423"}],"wp:attachment":[{"href":"https:\/\/weltlaeden.de\/bad-liebenzell\/wp-json\/wp\/v2\/media?parent=20"}],"curies":[{"name":"wp","href":"https:\/\/api.w.org\/{rel}","templated":true}]}}