{"id":23,"date":"2024-02-26T09:05:21","date_gmt":"2024-02-26T08:05:21","guid":{"rendered":"https:\/\/wl.heimpixel.de\/vorlage\/termine\/"},"modified":"2024-02-26T13:58:59","modified_gmt":"2024-02-26T12:58:59","slug":"termine","status":"publish","type":"page","link":"https:\/\/weltlaeden.de\/bad-duerkheim\/termine\/","title":{"rendered":"Termine"},"content":{"rendered":"<div class=\"wpb-content-wrapper\"><p>[vc_row][vc_column]<div class=\"wl_einzelbild\"><p><img loading=\"lazy\" decoding=\"async\" class=\"aligncenter size-full wp-image-nsm-3-33\" src=\"https:\/\/weltlaeden.de\/bad-duerkheim\/wp-content\/uploads\/sites\/3\/2018\/07\/pocket-watch-1637396_1920_pixabay.png\" alt=\"\" width=\"787\" height=\"340\" \/><\/p><\/div>[vc_empty_space height=&#8220;30px&#8220;][vc_column_text]<\/p>\n<h1>Termine<\/h1>\n<h4><\/h4>\n<p>[\/vc_column_text][vc_empty_space height=&#8220;30px&#8220;][\/vc_column][\/vc_row][vc_row][vc_column width=&#8220;2\/3&#8243;][vc_column_text]<\/p>\n<h2>Kommende Termine:<\/h2>\n<p>[\/vc_column_text]<ul class=\"termine-page current aktuell\"><li><h5 class=\"termine-titel\"><a href=\"https:\/\/weltlaeden.de\/bad-duerkheim\/termin\/fair-fruchtet-weltladentag-2026-am-samstag-den-09-05\/\">&#8222;Fair fruchtet&#8220; &#8211; Weltladentag 2026 am Samstag, den 09.05.<\/a><\/h5><p class=\"termine-date\">So., 10.05.2026, 10:00<\/p><p class=\"termine-auszug\">Der diesj\u00e4hrige Weltladentag thematisiert faire Preise, Arbeitsbedingungen und nachhaltige Lieferketten im Fruchthandel. Besuchen Sie uns von 10 bis 13 Uhr in der R\u00f6merstr. 17 und entdecken Sie faire Fruchtprodukte und mehr.<\/li><li><h5 class=\"termine-titel\"><a href=\"https:\/\/weltlaeden.de\/bad-duerkheim\/termin\/mitgliederversammlung-ag-eine-welt-duew-e-v\/\">Mitgliederversammlung AG Eine Welt D\u00dcW e.V.<\/a><\/h5><p class=\"termine-date\">Mi., 13.05.2026, 19:00<\/p><p class=\"termine-auszug\">Die diesj\u00e4hrige Mitgliederversammlung der AG Eine Welt Bad D\u00fcrkheim e.V. findet am Mittwoch, den 13.05.26 ab 19:00 Uhr im Pfarrsaal der katholischen Kirche Bad D\u00fcrkheim statt. Alle Mitglieder der Arbeitsgemeinschaft sind herzlich eingeladen.<\/li><\/ul>[vc_empty_space height=&#8220;30px&#8220;][\/vc_column][\/vc_row]<\/p>\n<\/div>","protected":false},"excerpt":{"rendered":"<p>[vc_row][vc_column][vc_empty_space height=&#8220;30px&#8220;][vc_column_text] Termine [\/vc_column_text][vc_empty_space height=&#8220;30px&#8220;][\/vc_column][\/vc_row][vc_row][vc_column width=&#8220;2\/3&#8243;][vc_column_text] Kommende Termine: [\/vc_column_text][vc_empty_space height=&#8220;30px&#8220;][\/vc_column][\/vc_row]<\/p>\n","protected":false},"author":1,"featured_media":0,"parent":0,"menu_order":7,"comment_status":"closed","ping_status":"closed","template":"","meta":{"footnotes":""},"class_list":["post-23","page","type-page","status-publish","hentry","description-off"],"yoast_head":"<!-- This site is optimized with the Yoast SEO plugin v26.8 - https:\/\/yoast.com\/product\/yoast-seo-wordpress\/ -->\n<title>Termine - Weltladen Bad D\u00fcrkheim<\/title>\n<meta name=\"robots\" content=\"index, follow, max-snippet:-1, max-image-preview:large, max-video-preview:-1\" \/>\n<link rel=\"canonical\" href=\"https:\/\/weltlaeden.de\/bad-duerkheim\/termine\/\" \/>\n<meta property=\"og:locale\" content=\"de_DE\" \/>\n<meta property=\"og:type\" content=\"article\" \/>\n<meta property=\"og:title\" content=\"Termine - Weltladen Bad D\u00fcrkheim\" \/>\n<meta property=\"og:description\" content=\"[vc_row][vc_column][vc_empty_space height=&#8220;30px&#8220;][vc_column_text] Termine [\/vc_column_text][vc_empty_space height=&#8220;30px&#8220;][\/vc_column][\/vc_row][vc_row][vc_column width=&#8220;2\/3&#8243;][vc_column_text] Kommende Termine: [\/vc_column_text][vc_empty_space height=&#8220;30px&#8220;][\/vc_column][\/vc_row]\" \/>\n<meta property=\"og:url\" content=\"https:\/\/weltlaeden.de\/bad-duerkheim\/termine\/\" \/>\n<meta property=\"og:site_name\" content=\"Weltladen Bad D\u00fcrkheim\" \/>\n<meta property=\"article:modified_time\" content=\"2024-02-26T12:58:59+00:00\" \/>\n<meta property=\"og:image\" content=\"https:\/\/weltlaeden.de\/bad-duerkheim\/wp-content\/uploads\/sites\/3\/2018\/07\/pocket-watch-1637396_1920_pixabay.png\" \/>\n<meta name=\"twitter:card\" content=\"summary_large_image\" \/>\n<meta name=\"twitter:label1\" content=\"Gesch\u00e4tzte Lesezeit\" \/>\n\t<meta name=\"twitter:data1\" content=\"1\u00a0Minute\" \/>\n<script type=\"application\/ld+json\" class=\"yoast-schema-graph\">{\"@context\":\"https:\/\/schema.org\",\"@graph\":[{\"@type\":\"WebPage\",\"@id\":\"https:\/\/weltlaeden.de\/bad-duerkheim\/termine\/\",\"url\":\"https:\/\/weltlaeden.de\/bad-duerkheim\/termine\/\",\"name\":\"Termine - Weltladen Bad D\u00fcrkheim\",\"isPartOf\":{\"@id\":\"https:\/\/weltlaeden.de\/bad-duerkheim\/#website\"},\"primaryImageOfPage\":{\"@id\":\"https:\/\/weltlaeden.de\/bad-duerkheim\/termine\/#primaryimage\"},\"image\":{\"@id\":\"https:\/\/weltlaeden.de\/bad-duerkheim\/termine\/#primaryimage\"},\"thumbnailUrl\":\"https:\/\/weltlaeden.de\/bad-duerkheim\/wp-content\/uploads\/sites\/3\/2018\/07\/pocket-watch-1637396_1920_pixabay.png\",\"datePublished\":\"2024-02-26T08:05:21+00:00\",\"dateModified\":\"2024-02-26T12:58:59+00:00\",\"breadcrumb\":{\"@id\":\"https:\/\/weltlaeden.de\/bad-duerkheim\/termine\/#breadcrumb\"},\"inLanguage\":\"de\",\"potentialAction\":[{\"@type\":\"ReadAction\",\"target\":[\"https:\/\/weltlaeden.de\/bad-duerkheim\/termine\/\"]}]},{\"@type\":\"ImageObject\",\"inLanguage\":\"de\",\"@id\":\"https:\/\/weltlaeden.de\/bad-duerkheim\/termine\/#primaryimage\",\"url\":\"https:\/\/weltlaeden.de\/bad-duerkheim\/wp-content\/uploads\/sites\/3\/2018\/07\/pocket-watch-1637396_1920_pixabay.png\",\"contentUrl\":\"https:\/\/weltlaeden.de\/bad-duerkheim\/wp-content\/uploads\/sites\/3\/2018\/07\/pocket-watch-1637396_1920_pixabay.png\"},{\"@type\":\"BreadcrumbList\",\"@id\":\"https:\/\/weltlaeden.de\/bad-duerkheim\/termine\/#breadcrumb\",\"itemListElement\":[{\"@type\":\"ListItem\",\"position\":1,\"name\":\"Startseite\",\"item\":\"https:\/\/weltlaeden.de\/bad-duerkheim\/\"},{\"@type\":\"ListItem\",\"position\":2,\"name\":\"Termine\"}]},{\"@type\":\"WebSite\",\"@id\":\"https:\/\/weltlaeden.de\/bad-duerkheim\/#website\",\"url\":\"https:\/\/weltlaeden.de\/bad-duerkheim\/\",\"name\":\"Weltladen Bad D\u00fcrkheim\",\"description\":\"Faire Produkte seit 1983\",\"potentialAction\":[{\"@type\":\"SearchAction\",\"target\":{\"@type\":\"EntryPoint\",\"urlTemplate\":\"https:\/\/weltlaeden.de\/bad-duerkheim\/?s={search_term_string}\"},\"query-input\":{\"@type\":\"PropertyValueSpecification\",\"valueRequired\":true,\"valueName\":\"search_term_string\"}}],\"inLanguage\":\"de\"}]}<\/script>\n<!-- \/ Yoast SEO plugin. -->","yoast_head_json":{"title":"Termine - Weltladen Bad D\u00fcrkheim","robots":{"index":"index","follow":"follow","max-snippet":"max-snippet:-1","max-image-preview":"max-image-preview:large","max-video-preview":"max-video-preview:-1"},"canonical":"https:\/\/weltlaeden.de\/bad-duerkheim\/termine\/","og_locale":"de_DE","og_type":"article","og_title":"Termine - Weltladen Bad D\u00fcrkheim","og_description":"[vc_row][vc_column][vc_empty_space height=&#8220;30px&#8220;][vc_column_text] Termine [\/vc_column_text][vc_empty_space height=&#8220;30px&#8220;][\/vc_column][\/vc_row][vc_row][vc_column width=&#8220;2\/3&#8243;][vc_column_text] Kommende Termine: [\/vc_column_text][vc_empty_space height=&#8220;30px&#8220;][\/vc_column][\/vc_row]","og_url":"https:\/\/weltlaeden.de\/bad-duerkheim\/termine\/","og_site_name":"Weltladen Bad D\u00fcrkheim","article_modified_time":"2024-02-26T12:58:59+00:00","og_image":[{"url":"https:\/\/weltlaeden.de\/bad-duerkheim\/wp-content\/uploads\/sites\/3\/2018\/07\/pocket-watch-1637396_1920_pixabay.png","type":"","width":"","height":""}],"twitter_card":"summary_large_image","twitter_misc":{"Gesch\u00e4tzte Lesezeit":"1\u00a0Minute"},"schema":{"@context":"https:\/\/schema.org","@graph":[{"@type":"WebPage","@id":"https:\/\/weltlaeden.de\/bad-duerkheim\/termine\/","url":"https:\/\/weltlaeden.de\/bad-duerkheim\/termine\/","name":"Termine - Weltladen Bad D\u00fcrkheim","isPartOf":{"@id":"https:\/\/weltlaeden.de\/bad-duerkheim\/#website"},"primaryImageOfPage":{"@id":"https:\/\/weltlaeden.de\/bad-duerkheim\/termine\/#primaryimage"},"image":{"@id":"https:\/\/weltlaeden.de\/bad-duerkheim\/termine\/#primaryimage"},"thumbnailUrl":"https:\/\/weltlaeden.de\/bad-duerkheim\/wp-content\/uploads\/sites\/3\/2018\/07\/pocket-watch-1637396_1920_pixabay.png","datePublished":"2024-02-26T08:05:21+00:00","dateModified":"2024-02-26T12:58:59+00:00","breadcrumb":{"@id":"https:\/\/weltlaeden.de\/bad-duerkheim\/termine\/#breadcrumb"},"inLanguage":"de","potentialAction":[{"@type":"ReadAction","target":["https:\/\/weltlaeden.de\/bad-duerkheim\/termine\/"]}]},{"@type":"ImageObject","inLanguage":"de","@id":"https:\/\/weltlaeden.de\/bad-duerkheim\/termine\/#primaryimage","url":"https:\/\/weltlaeden.de\/bad-duerkheim\/wp-content\/uploads\/sites\/3\/2018\/07\/pocket-watch-1637396_1920_pixabay.png","contentUrl":"https:\/\/weltlaeden.de\/bad-duerkheim\/wp-content\/uploads\/sites\/3\/2018\/07\/pocket-watch-1637396_1920_pixabay.png"},{"@type":"BreadcrumbList","@id":"https:\/\/weltlaeden.de\/bad-duerkheim\/termine\/#breadcrumb","itemListElement":[{"@type":"ListItem","position":1,"name":"Startseite","item":"https:\/\/weltlaeden.de\/bad-duerkheim\/"},{"@type":"ListItem","position":2,"name":"Termine"}]},{"@type":"WebSite","@id":"https:\/\/weltlaeden.de\/bad-duerkheim\/#website","url":"https:\/\/weltlaeden.de\/bad-duerkheim\/","name":"Weltladen Bad D\u00fcrkheim","description":"Faire Produkte seit 1983","potentialAction":[{"@type":"SearchAction","target":{"@type":"EntryPoint","urlTemplate":"https:\/\/weltlaeden.de\/bad-duerkheim\/?s={search_term_string}"},"query-input":{"@type":"PropertyValueSpecification","valueRequired":true,"valueName":"search_term_string"}}],"inLanguage":"de"}]}},"_links":{"self":[{"href":"https:\/\/weltlaeden.de\/bad-duerkheim\/wp-json\/wp\/v2\/pages\/23","targetHints":{"allow":["GET"]}}],"collection":[{"href":"https:\/\/weltlaeden.de\/bad-duerkheim\/wp-json\/wp\/v2\/pages"}],"about":[{"href":"https:\/\/weltlaeden.de\/bad-duerkheim\/wp-json\/wp\/v2\/types\/page"}],"author":[{"embeddable":true,"href":"https:\/\/weltlaeden.de\/bad-duerkheim\/wp-json\/wp\/v2\/users\/1"}],"replies":[{"embeddable":true,"href":"https:\/\/weltlaeden.de\/bad-duerkheim\/wp-json\/wp\/v2\/comments?post=23"}],"version-history":[{"count":19,"href":"https:\/\/weltlaeden.de\/bad-duerkheim\/wp-json\/wp\/v2\/pages\/23\/revisions"}],"predecessor-version":[{"id":717,"href":"https:\/\/weltlaeden.de\/bad-duerkheim\/wp-json\/wp\/v2\/pages\/23\/revisions\/717"}],"wp:attachment":[{"href":"https:\/\/weltlaeden.de\/bad-duerkheim\/wp-json\/wp\/v2\/media?parent=23"}],"curies":[{"name":"wp","href":"https:\/\/api.w.org\/{rel}","templated":true}]}}