{"id":219,"date":"2024-02-19T13:34:47","date_gmt":"2024-02-19T12:34:47","guid":{"rendered":"https:\/\/wl.heimpixel.de\/vorlage\/ueber-uns\/"},"modified":"2025-09-09T13:12:02","modified_gmt":"2025-09-09T11:12:02","slug":"ueber-uns","status":"publish","type":"page","link":"https:\/\/weltlaeden.de\/bad-duerkheim\/ueber-uns\/","title":{"rendered":"\u00dcber uns"},"content":{"rendered":"<div class=\"wpb-content-wrapper\"><p>[vc_row][vc_column width=&#8220;1\/2&#8243;]<div class=\"wl_einzelbild\"><p><img loading=\"lazy\" decoding=\"async\" class=\"alignnone size-medium wp-image-797\" src=\"https:\/\/weltlaeden.de\/bad-duerkheim\/wp-content\/uploads\/sites\/210\/2025\/09\/1000019250-300x225.jpg\" alt=\"\" width=\"300\" height=\"225\" srcset=\"https:\/\/weltlaeden.de\/bad-duerkheim\/wp-content\/uploads\/sites\/210\/2025\/09\/1000019250-300x225.jpg 300w, https:\/\/weltlaeden.de\/bad-duerkheim\/wp-content\/uploads\/sites\/210\/2025\/09\/1000019250-1024x768.jpg 1024w, https:\/\/weltlaeden.de\/bad-duerkheim\/wp-content\/uploads\/sites\/210\/2025\/09\/1000019250-768x576.jpg 768w, https:\/\/weltlaeden.de\/bad-duerkheim\/wp-content\/uploads\/sites\/210\/2025\/09\/1000019250-1536x1152.jpg 1536w, https:\/\/weltlaeden.de\/bad-duerkheim\/wp-content\/uploads\/sites\/210\/2025\/09\/1000019250.jpg 1600w\" sizes=\"auto, (max-width: 300px) 100vw, 300px\" \/><\/p><\/div>[\/vc_column][vc_column width=&#8220;1\/2&#8243;]<div class=\"wl_einzelbild\"><p><img loading=\"lazy\" decoding=\"async\" class=\"alignnone size-medium wp-image-799\" src=\"https:\/\/weltlaeden.de\/bad-duerkheim\/wp-content\/uploads\/sites\/210\/2025\/09\/1000008739-169x300.jpg\" alt=\"\" width=\"169\" height=\"300\" srcset=\"https:\/\/weltlaeden.de\/bad-duerkheim\/wp-content\/uploads\/sites\/210\/2025\/09\/1000008739-169x300.jpg 169w, https:\/\/weltlaeden.de\/bad-duerkheim\/wp-content\/uploads\/sites\/210\/2025\/09\/1000008739-576x1024.jpg 576w, https:\/\/weltlaeden.de\/bad-duerkheim\/wp-content\/uploads\/sites\/210\/2025\/09\/1000008739-768x1365.jpg 768w, https:\/\/weltlaeden.de\/bad-duerkheim\/wp-content\/uploads\/sites\/210\/2025\/09\/1000008739-864x1536.jpg 864w, https:\/\/weltlaeden.de\/bad-duerkheim\/wp-content\/uploads\/sites\/210\/2025\/09\/1000008739-1153x2048.jpg 1153w, https:\/\/weltlaeden.de\/bad-duerkheim\/wp-content\/uploads\/sites\/210\/2025\/09\/1000008739-scaled.jpg 1441w\" sizes=\"auto, (max-width: 169px) 100vw, 169px\" \/><\/p><\/div>[\/vc_column][\/vc_row][vc_row][vc_column][vc_empty_space][vc_column_text]<\/p>\n<h1>Unser Weltladen und die AG Eine Welt D\u00dcW e.V.<\/h1>\n<p>[\/vc_column_text][vc_column_text css=&#8220;&#8220;]Der <strong>D\u00fcrkheimer Weltladen<\/strong> wurde bereits 1983 von einer Gruppe Engagierter gegr\u00fcndet und ist seither mehrfach umgezogen. Seit Mai 2019 sind wir in unserem hellen, freundlichen Gesch\u00e4ft in der R\u00f6merstra\u00dfe 17 ans\u00e4ssig. Rund 26 Ehrenamtliche k\u00fcmmern sich um den Verkauf, es gibt ein Team f\u00fcr den Einkauf, eins f\u00fcr die Einarbeitung neuer Mitarbeitender und ein creatives Deko-Team f\u00fcr die Schaufenstergestaltung.<\/p>\n<p>Der Tr\u00e4gerverein unseres Weltladens ist die <strong>Arbeitsgemeinschaft Eine Welt Bad D\u00fcrkheim e.V.<\/strong> Die AG f\u00f6rdert die Entwicklungszusammenarbeit durch das Eintreten f\u00fcr soziale Gerechtigkeit und die Idee der Nachhaltigkeit, z.B. durch finanzielle und materielle Unterst\u00fctzung der Initiativen in der Entwicklungsarbeit, der Ziele des Fairen Handels sowie aller Aktivit\u00e4ten, die \u00fcber die Zielsetzung wirksamer Entwicklungspolitik aufkl\u00e4ren. Au\u00dferdem sind wir in den Arbeitskreisen der Fairtrade Stadt Bad D\u00fcrkheim und des Fairen Landkreises Bad D\u00fcrkheim vertreten.<\/p>\n<p>Neue Mitglieder sind stets willkommen, <strong>Beitrittsformulare<\/strong> sind im Laden erh\u00e4ltlich oder per Mail von duerkheimer-weltladen@posteo.de<\/p>\n<p>Unser aktueller<strong> Vorstand:<\/strong><\/p>\n<p>1. Vorsitzender &#8211; Heinrich Strebelow<\/p>\n<p>Stellvertretende Vorsitzende &#8211; Gudrun Leinenbach<\/p>\n<p>Kassenf\u00fchrer &#8211; Klaus-J. G. Schmidt<\/p>\n<p>Schriftf\u00fchrerin &#8211; Birgit Wingert-Runge<\/p>\n<p>Beisitzerinnen &#8211; Jutta Hauck-Eisel, Christine Hepp, Cornelia Rieger[\/vc_column_text][\/vc_column][\/vc_row][vc_row][vc_column][vc_empty_space][vc_column_text]<\/p>\n<h1>Mitmachen im Weltladen Bad D\u00fcrkheim<\/h1>\n<p>[\/vc_column_text][vc_column_text]<strong>Wir suchen<\/strong> Menschen, die Lust haben, sich ehrenamtlich im Verkauf oder in einem unserer Projekten zu engagieren.<\/p>\n<p><strong>Wir bieten<\/strong> ein nettes Team aus Engagierten mit vielf\u00e4ltigen M\u00f6glichkeiten, sich selbst einzubringen. Eine Gemeinschaft, die Dich herzlich aufnimmt, einarbeitet und bei Fragen zur Verf\u00fcgung steht.<\/p>\n<p><strong>Ansprechpartner\/in:<\/strong><br \/>\nHeinrich Strebelow 0176 531 67184<\/p>\n<p>Gudrun Leinenbach 0157 559 2764<\/p>\n<p><strong>Wir freuen uns auf Dich!<\/strong>[\/vc_column_text][\/vc_column][\/vc_row]<\/p>\n<\/div>","protected":false},"excerpt":{"rendered":"<p>[vc_row][vc_column width=&#8220;1\/2&#8243;][\/vc_column][vc_column width=&#8220;1\/2&#8243;][\/vc_column][\/vc_row][vc_row][vc_column][vc_empty_space][vc_column_text] Unser Weltladen und die AG Eine Welt D\u00dcW e.V. [\/vc_column_text][vc_column_text css=&#8220;&#8220;]Der D\u00fcrkheimer Weltladen wurde bereits 1983 von einer Gruppe Engagierter gegr\u00fcndet und ist seither mehrfach umgezogen. Seit Mai 2019 sind wir in unserem hellen, freundlichen Gesch\u00e4ft in der R\u00f6merstra\u00dfe 17 ans\u00e4ssig. Rund 26 Ehrenamtliche k\u00fcmmern sich um den Verkauf, es gibt ein&hellip;<\/p>\n","protected":false},"author":1,"featured_media":0,"parent":0,"menu_order":6,"comment_status":"closed","ping_status":"closed","template":"","meta":{"footnotes":""},"class_list":["post-219","page","type-page","status-publish","hentry","description-off"],"yoast_head":"<!-- This site is optimized with the Yoast SEO plugin v26.8 - https:\/\/yoast.com\/product\/yoast-seo-wordpress\/ -->\n<title>\u00dcber uns - Weltladen Bad D\u00fcrkheim<\/title>\n<meta name=\"robots\" content=\"index, follow, max-snippet:-1, max-image-preview:large, max-video-preview:-1\" \/>\n<link rel=\"canonical\" href=\"https:\/\/weltlaeden.de\/bad-duerkheim\/ueber-uns\/\" \/>\n<meta property=\"og:locale\" content=\"de_DE\" \/>\n<meta property=\"og:type\" content=\"article\" \/>\n<meta property=\"og:title\" content=\"\u00dcber uns - Weltladen Bad D\u00fcrkheim\" \/>\n<meta property=\"og:description\" content=\"[vc_row][vc_column width=&#8220;1\/2&#8243;][\/vc_column][vc_column width=&#8220;1\/2&#8243;][\/vc_column][\/vc_row][vc_row][vc_column][vc_empty_space][vc_column_text] Unser Weltladen und die AG Eine Welt D\u00dcW e.V. [\/vc_column_text][vc_column_text css=&#8220;&#8220;]Der D\u00fcrkheimer Weltladen wurde bereits 1983 von einer Gruppe Engagierter gegr\u00fcndet und ist seither mehrfach umgezogen. Seit Mai 2019 sind wir in unserem hellen, freundlichen Gesch\u00e4ft in der R\u00f6merstra\u00dfe 17 ans\u00e4ssig. Rund 26 Ehrenamtliche k\u00fcmmern sich um den Verkauf, es gibt ein&hellip;\" \/>\n<meta property=\"og:url\" content=\"https:\/\/weltlaeden.de\/bad-duerkheim\/ueber-uns\/\" \/>\n<meta property=\"og:site_name\" content=\"Weltladen Bad D\u00fcrkheim\" \/>\n<meta property=\"article:modified_time\" content=\"2025-09-09T11:12:02+00:00\" \/>\n<meta property=\"og:image\" content=\"https:\/\/weltlaeden.de\/bad-duerkheim\/wp-content\/uploads\/sites\/210\/2025\/09\/1000019250.jpg\" \/>\n\t<meta property=\"og:image:width\" content=\"1600\" \/>\n\t<meta property=\"og:image:height\" content=\"1200\" \/>\n\t<meta property=\"og:image:type\" content=\"image\/jpeg\" \/>\n<meta name=\"twitter:card\" content=\"summary_large_image\" \/>\n<meta name=\"twitter:label1\" content=\"Gesch\u00e4tzte Lesezeit\" \/>\n\t<meta name=\"twitter:data1\" content=\"2\u00a0Minuten\" \/>\n<script type=\"application\/ld+json\" class=\"yoast-schema-graph\">{\"@context\":\"https:\/\/schema.org\",\"@graph\":[{\"@type\":\"WebPage\",\"@id\":\"https:\/\/weltlaeden.de\/bad-duerkheim\/ueber-uns\/\",\"url\":\"https:\/\/weltlaeden.de\/bad-duerkheim\/ueber-uns\/\",\"name\":\"\u00dcber uns - Weltladen Bad D\u00fcrkheim\",\"isPartOf\":{\"@id\":\"https:\/\/weltlaeden.de\/bad-duerkheim\/#website\"},\"primaryImageOfPage\":{\"@id\":\"https:\/\/weltlaeden.de\/bad-duerkheim\/ueber-uns\/#primaryimage\"},\"image\":{\"@id\":\"https:\/\/weltlaeden.de\/bad-duerkheim\/ueber-uns\/#primaryimage\"},\"thumbnailUrl\":\"https:\/\/weltlaeden.de\/bad-duerkheim\/wp-content\/uploads\/sites\/210\/2025\/09\/1000019250-300x225.jpg\",\"datePublished\":\"2024-02-19T12:34:47+00:00\",\"dateModified\":\"2025-09-09T11:12:02+00:00\",\"breadcrumb\":{\"@id\":\"https:\/\/weltlaeden.de\/bad-duerkheim\/ueber-uns\/#breadcrumb\"},\"inLanguage\":\"de\",\"potentialAction\":[{\"@type\":\"ReadAction\",\"target\":[\"https:\/\/weltlaeden.de\/bad-duerkheim\/ueber-uns\/\"]}]},{\"@type\":\"ImageObject\",\"inLanguage\":\"de\",\"@id\":\"https:\/\/weltlaeden.de\/bad-duerkheim\/ueber-uns\/#primaryimage\",\"url\":\"https:\/\/weltlaeden.de\/bad-duerkheim\/wp-content\/uploads\/sites\/210\/2025\/09\/1000019250.jpg\",\"contentUrl\":\"https:\/\/weltlaeden.de\/bad-duerkheim\/wp-content\/uploads\/sites\/210\/2025\/09\/1000019250.jpg\",\"width\":1600,\"height\":1200},{\"@type\":\"BreadcrumbList\",\"@id\":\"https:\/\/weltlaeden.de\/bad-duerkheim\/ueber-uns\/#breadcrumb\",\"itemListElement\":[{\"@type\":\"ListItem\",\"position\":1,\"name\":\"Startseite\",\"item\":\"https:\/\/weltlaeden.de\/bad-duerkheim\/\"},{\"@type\":\"ListItem\",\"position\":2,\"name\":\"\u00dcber uns\"}]},{\"@type\":\"WebSite\",\"@id\":\"https:\/\/weltlaeden.de\/bad-duerkheim\/#website\",\"url\":\"https:\/\/weltlaeden.de\/bad-duerkheim\/\",\"name\":\"Weltladen Bad D\u00fcrkheim\",\"description\":\"Faire Produkte seit 1983\",\"potentialAction\":[{\"@type\":\"SearchAction\",\"target\":{\"@type\":\"EntryPoint\",\"urlTemplate\":\"https:\/\/weltlaeden.de\/bad-duerkheim\/?s={search_term_string}\"},\"query-input\":{\"@type\":\"PropertyValueSpecification\",\"valueRequired\":true,\"valueName\":\"search_term_string\"}}],\"inLanguage\":\"de\"}]}<\/script>\n<!-- \/ Yoast SEO plugin. -->","yoast_head_json":{"title":"\u00dcber uns - Weltladen Bad D\u00fcrkheim","robots":{"index":"index","follow":"follow","max-snippet":"max-snippet:-1","max-image-preview":"max-image-preview:large","max-video-preview":"max-video-preview:-1"},"canonical":"https:\/\/weltlaeden.de\/bad-duerkheim\/ueber-uns\/","og_locale":"de_DE","og_type":"article","og_title":"\u00dcber uns - Weltladen Bad D\u00fcrkheim","og_description":"[vc_row][vc_column width=&#8220;1\/2&#8243;][\/vc_column][vc_column width=&#8220;1\/2&#8243;][\/vc_column][\/vc_row][vc_row][vc_column][vc_empty_space][vc_column_text] Unser Weltladen und die AG Eine Welt D\u00dcW e.V. [\/vc_column_text][vc_column_text css=&#8220;&#8220;]Der D\u00fcrkheimer Weltladen wurde bereits 1983 von einer Gruppe Engagierter gegr\u00fcndet und ist seither mehrfach umgezogen. Seit Mai 2019 sind wir in unserem hellen, freundlichen Gesch\u00e4ft in der R\u00f6merstra\u00dfe 17 ans\u00e4ssig. Rund 26 Ehrenamtliche k\u00fcmmern sich um den Verkauf, es gibt ein&hellip;","og_url":"https:\/\/weltlaeden.de\/bad-duerkheim\/ueber-uns\/","og_site_name":"Weltladen Bad D\u00fcrkheim","article_modified_time":"2025-09-09T11:12:02+00:00","og_image":[{"width":1600,"height":1200,"url":"https:\/\/weltlaeden.de\/bad-duerkheim\/wp-content\/uploads\/sites\/210\/2025\/09\/1000019250.jpg","type":"image\/jpeg"}],"twitter_card":"summary_large_image","twitter_misc":{"Gesch\u00e4tzte Lesezeit":"2\u00a0Minuten"},"schema":{"@context":"https:\/\/schema.org","@graph":[{"@type":"WebPage","@id":"https:\/\/weltlaeden.de\/bad-duerkheim\/ueber-uns\/","url":"https:\/\/weltlaeden.de\/bad-duerkheim\/ueber-uns\/","name":"\u00dcber uns - Weltladen Bad D\u00fcrkheim","isPartOf":{"@id":"https:\/\/weltlaeden.de\/bad-duerkheim\/#website"},"primaryImageOfPage":{"@id":"https:\/\/weltlaeden.de\/bad-duerkheim\/ueber-uns\/#primaryimage"},"image":{"@id":"https:\/\/weltlaeden.de\/bad-duerkheim\/ueber-uns\/#primaryimage"},"thumbnailUrl":"https:\/\/weltlaeden.de\/bad-duerkheim\/wp-content\/uploads\/sites\/210\/2025\/09\/1000019250-300x225.jpg","datePublished":"2024-02-19T12:34:47+00:00","dateModified":"2025-09-09T11:12:02+00:00","breadcrumb":{"@id":"https:\/\/weltlaeden.de\/bad-duerkheim\/ueber-uns\/#breadcrumb"},"inLanguage":"de","potentialAction":[{"@type":"ReadAction","target":["https:\/\/weltlaeden.de\/bad-duerkheim\/ueber-uns\/"]}]},{"@type":"ImageObject","inLanguage":"de","@id":"https:\/\/weltlaeden.de\/bad-duerkheim\/ueber-uns\/#primaryimage","url":"https:\/\/weltlaeden.de\/bad-duerkheim\/wp-content\/uploads\/sites\/210\/2025\/09\/1000019250.jpg","contentUrl":"https:\/\/weltlaeden.de\/bad-duerkheim\/wp-content\/uploads\/sites\/210\/2025\/09\/1000019250.jpg","width":1600,"height":1200},{"@type":"BreadcrumbList","@id":"https:\/\/weltlaeden.de\/bad-duerkheim\/ueber-uns\/#breadcrumb","itemListElement":[{"@type":"ListItem","position":1,"name":"Startseite","item":"https:\/\/weltlaeden.de\/bad-duerkheim\/"},{"@type":"ListItem","position":2,"name":"\u00dcber uns"}]},{"@type":"WebSite","@id":"https:\/\/weltlaeden.de\/bad-duerkheim\/#website","url":"https:\/\/weltlaeden.de\/bad-duerkheim\/","name":"Weltladen Bad D\u00fcrkheim","description":"Faire Produkte seit 1983","potentialAction":[{"@type":"SearchAction","target":{"@type":"EntryPoint","urlTemplate":"https:\/\/weltlaeden.de\/bad-duerkheim\/?s={search_term_string}"},"query-input":{"@type":"PropertyValueSpecification","valueRequired":true,"valueName":"search_term_string"}}],"inLanguage":"de"}]}},"_links":{"self":[{"href":"https:\/\/weltlaeden.de\/bad-duerkheim\/wp-json\/wp\/v2\/pages\/219","targetHints":{"allow":["GET"]}}],"collection":[{"href":"https:\/\/weltlaeden.de\/bad-duerkheim\/wp-json\/wp\/v2\/pages"}],"about":[{"href":"https:\/\/weltlaeden.de\/bad-duerkheim\/wp-json\/wp\/v2\/types\/page"}],"author":[{"embeddable":true,"href":"https:\/\/weltlaeden.de\/bad-duerkheim\/wp-json\/wp\/v2\/users\/1"}],"replies":[{"embeddable":true,"href":"https:\/\/weltlaeden.de\/bad-duerkheim\/wp-json\/wp\/v2\/comments?post=219"}],"version-history":[{"count":56,"href":"https:\/\/weltlaeden.de\/bad-duerkheim\/wp-json\/wp\/v2\/pages\/219\/revisions"}],"predecessor-version":[{"id":800,"href":"https:\/\/weltlaeden.de\/bad-duerkheim\/wp-json\/wp\/v2\/pages\/219\/revisions\/800"}],"wp:attachment":[{"href":"https:\/\/weltlaeden.de\/bad-duerkheim\/wp-json\/wp\/v2\/media?parent=219"}],"curies":[{"name":"wp","href":"https:\/\/api.w.org\/{rel}","templated":true}]}}