{"id":217,"date":"2016-10-28T13:34:47","date_gmt":"2016-10-28T11:34:47","guid":{"rendered":"https:\/\/wl.heimpixel.de\/vorlage\/produkte\/"},"modified":"2024-02-19T14:50:44","modified_gmt":"2024-02-19T13:50:44","slug":"produkte","status":"publish","type":"page","link":"https:\/\/weltlaeden.de\/bad-duerkheim\/produkte\/","title":{"rendered":"Produkte"},"content":{"rendered":"<div class=\"wpb-content-wrapper\"><p>[vc_row][vc_column]<div class=\"wl_einzelbild\"><p><\/p><\/div>[vc_empty_space][vc_column_text]<\/p>\n<h1>Unser Sortiment<\/h1>\n<p>[\/vc_column_text][vc_column_text]Neben Produkten, die es das ganze Jahr \u00fcber gibt, haben wir auch wechselnde saisonale Artikel, z.B. unser aktuelles S\u00fc\u00dfigkeiten- und Deko-Sortiment rund ums Osterfest. Unser Einkaufsteam informiert sich auf den Fair Trade-Messen \u00fcber Trends und Neuerscheinungen. Regelm\u00e4\u00dfig bei uns vorbei zu schauen lohnt sich: Es gibt immer wieder etwas Neues zum Anschauen oder zum Probieren. Lassen Sie sich \u00fcberraschen![\/vc_column_text][vc_empty_space][vc_row_inner][vc_column_inner width=&#8220;1\/2&#8243;][vc_column_text]<\/p>\n<h2>Lebensmittel<\/h2>\n<p>Bei uns finden Sie verschiedene Tee- und Kaffee-Spezialit\u00e4ten, u.a. auch Landkreis D\u00dcW-Kaffee und -Espresso, s\u00fc\u00dfe und herzhafte Brotaufstriche und Leckereien, vielf\u00e4ltige Gew\u00fcrze, \u00d6le und Saucen, Reis und H\u00fclsenfr\u00fcchte, getrocknete Fr\u00fcchte und vieles mehr<\/p>\n<p>[\/vc_column_text][vc_single_image image=&#8220;603&#8243; img_size=&#8220;large&#8220; alignment=&#8220;center&#8220;][\/vc_column_inner][vc_column_inner width=&#8220;1\/2&#8243;][vc_column_text]<\/p>\n<h2>Kunsthandwerk &amp; Textilien<\/h2>\n<p>Wir bieten Sch\u00f6nes f\u00fcr Ihr Zuhause und f\u00fcr unterwegs &#8211; Taschen und K\u00f6rbe aus verschiedenen Materialien, Schmuck, Dekoratives aus Papier, Holz oder Speckstein, Filzprodukte und Spielzeug, Seifen, R\u00e4ucherst\u00e4bchen und Kerzen, Klangschalen und Yogazubeh\u00f6r, Tassen und Gl\u00e4ser&#8230;[\/vc_column_text][vc_single_image image=&#8220;604&#8243; img_size=&#8220;large&#8220; alignment=&#8220;right&#8220;][\/vc_column_inner][\/vc_row_inner][\/vc_column][\/vc_row]<\/p>\n<\/div>","protected":false},"excerpt":{"rendered":"<p>[vc_row][vc_column][vc_empty_space][vc_column_text] Unser Sortiment [\/vc_column_text][vc_column_text]Neben Produkten, die es das ganze Jahr \u00fcber gibt, haben wir auch wechselnde saisonale Artikel, z.B. unser aktuelles S\u00fc\u00dfigkeiten- und Deko-Sortiment rund ums Osterfest. Unser Einkaufsteam informiert sich auf den Fair Trade-Messen \u00fcber Trends und Neuerscheinungen. Regelm\u00e4\u00dfig bei uns vorbei zu schauen lohnt sich: Es gibt immer wieder etwas Neues zum Anschauen&hellip;<\/p>\n","protected":false},"author":1,"featured_media":0,"parent":0,"menu_order":5,"comment_status":"closed","ping_status":"closed","template":"","meta":{"footnotes":""},"class_list":["post-217","page","type-page","status-publish","hentry","description-off"],"yoast_head":"<!-- This site is optimized with the Yoast SEO plugin v26.8 - https:\/\/yoast.com\/product\/yoast-seo-wordpress\/ -->\n<title>Produkte - Weltladen Bad D\u00fcrkheim<\/title>\n<meta name=\"robots\" content=\"index, follow, max-snippet:-1, max-image-preview:large, max-video-preview:-1\" \/>\n<link rel=\"canonical\" href=\"https:\/\/weltlaeden.de\/bad-duerkheim\/produkte\/\" \/>\n<meta property=\"og:locale\" content=\"de_DE\" \/>\n<meta property=\"og:type\" content=\"article\" \/>\n<meta property=\"og:title\" content=\"Produkte - Weltladen Bad D\u00fcrkheim\" \/>\n<meta property=\"og:description\" content=\"[vc_row][vc_column][vc_empty_space][vc_column_text] Unser Sortiment [\/vc_column_text][vc_column_text]Neben Produkten, die es das ganze Jahr \u00fcber gibt, haben wir auch wechselnde saisonale Artikel, z.B. unser aktuelles S\u00fc\u00dfigkeiten- und Deko-Sortiment rund ums Osterfest. Unser Einkaufsteam informiert sich auf den Fair Trade-Messen \u00fcber Trends und Neuerscheinungen. Regelm\u00e4\u00dfig bei uns vorbei zu schauen lohnt sich: Es gibt immer wieder etwas Neues zum Anschauen&hellip;\" \/>\n<meta property=\"og:url\" content=\"https:\/\/weltlaeden.de\/bad-duerkheim\/produkte\/\" \/>\n<meta property=\"og:site_name\" content=\"Weltladen Bad D\u00fcrkheim\" \/>\n<meta property=\"article:modified_time\" content=\"2024-02-19T13:50:44+00:00\" \/>\n<meta name=\"twitter:card\" content=\"summary_large_image\" \/>\n<meta name=\"twitter:label1\" content=\"Gesch\u00e4tzte Lesezeit\" \/>\n\t<meta name=\"twitter:data1\" content=\"1\u00a0Minute\" \/>\n<script type=\"application\/ld+json\" class=\"yoast-schema-graph\">{\"@context\":\"https:\/\/schema.org\",\"@graph\":[{\"@type\":\"WebPage\",\"@id\":\"https:\/\/weltlaeden.de\/bad-duerkheim\/produkte\/\",\"url\":\"https:\/\/weltlaeden.de\/bad-duerkheim\/produkte\/\",\"name\":\"Produkte - Weltladen Bad D\u00fcrkheim\",\"isPartOf\":{\"@id\":\"https:\/\/weltlaeden.de\/bad-duerkheim\/#website\"},\"datePublished\":\"2016-10-28T11:34:47+00:00\",\"dateModified\":\"2024-02-19T13:50:44+00:00\",\"breadcrumb\":{\"@id\":\"https:\/\/weltlaeden.de\/bad-duerkheim\/produkte\/#breadcrumb\"},\"inLanguage\":\"de\",\"potentialAction\":[{\"@type\":\"ReadAction\",\"target\":[\"https:\/\/weltlaeden.de\/bad-duerkheim\/produkte\/\"]}]},{\"@type\":\"BreadcrumbList\",\"@id\":\"https:\/\/weltlaeden.de\/bad-duerkheim\/produkte\/#breadcrumb\",\"itemListElement\":[{\"@type\":\"ListItem\",\"position\":1,\"name\":\"Startseite\",\"item\":\"https:\/\/weltlaeden.de\/bad-duerkheim\/\"},{\"@type\":\"ListItem\",\"position\":2,\"name\":\"Produkte\"}]},{\"@type\":\"WebSite\",\"@id\":\"https:\/\/weltlaeden.de\/bad-duerkheim\/#website\",\"url\":\"https:\/\/weltlaeden.de\/bad-duerkheim\/\",\"name\":\"Weltladen Bad D\u00fcrkheim\",\"description\":\"Faire Produkte seit 1983\",\"potentialAction\":[{\"@type\":\"SearchAction\",\"target\":{\"@type\":\"EntryPoint\",\"urlTemplate\":\"https:\/\/weltlaeden.de\/bad-duerkheim\/?s={search_term_string}\"},\"query-input\":{\"@type\":\"PropertyValueSpecification\",\"valueRequired\":true,\"valueName\":\"search_term_string\"}}],\"inLanguage\":\"de\"}]}<\/script>\n<!-- \/ Yoast SEO plugin. -->","yoast_head_json":{"title":"Produkte - Weltladen Bad D\u00fcrkheim","robots":{"index":"index","follow":"follow","max-snippet":"max-snippet:-1","max-image-preview":"max-image-preview:large","max-video-preview":"max-video-preview:-1"},"canonical":"https:\/\/weltlaeden.de\/bad-duerkheim\/produkte\/","og_locale":"de_DE","og_type":"article","og_title":"Produkte - Weltladen Bad D\u00fcrkheim","og_description":"[vc_row][vc_column][vc_empty_space][vc_column_text] Unser Sortiment [\/vc_column_text][vc_column_text]Neben Produkten, die es das ganze Jahr \u00fcber gibt, haben wir auch wechselnde saisonale Artikel, z.B. unser aktuelles S\u00fc\u00dfigkeiten- und Deko-Sortiment rund ums Osterfest. Unser Einkaufsteam informiert sich auf den Fair Trade-Messen \u00fcber Trends und Neuerscheinungen. Regelm\u00e4\u00dfig bei uns vorbei zu schauen lohnt sich: Es gibt immer wieder etwas Neues zum Anschauen&hellip;","og_url":"https:\/\/weltlaeden.de\/bad-duerkheim\/produkte\/","og_site_name":"Weltladen Bad D\u00fcrkheim","article_modified_time":"2024-02-19T13:50:44+00:00","twitter_card":"summary_large_image","twitter_misc":{"Gesch\u00e4tzte Lesezeit":"1\u00a0Minute"},"schema":{"@context":"https:\/\/schema.org","@graph":[{"@type":"WebPage","@id":"https:\/\/weltlaeden.de\/bad-duerkheim\/produkte\/","url":"https:\/\/weltlaeden.de\/bad-duerkheim\/produkte\/","name":"Produkte - Weltladen Bad D\u00fcrkheim","isPartOf":{"@id":"https:\/\/weltlaeden.de\/bad-duerkheim\/#website"},"datePublished":"2016-10-28T11:34:47+00:00","dateModified":"2024-02-19T13:50:44+00:00","breadcrumb":{"@id":"https:\/\/weltlaeden.de\/bad-duerkheim\/produkte\/#breadcrumb"},"inLanguage":"de","potentialAction":[{"@type":"ReadAction","target":["https:\/\/weltlaeden.de\/bad-duerkheim\/produkte\/"]}]},{"@type":"BreadcrumbList","@id":"https:\/\/weltlaeden.de\/bad-duerkheim\/produkte\/#breadcrumb","itemListElement":[{"@type":"ListItem","position":1,"name":"Startseite","item":"https:\/\/weltlaeden.de\/bad-duerkheim\/"},{"@type":"ListItem","position":2,"name":"Produkte"}]},{"@type":"WebSite","@id":"https:\/\/weltlaeden.de\/bad-duerkheim\/#website","url":"https:\/\/weltlaeden.de\/bad-duerkheim\/","name":"Weltladen Bad D\u00fcrkheim","description":"Faire Produkte seit 1983","potentialAction":[{"@type":"SearchAction","target":{"@type":"EntryPoint","urlTemplate":"https:\/\/weltlaeden.de\/bad-duerkheim\/?s={search_term_string}"},"query-input":{"@type":"PropertyValueSpecification","valueRequired":true,"valueName":"search_term_string"}}],"inLanguage":"de"}]}},"_links":{"self":[{"href":"https:\/\/weltlaeden.de\/bad-duerkheim\/wp-json\/wp\/v2\/pages\/217","targetHints":{"allow":["GET"]}}],"collection":[{"href":"https:\/\/weltlaeden.de\/bad-duerkheim\/wp-json\/wp\/v2\/pages"}],"about":[{"href":"https:\/\/weltlaeden.de\/bad-duerkheim\/wp-json\/wp\/v2\/types\/page"}],"author":[{"embeddable":true,"href":"https:\/\/weltlaeden.de\/bad-duerkheim\/wp-json\/wp\/v2\/users\/1"}],"replies":[{"embeddable":true,"href":"https:\/\/weltlaeden.de\/bad-duerkheim\/wp-json\/wp\/v2\/comments?post=217"}],"version-history":[{"count":23,"href":"https:\/\/weltlaeden.de\/bad-duerkheim\/wp-json\/wp\/v2\/pages\/217\/revisions"}],"predecessor-version":[{"id":706,"href":"https:\/\/weltlaeden.de\/bad-duerkheim\/wp-json\/wp\/v2\/pages\/217\/revisions\/706"}],"wp:attachment":[{"href":"https:\/\/weltlaeden.de\/bad-duerkheim\/wp-json\/wp\/v2\/media?parent=217"}],"curies":[{"name":"wp","href":"https:\/\/api.w.org\/{rel}","templated":true}]}}