{"id":20,"date":"2016-10-14T09:05:21","date_gmt":"2016-10-14T07:05:21","guid":{"rendered":"https:\/\/wl.heimpixel.de\/vorlage\/weltladen-musterdorf\/"},"modified":"2025-02-21T11:51:56","modified_gmt":"2025-02-21T10:51:56","slug":"weltladen-musterdorf","status":"publish","type":"page","link":"https:\/\/weltlaeden.de\/bad-duerkheim\/","title":{"rendered":""},"content":{"rendered":"<div class=\"wpb-content-wrapper\"><p>[vc_row][vc_column][vc_single_image image=&#8220;635&#8243; img_size=&#8220;full&#8220; alignment=&#8220;center&#8220;][\/vc_column][vc_column][\/vc_column][\/vc_row][vc_row][vc_column][vc_column_text]<\/p>\n<h1 style=\"text-align: left\">Willkommen im Weltladen Bad D\u00fcrkheim!<\/h1>\n<p>[\/vc_column_text][vc_column_text]Wir bieten f\u00fcr Sie seit \u00fcber 40 Jahren Lebensmittel, Sch\u00f6nes und N\u00fctzliches aus dem Fairen Handel. Seit 2019 finden Sie uns an unserem aktuellen Standort in der R\u00f6merstra\u00dfe, direkt gegen\u00fcber vom Haus Catoir. Ein Besuch lohnt sich!<\/p>\n<p>Unterst\u00fctzen Sie uns bei der Arbeit im Laden und\/oder als Mitglied in der AG Eine Welt Bad D\u00fcrkheim e.V.\u00a0 N\u00e4heres erfahren Sie auf der Seite &#8222;\u00dcber uns&#8220;[\/vc_column_text][vc_empty_space height=&#8220;30px&#8220;][\/vc_column][\/vc_row][vc_row][vc_column][vc_column_text]<\/p>\n<h2>Was Sie auf dieser Website finden:<\/h2>\n<p>[\/vc_column_text][vc_empty_space height=&#8220;20px&#8220;][vc_row_inner][vc_column_inner width=&#8220;1\/4&#8243;]<div class=\"wl_einzelbild\"><p><img loading=\"lazy\" decoding=\"async\" class=\"alignleft size-thumbnail wp-image-nsm-3-15\" src=\"https:\/\/weltlaeden.de\/vorlage\/wp-content\/uploads\/sites\/3\/2016\/11\/FairerHandel_ElPuente_Fingerpuppen_EccoExe_Peru-150x150.jpg\" alt=\"\" width=\"150\" height=\"150\" \/><\/p><\/div>[\/vc_column_inner][vc_column_inner width=&#8220;3\/4&#8243;][vc_column_text]<\/p>\n<h3>Fairer Handel<\/h3>\n<p>Was meint Fairer Handel \u00fcberhaupt? Welche Kriterien m\u00fcssen eingehalten werden und wer \u00fcberpr\u00fcft diese? <a href=\"?pagename=fairer-handel\">Erfahren Sie mehr &#8230;<\/a>[\/vc_column_text][\/vc_column_inner][\/vc_row_inner][vc_separator][vc_row_inner][vc_column_inner width=&#8220;1\/4&#8243;]<div class=\"wl_einzelbild\"><p><img loading=\"lazy\" decoding=\"async\" class=\"alignleft size-full wp-image-nsm-3-28\" src=\"https:\/\/weltlaeden.de\/vorlage\/wp-content\/uploads\/sites\/3\/2018\/05\/Lebensmittel_WL-Bornheim-Christian-Schilling_150x150.jpg\" alt=\"\" width=\"150\" height=\"150\" \/><\/p><\/div>[\/vc_column_inner][vc_column_inner width=&#8220;3\/4&#8243;][vc_column_text]<\/p>\n<h3>Produkte<\/h3>\n<p>Unsere Produkte im Weltladen sind nat\u00fcrlich alle aus Fairem Handel, dennoch kommen sie von unterschiedlichen Fair-Handels-Importeuren. <a href=\"?pagename=produkte\">Hier zeigen wir Ihnen unser Sortiment &#8230;<\/a>[\/vc_column_text][\/vc_column_inner][\/vc_row_inner][vc_separator][vc_row_inner][vc_column_inner width=&#8220;1\/4&#8243;]<div class=\"wl_einzelbild\"><p><img loading=\"lazy\" decoding=\"async\" class=\"size-thumbnail wp-image-448 alignleft\" src=\"https:\/\/weltlaeden.de\/bad-duerkheim\/wp-content\/uploads\/sites\/210\/2019\/04\/board-game-challenge-chess-209728_1200x519-150x150.png\" alt=\"\" width=\"150\" height=\"150\" \/><\/p><\/div>[\/vc_column_inner][vc_column_inner width=&#8220;3\/4&#8243;][vc_column_text]<\/p>\n<h3>\u00dcber uns<\/h3>\n<p>Wer wir sind, warum wir uns f\u00fcr Fairen Handel engagieren und wie man bei uns mitmachen kann &#8211; <a href=\"?pagename=ueber-uns\">hier stellen wir uns vor &#8230;<\/a>[\/vc_column_text][\/vc_column_inner][\/vc_row_inner][vc_separator][vc_row_inner][vc_column_inner width=&#8220;1\/4&#8243;]<div class=\"wl_einzelbild\"><p><img loading=\"lazy\" decoding=\"async\" class=\"alignleft size-full wp-image-nsm-3-35\" src=\"https:\/\/weltlaeden.de\/vorlage\/wp-content\/uploads\/sites\/3\/2018\/08\/pocket-watch-1637396_1920_150x150.png\" alt=\"\" width=\"150\" height=\"150\" \/><\/p><\/div>[\/vc_column_inner][vc_column_inner width=&#8220;3\/4&#8243;][vc_column_text]<\/p>\n<h3>Termine<\/h3>\n<p>Bei uns ist immer etwas los! Wir treffen uns regelm\u00e4\u00dfig zu Teamsitzungen und Fortbildungen, organisieren aber auch immer mal wieder eine Veranstaltung zum Fairen Handel und verwandten Themen. <a href=\"https:\/\/weltlaeden.de\/vorlage\/termine\/\">Hier erfahren Sie was bei uns los ist \u2026<\/a>[\/vc_column_text][\/vc_column_inner][\/vc_row_inner][vc_separator][vc_empty_space][\/vc_column][\/vc_row][vc_row][vc_column][vc_column_text]<\/p>\n<h2>Neuigkeiten<\/h2>\n<p>[\/vc_column_text]<section class=\"items-grid wf-container\"><div class=\"wf-cell wf-1-2\"><article class=\"post-format-standard\"><div class=\"mini-post-img\"><a class=\"alignleft post-rollover no-avatar\" href=\"https:\/\/weltlaeden.de\/bad-duerkheim\/neue-stadtschokolade-ab-28-02\/\"  style=\"width:60px; height: 60px;\" aria-label=\"Post image\"><\/a><\/div><div class=\"post-content\"><a href=\"https:\/\/weltlaeden.de\/bad-duerkheim\/neue-stadtschokolade-ab-28-02\/\">Neue Stadtschokolade ab 28.02.!<\/a><br \/><time class=\"text-secondary\" datetime=\"2026-02-25T10:37:23+01:00\">25. Februar 2026<\/time><\/div><\/article><\/div><div class=\"wf-cell wf-1-2\"><article class=\"post-format-standard\"><div class=\"mini-post-img\"><a class=\"alignleft post-rollover layzr-bg\" href=\"https:\/\/weltlaeden.de\/bad-duerkheim\/beispielneuigkeit\/\" aria-label=\"Post image\"><img decoding=\"async\" class=\"preload-me lazy-load aspect\" src=\"data:image\/svg+xml,%3Csvg%20xmlns%3D&#39;http%3A%2F%2Fwww.w3.org%2F2000%2Fsvg&#39;%20viewBox%3D&#39;0%200%2060%2060&#39;%2F%3E\" data-src=\"https:\/\/weltlaeden.de\/bad-duerkheim\/wp-content\/uploads\/sites\/210\/2024\/05\/T-Shirts-Greenbomb-fuer-Homepage-Querformat-60x60.jpg\" data-srcset=\"https:\/\/weltlaeden.de\/bad-duerkheim\/wp-content\/uploads\/sites\/210\/2024\/05\/T-Shirts-Greenbomb-fuer-Homepage-Querformat-60x60.jpg 60w, https:\/\/weltlaeden.de\/bad-duerkheim\/wp-content\/uploads\/sites\/210\/2024\/05\/T-Shirts-Greenbomb-fuer-Homepage-Querformat-120x120.jpg 120w\" loading=\"eager\" style=\"--ratio: 60 \/ 60\" sizes=\"(max-width: 60px) 100vw, 60px\" width=\"60\" height=\"60\"  alt=\"\" \/><\/a><\/div><div class=\"post-content\"><a href=\"https:\/\/weltlaeden.de\/bad-duerkheim\/beispielneuigkeit\/\">T-Shirts von Greenbomb<\/a><br \/><time class=\"text-secondary\" datetime=\"2024-04-05T09:43:59+02:00\">5. April 2024<\/time><\/div><\/article><\/div><\/section><a href=\"?pagename=neuigkeiten\" class=\"btn-shortcode dt-btn-s dt-btn default-btn-color default-btn-hover-color default-btn-bg-color default-btn-bg-hover-color\" target=\"_blank\" id=\"dt-btn-1\" rel=\"noopener\"><span>Alle Neuigkeiten<\/span><\/a>[\/vc_column][\/vc_row]<\/p>\n<\/div>","protected":false},"excerpt":{"rendered":"<p>[vc_row][vc_column][vc_single_image image=&#8220;635&#8243; img_size=&#8220;full&#8220; alignment=&#8220;center&#8220;][\/vc_column][vc_column][\/vc_column][\/vc_row][vc_row][vc_column][vc_column_text] Willkommen im Weltladen Bad D\u00fcrkheim! [\/vc_column_text][vc_column_text]Wir bieten f\u00fcr Sie seit \u00fcber 40 Jahren Lebensmittel, Sch\u00f6nes und N\u00fctzliches aus dem Fairen Handel. Seit 2019 finden Sie uns an unserem aktuellen Standort in der R\u00f6merstra\u00dfe, direkt gegen\u00fcber vom Haus Catoir. Ein Besuch lohnt sich! Unterst\u00fctzen Sie uns bei der Arbeit im Laden und\/oder&hellip;<\/p>\n","protected":false},"author":1,"featured_media":602,"parent":0,"menu_order":0,"comment_status":"closed","ping_status":"closed","template":"","meta":{"footnotes":""},"class_list":["post-20","page","type-page","status-publish","has-post-thumbnail","hentry","description-off"],"yoast_head":"<!-- This site is optimized with the Yoast SEO plugin v26.8 - https:\/\/yoast.com\/product\/yoast-seo-wordpress\/ -->\n<title>- Weltladen Bad D\u00fcrkheim<\/title>\n<meta name=\"robots\" content=\"index, follow, max-snippet:-1, max-image-preview:large, max-video-preview:-1\" \/>\n<link rel=\"canonical\" href=\"https:\/\/weltlaeden.de\/bad-duerkheim\/\" \/>\n<meta property=\"og:locale\" content=\"de_DE\" \/>\n<meta property=\"og:type\" content=\"article\" \/>\n<meta property=\"og:title\" content=\"- Weltladen Bad D\u00fcrkheim\" \/>\n<meta property=\"og:description\" content=\"[vc_row][vc_column][vc_single_image image=&#8220;635&#8243; img_size=&#8220;full&#8220; alignment=&#8220;center&#8220;][\/vc_column][vc_column][\/vc_column][\/vc_row][vc_row][vc_column][vc_column_text] Willkommen im Weltladen Bad D\u00fcrkheim! [\/vc_column_text][vc_column_text]Wir bieten f\u00fcr Sie seit \u00fcber 40 Jahren Lebensmittel, Sch\u00f6nes und N\u00fctzliches aus dem Fairen Handel. Seit 2019 finden Sie uns an unserem aktuellen Standort in der R\u00f6merstra\u00dfe, direkt gegen\u00fcber vom Haus Catoir. Ein Besuch lohnt sich! Unterst\u00fctzen Sie uns bei der Arbeit im Laden und\/oder&hellip;\" \/>\n<meta property=\"og:url\" content=\"https:\/\/weltlaeden.de\/bad-duerkheim\/\" \/>\n<meta property=\"og:site_name\" content=\"Weltladen Bad D\u00fcrkheim\" \/>\n<meta property=\"article:modified_time\" content=\"2025-02-21T10:51:56+00:00\" \/>\n<meta property=\"og:image\" content=\"https:\/\/weltlaeden.de\/bad-duerkheim\/wp-content\/uploads\/sites\/210\/2024\/01\/WL-1.jpg\" \/>\n\t<meta property=\"og:image:width\" content=\"453\" \/>\n\t<meta property=\"og:image:height\" content=\"340\" \/>\n\t<meta property=\"og:image:type\" content=\"image\/jpeg\" \/>\n<meta name=\"twitter:card\" content=\"summary_large_image\" \/>\n<meta name=\"twitter:label1\" content=\"Gesch\u00e4tzte Lesezeit\" \/>\n\t<meta name=\"twitter:data1\" content=\"3\u00a0Minuten\" \/>\n<script type=\"application\/ld+json\" class=\"yoast-schema-graph\">{\"@context\":\"https:\/\/schema.org\",\"@graph\":[{\"@type\":\"WebPage\",\"@id\":\"https:\/\/weltlaeden.de\/bad-duerkheim\/\",\"url\":\"https:\/\/weltlaeden.de\/bad-duerkheim\/\",\"name\":\"- Weltladen Bad D\u00fcrkheim\",\"isPartOf\":{\"@id\":\"https:\/\/weltlaeden.de\/bad-duerkheim\/#website\"},\"primaryImageOfPage\":{\"@id\":\"https:\/\/weltlaeden.de\/bad-duerkheim\/#primaryimage\"},\"image\":{\"@id\":\"https:\/\/weltlaeden.de\/bad-duerkheim\/#primaryimage\"},\"thumbnailUrl\":\"https:\/\/weltlaeden.de\/bad-duerkheim\/wp-content\/uploads\/sites\/210\/2024\/01\/WL-1.jpg\",\"datePublished\":\"2016-10-14T07:05:21+00:00\",\"dateModified\":\"2025-02-21T10:51:56+00:00\",\"inLanguage\":\"de\",\"potentialAction\":[{\"@type\":\"ReadAction\",\"target\":[\"https:\/\/weltlaeden.de\/bad-duerkheim\/\"]}]},{\"@type\":\"ImageObject\",\"inLanguage\":\"de\",\"@id\":\"https:\/\/weltlaeden.de\/bad-duerkheim\/#primaryimage\",\"url\":\"https:\/\/weltlaeden.de\/bad-duerkheim\/wp-content\/uploads\/sites\/210\/2024\/01\/WL-1.jpg\",\"contentUrl\":\"https:\/\/weltlaeden.de\/bad-duerkheim\/wp-content\/uploads\/sites\/210\/2024\/01\/WL-1.jpg\",\"width\":453,\"height\":340},{\"@type\":\"WebSite\",\"@id\":\"https:\/\/weltlaeden.de\/bad-duerkheim\/#website\",\"url\":\"https:\/\/weltlaeden.de\/bad-duerkheim\/\",\"name\":\"Weltladen Bad D\u00fcrkheim\",\"description\":\"Faire Produkte seit 1983\",\"potentialAction\":[{\"@type\":\"SearchAction\",\"target\":{\"@type\":\"EntryPoint\",\"urlTemplate\":\"https:\/\/weltlaeden.de\/bad-duerkheim\/?s={search_term_string}\"},\"query-input\":{\"@type\":\"PropertyValueSpecification\",\"valueRequired\":true,\"valueName\":\"search_term_string\"}}],\"inLanguage\":\"de\"}]}<\/script>\n<!-- \/ Yoast SEO plugin. -->","yoast_head_json":{"title":"- Weltladen Bad D\u00fcrkheim","robots":{"index":"index","follow":"follow","max-snippet":"max-snippet:-1","max-image-preview":"max-image-preview:large","max-video-preview":"max-video-preview:-1"},"canonical":"https:\/\/weltlaeden.de\/bad-duerkheim\/","og_locale":"de_DE","og_type":"article","og_title":"- Weltladen Bad D\u00fcrkheim","og_description":"[vc_row][vc_column][vc_single_image image=&#8220;635&#8243; img_size=&#8220;full&#8220; alignment=&#8220;center&#8220;][\/vc_column][vc_column][\/vc_column][\/vc_row][vc_row][vc_column][vc_column_text] Willkommen im Weltladen Bad D\u00fcrkheim! [\/vc_column_text][vc_column_text]Wir bieten f\u00fcr Sie seit \u00fcber 40 Jahren Lebensmittel, Sch\u00f6nes und N\u00fctzliches aus dem Fairen Handel. Seit 2019 finden Sie uns an unserem aktuellen Standort in der R\u00f6merstra\u00dfe, direkt gegen\u00fcber vom Haus Catoir. Ein Besuch lohnt sich! Unterst\u00fctzen Sie uns bei der Arbeit im Laden und\/oder&hellip;","og_url":"https:\/\/weltlaeden.de\/bad-duerkheim\/","og_site_name":"Weltladen Bad D\u00fcrkheim","article_modified_time":"2025-02-21T10:51:56+00:00","og_image":[{"width":453,"height":340,"url":"https:\/\/weltlaeden.de\/bad-duerkheim\/wp-content\/uploads\/sites\/210\/2024\/01\/WL-1.jpg","type":"image\/jpeg"}],"twitter_card":"summary_large_image","twitter_misc":{"Gesch\u00e4tzte Lesezeit":"3\u00a0Minuten"},"schema":{"@context":"https:\/\/schema.org","@graph":[{"@type":"WebPage","@id":"https:\/\/weltlaeden.de\/bad-duerkheim\/","url":"https:\/\/weltlaeden.de\/bad-duerkheim\/","name":"- Weltladen Bad D\u00fcrkheim","isPartOf":{"@id":"https:\/\/weltlaeden.de\/bad-duerkheim\/#website"},"primaryImageOfPage":{"@id":"https:\/\/weltlaeden.de\/bad-duerkheim\/#primaryimage"},"image":{"@id":"https:\/\/weltlaeden.de\/bad-duerkheim\/#primaryimage"},"thumbnailUrl":"https:\/\/weltlaeden.de\/bad-duerkheim\/wp-content\/uploads\/sites\/210\/2024\/01\/WL-1.jpg","datePublished":"2016-10-14T07:05:21+00:00","dateModified":"2025-02-21T10:51:56+00:00","inLanguage":"de","potentialAction":[{"@type":"ReadAction","target":["https:\/\/weltlaeden.de\/bad-duerkheim\/"]}]},{"@type":"ImageObject","inLanguage":"de","@id":"https:\/\/weltlaeden.de\/bad-duerkheim\/#primaryimage","url":"https:\/\/weltlaeden.de\/bad-duerkheim\/wp-content\/uploads\/sites\/210\/2024\/01\/WL-1.jpg","contentUrl":"https:\/\/weltlaeden.de\/bad-duerkheim\/wp-content\/uploads\/sites\/210\/2024\/01\/WL-1.jpg","width":453,"height":340},{"@type":"WebSite","@id":"https:\/\/weltlaeden.de\/bad-duerkheim\/#website","url":"https:\/\/weltlaeden.de\/bad-duerkheim\/","name":"Weltladen Bad D\u00fcrkheim","description":"Faire Produkte seit 1983","potentialAction":[{"@type":"SearchAction","target":{"@type":"EntryPoint","urlTemplate":"https:\/\/weltlaeden.de\/bad-duerkheim\/?s={search_term_string}"},"query-input":{"@type":"PropertyValueSpecification","valueRequired":true,"valueName":"search_term_string"}}],"inLanguage":"de"}]}},"_links":{"self":[{"href":"https:\/\/weltlaeden.de\/bad-duerkheim\/wp-json\/wp\/v2\/pages\/20","targetHints":{"allow":["GET"]}}],"collection":[{"href":"https:\/\/weltlaeden.de\/bad-duerkheim\/wp-json\/wp\/v2\/pages"}],"about":[{"href":"https:\/\/weltlaeden.de\/bad-duerkheim\/wp-json\/wp\/v2\/types\/page"}],"author":[{"embeddable":true,"href":"https:\/\/weltlaeden.de\/bad-duerkheim\/wp-json\/wp\/v2\/users\/1"}],"replies":[{"embeddable":true,"href":"https:\/\/weltlaeden.de\/bad-duerkheim\/wp-json\/wp\/v2\/comments?post=20"}],"version-history":[{"count":49,"href":"https:\/\/weltlaeden.de\/bad-duerkheim\/wp-json\/wp\/v2\/pages\/20\/revisions"}],"predecessor-version":[{"id":686,"href":"https:\/\/weltlaeden.de\/bad-duerkheim\/wp-json\/wp\/v2\/pages\/20\/revisions\/686"}],"wp:featuredmedia":[{"embeddable":true,"href":"https:\/\/weltlaeden.de\/bad-duerkheim\/wp-json\/wp\/v2\/media\/602"}],"wp:attachment":[{"href":"https:\/\/weltlaeden.de\/bad-duerkheim\/wp-json\/wp\/v2\/media?parent=20"}],"curies":[{"name":"wp","href":"https:\/\/api.w.org\/{rel}","templated":true}]}}