{"id":219,"date":"2016-10-28T13:34:47","date_gmt":"2016-10-28T11:34:47","guid":{"rendered":"https:\/\/wl.heimpixel.de\/vorlage\/ueber-uns\/"},"modified":"2026-05-04T13:38:01","modified_gmt":"2026-05-04T11:38:01","slug":"ueber-uns","status":"publish","type":"page","link":"https:\/\/weltlaeden.de\/babenhausen\/ueber-uns\/","title":{"rendered":"\u00dcber uns"},"content":{"rendered":"<div class=\"wpb-content-wrapper\"><p>[vc_row][vc_column]<div class=\"wl_einzelbild\"><p><\/p>\n<p><img loading=\"lazy\" decoding=\"async\" class=\"alignnone wp-image-2018 size-full\" src=\"https:\/\/weltlaeden.de\/babenhausen\/wp-content\/uploads\/sites\/107\/2025\/08\/Aussenansicht-mit-Vorstand.png\" alt=\"\" width=\"787\" height=\"450\" srcset=\"https:\/\/weltlaeden.de\/babenhausen\/wp-content\/uploads\/sites\/107\/2025\/08\/Aussenansicht-mit-Vorstand.png 787w, https:\/\/weltlaeden.de\/babenhausen\/wp-content\/uploads\/sites\/107\/2025\/08\/Aussenansicht-mit-Vorstand-300x172.png 300w, https:\/\/weltlaeden.de\/babenhausen\/wp-content\/uploads\/sites\/107\/2025\/08\/Aussenansicht-mit-Vorstand-768x439.png 768w\" sizes=\"auto, (max-width: 787px) 100vw, 787px\" \/><\/p><\/div>[vc_empty_space][vc_column_text]<\/p>\n<h1>\u00dcber den Weltladen Babenhausen<\/h1>\n<p>[\/vc_column_text][vc_column_text css=&#8220;&#8220;]Unser Weltladen in Babenhausen wird getragen vom \u201eEine Welt Verein Babenhausen e.V.\u201c, den wir 1992 &#8211; damals noch unter dem Namen \u201eVerein zur F\u00f6rderung des Verst\u00e4ndnisses der Einen Welt e. V.\u201c &#8211; gegr\u00fcndet haben. Er ging aus dem \u201eArbeitskreis Brot f\u00fcr Welt\u201c der Evangelischen Kirchengemeinde Babenhausen hervor. Ziel unseres Vereins ist der Verkauf von fair gehandelten Produkten im Weltladen Babenhausen. Unser Verein hat zurzeit etwa 50 Mitglieder, 20 von Ihnen sind ehrenamtlich im Weltladen t\u00e4tig.<\/p>\n<p>Den Weltladen in Babenhausen gibt es seit November 1992: Als Untermieter des Naturkostladens Diehl wagten die Mitglieder des zu diesem Zweck gegr\u00fcndeten Vereins zur F\u00f6rderung des Verst\u00e4ndnisses der Einen Welt e.V. die Er\u00f6ffnung des Weltl\u00e4dchens in der Amtsgasse Babenhausen.<\/p>\n<p>Die Vereinsziele waren und sind sehr aktuell: Wir m\u00f6chten auf die Ursachen von Armut und Unterentwicklung in vielen Teilen der Welt aufmerksam machen und mit dem Fairen Handel dazu beitragen, diesem Ungleichgewicht entgegenzuwirken und die Entwicklung der benachteiligten Regionen zu f\u00f6rdern. \u00d6kologisch gepr\u00e4gte Beziehungen sollen weltweit aufgebaut werden. Der Verein dient der V\u00f6lkerverst\u00e4ndigung und dem gleichberechtigten fairen Austausch unter den einzelnen Regionen dieser Erde.<\/p>\n<p>Seit unserer Gr\u00fcndung wird ein von der bekannten Theologin Dorothee S\u00f6lle vermitteltes Gesundheitsprojekt in La Paz\/ Bolivien mit Spenden unterst\u00fctzt. Der Consejo Salud Rural Andino kurz CSRA, ist eine nichtstaatliche Organisation, die der armen l\u00e4ndlichen Andenbev\u00f6lkerung eine niedrigschwellige, aber effektive Gesundheitsf\u00fcrsorge gew\u00e4hrt.<br \/>\nIm Jahr 1996 reiste eine Gruppe aus Babenhausen erstmals nach Bolivien, um die verschiedenen Einrichtungen und T\u00e4tigkeitsfelder kennenzulernen und sich direkt vor Ort von der Arbeit der Organisation zu \u00fcberzeugen. Eine zweite Reise folgte einige Jahre sp\u00e4ter, und es wird bis heute ein enger Kontakt zu den Verantwortlichen in La Paz gepflegt.<\/p>\n<p>Wir unterst\u00fctzen in regel- und unregelm\u00e4\u00dfigen Abst\u00e4nden noch weitere Projekte: Tatort \u2013 Stra\u00dfen der Welt e.V., Verein Pro Benin e.V., BanaFair e.V., Home of Hope Uganda, Wings of Hope und Haukari e.V.<\/p>\n<p>Mit Aktionen und Bildungsangeboten versucht der Verein, das Bewusstsein f\u00fcr fairen Handel und gerechte Wirtschaftsbeziehungen zu sch\u00e4rfen.<\/p>\n<p>Zum 15-j\u00e4hrigen Bestehen etwa organisierte der Weltladen die Wanderausstellung \u201eHessen fair\u00e4ndert! Ein Portr\u00e4t des fairen Handels\u201c in der Stadtkirche. Unser Geburtstagsfest zum 25-j\u00e4hrigen Jubil\u00e4um im Jahr 2017 war thematisch dem fairen Handel von Gew\u00fcrzen gewidmet, dazu gab es ein k\u00f6stliches vegetarisches Buffet f\u00fcr einen gro\u00dfen Kreis von Freunden und G\u00e4sten.<br \/>\nDas 30-j\u00e4hrige Jubil\u00e4um haben wir im Jahr 2022 mit vielen Aktionen und Veranstaltungen in Babenhausen gefeiert.<br \/>\nIm Januar 2024 ist der Weltladen, nach mittlerweile drei Umz\u00fcgen in der Babenh\u00e4user Altstadt, nun an seinem vierten Standort in der Fahrstrasse 11, der &#8222;Bummelgass&#8220;, in sch\u00f6ne, gro\u00dfe und helle Ladenr\u00e4ume eingezogen.<br \/>\nSo konnten wir unser Angebot an fairen Produkten erweitern und k\u00f6nnen unsere vielf\u00e4ltigen Feinkost-Waren,\u00a0 sch\u00f6nen Schmuck- und Kunsthandwerksprodukte, sowie exklusiven Geschenke in vier gro\u00dfen Schaufenstern pr\u00e4sentieren.<\/p>\n<p>Und es gibt weiterhin viel zu tun.<br \/>\nDanke, dass Sie uns dabei begleiten, als unsere Kundinnen und Kunden, als unsere G\u00e4ste und Mitstreiterinnen und Mitstreiter![\/vc_column_text][\/vc_column][\/vc_row][vc_row][vc_column][vc_empty_space][vc_column_text]<\/p>\n<h1>Mitmachen im Weltladen Babenhausen<\/h1>\n<p>[\/vc_column_text][vc_column_text]Unser Weltladen lebt von den Menschen, die sich f\u00fcr seine Ziele einsetzen, als Kundinnen und Kunden und als Mitarbeiterinnen und Mitarbeiter. Jeder ist herzlich willkommen, mitzuwirken und mitzuarbeiten.<\/p>\n<p>Sie haben Interesse, dabei zu sein? Dann wenden Sie sich jederzeit gern an den Vorstand.<\/p>\n<p>Kontakt: Kornelia Kerber-Hock, Marga Jonas, Ulrike Blees, Gaby Reckenbeil<br \/>\nE-Mail: weltladen-babenhausen@t-online.de<\/p>\n<p>Eine Mitgliedschaft im Verein kostet nicht viel. Sie bestimmen den Beitrag selbst.<br \/>\n<a href=\"https:\/\/weltlaeden.de\/babenhausen\/wp-content\/uploads\/sites\/107\/2026\/05\/26_01_Verein_Beitrittserklaerung.pdf\">Beitrittserkl\u00e4rung<\/a>\u00a0 <a href=\"https:\/\/weltlaeden.de\/babenhausen\/wp-content\/uploads\/sites\/107\/2026\/05\/26_01_Verein_SEPA-Lastschrift.pdf\">SEPA-Lastschriftmandat<\/a><\/p>\n<p>Wir sagen herzlich willkommen und allen danke f\u00fcr die Unterst\u00fctzung![\/vc_column_text][\/vc_column][\/vc_row][vc_row][vc_column][vc_empty_space][vc_column_text css=&#8220;&#8220;]<\/p>\n<h1>Wie Sie spenden k\u00f6nnen!<\/h1>\n<p>[\/vc_column_text][vc_column_text css=&#8220;&#8220;]<strong>F\u00fcr den Verein:<\/strong><\/p>\n<p>Eine Welt Verein Babenhausen e.V.<br \/>\nFrankfurter Volksbank<br \/>\nIBAN DE62 5019 0000 0005 5900 94<\/p>\n<p><strong>F\u00fcr CSRA-Bolivien:<\/strong><\/p>\n<p>Eine Welt Verein Babenhausen e.V<strong>.<br \/>\n<\/strong>Stichwort:<strong> Bolivienhilfe<br \/>\n<\/strong>Sparkasse Dieburg<br \/>\nIBAN DE97 5085 2651 0060 0552 33[\/vc_column_text][\/vc_column][\/vc_row]<\/p>\n<\/div>","protected":false},"excerpt":{"rendered":"<p>[vc_row][vc_column][vc_empty_space][vc_column_text] \u00dcber den Weltladen Babenhausen [\/vc_column_text][vc_column_text css=&#8220;&#8220;]Unser Weltladen in Babenhausen wird getragen vom \u201eEine Welt Verein Babenhausen e.V.\u201c, den wir 1992 &#8211; damals noch unter dem Namen \u201eVerein zur F\u00f6rderung des Verst\u00e4ndnisses der Einen Welt e. V.\u201c &#8211; gegr\u00fcndet haben. Er ging aus dem \u201eArbeitskreis Brot f\u00fcr Welt\u201c der Evangelischen Kirchengemeinde Babenhausen hervor. Ziel unseres&hellip;<\/p>\n","protected":false},"author":1,"featured_media":0,"parent":0,"menu_order":7,"comment_status":"closed","ping_status":"closed","template":"","meta":{"footnotes":""},"class_list":["post-219","page","type-page","status-publish","hentry","description-off"],"yoast_head":"<!-- This site is optimized with the Yoast SEO plugin v26.8 - https:\/\/yoast.com\/product\/yoast-seo-wordpress\/ -->\n<title>\u00dcber uns - Weltladen Babenhausen<\/title>\n<meta name=\"robots\" content=\"index, follow, max-snippet:-1, max-image-preview:large, max-video-preview:-1\" \/>\n<link rel=\"canonical\" href=\"https:\/\/weltlaeden.de\/babenhausen\/ueber-uns\/\" \/>\n<meta property=\"og:locale\" content=\"de_DE\" \/>\n<meta property=\"og:type\" content=\"article\" \/>\n<meta property=\"og:title\" content=\"\u00dcber uns - Weltladen Babenhausen\" \/>\n<meta property=\"og:description\" content=\"[vc_row][vc_column][vc_empty_space][vc_column_text] \u00dcber den Weltladen Babenhausen [\/vc_column_text][vc_column_text css=&#8220;&#8220;]Unser Weltladen in Babenhausen wird getragen vom \u201eEine Welt Verein Babenhausen e.V.\u201c, den wir 1992 &#8211; damals noch unter dem Namen \u201eVerein zur F\u00f6rderung des Verst\u00e4ndnisses der Einen Welt e. V.\u201c &#8211; gegr\u00fcndet haben. Er ging aus dem \u201eArbeitskreis Brot f\u00fcr Welt\u201c der Evangelischen Kirchengemeinde Babenhausen hervor. Ziel unseres&hellip;\" \/>\n<meta property=\"og:url\" content=\"https:\/\/weltlaeden.de\/babenhausen\/ueber-uns\/\" \/>\n<meta property=\"og:site_name\" content=\"Weltladen Babenhausen\" \/>\n<meta property=\"article:modified_time\" content=\"2026-05-04T11:38:01+00:00\" \/>\n<meta property=\"og:image\" content=\"https:\/\/weltlaeden.de\/babenhausen\/wp-content\/uploads\/sites\/107\/2025\/08\/Aussenansicht-mit-Vorstand.png\" \/>\n\t<meta property=\"og:image:width\" content=\"787\" \/>\n\t<meta property=\"og:image:height\" content=\"450\" \/>\n\t<meta property=\"og:image:type\" content=\"image\/png\" \/>\n<meta name=\"twitter:card\" content=\"summary_large_image\" \/>\n<meta name=\"twitter:label1\" content=\"Gesch\u00e4tzte Lesezeit\" \/>\n\t<meta name=\"twitter:data1\" content=\"4\u00a0Minuten\" \/>\n<script type=\"application\/ld+json\" class=\"yoast-schema-graph\">{\"@context\":\"https:\/\/schema.org\",\"@graph\":[{\"@type\":\"WebPage\",\"@id\":\"https:\/\/weltlaeden.de\/babenhausen\/ueber-uns\/\",\"url\":\"https:\/\/weltlaeden.de\/babenhausen\/ueber-uns\/\",\"name\":\"\u00dcber uns - Weltladen Babenhausen\",\"isPartOf\":{\"@id\":\"https:\/\/weltlaeden.de\/babenhausen\/#website\"},\"primaryImageOfPage\":{\"@id\":\"https:\/\/weltlaeden.de\/babenhausen\/ueber-uns\/#primaryimage\"},\"image\":{\"@id\":\"https:\/\/weltlaeden.de\/babenhausen\/ueber-uns\/#primaryimage\"},\"thumbnailUrl\":\"https:\/\/weltlaeden.de\/babenhausen\/wp-content\/uploads\/sites\/107\/2025\/08\/Aussenansicht-mit-Vorstand.png\",\"datePublished\":\"2016-10-28T11:34:47+00:00\",\"dateModified\":\"2026-05-04T11:38:01+00:00\",\"breadcrumb\":{\"@id\":\"https:\/\/weltlaeden.de\/babenhausen\/ueber-uns\/#breadcrumb\"},\"inLanguage\":\"de\",\"potentialAction\":[{\"@type\":\"ReadAction\",\"target\":[\"https:\/\/weltlaeden.de\/babenhausen\/ueber-uns\/\"]}]},{\"@type\":\"ImageObject\",\"inLanguage\":\"de\",\"@id\":\"https:\/\/weltlaeden.de\/babenhausen\/ueber-uns\/#primaryimage\",\"url\":\"https:\/\/weltlaeden.de\/babenhausen\/wp-content\/uploads\/sites\/107\/2025\/08\/Aussenansicht-mit-Vorstand.png\",\"contentUrl\":\"https:\/\/weltlaeden.de\/babenhausen\/wp-content\/uploads\/sites\/107\/2025\/08\/Aussenansicht-mit-Vorstand.png\",\"width\":787,\"height\":450},{\"@type\":\"BreadcrumbList\",\"@id\":\"https:\/\/weltlaeden.de\/babenhausen\/ueber-uns\/#breadcrumb\",\"itemListElement\":[{\"@type\":\"ListItem\",\"position\":1,\"name\":\"Startseite\",\"item\":\"https:\/\/weltlaeden.de\/babenhausen\/\"},{\"@type\":\"ListItem\",\"position\":2,\"name\":\"\u00dcber uns\"}]},{\"@type\":\"WebSite\",\"@id\":\"https:\/\/weltlaeden.de\/babenhausen\/#website\",\"url\":\"https:\/\/weltlaeden.de\/babenhausen\/\",\"name\":\"Weltladen Babenhausen\",\"description\":\"Faire Produkte seit 1990\",\"potentialAction\":[{\"@type\":\"SearchAction\",\"target\":{\"@type\":\"EntryPoint\",\"urlTemplate\":\"https:\/\/weltlaeden.de\/babenhausen\/?s={search_term_string}\"},\"query-input\":{\"@type\":\"PropertyValueSpecification\",\"valueRequired\":true,\"valueName\":\"search_term_string\"}}],\"inLanguage\":\"de\"}]}<\/script>\n<!-- \/ Yoast SEO plugin. -->","yoast_head_json":{"title":"\u00dcber uns - Weltladen Babenhausen","robots":{"index":"index","follow":"follow","max-snippet":"max-snippet:-1","max-image-preview":"max-image-preview:large","max-video-preview":"max-video-preview:-1"},"canonical":"https:\/\/weltlaeden.de\/babenhausen\/ueber-uns\/","og_locale":"de_DE","og_type":"article","og_title":"\u00dcber uns - Weltladen Babenhausen","og_description":"[vc_row][vc_column][vc_empty_space][vc_column_text] \u00dcber den Weltladen Babenhausen [\/vc_column_text][vc_column_text css=&#8220;&#8220;]Unser Weltladen in Babenhausen wird getragen vom \u201eEine Welt Verein Babenhausen e.V.\u201c, den wir 1992 &#8211; damals noch unter dem Namen \u201eVerein zur F\u00f6rderung des Verst\u00e4ndnisses der Einen Welt e. V.\u201c &#8211; gegr\u00fcndet haben. Er ging aus dem \u201eArbeitskreis Brot f\u00fcr Welt\u201c der Evangelischen Kirchengemeinde Babenhausen hervor. Ziel unseres&hellip;","og_url":"https:\/\/weltlaeden.de\/babenhausen\/ueber-uns\/","og_site_name":"Weltladen Babenhausen","article_modified_time":"2026-05-04T11:38:01+00:00","og_image":[{"width":787,"height":450,"url":"https:\/\/weltlaeden.de\/babenhausen\/wp-content\/uploads\/sites\/107\/2025\/08\/Aussenansicht-mit-Vorstand.png","type":"image\/png"}],"twitter_card":"summary_large_image","twitter_misc":{"Gesch\u00e4tzte Lesezeit":"4\u00a0Minuten"},"schema":{"@context":"https:\/\/schema.org","@graph":[{"@type":"WebPage","@id":"https:\/\/weltlaeden.de\/babenhausen\/ueber-uns\/","url":"https:\/\/weltlaeden.de\/babenhausen\/ueber-uns\/","name":"\u00dcber uns - Weltladen Babenhausen","isPartOf":{"@id":"https:\/\/weltlaeden.de\/babenhausen\/#website"},"primaryImageOfPage":{"@id":"https:\/\/weltlaeden.de\/babenhausen\/ueber-uns\/#primaryimage"},"image":{"@id":"https:\/\/weltlaeden.de\/babenhausen\/ueber-uns\/#primaryimage"},"thumbnailUrl":"https:\/\/weltlaeden.de\/babenhausen\/wp-content\/uploads\/sites\/107\/2025\/08\/Aussenansicht-mit-Vorstand.png","datePublished":"2016-10-28T11:34:47+00:00","dateModified":"2026-05-04T11:38:01+00:00","breadcrumb":{"@id":"https:\/\/weltlaeden.de\/babenhausen\/ueber-uns\/#breadcrumb"},"inLanguage":"de","potentialAction":[{"@type":"ReadAction","target":["https:\/\/weltlaeden.de\/babenhausen\/ueber-uns\/"]}]},{"@type":"ImageObject","inLanguage":"de","@id":"https:\/\/weltlaeden.de\/babenhausen\/ueber-uns\/#primaryimage","url":"https:\/\/weltlaeden.de\/babenhausen\/wp-content\/uploads\/sites\/107\/2025\/08\/Aussenansicht-mit-Vorstand.png","contentUrl":"https:\/\/weltlaeden.de\/babenhausen\/wp-content\/uploads\/sites\/107\/2025\/08\/Aussenansicht-mit-Vorstand.png","width":787,"height":450},{"@type":"BreadcrumbList","@id":"https:\/\/weltlaeden.de\/babenhausen\/ueber-uns\/#breadcrumb","itemListElement":[{"@type":"ListItem","position":1,"name":"Startseite","item":"https:\/\/weltlaeden.de\/babenhausen\/"},{"@type":"ListItem","position":2,"name":"\u00dcber uns"}]},{"@type":"WebSite","@id":"https:\/\/weltlaeden.de\/babenhausen\/#website","url":"https:\/\/weltlaeden.de\/babenhausen\/","name":"Weltladen Babenhausen","description":"Faire Produkte seit 1990","potentialAction":[{"@type":"SearchAction","target":{"@type":"EntryPoint","urlTemplate":"https:\/\/weltlaeden.de\/babenhausen\/?s={search_term_string}"},"query-input":{"@type":"PropertyValueSpecification","valueRequired":true,"valueName":"search_term_string"}}],"inLanguage":"de"}]}},"_links":{"self":[{"href":"https:\/\/weltlaeden.de\/babenhausen\/wp-json\/wp\/v2\/pages\/219","targetHints":{"allow":["GET"]}}],"collection":[{"href":"https:\/\/weltlaeden.de\/babenhausen\/wp-json\/wp\/v2\/pages"}],"about":[{"href":"https:\/\/weltlaeden.de\/babenhausen\/wp-json\/wp\/v2\/types\/page"}],"author":[{"embeddable":true,"href":"https:\/\/weltlaeden.de\/babenhausen\/wp-json\/wp\/v2\/users\/1"}],"replies":[{"embeddable":true,"href":"https:\/\/weltlaeden.de\/babenhausen\/wp-json\/wp\/v2\/comments?post=219"}],"version-history":[{"count":41,"href":"https:\/\/weltlaeden.de\/babenhausen\/wp-json\/wp\/v2\/pages\/219\/revisions"}],"predecessor-version":[{"id":2208,"href":"https:\/\/weltlaeden.de\/babenhausen\/wp-json\/wp\/v2\/pages\/219\/revisions\/2208"}],"wp:attachment":[{"href":"https:\/\/weltlaeden.de\/babenhausen\/wp-json\/wp\/v2\/media?parent=219"}],"curies":[{"name":"wp","href":"https:\/\/api.w.org\/{rel}","templated":true}]}}