{"id":689,"date":"2020-03-20T15:11:06","date_gmt":"2020-03-20T14:11:41","guid":{"rendered":"https:\/\/weltlaeden.de\/attendorn\/?page_id=689"},"modified":"2020-04-14T12:49:30","modified_gmt":"2020-04-14T10:49:30","slug":"corona-und-der-weltladen","status":"publish","type":"page","link":"https:\/\/weltlaeden.de\/attendorn\/corona-und-der-weltladen\/","title":{"rendered":"Was tun als Weltladen in Corona-Zeiten?"},"content":{"rendered":"<p>Liebe Kundinnen und Kunden,<\/p>\n<p>in der aktuellen Ausnahmesituation liegt uns vor allem die Gesundheit und Sicherheit unserer Mitarbeiterinnen und Mitarbeiter und unserer Kundinnen und Kunden am Herzen.<\/p>\n<p>Daher ist der Weltladen bis auf weiteres geschlossen. Wir versichern aber, dass wir weiterhin f\u00fcr euch da sind.<\/p>\n<p>Wir setzten alles daran, auch weiterhin einen zuverl\u00e4ssigen Service zu bieten. So k\u00f6nnen weiterhin Bestellungen \u00fcber das Weltladen-Telefon (02722\/6322260) aufgegeben werden. Neben dem bekannten Sortiment stellen wir Ihnen gerne Geschenkartikel und sch\u00f6n fair-packete Geschenke zusammen. Eine Rufumleitung ist eingerichtet. Lieferm\u00f6glichkeiten werden unter allen Abw\u00e4gung aller gesundheitlichen Aspekte und der gesetzlichen Vorgaben dann besprochen. Sie bezahlen einfach per Rechnung.<\/p>\n<p>\u00dcber www.facebook.com\/weltladenattendorn findet ihr unser aktuelles Angebot \u2013 auch ohne selbst bei dort angemeldet zu sein.<\/p>\n<p>Passt gut auf euch auf und bleibt, damit wir euch bald wieder im Weltladen begr\u00fc\u00dfen k\u00f6nnen.<\/p>\n<p>Euer WELTLADEN-Team<\/p>\n","protected":false},"excerpt":{"rendered":"<p>Liebe Kundinnen und Kunden, in der aktuellen Ausnahmesituation liegt uns vor allem die Gesundheit und Sicherheit unserer Mitarbeiterinnen und Mitarbeiter und unserer Kundinnen und Kunden am Herzen. Daher ist der Weltladen bis auf weiteres geschlossen. Wir versichern aber, dass wir weiterhin f\u00fcr euch da sind. Wir setzten alles daran, auch weiterhin einen zuverl\u00e4ssigen Service zu&hellip;<\/p>\n","protected":false},"author":154,"featured_media":0,"parent":0,"menu_order":6,"comment_status":"closed","ping_status":"closed","template":"","meta":{"footnotes":""},"class_list":["post-689","page","type-page","status-publish","hentry","description-off"],"yoast_head":"<!-- This site is optimized with the Yoast SEO plugin v26.8 - https:\/\/yoast.com\/product\/yoast-seo-wordpress\/ -->\n<title>Was tun als Weltladen in Corona-Zeiten? - Weltgruppe Attendorn<\/title>\n<meta name=\"robots\" content=\"index, follow, max-snippet:-1, max-image-preview:large, max-video-preview:-1\" \/>\n<link rel=\"canonical\" href=\"https:\/\/weltlaeden.de\/attendorn\/corona-und-der-weltladen\/\" \/>\n<meta property=\"og:locale\" content=\"de_DE\" \/>\n<meta property=\"og:type\" content=\"article\" \/>\n<meta property=\"og:title\" content=\"Was tun als Weltladen in Corona-Zeiten? - Weltgruppe Attendorn\" \/>\n<meta property=\"og:description\" content=\"Liebe Kundinnen und Kunden, in der aktuellen Ausnahmesituation liegt uns vor allem die Gesundheit und Sicherheit unserer Mitarbeiterinnen und Mitarbeiter und unserer Kundinnen und Kunden am Herzen. Daher ist der Weltladen bis auf weiteres geschlossen. Wir versichern aber, dass wir weiterhin f\u00fcr euch da sind. Wir setzten alles daran, auch weiterhin einen zuverl\u00e4ssigen Service zu&hellip;\" \/>\n<meta property=\"og:url\" content=\"https:\/\/weltlaeden.de\/attendorn\/corona-und-der-weltladen\/\" \/>\n<meta property=\"og:site_name\" content=\"Weltgruppe Attendorn\" \/>\n<meta property=\"article:modified_time\" content=\"2020-04-14T10:49:30+00:00\" \/>\n<meta name=\"twitter:card\" content=\"summary_large_image\" \/>\n<meta name=\"twitter:label1\" content=\"Gesch\u00e4tzte Lesezeit\" \/>\n\t<meta name=\"twitter:data1\" content=\"1\u00a0Minute\" \/>\n<script type=\"application\/ld+json\" class=\"yoast-schema-graph\">{\"@context\":\"https:\/\/schema.org\",\"@graph\":[{\"@type\":\"WebPage\",\"@id\":\"https:\/\/weltlaeden.de\/attendorn\/corona-und-der-weltladen\/\",\"url\":\"https:\/\/weltlaeden.de\/attendorn\/corona-und-der-weltladen\/\",\"name\":\"Was tun als Weltladen in Corona-Zeiten? - Weltgruppe Attendorn\",\"isPartOf\":{\"@id\":\"https:\/\/weltlaeden.de\/attendorn\/#website\"},\"datePublished\":\"2020-03-20T14:11:41+00:00\",\"dateModified\":\"2020-04-14T10:49:30+00:00\",\"breadcrumb\":{\"@id\":\"https:\/\/weltlaeden.de\/attendorn\/corona-und-der-weltladen\/#breadcrumb\"},\"inLanguage\":\"de\",\"potentialAction\":[{\"@type\":\"ReadAction\",\"target\":[\"https:\/\/weltlaeden.de\/attendorn\/corona-und-der-weltladen\/\"]}]},{\"@type\":\"BreadcrumbList\",\"@id\":\"https:\/\/weltlaeden.de\/attendorn\/corona-und-der-weltladen\/#breadcrumb\",\"itemListElement\":[{\"@type\":\"ListItem\",\"position\":1,\"name\":\"Startseite\",\"item\":\"https:\/\/weltlaeden.de\/attendorn\/\"},{\"@type\":\"ListItem\",\"position\":2,\"name\":\"Was tun als Weltladen in Corona-Zeiten?\"}]},{\"@type\":\"WebSite\",\"@id\":\"https:\/\/weltlaeden.de\/attendorn\/#website\",\"url\":\"https:\/\/weltlaeden.de\/attendorn\/\",\"name\":\"Weltgruppe Attendorn\",\"description\":\"Faire Produkte seit 1984\",\"potentialAction\":[{\"@type\":\"SearchAction\",\"target\":{\"@type\":\"EntryPoint\",\"urlTemplate\":\"https:\/\/weltlaeden.de\/attendorn\/?s={search_term_string}\"},\"query-input\":{\"@type\":\"PropertyValueSpecification\",\"valueRequired\":true,\"valueName\":\"search_term_string\"}}],\"inLanguage\":\"de\"}]}<\/script>\n<!-- \/ Yoast SEO plugin. -->","yoast_head_json":{"title":"Was tun als Weltladen in Corona-Zeiten? - Weltgruppe Attendorn","robots":{"index":"index","follow":"follow","max-snippet":"max-snippet:-1","max-image-preview":"max-image-preview:large","max-video-preview":"max-video-preview:-1"},"canonical":"https:\/\/weltlaeden.de\/attendorn\/corona-und-der-weltladen\/","og_locale":"de_DE","og_type":"article","og_title":"Was tun als Weltladen in Corona-Zeiten? - Weltgruppe Attendorn","og_description":"Liebe Kundinnen und Kunden, in der aktuellen Ausnahmesituation liegt uns vor allem die Gesundheit und Sicherheit unserer Mitarbeiterinnen und Mitarbeiter und unserer Kundinnen und Kunden am Herzen. Daher ist der Weltladen bis auf weiteres geschlossen. Wir versichern aber, dass wir weiterhin f\u00fcr euch da sind. Wir setzten alles daran, auch weiterhin einen zuverl\u00e4ssigen Service zu&hellip;","og_url":"https:\/\/weltlaeden.de\/attendorn\/corona-und-der-weltladen\/","og_site_name":"Weltgruppe Attendorn","article_modified_time":"2020-04-14T10:49:30+00:00","twitter_card":"summary_large_image","twitter_misc":{"Gesch\u00e4tzte Lesezeit":"1\u00a0Minute"},"schema":{"@context":"https:\/\/schema.org","@graph":[{"@type":"WebPage","@id":"https:\/\/weltlaeden.de\/attendorn\/corona-und-der-weltladen\/","url":"https:\/\/weltlaeden.de\/attendorn\/corona-und-der-weltladen\/","name":"Was tun als Weltladen in Corona-Zeiten? - Weltgruppe Attendorn","isPartOf":{"@id":"https:\/\/weltlaeden.de\/attendorn\/#website"},"datePublished":"2020-03-20T14:11:41+00:00","dateModified":"2020-04-14T10:49:30+00:00","breadcrumb":{"@id":"https:\/\/weltlaeden.de\/attendorn\/corona-und-der-weltladen\/#breadcrumb"},"inLanguage":"de","potentialAction":[{"@type":"ReadAction","target":["https:\/\/weltlaeden.de\/attendorn\/corona-und-der-weltladen\/"]}]},{"@type":"BreadcrumbList","@id":"https:\/\/weltlaeden.de\/attendorn\/corona-und-der-weltladen\/#breadcrumb","itemListElement":[{"@type":"ListItem","position":1,"name":"Startseite","item":"https:\/\/weltlaeden.de\/attendorn\/"},{"@type":"ListItem","position":2,"name":"Was tun als Weltladen in Corona-Zeiten?"}]},{"@type":"WebSite","@id":"https:\/\/weltlaeden.de\/attendorn\/#website","url":"https:\/\/weltlaeden.de\/attendorn\/","name":"Weltgruppe Attendorn","description":"Faire Produkte seit 1984","potentialAction":[{"@type":"SearchAction","target":{"@type":"EntryPoint","urlTemplate":"https:\/\/weltlaeden.de\/attendorn\/?s={search_term_string}"},"query-input":{"@type":"PropertyValueSpecification","valueRequired":true,"valueName":"search_term_string"}}],"inLanguage":"de"}]}},"_links":{"self":[{"href":"https:\/\/weltlaeden.de\/attendorn\/wp-json\/wp\/v2\/pages\/689","targetHints":{"allow":["GET"]}}],"collection":[{"href":"https:\/\/weltlaeden.de\/attendorn\/wp-json\/wp\/v2\/pages"}],"about":[{"href":"https:\/\/weltlaeden.de\/attendorn\/wp-json\/wp\/v2\/types\/page"}],"author":[{"embeddable":true,"href":"https:\/\/weltlaeden.de\/attendorn\/wp-json\/wp\/v2\/users\/154"}],"replies":[{"embeddable":true,"href":"https:\/\/weltlaeden.de\/attendorn\/wp-json\/wp\/v2\/comments?post=689"}],"version-history":[{"count":4,"href":"https:\/\/weltlaeden.de\/attendorn\/wp-json\/wp\/v2\/pages\/689\/revisions"}],"predecessor-version":[{"id":1089,"href":"https:\/\/weltlaeden.de\/attendorn\/wp-json\/wp\/v2\/pages\/689\/revisions\/1089"}],"wp:attachment":[{"href":"https:\/\/weltlaeden.de\/attendorn\/wp-json\/wp\/v2\/media?parent=689"}],"curies":[{"name":"wp","href":"https:\/\/api.w.org\/{rel}","templated":true}]}}