{"id":20,"date":"2016-10-14T09:05:21","date_gmt":"2016-10-14T07:05:21","guid":{"rendered":"https:\/\/wl.heimpixel.de\/vorlage\/weltladen-musterdorf\/"},"modified":"2025-09-02T13:35:50","modified_gmt":"2025-09-02T11:35:50","slug":"weltladen-musterdorf","status":"publish","type":"page","link":"https:\/\/weltlaeden.de\/attendorn\/","title":{"rendered":"WELTLADEN Attendorn"},"content":{"rendered":"<div class=\"wpb-content-wrapper\"><p>[vc_row][vc_column][vc_masonry_media_grid gap=&#8220;2&#8243; item=&#8220;masonryGrid_BlurOut&#8220; css=&#8220;&#8220; initial_loading_animation=&#8220;fadeIn&#8220; grid_id=&#8220;vc_gid:1756812917987-16792d81-fc61-10&#8243; include=&#8220;1861,1858,1856&#8243;][vc_empty_space height=&#8220;15px&#8220;][\/vc_column][\/vc_row][vc_row][vc_column][vc_column_text css=&#8220;&#8220;]<\/p>\n<h1><strong>\ud83c\udf0d<\/strong><strong> Willkommen im Weltladen Attendorn \u2013 Fair. Echt. Anders.<\/strong><\/h1>\n<p>[\/vc_column_text][vc_column_text css=&#8220;&#8220;]Du willst mit deinem Einkauf etwas bewegen? Dann bist du bei uns genau richtig! Im Weltladen findest du Produkte aus aller Welt \u2013 und alle haben eins gemeinsam: Sie wurden fair gehandelt. Mit jedem Kauf unterst\u00fctzt du Menschen in L\u00e4ndern des Globalen S\u00fcdens und hilfst dabei, eine nachhaltige Zukunft zu gestalten.<\/p>\n<p><strong>Fair einkaufen \u2013 weltweit etwas bewegen<\/strong><\/p>\n<p>Im Weltladen Attendorn findest du Produkte mit Haltung: fair gehandelt, nachhaltig produziert und voller Geschichten. Mit jedem Kauf unterst\u00fctzt du Menschen weltweit und setzt ein Zeichen f\u00fcr Gerechtigkeit.<\/p>\n<p>Entdecke Vielfalt, Sinn und Stil \u2013 fair war noch nie so cool. \ud83d\udc9a<\/p>\n<p><strong>\u270a<\/strong><strong> Seit den 80ern f<\/strong><strong>\u00fc<\/strong><strong>r mehr Gerechtigkeit<\/strong><\/p>\n<p>Schon seit den fr\u00fchen 1980er Jahren setzen wir uns mit Herzblut f\u00fcr einen gerechteren Welthandel ein. Der Weltladen ist kein gew\u00f6hnlicher Laden \u2013 wir sind Teil einer Bewegung, die zeigt, dass Konsum auch fair und verantwortungsvoll sein kann.<\/p>\n<p><strong>\ud83c\udf10<\/strong><strong> Komm mit auf Weltreise!<\/strong><\/p>\n<p>Ob Schokolade aus Ghana, Schmuck aus Indien oder Kaffee aus Peru \u2013 bei uns beginnt deine Reise rund um den Globus. Hinter jedem Produkt stehen echte Menschen: Produzent*innen, Familien und ganze Gemeinschaften, die durch den Fairen Handel gest\u00e4rkt werden. Gerade in Krisenzeiten z\u00e4hlt jede Unterst\u00fctzung.<\/p>\n<p><strong>\ud83d\udce6<\/strong><strong> So kannst du bestellen<\/strong><\/p>\n<p>Du suchst ein besonderes Geschenk f\u00fcr Geburtstag, Weihnachtsfeier, Wichtelrunde, Mutter- oder Vatertag \u2013 oder einfach f\u00fcr einen lieben Menschen? Dann meld dich bei uns! W\u00e4hrend der \u00d6ffnungszeiten kannst du ganz unkompliziert bestellen: \ud83d\udcde <strong>Telefon:<\/strong> 02722 \/ 6322260 oder einfach per \ud83d\udce7 <strong>E-Mail:<\/strong> info@weltladen-attendorn.de<\/p>\n<p>Neben unserem festen Sortiment stellen wir dir gerne saisonale Highlights und liebevoll fair-verpackte Geschenkideen zusammen \u2013 f\u00fcr jeden Anlass und mit gutem Gewissen.[\/vc_column_text][vc_empty_space height=&#8220;30px&#8220;][\/vc_column][\/vc_row][vc_row][vc_column][vc_empty_space][vc_column_text css=&#8220;&#8220;]<\/p>\n<h1 style=\"text-align: left\"><strong>Stadtfest Attendorn 2025 &#8211; Wir sind mit dabei!<\/strong><\/h1>\n<p>[\/vc_column_text][vc_column_text css=&#8220;&#8220;]<\/p>\n<p data-start=\"103\" data-end=\"385\">Wir freuen uns, euch mitteilen zu k\u00f6nnen: Der <strong data-start=\"149\" data-end=\"172\">Weltladen Attendorn<\/strong> ist beim diesj\u00e4hrigen <strong data-start=\"195\" data-end=\"218\">Stadtfest Attendorn<\/strong> mit dabei! \u2728 Entdeckt bei uns faire Produkte aus aller Welt \u2013 von aromatischen Gew\u00fcrzen und feinen K\u00f6stlichkeiten bis hin zu sch\u00f6ner Deko und fair gehandelter Mode.<\/p>\n<p data-start=\"387\" data-end=\"612\">Besonders praktisch: Unser Laden in der <strong data-start=\"427\" data-end=\"449\">Ennester Stra\u00dfe 13<\/strong> hat auch am <strong data-start=\"462\" data-end=\"491\">Sonntag f\u00fcr euch ge\u00f6ffnet<\/strong>! Nutzt die Gelegenheit, gem\u00fctlich durch unser Sortiment zu st\u00f6bern und die Vielfalt fairer Produkte kennenzulernen. \ud83c\udf3f<\/p>\n<p data-start=\"614\" data-end=\"708\">Kommt vorbei, genie\u00dft das Stadtfest und bringt ein St\u00fcck globale Fairness mit nach Hause! \ud83d\udc9b<\/p>\n<p>[\/vc_column_text][vc_empty_space][vc_column_text]<\/p>\n<h1 style=\"text-align: left\">Unser Beitrag zum Umweltschutz<\/h1>\n<p>[\/vc_column_text][vc_separator color=&#8220;orange&#8220;][vc_masonry_media_grid element_width=&#8220;6&#8243; gap=&#8220;10&#8243; item=&#8220;masonryGrid_BlurOut&#8220; grid_id=&#8220;vc_gid:1756812917988-e5a8cc7d-e461-8&#8243; include=&#8220;1680,1644&#8243;][\/vc_column][\/vc_row][vc_row][vc_column][vc_column_text]<\/p>\n<h1 style=\"text-align: center\"><strong>Euer Weltladen-Team<\/strong><\/h1>\n<p>[\/vc_column_text][\/vc_column][\/vc_row]<\/p>\n<\/div>","protected":false},"excerpt":{"rendered":"<p>[vc_row][vc_column][vc_masonry_media_grid gap=&#8220;2&#8243; item=&#8220;masonryGrid_BlurOut&#8220; css=&#8220;&#8220; initial_loading_animation=&#8220;fadeIn&#8220; grid_id=&#8220;vc_gid:1756812917987-16792d81-fc61-10&#8243; include=&#8220;1861,1858,1856&#8243;][vc_empty_space height=&#8220;15px&#8220;][\/vc_column][\/vc_row][vc_row][vc_column][vc_column_text css=&#8220;&#8220;] \ud83c\udf0d Willkommen im Weltladen Attendorn \u2013 Fair. Echt. Anders. [\/vc_column_text][vc_column_text css=&#8220;&#8220;]Du willst mit deinem Einkauf etwas bewegen? Dann bist du bei uns genau richtig! Im Weltladen findest du Produkte aus aller Welt \u2013 und alle haben eins gemeinsam: Sie wurden fair gehandelt. Mit jedem Kauf unterst\u00fctzt&hellip;<\/p>\n","protected":false},"author":1,"featured_media":0,"parent":0,"menu_order":0,"comment_status":"closed","ping_status":"closed","template":"","meta":{"footnotes":""},"class_list":["post-20","page","type-page","status-publish","hentry","description-off"],"yoast_head":"<!-- This site is optimized with the Yoast SEO plugin v26.8 - https:\/\/yoast.com\/product\/yoast-seo-wordpress\/ -->\n<title>WELTLADEN Attendorn - Weltgruppe Attendorn<\/title>\n<meta name=\"robots\" content=\"index, follow, max-snippet:-1, max-image-preview:large, max-video-preview:-1\" \/>\n<link rel=\"canonical\" href=\"https:\/\/weltlaeden.de\/attendorn\/\" \/>\n<meta property=\"og:locale\" content=\"de_DE\" \/>\n<meta property=\"og:type\" content=\"article\" \/>\n<meta property=\"og:title\" content=\"WELTLADEN Attendorn - Weltgruppe Attendorn\" \/>\n<meta property=\"og:description\" content=\"[vc_row][vc_column][vc_masonry_media_grid gap=&#8220;2&#8243; item=&#8220;masonryGrid_BlurOut&#8220; css=&#8220;&#8220; initial_loading_animation=&#8220;fadeIn&#8220; grid_id=&#8220;vc_gid:1756812917987-16792d81-fc61-10&#8243; include=&#8220;1861,1858,1856&#8243;][vc_empty_space height=&#8220;15px&#8220;][\/vc_column][\/vc_row][vc_row][vc_column][vc_column_text css=&#8220;&#8220;] \ud83c\udf0d Willkommen im Weltladen Attendorn \u2013 Fair. Echt. Anders. [\/vc_column_text][vc_column_text css=&#8220;&#8220;]Du willst mit deinem Einkauf etwas bewegen? Dann bist du bei uns genau richtig! Im Weltladen findest du Produkte aus aller Welt \u2013 und alle haben eins gemeinsam: Sie wurden fair gehandelt. Mit jedem Kauf unterst\u00fctzt&hellip;\" \/>\n<meta property=\"og:url\" content=\"https:\/\/weltlaeden.de\/attendorn\/\" \/>\n<meta property=\"og:site_name\" content=\"Weltgruppe Attendorn\" \/>\n<meta property=\"article:modified_time\" content=\"2025-09-02T11:35:50+00:00\" \/>\n<meta name=\"twitter:card\" content=\"summary_large_image\" \/>\n<meta name=\"twitter:label1\" content=\"Gesch\u00e4tzte Lesezeit\" \/>\n\t<meta name=\"twitter:data1\" content=\"3\u00a0Minuten\" \/>\n<script type=\"application\/ld+json\" class=\"yoast-schema-graph\">{\"@context\":\"https:\/\/schema.org\",\"@graph\":[{\"@type\":\"WebPage\",\"@id\":\"https:\/\/weltlaeden.de\/attendorn\/\",\"url\":\"https:\/\/weltlaeden.de\/attendorn\/\",\"name\":\"WELTLADEN Attendorn - Weltgruppe Attendorn\",\"isPartOf\":{\"@id\":\"https:\/\/weltlaeden.de\/attendorn\/#website\"},\"datePublished\":\"2016-10-14T07:05:21+00:00\",\"dateModified\":\"2025-09-02T11:35:50+00:00\",\"breadcrumb\":{\"@id\":\"https:\/\/weltlaeden.de\/attendorn\/#breadcrumb\"},\"inLanguage\":\"de\",\"potentialAction\":[{\"@type\":\"ReadAction\",\"target\":[\"https:\/\/weltlaeden.de\/attendorn\/\"]}]},{\"@type\":\"BreadcrumbList\",\"@id\":\"https:\/\/weltlaeden.de\/attendorn\/#breadcrumb\",\"itemListElement\":[{\"@type\":\"ListItem\",\"position\":1,\"name\":\"Startseite\",\"item\":\"https:\/\/weltlaeden.de\/attendorn\/\"},{\"@type\":\"ListItem\",\"position\":2,\"name\":\"WELTLADEN Attendorn\"}]},{\"@type\":\"WebSite\",\"@id\":\"https:\/\/weltlaeden.de\/attendorn\/#website\",\"url\":\"https:\/\/weltlaeden.de\/attendorn\/\",\"name\":\"Weltgruppe Attendorn\",\"description\":\"Faire Produkte seit 1984\",\"potentialAction\":[{\"@type\":\"SearchAction\",\"target\":{\"@type\":\"EntryPoint\",\"urlTemplate\":\"https:\/\/weltlaeden.de\/attendorn\/?s={search_term_string}\"},\"query-input\":{\"@type\":\"PropertyValueSpecification\",\"valueRequired\":true,\"valueName\":\"search_term_string\"}}],\"inLanguage\":\"de\"}]}<\/script>\n<!-- \/ Yoast SEO plugin. -->","yoast_head_json":{"title":"WELTLADEN Attendorn - Weltgruppe Attendorn","robots":{"index":"index","follow":"follow","max-snippet":"max-snippet:-1","max-image-preview":"max-image-preview:large","max-video-preview":"max-video-preview:-1"},"canonical":"https:\/\/weltlaeden.de\/attendorn\/","og_locale":"de_DE","og_type":"article","og_title":"WELTLADEN Attendorn - Weltgruppe Attendorn","og_description":"[vc_row][vc_column][vc_masonry_media_grid gap=&#8220;2&#8243; item=&#8220;masonryGrid_BlurOut&#8220; css=&#8220;&#8220; initial_loading_animation=&#8220;fadeIn&#8220; grid_id=&#8220;vc_gid:1756812917987-16792d81-fc61-10&#8243; include=&#8220;1861,1858,1856&#8243;][vc_empty_space height=&#8220;15px&#8220;][\/vc_column][\/vc_row][vc_row][vc_column][vc_column_text css=&#8220;&#8220;] \ud83c\udf0d Willkommen im Weltladen Attendorn \u2013 Fair. Echt. Anders. [\/vc_column_text][vc_column_text css=&#8220;&#8220;]Du willst mit deinem Einkauf etwas bewegen? Dann bist du bei uns genau richtig! Im Weltladen findest du Produkte aus aller Welt \u2013 und alle haben eins gemeinsam: Sie wurden fair gehandelt. Mit jedem Kauf unterst\u00fctzt&hellip;","og_url":"https:\/\/weltlaeden.de\/attendorn\/","og_site_name":"Weltgruppe Attendorn","article_modified_time":"2025-09-02T11:35:50+00:00","twitter_card":"summary_large_image","twitter_misc":{"Gesch\u00e4tzte Lesezeit":"3\u00a0Minuten"},"schema":{"@context":"https:\/\/schema.org","@graph":[{"@type":"WebPage","@id":"https:\/\/weltlaeden.de\/attendorn\/","url":"https:\/\/weltlaeden.de\/attendorn\/","name":"WELTLADEN Attendorn - Weltgruppe Attendorn","isPartOf":{"@id":"https:\/\/weltlaeden.de\/attendorn\/#website"},"datePublished":"2016-10-14T07:05:21+00:00","dateModified":"2025-09-02T11:35:50+00:00","breadcrumb":{"@id":"https:\/\/weltlaeden.de\/attendorn\/#breadcrumb"},"inLanguage":"de","potentialAction":[{"@type":"ReadAction","target":["https:\/\/weltlaeden.de\/attendorn\/"]}]},{"@type":"BreadcrumbList","@id":"https:\/\/weltlaeden.de\/attendorn\/#breadcrumb","itemListElement":[{"@type":"ListItem","position":1,"name":"Startseite","item":"https:\/\/weltlaeden.de\/attendorn\/"},{"@type":"ListItem","position":2,"name":"WELTLADEN Attendorn"}]},{"@type":"WebSite","@id":"https:\/\/weltlaeden.de\/attendorn\/#website","url":"https:\/\/weltlaeden.de\/attendorn\/","name":"Weltgruppe Attendorn","description":"Faire Produkte seit 1984","potentialAction":[{"@type":"SearchAction","target":{"@type":"EntryPoint","urlTemplate":"https:\/\/weltlaeden.de\/attendorn\/?s={search_term_string}"},"query-input":{"@type":"PropertyValueSpecification","valueRequired":true,"valueName":"search_term_string"}}],"inLanguage":"de"}]}},"_links":{"self":[{"href":"https:\/\/weltlaeden.de\/attendorn\/wp-json\/wp\/v2\/pages\/20","targetHints":{"allow":["GET"]}}],"collection":[{"href":"https:\/\/weltlaeden.de\/attendorn\/wp-json\/wp\/v2\/pages"}],"about":[{"href":"https:\/\/weltlaeden.de\/attendorn\/wp-json\/wp\/v2\/types\/page"}],"author":[{"embeddable":true,"href":"https:\/\/weltlaeden.de\/attendorn\/wp-json\/wp\/v2\/users\/1"}],"replies":[{"embeddable":true,"href":"https:\/\/weltlaeden.de\/attendorn\/wp-json\/wp\/v2\/comments?post=20"}],"version-history":[{"count":176,"href":"https:\/\/weltlaeden.de\/attendorn\/wp-json\/wp\/v2\/pages\/20\/revisions"}],"predecessor-version":[{"id":1863,"href":"https:\/\/weltlaeden.de\/attendorn\/wp-json\/wp\/v2\/pages\/20\/revisions\/1863"}],"wp:attachment":[{"href":"https:\/\/weltlaeden.de\/attendorn\/wp-json\/wp\/v2\/media?parent=20"}],"curies":[{"name":"wp","href":"https:\/\/api.w.org\/{rel}","templated":true}]}}