{"id":542,"date":"2018-11-18T21:00:00","date_gmt":"2018-11-18T20:00:00","guid":{"rendered":"https:\/\/weltlaeden.de\/alzey\/?page_id=542"},"modified":"2018-11-18T21:12:32","modified_gmt":"2018-11-18T20:12:32","slug":"zertifizierung","status":"publish","type":"page","link":"https:\/\/weltlaeden.de\/alzey\/ueber-uns\/zertifizierung\/","title":{"rendered":"Unsere Zertifizierung"},"content":{"rendered":"<div class=\"wpb-content-wrapper\"><p>[vc_row][vc_column][vc_column_text]&nbsp;<\/p>\n<p><em><a href=\"https:\/\/wfto.com\" target=\"_blank\" rel=\"noopener\">World Fair Trade Organisation<\/a><\/em><\/p>\n<p><strong>Zertifizierung:<\/strong><\/p>\n<p>Wir haben 2016 und 2018 das Pr\u00fcfungsverfahren des Weltladen-Dachverbands durchlaufen und sind WFTO zertifiziert (World Fair Trade Organisation). Wir handeln gem\u00e4\u00df der Konvention der Weltl\u00e4den und den Standards der WFTO und sind damit ein glaubw\u00fcrdiger Akteur der weltweiten Weltladenbewegung.<\/p>\n<p>&nbsp;<\/p>\n<p><strong>Konvention: Kriterien f\u00fcr die Zertifizierung \/ Die 10 WFTO-Prinzipien:<\/strong><\/p>\n<p><strong>Die WFTO-Mitglieder \u2026<\/strong><\/p>\n<p>\u2026 schaffen Chancen f\u00fcr wirtschaftlich benachteiligte Produzent\/innen;<\/p>\n<p>\u2026 setzen Transparenz und Verantwortlichkeit in ihrer Gesch\u00e4ftst\u00e4tigkeit zum Wohle der Produzent\/innen um;<\/p>\n<p>\u2026 schlie\u00dfen Gewinnmaximierung auf ihre Kosten aus; entsprechend verpflichten sie sich zu Vorfinanzierung, falls gew\u00fcnscht, zu langfristigen Handelsbeziehungen, etc.;<\/p>\n<p>\u2026 bezahlen einen fairen Preis, der im Dialog ausgehandelt wurde und von den Produzent\/innen als fair angesehen wird;<\/p>\n<p>\u2026 schlie\u00dfen Zwangsarbeit aus und respektieren die UN-Konvention zu den Rechten von Kindern;<\/p>\n<p>\u2026 setzen sich f\u00fcr Gleichberechtigung von Mann und Frau, f\u00fcr Nicht-Diskriminierung<\/p>\n<p>und Versammlungsfreiheit ein;<\/p>\n<p>\u2026 schaffen gesunde und sichere Arbeitsbedingungen;<\/p>\n<p>\u2026 unterst\u00fctzen Weiterbildungsma\u00dfnahmen f\u00fcr die Produzent\/innen sowie f\u00fcr die eigene Belegschaft;<\/p>\n<p>\u2026 werben f\u00fcr fairen Handel und setzen sich auf politischer Ebene f\u00fcr mehr Gerechtigkeit im internationalen Handel ein;<\/p>\n<p>\u2026 unterst\u00fctzen Ma\u00dfnahmen des Ressourcen- und Umweltschutzes.[\/vc_column_text][\/vc_column][\/vc_row]<\/p>\n<\/div>","protected":false},"excerpt":{"rendered":"<p>[vc_row][vc_column][vc_column_text]&nbsp; World Fair Trade Organisation Zertifizierung: Wir haben 2016 und 2018 das Pr\u00fcfungsverfahren des Weltladen-Dachverbands durchlaufen und sind WFTO zertifiziert (World Fair Trade Organisation). Wir handeln gem\u00e4\u00df der Konvention der Weltl\u00e4den und den Standards der WFTO und sind damit ein glaubw\u00fcrdiger Akteur der weltweiten Weltladenbewegung. &nbsp; Konvention: Kriterien f\u00fcr die Zertifizierung \/ Die 10 WFTO-Prinzipien:&hellip;<\/p>\n","protected":false},"author":62,"featured_media":0,"parent":219,"menu_order":2,"comment_status":"closed","ping_status":"closed","template":"","meta":{"footnotes":""},"class_list":["post-542","page","type-page","status-publish","hentry","description-off"],"yoast_head":"<!-- This site is optimized with the Yoast SEO plugin v26.8 - https:\/\/yoast.com\/product\/yoast-seo-wordpress\/ -->\n<title>Unsere Zertifizierung - Weltladen Alzey e.V.<\/title>\n<meta name=\"robots\" content=\"index, follow, max-snippet:-1, max-image-preview:large, max-video-preview:-1\" \/>\n<link rel=\"canonical\" href=\"https:\/\/weltlaeden.de\/alzey\/ueber-uns\/zertifizierung\/\" \/>\n<meta property=\"og:locale\" content=\"de_DE\" \/>\n<meta property=\"og:type\" content=\"article\" \/>\n<meta property=\"og:title\" content=\"Unsere Zertifizierung - Weltladen Alzey e.V.\" \/>\n<meta property=\"og:description\" content=\"[vc_row][vc_column][vc_column_text]&nbsp; World Fair Trade Organisation Zertifizierung: Wir haben 2016 und 2018 das Pr\u00fcfungsverfahren des Weltladen-Dachverbands durchlaufen und sind WFTO zertifiziert (World Fair Trade Organisation). Wir handeln gem\u00e4\u00df der Konvention der Weltl\u00e4den und den Standards der WFTO und sind damit ein glaubw\u00fcrdiger Akteur der weltweiten Weltladenbewegung. &nbsp; Konvention: Kriterien f\u00fcr die Zertifizierung \/ Die 10 WFTO-Prinzipien:&hellip;\" \/>\n<meta property=\"og:url\" content=\"https:\/\/weltlaeden.de\/alzey\/ueber-uns\/zertifizierung\/\" \/>\n<meta property=\"og:site_name\" content=\"Weltladen Alzey e.V.\" \/>\n<meta property=\"article:modified_time\" content=\"2018-11-18T20:12:32+00:00\" \/>\n<meta name=\"twitter:card\" content=\"summary_large_image\" \/>\n<meta name=\"twitter:label1\" content=\"Gesch\u00e4tzte Lesezeit\" \/>\n\t<meta name=\"twitter:data1\" content=\"1\u00a0Minute\" \/>\n<script type=\"application\/ld+json\" class=\"yoast-schema-graph\">{\"@context\":\"https:\/\/schema.org\",\"@graph\":[{\"@type\":\"WebPage\",\"@id\":\"https:\/\/weltlaeden.de\/alzey\/ueber-uns\/zertifizierung\/\",\"url\":\"https:\/\/weltlaeden.de\/alzey\/ueber-uns\/zertifizierung\/\",\"name\":\"Unsere Zertifizierung - Weltladen Alzey e.V.\",\"isPartOf\":{\"@id\":\"https:\/\/weltlaeden.de\/alzey\/#website\"},\"datePublished\":\"2018-11-18T20:00:00+00:00\",\"dateModified\":\"2018-11-18T20:12:32+00:00\",\"breadcrumb\":{\"@id\":\"https:\/\/weltlaeden.de\/alzey\/ueber-uns\/zertifizierung\/#breadcrumb\"},\"inLanguage\":\"de\",\"potentialAction\":[{\"@type\":\"ReadAction\",\"target\":[\"https:\/\/weltlaeden.de\/alzey\/ueber-uns\/zertifizierung\/\"]}]},{\"@type\":\"BreadcrumbList\",\"@id\":\"https:\/\/weltlaeden.de\/alzey\/ueber-uns\/zertifizierung\/#breadcrumb\",\"itemListElement\":[{\"@type\":\"ListItem\",\"position\":1,\"name\":\"Startseite\",\"item\":\"https:\/\/weltlaeden.de\/alzey\/\"},{\"@type\":\"ListItem\",\"position\":2,\"name\":\"\u00dcber uns\",\"item\":\"https:\/\/weltlaeden.de\/alzey\/ueber-uns\/\"},{\"@type\":\"ListItem\",\"position\":3,\"name\":\"Unsere Zertifizierung\"}]},{\"@type\":\"WebSite\",\"@id\":\"https:\/\/weltlaeden.de\/alzey\/#website\",\"url\":\"https:\/\/weltlaeden.de\/alzey\/\",\"name\":\"Vorlage\",\"description\":\"Faire Produkte seit 1983\",\"potentialAction\":[{\"@type\":\"SearchAction\",\"target\":{\"@type\":\"EntryPoint\",\"urlTemplate\":\"https:\/\/weltlaeden.de\/alzey\/?s={search_term_string}\"},\"query-input\":{\"@type\":\"PropertyValueSpecification\",\"valueRequired\":true,\"valueName\":\"search_term_string\"}}],\"inLanguage\":\"de\"}]}<\/script>\n<!-- \/ Yoast SEO plugin. -->","yoast_head_json":{"title":"Unsere Zertifizierung - Weltladen Alzey e.V.","robots":{"index":"index","follow":"follow","max-snippet":"max-snippet:-1","max-image-preview":"max-image-preview:large","max-video-preview":"max-video-preview:-1"},"canonical":"https:\/\/weltlaeden.de\/alzey\/ueber-uns\/zertifizierung\/","og_locale":"de_DE","og_type":"article","og_title":"Unsere Zertifizierung - Weltladen Alzey e.V.","og_description":"[vc_row][vc_column][vc_column_text]&nbsp; World Fair Trade Organisation Zertifizierung: Wir haben 2016 und 2018 das Pr\u00fcfungsverfahren des Weltladen-Dachverbands durchlaufen und sind WFTO zertifiziert (World Fair Trade Organisation). Wir handeln gem\u00e4\u00df der Konvention der Weltl\u00e4den und den Standards der WFTO und sind damit ein glaubw\u00fcrdiger Akteur der weltweiten Weltladenbewegung. &nbsp; Konvention: Kriterien f\u00fcr die Zertifizierung \/ Die 10 WFTO-Prinzipien:&hellip;","og_url":"https:\/\/weltlaeden.de\/alzey\/ueber-uns\/zertifizierung\/","og_site_name":"Weltladen Alzey e.V.","article_modified_time":"2018-11-18T20:12:32+00:00","twitter_card":"summary_large_image","twitter_misc":{"Gesch\u00e4tzte Lesezeit":"1\u00a0Minute"},"schema":{"@context":"https:\/\/schema.org","@graph":[{"@type":"WebPage","@id":"https:\/\/weltlaeden.de\/alzey\/ueber-uns\/zertifizierung\/","url":"https:\/\/weltlaeden.de\/alzey\/ueber-uns\/zertifizierung\/","name":"Unsere Zertifizierung - Weltladen Alzey e.V.","isPartOf":{"@id":"https:\/\/weltlaeden.de\/alzey\/#website"},"datePublished":"2018-11-18T20:00:00+00:00","dateModified":"2018-11-18T20:12:32+00:00","breadcrumb":{"@id":"https:\/\/weltlaeden.de\/alzey\/ueber-uns\/zertifizierung\/#breadcrumb"},"inLanguage":"de","potentialAction":[{"@type":"ReadAction","target":["https:\/\/weltlaeden.de\/alzey\/ueber-uns\/zertifizierung\/"]}]},{"@type":"BreadcrumbList","@id":"https:\/\/weltlaeden.de\/alzey\/ueber-uns\/zertifizierung\/#breadcrumb","itemListElement":[{"@type":"ListItem","position":1,"name":"Startseite","item":"https:\/\/weltlaeden.de\/alzey\/"},{"@type":"ListItem","position":2,"name":"\u00dcber uns","item":"https:\/\/weltlaeden.de\/alzey\/ueber-uns\/"},{"@type":"ListItem","position":3,"name":"Unsere Zertifizierung"}]},{"@type":"WebSite","@id":"https:\/\/weltlaeden.de\/alzey\/#website","url":"https:\/\/weltlaeden.de\/alzey\/","name":"Vorlage","description":"Faire Produkte seit 1983","potentialAction":[{"@type":"SearchAction","target":{"@type":"EntryPoint","urlTemplate":"https:\/\/weltlaeden.de\/alzey\/?s={search_term_string}"},"query-input":{"@type":"PropertyValueSpecification","valueRequired":true,"valueName":"search_term_string"}}],"inLanguage":"de"}]}},"_links":{"self":[{"href":"https:\/\/weltlaeden.de\/alzey\/wp-json\/wp\/v2\/pages\/542","targetHints":{"allow":["GET"]}}],"collection":[{"href":"https:\/\/weltlaeden.de\/alzey\/wp-json\/wp\/v2\/pages"}],"about":[{"href":"https:\/\/weltlaeden.de\/alzey\/wp-json\/wp\/v2\/types\/page"}],"author":[{"embeddable":true,"href":"https:\/\/weltlaeden.de\/alzey\/wp-json\/wp\/v2\/users\/62"}],"replies":[{"embeddable":true,"href":"https:\/\/weltlaeden.de\/alzey\/wp-json\/wp\/v2\/comments?post=542"}],"version-history":[{"count":5,"href":"https:\/\/weltlaeden.de\/alzey\/wp-json\/wp\/v2\/pages\/542\/revisions"}],"predecessor-version":[{"id":549,"href":"https:\/\/weltlaeden.de\/alzey\/wp-json\/wp\/v2\/pages\/542\/revisions\/549"}],"up":[{"embeddable":true,"href":"https:\/\/weltlaeden.de\/alzey\/wp-json\/wp\/v2\/pages\/219"}],"wp:attachment":[{"href":"https:\/\/weltlaeden.de\/alzey\/wp-json\/wp\/v2\/media?parent=542"}],"curies":[{"name":"wp","href":"https:\/\/api.w.org\/{rel}","templated":true}]}}