{"id":477,"date":"2018-11-18T20:31:10","date_gmt":"2018-11-18T19:31:10","guid":{"rendered":"https:\/\/weltlaeden.de\/alzey\/?page_id=477"},"modified":"2026-01-01T20:43:38","modified_gmt":"2026-01-01T19:43:38","slug":"projekte","status":"publish","type":"page","link":"https:\/\/weltlaeden.de\/alzey\/ueber-uns\/projekte\/","title":{"rendered":"Unsere Projekte"},"content":{"rendered":"<div class=\"wpb-content-wrapper\"><p>[vc_row][vc_column][vc_column_text css=&#8220;&#8220;]<span style=\"color: #000000\"><strong>Unsere Projekte:<\/strong><\/span><\/p>\n<p><strong>Wir unterst\u00fctzen seit vielen Jahren Entwicklungsprojekte in Bangladesch<\/strong>\u00a0und \u00fcberweisen regelm\u00e4\u00dfig einen Geldbetrag an<br \/>\n<strong>Shanti e.V.\u00a0\u00a0\u00a0\u00a0\u00a0\u00a0\u00a0\u00a0\u00a0\u00a0\u00a0\u00a0\u00a0\u00a0\u00a0 <a href=\"http:\/\/shanti.de\/\" target=\"_blank\" rel=\"noopener\">Shanti<\/a><\/strong><strong>\u00a0\u00a0\u00a0\u00a0 <\/strong>und<\/p>\n<p><strong>NETZ<\/strong> <strong>Bangladesch\u00a0\u00a0<a href=\"https:\/\/bangladesch.org\/\" target=\"_blank\" rel=\"noopener\">NETZ<\/a> \u00a0<\/strong> (<em>seit Gr\u00fcndung ca. 110.000 \u20ac; Stand 31.12.2025<\/em>)<\/p>\n<p>Au\u00dferdem unerst\u00fctzen wir:<\/p>\n<p style=\"text-align: left\"><strong>afemdi <\/strong>\u00a0 \u00a0\u00a0 \u00a0\u00a0 \u00a0\u00a0 \u00a0\u00a0 \u00a0\u00a0 \u00a0\u00a0 \u00a0<strong><a href=\"http:\/\/afemdi.de\/\">afemdi \u00a0<\/a><\/strong>(seit 2024: 10.500\u20ac).<\/p>\n<p>Beide Organisationen aus Bangadesch f\u00f6rdern Dorfentwicklung, Bildungsprojekte und Selbsthilfeprogramme in Bangladesch und verbessern nachhaltig die Ern\u00e4hrungssituation vieler Familien in den l\u00e4ndlichen Gebieten. Ein besonderer Schwerpunkt ist die Frauenf\u00f6rderung und die Hilfe f\u00fcr ausgegrenzte Minderheiten. Bei Naturkatastrophen leisten<strong> Shanti e.V.<\/strong>\u00a0und <strong>NETZ Bangladesch<\/strong> rasche Soforthilfe.<\/p>\n<p>Der Kontakt besteht seit den 80er Jahren, als Freiwillige von ihrem \u201esolidarischen Lerneinsatz\u201c in Bangladesch zur\u00fcckkehrten und in Alzey von ihren Erfahrungen berichteten.<\/p>\n<p>Beide Organisationen\u00a0legen gro\u00dfen Wert auf <strong>Transparenz<\/strong> und <strong>\u00d6ffentlichkeitsarbeit.<\/strong> Regelm\u00e4\u00dfig\u00a0ver\u00f6ffentlichen\u00a0sie ihre Einnahmen und Ausgaben und berichten von den Besuchen ihrer Mitarbeiter bei den Projektpartnern. So erh\u00e4lt man ein authentisches\u00a0 Bild von den Lebensverh\u00e4ltnissen in Bangladesch und von den Hoffnungen der Menschen dort.<\/p>\n<p><strong>AFEMDI<\/strong>\u00a0 ist die Abk\u00fcrzung f\u00fcr \u201eAssociation de Filles et Femmes Musulmanes du Diamar\u00e9\u201c. Der Bezirk Diamar\u00e9 liegt im Extremen Norden von Kamerun, dessen Verwaltungshauptstadt Maroua ist. Neben den \u00f6rtlichen Dialekten der unterschiedlichen Ethnien spricht man dort die franz\u00f6sische Sprache.<\/p>\n<p><strong>Der Einsatz ist aus zwei wesentlichen Gr\u00fcnden notwendig:<\/strong><\/p>\n<ul>\n<li>die deutliche Diskrepanz zwischen den Gleichstellungsrechten und der Wirklichkeit<\/li>\n<li>der Analphabetismus vornehmlich der M\u00e4dchen und Frauen (Analphabetenrate 75%)<\/li>\n<\/ul>\n<p>&nbsp;<\/p>\n<p><strong>Mittwoch, 13. Juni\u00a02018 \u00a0&#8222;Bengalen &#8211; Land der Ideen. Ein Reisebericht.<\/strong><\/p>\n<p><em><strong>Netz-<\/strong> Mitarbeiterin <strong>Sabrina Syben\u00a0<\/strong> berichtete im\u00a0Weltladen Alzey von ihrer\u00a0 Projektreise in den Norden von Bangladesch, wo sie 2017\u00a0Teilnehmer des Projektes &#8222;Ein Leben lang genug Reis&#8220;\u00a0besuchte.<\/em><\/p>\n<p><img loading=\"lazy\" decoding=\"async\" class=\"alignnone size-medium wp-image-558\" src=\"https:\/\/weltlaeden.de\/alzey\/wp-content\/uploads\/sites\/39\/2018\/11\/20180613_193133-300x225.jpg\" alt=\"\" width=\"300\" height=\"225\" srcset=\"https:\/\/weltlaeden.de\/alzey\/wp-content\/uploads\/sites\/39\/2018\/11\/20180613_193133-300x225.jpg 300w, https:\/\/weltlaeden.de\/alzey\/wp-content\/uploads\/sites\/39\/2018\/11\/20180613_193133-768x576.jpg 768w, https:\/\/weltlaeden.de\/alzey\/wp-content\/uploads\/sites\/39\/2018\/11\/20180613_193133.jpg 800w\" sizes=\"auto, (max-width: 300px) 100vw, 300px\" \/>\u00a0\u00a0\u00a0\u00a0 <em>Sabrina Syben\u00a0im Alzeyer Weltladen\u00a0 Bild:\u00a0Beatrix Brehmer<\/em><\/p>\n<p><em>In den Filmausschnitten, die\u00a0den Vortrag\u00a0veranschaulichten,\u00a0kommen die Projektteilnehmerinnen selbst zu Wort. Sie berichten stolz von den nachhaltigen Wirkungen f\u00fcr ihre Familien und f\u00fcr sich selbst. Denn mit den einkommensschaffenden Ma\u00dfnahmen &#8211; die Frauen erhalten eine Kuh, Ziegen, Gem\u00fcsesetzlinge oder Startkapital f\u00fcr einen eigenen kleinen Laden- verbessert sich nicht nur die Ern\u00e4hrungssituation der Familie, sondern auch das Ansehen innerhalb der Frauen &#8211;\u00a0&#8230;\u00a0\u00a0\u00a0\u00a0\u00a0\u00a0\u00a0\u00a0\u00a0\u00a0<\/em><em>\u00a0\u00a0\u00a0\u00a0\u00a0\u00a0\u00a0\u00a0\u00a0\u00a0\u00a0\u00a0\u00a0\u00a0\u00a0\u00a0\u00a0\u00a0\u00a0\u00a0\u00a0\u00a0\u00a0\u00a0\u00a0\u00a0\u00a0\u00a0\u00a0\u00a0\u00a0\u00a0\u00a0\u00a0\u00a0\u00a0\u00a0\u00a0\u00a0\u00a0\u00a0\u00a0\u00a0\u00a0\u00a0\u00a0\u00a0\u00a0\u00a0\u00a0\u00a0\u00a0\u00a0\u00a0\u00a0\u00a0\u00a0\u00a0\u00a0\u00a0\u00a0\u00a0\u00a0\u00a0\u00a0\u00a0\u00a0\u00a0\u00a0\u00a0\u00a0\u00a0\u00a0\u00a0\u00a0\u00a0\u00a0\u00a0\u00a0\u00a0\u00a0\u00a0\u00a0\u00a0\u00a0\u00a0\u00a0\u00a0\u00a0\u00a0\u00a0<\/em><\/p>\n<p><img loading=\"lazy\" decoding=\"async\" class=\"wp-image-560 alignleft\" src=\"https:\/\/weltlaeden.de\/alzey\/wp-content\/uploads\/sites\/39\/2018\/11\/NETZ_Bangladesch_Grundbildung-300x225.jpg\" alt=\"\" width=\"273\" height=\"205\" srcset=\"https:\/\/weltlaeden.de\/alzey\/wp-content\/uploads\/sites\/39\/2018\/11\/NETZ_Bangladesch_Grundbildung-300x225.jpg 300w, https:\/\/weltlaeden.de\/alzey\/wp-content\/uploads\/sites\/39\/2018\/11\/NETZ_Bangladesch_Grundbildung-768x576.jpg 768w, https:\/\/weltlaeden.de\/alzey\/wp-content\/uploads\/sites\/39\/2018\/11\/NETZ_Bangladesch_Grundbildung-1024x768.jpg 1024w, https:\/\/weltlaeden.de\/alzey\/wp-content\/uploads\/sites\/39\/2018\/11\/NETZ_Bangladesch_Grundbildung.jpg 1920w\" sizes=\"auto, (max-width: 273px) 100vw, 273px\" \/><\/p>\n<p>&nbsp;<\/p>\n<p>&nbsp;<\/p>\n<p><em>\u00a0Besuch in Bangladesch\u00a0Foto: NETZ\u00a0\u00a0\u00a0\u00a0\u00a0\u00a0\u00a0\u00a0\u00a0\u00a0\u00a0\u00a0\u00a0\u00a0\u00a0\u00a0 <\/em><\/p>\n<p>&nbsp;<\/p>\n<p>&nbsp;<\/p>\n<p>&nbsp;<\/p>\n<p>&nbsp;<\/p>\n<p>&nbsp;<\/p>\n<p><img loading=\"lazy\" decoding=\"async\" class=\"alignnone size-medium wp-image-559\" src=\"https:\/\/weltlaeden.de\/alzey\/wp-content\/uploads\/sites\/39\/2018\/11\/ELLGR-300x200.jpg\" alt=\"\" width=\"300\" height=\"200\" srcset=\"https:\/\/weltlaeden.de\/alzey\/wp-content\/uploads\/sites\/39\/2018\/11\/ELLGR-300x200.jpg 300w, https:\/\/weltlaeden.de\/alzey\/wp-content\/uploads\/sites\/39\/2018\/11\/ELLGR-768x512.jpg 768w, https:\/\/weltlaeden.de\/alzey\/wp-content\/uploads\/sites\/39\/2018\/11\/ELLGR-1024x682.jpg 1024w, https:\/\/weltlaeden.de\/alzey\/wp-content\/uploads\/sites\/39\/2018\/11\/ELLGR.jpg 1920w\" sizes=\"auto, (max-width: 300px) 100vw, 300px\" \/><\/p>\n<p><em>Sandra Rani kann mit ihrer Kuh das Familieneinkommen nachhaltig\u00a0sichern\u00a0\u00a0\u00a0Foto: Snigdha Zaman.\u00a0\u00a0\u00a0\u00a0\u00a0\u00a0\u00a0\u00a0\u00a0\u00a0\u00a0\u00a0\u00a0\u00a0\u00a0\u00a0\u00a0\u00a0\u00a0\u00a0\u00a0\u00a0\u00a0\u00a0\u00a0\u00a0\u00a0\u00a0\u00a0\u00a0\u00a0\u00a0\u00a0\u00a0\u00a0\u00a0\u00a0\u00a0\u00a0<\/em><\/p>\n<p>&nbsp;<\/p>\n<p>&nbsp;<\/p>\n<p>&nbsp;<\/p>\n<p>&nbsp;<\/p>\n<p>[\/vc_column_text][\/vc_column][\/vc_row]<\/p>\n<\/div>","protected":false},"excerpt":{"rendered":"<p>[vc_row][vc_column][vc_column_text css=&#8220;&#8220;]Unsere Projekte: Wir unterst\u00fctzen seit vielen Jahren Entwicklungsprojekte in Bangladesch\u00a0und \u00fcberweisen regelm\u00e4\u00dfig einen Geldbetrag an Shanti e.V.\u00a0\u00a0\u00a0\u00a0\u00a0\u00a0\u00a0\u00a0\u00a0\u00a0\u00a0\u00a0\u00a0\u00a0\u00a0 Shanti\u00a0\u00a0\u00a0\u00a0 und NETZ Bangladesch\u00a0\u00a0NETZ \u00a0 (seit Gr\u00fcndung ca. 110.000 \u20ac; Stand 31.12.2025) Au\u00dferdem unerst\u00fctzen wir: afemdi \u00a0 \u00a0\u00a0 \u00a0\u00a0 \u00a0\u00a0 \u00a0\u00a0 \u00a0\u00a0 \u00a0\u00a0 \u00a0afemdi \u00a0(seit 2024: 10.500\u20ac). Beide Organisationen aus Bangadesch f\u00f6rdern Dorfentwicklung, Bildungsprojekte und Selbsthilfeprogramme in&hellip;<\/p>\n","protected":false},"author":62,"featured_media":0,"parent":219,"menu_order":0,"comment_status":"closed","ping_status":"closed","template":"","meta":{"footnotes":""},"class_list":["post-477","page","type-page","status-publish","hentry","description-off"],"yoast_head":"<!-- This site is optimized with the Yoast SEO plugin v26.8 - https:\/\/yoast.com\/product\/yoast-seo-wordpress\/ -->\n<title>Unsere Projekte - Weltladen Alzey e.V.<\/title>\n<meta name=\"robots\" content=\"index, follow, max-snippet:-1, max-image-preview:large, max-video-preview:-1\" \/>\n<link rel=\"canonical\" href=\"https:\/\/weltlaeden.de\/alzey\/ueber-uns\/projekte\/\" \/>\n<meta property=\"og:locale\" content=\"de_DE\" \/>\n<meta property=\"og:type\" content=\"article\" \/>\n<meta property=\"og:title\" content=\"Unsere Projekte - Weltladen Alzey e.V.\" \/>\n<meta property=\"og:description\" content=\"[vc_row][vc_column][vc_column_text css=&#8220;&#8220;]Unsere Projekte: Wir unterst\u00fctzen seit vielen Jahren Entwicklungsprojekte in Bangladesch\u00a0und \u00fcberweisen regelm\u00e4\u00dfig einen Geldbetrag an Shanti e.V.\u00a0\u00a0\u00a0\u00a0\u00a0\u00a0\u00a0\u00a0\u00a0\u00a0\u00a0\u00a0\u00a0\u00a0\u00a0 Shanti\u00a0\u00a0\u00a0\u00a0 und NETZ Bangladesch\u00a0\u00a0NETZ \u00a0 (seit Gr\u00fcndung ca. 110.000 \u20ac; Stand 31.12.2025) Au\u00dferdem unerst\u00fctzen wir: afemdi \u00a0 \u00a0\u00a0 \u00a0\u00a0 \u00a0\u00a0 \u00a0\u00a0 \u00a0\u00a0 \u00a0\u00a0 \u00a0afemdi \u00a0(seit 2024: 10.500\u20ac). Beide Organisationen aus Bangadesch f\u00f6rdern Dorfentwicklung, Bildungsprojekte und Selbsthilfeprogramme in&hellip;\" \/>\n<meta property=\"og:url\" content=\"https:\/\/weltlaeden.de\/alzey\/ueber-uns\/projekte\/\" \/>\n<meta property=\"og:site_name\" content=\"Weltladen Alzey e.V.\" \/>\n<meta property=\"article:modified_time\" content=\"2026-01-01T19:43:38+00:00\" \/>\n<meta property=\"og:image\" content=\"https:\/\/weltlaeden.de\/alzey\/wp-content\/uploads\/sites\/39\/2018\/11\/20180613_193133.jpg\" \/>\n\t<meta property=\"og:image:width\" content=\"800\" \/>\n\t<meta property=\"og:image:height\" content=\"600\" \/>\n\t<meta property=\"og:image:type\" content=\"image\/jpeg\" \/>\n<meta name=\"twitter:card\" content=\"summary_large_image\" \/>\n<meta name=\"twitter:label1\" content=\"Gesch\u00e4tzte Lesezeit\" \/>\n\t<meta name=\"twitter:data1\" content=\"3\u00a0Minuten\" \/>\n<script type=\"application\/ld+json\" class=\"yoast-schema-graph\">{\"@context\":\"https:\/\/schema.org\",\"@graph\":[{\"@type\":\"WebPage\",\"@id\":\"https:\/\/weltlaeden.de\/alzey\/ueber-uns\/projekte\/\",\"url\":\"https:\/\/weltlaeden.de\/alzey\/ueber-uns\/projekte\/\",\"name\":\"Unsere Projekte - Weltladen Alzey e.V.\",\"isPartOf\":{\"@id\":\"https:\/\/weltlaeden.de\/alzey\/#website\"},\"primaryImageOfPage\":{\"@id\":\"https:\/\/weltlaeden.de\/alzey\/ueber-uns\/projekte\/#primaryimage\"},\"image\":{\"@id\":\"https:\/\/weltlaeden.de\/alzey\/ueber-uns\/projekte\/#primaryimage\"},\"thumbnailUrl\":\"https:\/\/weltlaeden.de\/alzey\/wp-content\/uploads\/sites\/39\/2018\/11\/20180613_193133-300x225.jpg\",\"datePublished\":\"2018-11-18T19:31:10+00:00\",\"dateModified\":\"2026-01-01T19:43:38+00:00\",\"breadcrumb\":{\"@id\":\"https:\/\/weltlaeden.de\/alzey\/ueber-uns\/projekte\/#breadcrumb\"},\"inLanguage\":\"de\",\"potentialAction\":[{\"@type\":\"ReadAction\",\"target\":[\"https:\/\/weltlaeden.de\/alzey\/ueber-uns\/projekte\/\"]}]},{\"@type\":\"ImageObject\",\"inLanguage\":\"de\",\"@id\":\"https:\/\/weltlaeden.de\/alzey\/ueber-uns\/projekte\/#primaryimage\",\"url\":\"https:\/\/weltlaeden.de\/alzey\/wp-content\/uploads\/sites\/39\/2018\/11\/20180613_193133.jpg\",\"contentUrl\":\"https:\/\/weltlaeden.de\/alzey\/wp-content\/uploads\/sites\/39\/2018\/11\/20180613_193133.jpg\",\"width\":800,\"height\":600},{\"@type\":\"BreadcrumbList\",\"@id\":\"https:\/\/weltlaeden.de\/alzey\/ueber-uns\/projekte\/#breadcrumb\",\"itemListElement\":[{\"@type\":\"ListItem\",\"position\":1,\"name\":\"Startseite\",\"item\":\"https:\/\/weltlaeden.de\/alzey\/\"},{\"@type\":\"ListItem\",\"position\":2,\"name\":\"\u00dcber uns\",\"item\":\"https:\/\/weltlaeden.de\/alzey\/ueber-uns\/\"},{\"@type\":\"ListItem\",\"position\":3,\"name\":\"Unsere Projekte\"}]},{\"@type\":\"WebSite\",\"@id\":\"https:\/\/weltlaeden.de\/alzey\/#website\",\"url\":\"https:\/\/weltlaeden.de\/alzey\/\",\"name\":\"Vorlage\",\"description\":\"Faire Produkte seit 1983\",\"potentialAction\":[{\"@type\":\"SearchAction\",\"target\":{\"@type\":\"EntryPoint\",\"urlTemplate\":\"https:\/\/weltlaeden.de\/alzey\/?s={search_term_string}\"},\"query-input\":{\"@type\":\"PropertyValueSpecification\",\"valueRequired\":true,\"valueName\":\"search_term_string\"}}],\"inLanguage\":\"de\"}]}<\/script>\n<!-- \/ Yoast SEO plugin. -->","yoast_head_json":{"title":"Unsere Projekte - Weltladen Alzey e.V.","robots":{"index":"index","follow":"follow","max-snippet":"max-snippet:-1","max-image-preview":"max-image-preview:large","max-video-preview":"max-video-preview:-1"},"canonical":"https:\/\/weltlaeden.de\/alzey\/ueber-uns\/projekte\/","og_locale":"de_DE","og_type":"article","og_title":"Unsere Projekte - Weltladen Alzey e.V.","og_description":"[vc_row][vc_column][vc_column_text css=&#8220;&#8220;]Unsere Projekte: Wir unterst\u00fctzen seit vielen Jahren Entwicklungsprojekte in Bangladesch\u00a0und \u00fcberweisen regelm\u00e4\u00dfig einen Geldbetrag an Shanti e.V.\u00a0\u00a0\u00a0\u00a0\u00a0\u00a0\u00a0\u00a0\u00a0\u00a0\u00a0\u00a0\u00a0\u00a0\u00a0 Shanti\u00a0\u00a0\u00a0\u00a0 und NETZ Bangladesch\u00a0\u00a0NETZ \u00a0 (seit Gr\u00fcndung ca. 110.000 \u20ac; Stand 31.12.2025) Au\u00dferdem unerst\u00fctzen wir: afemdi \u00a0 \u00a0\u00a0 \u00a0\u00a0 \u00a0\u00a0 \u00a0\u00a0 \u00a0\u00a0 \u00a0\u00a0 \u00a0afemdi \u00a0(seit 2024: 10.500\u20ac). Beide Organisationen aus Bangadesch f\u00f6rdern Dorfentwicklung, Bildungsprojekte und Selbsthilfeprogramme in&hellip;","og_url":"https:\/\/weltlaeden.de\/alzey\/ueber-uns\/projekte\/","og_site_name":"Weltladen Alzey e.V.","article_modified_time":"2026-01-01T19:43:38+00:00","og_image":[{"width":800,"height":600,"url":"https:\/\/weltlaeden.de\/alzey\/wp-content\/uploads\/sites\/39\/2018\/11\/20180613_193133.jpg","type":"image\/jpeg"}],"twitter_card":"summary_large_image","twitter_misc":{"Gesch\u00e4tzte Lesezeit":"3\u00a0Minuten"},"schema":{"@context":"https:\/\/schema.org","@graph":[{"@type":"WebPage","@id":"https:\/\/weltlaeden.de\/alzey\/ueber-uns\/projekte\/","url":"https:\/\/weltlaeden.de\/alzey\/ueber-uns\/projekte\/","name":"Unsere Projekte - Weltladen Alzey e.V.","isPartOf":{"@id":"https:\/\/weltlaeden.de\/alzey\/#website"},"primaryImageOfPage":{"@id":"https:\/\/weltlaeden.de\/alzey\/ueber-uns\/projekte\/#primaryimage"},"image":{"@id":"https:\/\/weltlaeden.de\/alzey\/ueber-uns\/projekte\/#primaryimage"},"thumbnailUrl":"https:\/\/weltlaeden.de\/alzey\/wp-content\/uploads\/sites\/39\/2018\/11\/20180613_193133-300x225.jpg","datePublished":"2018-11-18T19:31:10+00:00","dateModified":"2026-01-01T19:43:38+00:00","breadcrumb":{"@id":"https:\/\/weltlaeden.de\/alzey\/ueber-uns\/projekte\/#breadcrumb"},"inLanguage":"de","potentialAction":[{"@type":"ReadAction","target":["https:\/\/weltlaeden.de\/alzey\/ueber-uns\/projekte\/"]}]},{"@type":"ImageObject","inLanguage":"de","@id":"https:\/\/weltlaeden.de\/alzey\/ueber-uns\/projekte\/#primaryimage","url":"https:\/\/weltlaeden.de\/alzey\/wp-content\/uploads\/sites\/39\/2018\/11\/20180613_193133.jpg","contentUrl":"https:\/\/weltlaeden.de\/alzey\/wp-content\/uploads\/sites\/39\/2018\/11\/20180613_193133.jpg","width":800,"height":600},{"@type":"BreadcrumbList","@id":"https:\/\/weltlaeden.de\/alzey\/ueber-uns\/projekte\/#breadcrumb","itemListElement":[{"@type":"ListItem","position":1,"name":"Startseite","item":"https:\/\/weltlaeden.de\/alzey\/"},{"@type":"ListItem","position":2,"name":"\u00dcber uns","item":"https:\/\/weltlaeden.de\/alzey\/ueber-uns\/"},{"@type":"ListItem","position":3,"name":"Unsere Projekte"}]},{"@type":"WebSite","@id":"https:\/\/weltlaeden.de\/alzey\/#website","url":"https:\/\/weltlaeden.de\/alzey\/","name":"Vorlage","description":"Faire Produkte seit 1983","potentialAction":[{"@type":"SearchAction","target":{"@type":"EntryPoint","urlTemplate":"https:\/\/weltlaeden.de\/alzey\/?s={search_term_string}"},"query-input":{"@type":"PropertyValueSpecification","valueRequired":true,"valueName":"search_term_string"}}],"inLanguage":"de"}]}},"_links":{"self":[{"href":"https:\/\/weltlaeden.de\/alzey\/wp-json\/wp\/v2\/pages\/477","targetHints":{"allow":["GET"]}}],"collection":[{"href":"https:\/\/weltlaeden.de\/alzey\/wp-json\/wp\/v2\/pages"}],"about":[{"href":"https:\/\/weltlaeden.de\/alzey\/wp-json\/wp\/v2\/types\/page"}],"author":[{"embeddable":true,"href":"https:\/\/weltlaeden.de\/alzey\/wp-json\/wp\/v2\/users\/62"}],"replies":[{"embeddable":true,"href":"https:\/\/weltlaeden.de\/alzey\/wp-json\/wp\/v2\/comments?post=477"}],"version-history":[{"count":20,"href":"https:\/\/weltlaeden.de\/alzey\/wp-json\/wp\/v2\/pages\/477\/revisions"}],"predecessor-version":[{"id":1195,"href":"https:\/\/weltlaeden.de\/alzey\/wp-json\/wp\/v2\/pages\/477\/revisions\/1195"}],"up":[{"embeddable":true,"href":"https:\/\/weltlaeden.de\/alzey\/wp-json\/wp\/v2\/pages\/219"}],"wp:attachment":[{"href":"https:\/\/weltlaeden.de\/alzey\/wp-json\/wp\/v2\/media?parent=477"}],"curies":[{"name":"wp","href":"https:\/\/api.w.org\/{rel}","templated":true}]}}