{"id":23,"date":"2016-10-14T09:05:21","date_gmt":"2016-10-14T07:05:21","guid":{"rendered":"https:\/\/wl.heimpixel.de\/vorlage\/termine\/"},"modified":"2020-01-05T11:24:26","modified_gmt":"2020-01-05T10:24:26","slug":"termine","status":"publish","type":"page","link":"https:\/\/weltlaeden.de\/alsfeld\/termine\/","title":{"rendered":"Termine"},"content":{"rendered":"<div class=\"wpb-content-wrapper\"><p>[vc_row][vc_column]<div class=\"wl_einzelbild\"><p><\/p><\/div>[vc_empty_space height=&#8220;30px&#8220;][vc_column_text]<\/p>\n<h1>Termine<\/h1>\n<h4><\/h4>\n<p>[\/vc_column_text][vc_empty_space height=&#8220;30px&#8220;][\/vc_column][\/vc_row][vc_row][vc_column width=&#8220;2\/3&#8243;][vc_column_text]<\/p>\n<h2>Kommende Termine<\/h2>\n<p>[\/vc_column_text]<ul class=\"termine-page current aktuell\">[vc_empty_space height=&#8220;30px&#8220;][vc_column_text]<\/p>\n<h2>Vergangene Termine<\/h2>\n<p>[\/vc_column_text]<ul class=\"termine-page past vergangen\"><li><h5 class=\"termine-titel\"><a href=\"https:\/\/weltlaeden.de\/alsfeld\/termin\/frauen-macht-und-fairer-handel-vortrag-am-03-03-2026\/\">Frauen, Macht und Fairer Handel &#8211; Vortrag von Christine Feiler<\/a><\/h5><p class=\"termine-date\">Di., 03.03.2026, 19:00<\/p><p class=\"termine-auszug\">wir laden herzlich ein zu der Veranstaltung <strong>Frauen, Macht und Fairer Handel<\/strong> Ein inspirierender Vortrag \u00fcber die Rolle von Frauen im Fairen Handel. Im Mittelpunkt stehen die Prinzipien des Fairen Handels, die gezielt zur F\u00f6rderung von Frauenrechten und -chancen beitragen \u2013 mit konkreten Beispielen aus dem Globalen S\u00fcden. Der Faire Handel ist nicht nur ein wirtschaftliches Konzept, sondern auch eine politische Bewegung f\u00fcr mehr Gerechtigkeit. Besonders f\u00fcr Frauen im Globalen S\u00fcden er\u00f6ffnet er neue Perspektiven: Durch gerechte Arbeitsbedingungen, faire Bezahlung und den Zugang zu internationalen M\u00e4rkten k\u00f6nnen sie ihre Familien versorgen, in ihre Gemeinschaften investieren und ein selbstbestimmtes Leben f\u00fchren. Der Vortrag \u201eFrauen, Macht und fairer Handel\u201c beleuchtet, wie die Prinzipien des Fairen Handels gezielt zur St\u00e4rkung von Frauenrechten beitragen. Anhand konkreter Projekte und Initiativen wird aufgezeigt, wie Frauen weltweit durch Fairen Handel mehr Teilhabe und wirtschaftliche Unabh\u00e4ngigkeit gewinnen \u2013 und welche Herausforderungen dabei bestehen. Im Anschluss an den Vortrag [...] <a href=\"https:\/\/weltlaeden.de\/alsfeld\/termin\/frauen-macht-und-fairer-handel-vortrag-am-03-03-2026\/\"><small>[WEITERLESEN]<\/small><\/a><\/p><p class=termine-ort\"><small>Ort: <i>Weltladen Alsfeld, Markt 15<\/i><\/small><\/p><\/li><li><h5 class=\"termine-titel\"><a href=\"https:\/\/weltlaeden.de\/alsfeld\/termin\/fairreisen-widerspruch-oder-chance\/\">FAIRreisen &#8211; Widerspruch oder Chance?<\/a><\/h5><p class=\"termine-date\">Do., 13.11.2025, 19:30<\/p><p class=\"termine-auszug\">&nbsp; <strong>Wie kann nachhaltiger Tourismus gelingen? Dar\u00fcber informiert ein Vortrag von Sachbuchautor Frank Herrmann zum Motto \u201eFairreisen\u201c im Weltladen in Alsfeld am 13.11.2025<\/strong> Mit Respekt allen Menschen und der Umwelt begegnen: Das sind Grundpfeiler von fairem Handel und Nachhaltigkeit. Frank Herrmann hat in seinem Buch \"Fairreisen - Handbuch f\u00fcr alle, die umweltbewusst unterwegs sein wollen\" dar\u00fcber geschrieben, wie diese Anliegen auch auf Reisen umgesetzt werden k\u00f6nnen. Der Traum eines nachhaltigen Tourismus scheitert vielerorts an den Realit\u00e4ten, die gepr\u00e4gt sind von Massentourismus, gro\u00dfen Infrastrukturprojekten und Umweltsch\u00e4den. Der Fokus im Vortrag des Reisexperten Frank Herrmann liegt auf den Ver\u00e4nderungen, die der Reisebranche bevorstehen und aktuellen Infos und Tipps, wie wir anders reisen k\u00f6nnen. Frank Herrmann ist Betriebswirt und begeisterter Radfahrer. Er ist der Erfinder der \"Fairen Biketour\",\u00a0einer Kombination aus Fahrradtour, Vortr\u00e4gen zu nachhaltigen Themen und einer Spendenaktion f\u00fcr Kinder.<p class=termine-ort\"><small>Ort: <i>Weltladen Alsfeld, Markt 15<\/i><\/small><\/p><\/li><li><h5 class=\"termine-titel\"><a href=\"https:\/\/weltlaeden.de\/alsfeld\/termin\/tag-der-weltlaeden\/\">Tag der Weltl\u00e4den<\/a><\/h5><p class=\"termine-date\">Sa., 10.05.2025, 11:00 bis 04.08.2025, 19:00<\/p><p class=\"termine-auszug\">Feiert mit uns den Tag der Weltl\u00e4den am 10. Mai ab 11 Uhr in und um den Weltladen am Markt 15! Wir haben f\u00fcr euch ein buntes Programm, Informationen zum Fairen Handel, Naschereien, Lose, ein Gl\u00fccksrad und leckere Gewinne. Weitere Infos: <a href=\"https:\/\/weltlaeden.de\/alsfeld\/weltladen-alsfeld-feiert-weltladentag-am-10-05-2025-von-11-14-uhr\/\">https:\/\/weltlaeden.de\/alsfeld\/weltladen-alsfeld-feiert-weltladentag-am-10-05-2025-von-11-14-uhr\/<\/a><\/li><li><h5 class=\"termine-titel\"><a href=\"https:\/\/weltlaeden.de\/alsfeld\/termin\/k-i-l-u-s-frauenkooperative-auf-den-philippinen-informative-ausstellung-und-verkauf-der-produkte\/\">K.I.L.U.S &#8211; Frauenkooperative auf den Philippinen; informative Ausstellung und Verkauf der Produkte<\/a><\/h5><p class=\"termine-date\">Sa., 08.03.2025<\/p><p class=\"termine-auszug\">Ausstellung anl\u00e4sslich des Weltfrauentages ab dem 8.3. im Weltladen Alsfeld, Markt 15 Die Frauenkooperative KILUS auf den Philippinen ist ein Beispiel daf\u00fcr, wie Upcycling ein ganzes Stadtbild ver\u00e4ndern kann. Die Saftpacktasche steht f\u00fcr Wiederverwerten statt Wegwerfen. Die Taschenmodelle aus den coolen Trinkp\u00e4ckchen gibt es ab dem 8.3. im Weltladen.<\/li><li><h5 class=\"termine-titel\"><a href=\"https:\/\/weltlaeden.de\/alsfeld\/termin\/mama-afrika-spirit-work-fairness-saeen-frauen-staerken-hier-blueht-dir-was\/\">mama afrika spirit work &#8211; Fairness s\u00e4en, Frauen st\u00e4rken &#8211; hier bl\u00fcht dir was<\/a><\/h5><p class=\"termine-date\">Mi., 05.02.2025, 19:00<\/p><p class=\"termine-auszug\">Martina Zenker von mama afrika informiert \u00fcber Land und Leute, fairen Handel und das Unternehmen Growing Paper aus S\u00fcdafrika<p class=termine-ort\"><small>Ort: <i>Weltladen Alsfeld, Markt 15<\/i><\/small><\/p><\/li><li><h5 class=\"termine-titel\"><a href=\"https:\/\/weltlaeden.de\/alsfeld\/termin\/schokolade-fair-naschen\/\">Schokolade fair naschen<\/a><\/h5><p class=\"termine-date\">Mi., 06.11.2024, 19:30<\/p><p class=\"termine-auszug\">Multivisionsshow mit lobOlmo Schokolade geh\u00f6rt zu den beliebtesten S\u00fc\u00dfigkeiten weltweit. Sie ist k\u00f6stlich, schmilzt auf der Zunge und ruft Gl\u00fccksgef\u00fchle hervor. Ihre Hauptingredienzen sind Kakao, Zucker und Milch. Wie werden aus diesen Zutaten eigentlich Schokoladentafeln hergestellt? Wer verdient mit ihnen das gro\u00dfe Geld? Ist Schokolade gesund und wer hat sie erfunden? Diesen Fragen gehen Dr. Jutta Ulmer und Dr. Michael Wolfsteiner in ihrer Multivisionsshow auf den Grund.<p class=termine-ort\"><small>Ort: <i>Altes Postamt, Ludwigsplatz, Alsfeld<\/i><\/small><\/p><\/li><li><h5 class=\"termine-titel\"><a href=\"https:\/\/weltlaeden.de\/alsfeld\/termin\/mitwirkung-am-schokoladenmarkt\/\">Mitwirkung am Schokoladenmarkt<\/a><\/h5><p class=\"termine-date\">So., 27.10.2024, 12:00<\/p><p class=\"termine-auszug\"><\/li><li><h5 class=\"termine-titel\"><a href=\"https:\/\/weltlaeden.de\/alsfeld\/termin\/klima-im-kopf\/\">Faire Woche 2024: Klima im Kopf<\/a><\/h5><p class=\"termine-date\">Fr., 27.09.2024, 19:30<\/p><p class=\"termine-auszug\">Katharina van Bronswijk liest aus ihrem Buch <strong>Klima im Kopf - Angst, Wut, Hoffnung: Was die \u00f6kologische Krise mit uns macht<\/strong><p class=termine-ort\"><small>Ort: <i>Volkshochschule Alsfeld, Im Klaggarten 6<\/i><\/small><\/p><\/li><\/ul>[\/vc_column][\/vc_row]<\/p>\n<\/div>","protected":false},"excerpt":{"rendered":"<p>[vc_row][vc_column][vc_empty_space height=&#8220;30px&#8220;][vc_column_text] Termine [\/vc_column_text][vc_empty_space height=&#8220;30px&#8220;][\/vc_column][\/vc_row][vc_row][vc_column width=&#8220;2\/3&#8243;][vc_column_text] Kommende Termine [\/vc_column_text][vc_empty_space height=&#8220;30px&#8220;][vc_column_text] Vergangene Termine [\/vc_column_text][\/vc_column][\/vc_row]<\/p>\n","protected":false},"author":1,"featured_media":0,"parent":0,"menu_order":7,"comment_status":"closed","ping_status":"closed","template":"","meta":{"footnotes":""},"class_list":["post-23","page","type-page","status-publish","hentry","description-off"],"yoast_head":"<!-- This site is optimized with the Yoast SEO plugin v26.8 - https:\/\/yoast.com\/product\/yoast-seo-wordpress\/ -->\n<title>Termine - Weltladen Alsfeld<\/title>\n<meta name=\"robots\" content=\"index, follow, max-snippet:-1, max-image-preview:large, max-video-preview:-1\" \/>\n<link rel=\"canonical\" href=\"https:\/\/weltlaeden.de\/alsfeld\/termine\/\" \/>\n<meta property=\"og:locale\" content=\"de_DE\" \/>\n<meta property=\"og:type\" content=\"article\" \/>\n<meta property=\"og:title\" content=\"Termine - Weltladen Alsfeld\" \/>\n<meta property=\"og:description\" content=\"[vc_row][vc_column][vc_empty_space height=&#8220;30px&#8220;][vc_column_text] Termine [\/vc_column_text][vc_empty_space height=&#8220;30px&#8220;][\/vc_column][\/vc_row][vc_row][vc_column width=&#8220;2\/3&#8243;][vc_column_text] Kommende Termine [\/vc_column_text][vc_empty_space height=&#8220;30px&#8220;][vc_column_text] Vergangene Termine [\/vc_column_text][\/vc_column][\/vc_row]\" \/>\n<meta property=\"og:url\" content=\"https:\/\/weltlaeden.de\/alsfeld\/termine\/\" \/>\n<meta property=\"og:site_name\" content=\"Weltladen Alsfeld\" \/>\n<meta property=\"article:modified_time\" content=\"2020-01-05T10:24:26+00:00\" \/>\n<meta name=\"twitter:card\" content=\"summary_large_image\" \/>\n<script type=\"application\/ld+json\" class=\"yoast-schema-graph\">{\"@context\":\"https:\/\/schema.org\",\"@graph\":[{\"@type\":\"WebPage\",\"@id\":\"https:\/\/weltlaeden.de\/alsfeld\/termine\/\",\"url\":\"https:\/\/weltlaeden.de\/alsfeld\/termine\/\",\"name\":\"Termine - Weltladen Alsfeld\",\"isPartOf\":{\"@id\":\"https:\/\/weltlaeden.de\/alsfeld\/#website\"},\"datePublished\":\"2016-10-14T07:05:21+00:00\",\"dateModified\":\"2020-01-05T10:24:26+00:00\",\"breadcrumb\":{\"@id\":\"https:\/\/weltlaeden.de\/alsfeld\/termine\/#breadcrumb\"},\"inLanguage\":\"de\",\"potentialAction\":[{\"@type\":\"ReadAction\",\"target\":[\"https:\/\/weltlaeden.de\/alsfeld\/termine\/\"]}]},{\"@type\":\"BreadcrumbList\",\"@id\":\"https:\/\/weltlaeden.de\/alsfeld\/termine\/#breadcrumb\",\"itemListElement\":[{\"@type\":\"ListItem\",\"position\":1,\"name\":\"Startseite\",\"item\":\"https:\/\/weltlaeden.de\/alsfeld\/\"},{\"@type\":\"ListItem\",\"position\":2,\"name\":\"Termine\"}]},{\"@type\":\"WebSite\",\"@id\":\"https:\/\/weltlaeden.de\/alsfeld\/#website\",\"url\":\"https:\/\/weltlaeden.de\/alsfeld\/\",\"name\":\"Vorlage\",\"description\":\"Faire Produkte seit 2003, Informations- und Bildungsarbeit rund um den Fairen Handel\",\"potentialAction\":[{\"@type\":\"SearchAction\",\"target\":{\"@type\":\"EntryPoint\",\"urlTemplate\":\"https:\/\/weltlaeden.de\/alsfeld\/?s={search_term_string}\"},\"query-input\":{\"@type\":\"PropertyValueSpecification\",\"valueRequired\":true,\"valueName\":\"search_term_string\"}}],\"inLanguage\":\"de\"}]}<\/script>\n<!-- \/ Yoast SEO plugin. -->","yoast_head_json":{"title":"Termine - Weltladen Alsfeld","robots":{"index":"index","follow":"follow","max-snippet":"max-snippet:-1","max-image-preview":"max-image-preview:large","max-video-preview":"max-video-preview:-1"},"canonical":"https:\/\/weltlaeden.de\/alsfeld\/termine\/","og_locale":"de_DE","og_type":"article","og_title":"Termine - Weltladen Alsfeld","og_description":"[vc_row][vc_column][vc_empty_space height=&#8220;30px&#8220;][vc_column_text] Termine [\/vc_column_text][vc_empty_space height=&#8220;30px&#8220;][\/vc_column][\/vc_row][vc_row][vc_column width=&#8220;2\/3&#8243;][vc_column_text] Kommende Termine [\/vc_column_text][vc_empty_space height=&#8220;30px&#8220;][vc_column_text] Vergangene Termine [\/vc_column_text][\/vc_column][\/vc_row]","og_url":"https:\/\/weltlaeden.de\/alsfeld\/termine\/","og_site_name":"Weltladen Alsfeld","article_modified_time":"2020-01-05T10:24:26+00:00","twitter_card":"summary_large_image","schema":{"@context":"https:\/\/schema.org","@graph":[{"@type":"WebPage","@id":"https:\/\/weltlaeden.de\/alsfeld\/termine\/","url":"https:\/\/weltlaeden.de\/alsfeld\/termine\/","name":"Termine - Weltladen Alsfeld","isPartOf":{"@id":"https:\/\/weltlaeden.de\/alsfeld\/#website"},"datePublished":"2016-10-14T07:05:21+00:00","dateModified":"2020-01-05T10:24:26+00:00","breadcrumb":{"@id":"https:\/\/weltlaeden.de\/alsfeld\/termine\/#breadcrumb"},"inLanguage":"de","potentialAction":[{"@type":"ReadAction","target":["https:\/\/weltlaeden.de\/alsfeld\/termine\/"]}]},{"@type":"BreadcrumbList","@id":"https:\/\/weltlaeden.de\/alsfeld\/termine\/#breadcrumb","itemListElement":[{"@type":"ListItem","position":1,"name":"Startseite","item":"https:\/\/weltlaeden.de\/alsfeld\/"},{"@type":"ListItem","position":2,"name":"Termine"}]},{"@type":"WebSite","@id":"https:\/\/weltlaeden.de\/alsfeld\/#website","url":"https:\/\/weltlaeden.de\/alsfeld\/","name":"Vorlage","description":"Faire Produkte seit 2003, Informations- und Bildungsarbeit rund um den Fairen Handel","potentialAction":[{"@type":"SearchAction","target":{"@type":"EntryPoint","urlTemplate":"https:\/\/weltlaeden.de\/alsfeld\/?s={search_term_string}"},"query-input":{"@type":"PropertyValueSpecification","valueRequired":true,"valueName":"search_term_string"}}],"inLanguage":"de"}]}},"_links":{"self":[{"href":"https:\/\/weltlaeden.de\/alsfeld\/wp-json\/wp\/v2\/pages\/23","targetHints":{"allow":["GET"]}}],"collection":[{"href":"https:\/\/weltlaeden.de\/alsfeld\/wp-json\/wp\/v2\/pages"}],"about":[{"href":"https:\/\/weltlaeden.de\/alsfeld\/wp-json\/wp\/v2\/types\/page"}],"author":[{"embeddable":true,"href":"https:\/\/weltlaeden.de\/alsfeld\/wp-json\/wp\/v2\/users\/1"}],"replies":[{"embeddable":true,"href":"https:\/\/weltlaeden.de\/alsfeld\/wp-json\/wp\/v2\/comments?post=23"}],"version-history":[{"count":17,"href":"https:\/\/weltlaeden.de\/alsfeld\/wp-json\/wp\/v2\/pages\/23\/revisions"}],"predecessor-version":[{"id":585,"href":"https:\/\/weltlaeden.de\/alsfeld\/wp-json\/wp\/v2\/pages\/23\/revisions\/585"}],"wp:attachment":[{"href":"https:\/\/weltlaeden.de\/alsfeld\/wp-json\/wp\/v2\/media?parent=23"}],"curies":[{"name":"wp","href":"https:\/\/api.w.org\/{rel}","templated":true}]}}