{"id":20,"date":"2016-10-14T09:05:21","date_gmt":"2016-10-14T07:05:21","guid":{"rendered":"https:\/\/wl.heimpixel.de\/vorlage\/weltladen-musterdorf\/"},"modified":"2026-04-22T10:09:02","modified_gmt":"2026-04-22T08:09:02","slug":"weltladen-musterdorf","status":"publish","type":"page","link":"https:\/\/weltlaeden.de\/albstadt\/","title":{"rendered":"Weltladen Albstadt"},"content":{"rendered":"<div class=\"wpb-content-wrapper\"><p>[vc_row][vc_column]<style type=\"text\/css\" data-type=\"the7_shortcodes-inline-css\">.gallery-carousel-shortcode.gallery-carousel-shortcode-id-796a33dba7c13cd8c49820feb6fb8c9c.owl-carousel .owl-nav div {\n  width: 36px;\n  height: 36px;\n  border-radius: 500px;\n}\n.dt-arrow-border-on.gallery-carousel-shortcode.gallery-carousel-shortcode-id-796a33dba7c13cd8c49820feb6fb8c9c.owl-carousel .owl-nav div:not(:hover):before {\n  border-width: 0px;\n}\n.dt-arrow-hover-border-on.gallery-carousel-shortcode.gallery-carousel-shortcode-id-796a33dba7c13cd8c49820feb6fb8c9c.owl-carousel .owl-nav div:hover:after {\n  border-width: 0px;\n}\n.gallery-carousel-shortcode.gallery-carousel-shortcode-id-796a33dba7c13cd8c49820feb6fb8c9c.owl-carousel .owl-nav div.owl-prev {\n  top: 50%;\n  transform: translateY(calc(-50% + 0px));\n  left: -43px;\n}\n@media all and (-ms-high-contrast: none) {\n  .gallery-carousel-shortcode.gallery-carousel-shortcode-id-796a33dba7c13cd8c49820feb6fb8c9c.owl-carousel .owl-nav div.owl-prev {\n    transform: translateY(-50%);\n    margin-top: 0px;\n  }\n}\n.gallery-carousel-shortcode.gallery-carousel-shortcode-id-796a33dba7c13cd8c49820feb6fb8c9c.owl-carousel .owl-nav div.owl-prev i {\n  padding: 0px 0px 0px 0px;\n}\n.gallery-carousel-shortcode.gallery-carousel-shortcode-id-796a33dba7c13cd8c49820feb6fb8c9c.owl-carousel .owl-nav div.owl-next {\n  top: 50%;\n  transform: translateY(calc(-50% + 0px));\n  right: -43px;\n}\n@media all and (-ms-high-contrast: none) {\n  .gallery-carousel-shortcode.gallery-carousel-shortcode-id-796a33dba7c13cd8c49820feb6fb8c9c.owl-carousel .owl-nav div.owl-next {\n    transform: translateY(-50%);\n    margin-top: 0px;\n  }\n}\n.gallery-carousel-shortcode.gallery-carousel-shortcode-id-796a33dba7c13cd8c49820feb6fb8c9c.owl-carousel .owl-nav div.owl-next i {\n  padding: 0px 0px 0px 0px;\n}\n.gallery-carousel-shortcode.gallery-carousel-shortcode-id-796a33dba7c13cd8c49820feb6fb8c9c.owl-carousel .owl-nav i {\n  font-size: 18px;\n}\n.gallery-carousel-shortcode.gallery-carousel-shortcode-id-796a33dba7c13cd8c49820feb6fb8c9c.owl-carousel .owl-nav div:not(:hover) i,\n.gallery-carousel-shortcode.gallery-carousel-shortcode-id-796a33dba7c13cd8c49820feb6fb8c9c.owl-carousel .owl-nav div:not(:hover) i:before {\n  color: #ffffff;\n  background: none;\n}\n.gallery-carousel-shortcode.gallery-carousel-shortcode-id-796a33dba7c13cd8c49820feb6fb8c9c.owl-carousel .owl-nav div:hover i,\n.gallery-carousel-shortcode.gallery-carousel-shortcode-id-796a33dba7c13cd8c49820feb6fb8c9c.owl-carousel .owl-nav div:hover i:before {\n  color: rgba(255,255,255,0.75);\n  background: none;\n}\n.gallery-carousel-shortcode.gallery-carousel-shortcode-id-796a33dba7c13cd8c49820feb6fb8c9c .owl-dots {\n  top: calc(100% + -40px);\n  left: 50%;\n  transform: translateX(calc(-50% + 0px));\n}\n@media all and (-ms-high-contrast: none) {\n  .gallery-carousel-shortcode.gallery-carousel-shortcode-id-796a33dba7c13cd8c49820feb6fb8c9c .owl-dots {\n    transform: translateX(-50%);\n    margin-left: 0px;\n  }\n}\n.gallery-carousel-shortcode.gallery-carousel-shortcode-id-796a33dba7c13cd8c49820feb6fb8c9c .owl-dot {\n  width: 10px;\n  height: 10px;\n  margin: 0 8px;\n}\n.bullets-scale-up.gallery-carousel-shortcode.gallery-carousel-shortcode-id-796a33dba7c13cd8c49820feb6fb8c9c .owl-dot:not(.active):not(:hover) span {\n  background: #DD9933;\n  box-shadow: none;\n}\n.bullets-stroke.gallery-carousel-shortcode.gallery-carousel-shortcode-id-796a33dba7c13cd8c49820feb6fb8c9c .owl-dot:not(.active):not(:hover) span {\n  background: #DD9933;\n  box-shadow: none;\n}\n.bullets-fill-in.gallery-carousel-shortcode.gallery-carousel-shortcode-id-796a33dba7c13cd8c49820feb6fb8c9c .owl-dot:not(.active):not(:hover) span {\n  box-shadow: inset 0 0 0 2px #DD9933;\n}\n.bullets-small-dot-stroke.gallery-carousel-shortcode.gallery-carousel-shortcode-id-796a33dba7c13cd8c49820feb6fb8c9c .owl-dot:not(.active):not(:hover) span {\n  background: #DD9933;\n  box-shadow: none;\n}\n.bullets-ubax.gallery-carousel-shortcode.gallery-carousel-shortcode-id-796a33dba7c13cd8c49820feb6fb8c9c .owl-dot span {\n  background: #DD9933;\n  box-shadow: none;\n}\n.bullets-etefu.gallery-carousel-shortcode.gallery-carousel-shortcode-id-796a33dba7c13cd8c49820feb6fb8c9c .owl-dot span {\n  background: #DD9933;\n  box-shadow: none;\n}\n@media screen and (max-width: 778px) {\n  .gallery-carousel-shortcode.gallery-carousel-shortcode-id-796a33dba7c13cd8c49820feb6fb8c9c.hide-arrows .owl-nav a {\n    display: none;\n  }\n}\n@media screen and (max-width: 778px) {\n  .gallery-carousel-shortcode.gallery-carousel-shortcode-id-796a33dba7c13cd8c49820feb6fb8c9c.reposition-arrows .owl-nav div.owl-prev {\n    top: 50%;\n    transform: translateY(calc(-50% + 0px));\n    left: 10px;\n  }\n  .gallery-carousel-shortcode.gallery-carousel-shortcode-id-796a33dba7c13cd8c49820feb6fb8c9c.reposition-arrows .owl-nav div.owl-next {\n    top: 50%;\n    transform: translateY(calc(-50% + 0px));\n    right: 10px;\n  }\n}\n@media screen and (max-width: 778px) and all and (-ms-high-contrast: none) {\n  .gallery-carousel-shortcode.gallery-carousel-shortcode-id-796a33dba7c13cd8c49820feb6fb8c9c.reposition-arrows .owl-nav div.owl-prev {\n    transform: translateY(-50%);\n    margin-top: 0px;\n  }\n}\n@media screen and (max-width: 778px) and all and (-ms-high-contrast: none) {\n  .gallery-carousel-shortcode.gallery-carousel-shortcode-id-796a33dba7c13cd8c49820feb6fb8c9c.reposition-arrows .owl-nav div.owl-next {\n    transform: translateY(-50%);\n    margin-top: 0px;\n  }\n}\n.gallery-carousel-shortcode.gallery-carousel-shortcode-id-796a33dba7c13cd8c49820feb6fb8c9c figure,\n.gallery-carousel-shortcode.gallery-carousel-shortcode-id-796a33dba7c13cd8c49820feb6fb8c9c .rollover,\n.gallery-carousel-shortcode.gallery-carousel-shortcode-id-796a33dba7c13cd8c49820feb6fb8c9c img,\n.gallery-carousel-shortcode.gallery-carousel-shortcode-id-796a33dba7c13cd8c49820feb6fb8c9c .gallery-rollover {\n  border-radius: 0px;\n}\n.gallery-carousel-shortcode.gallery-carousel-shortcode-id-796a33dba7c13cd8c49820feb6fb8c9c.enable-bg-rollover .gallery-rollover {\n  background: -webkit-linear-gradient();\n  background: linear-gradient();\n}\n.gallery-carousel-shortcode.gallery-carousel-shortcode-id-796a33dba7c13cd8c49820feb6fb8c9c.enable-img-shadow .owl-stage-outer {\n  padding: 14px 0;\n}\n.gallery-carousel-shortcode.gallery-carousel-shortcode-id-796a33dba7c13cd8c49820feb6fb8c9c.enable-bg-rollover.hover-scale figure .rollover:after {\n  background: -webkit-linear-gradient();\n  background: linear-gradient();\n}\n.gallery-carousel-shortcode.gallery-carousel-shortcode-id-796a33dba7c13cd8c49820feb6fb8c9c.gallery-shortcode .gallery-zoom-ico {\n  width: 44px;\n  height: 44px;\n  line-height: 44px;\n  border-radius: 100px;\n  margin: -22px 0 0 -22px;\n  border-width: 0px;\n}\n.dt-icon-bg-on.gallery-carousel-shortcode.gallery-carousel-shortcode-id-796a33dba7c13cd8c49820feb6fb8c9c.gallery-shortcode .gallery-zoom-ico {\n  background: rgba(255,255,255,0.3);\n  box-shadow: none;\n}\n.gallery-carousel-shortcode.gallery-carousel-shortcode-id-796a33dba7c13cd8c49820feb6fb8c9c.gallery-shortcode .gallery-zoom-ico:before,\n.gallery-carousel-shortcode.gallery-carousel-shortcode-id-796a33dba7c13cd8c49820feb6fb8c9c.gallery-shortcode .gallery-zoom-ico span {\n  font-size: 32px;\n  line-height: 44px;\n  color: #ffffff;\n  background: none;\n}<\/style><div class=\"owl-carousel gallery-carousel-shortcode gallery-shortcode  dt-gallery-container dt-owl-carousel-call gallery-carousel-shortcode-id-796a33dba7c13cd8c49820feb6fb8c9c meta-info-off dt-arrow-border-on dt-arrow-hover-border-on bullets-small-dot-stroke reposition-arrows dt-icon-bg-off arrows-bg-on disable-arrows-hover-bg arrows-hover-bg-on  hover-fade \" data-scroll-mode=\"1\" data-col-num=\"1\" data-wide-col-num=\"1\" data-laptop-col=\"1\" data-h-tablet-columns-num=\"1\" data-v-tablet-columns-num=\"1\" data-phone-columns-num=\"1\" data-col-gap=\"10\" data-stage-padding=\"0\" data-speed=\"600\" data-autoplay=\"true\" data-autoplay_speed=\"6000\" data-arrows=\"true\" data-bullet=\"true\" data-next-icon=\"icon-ar-017-r\" data-prev-icon=\"icon-ar-017-l\" data-img-shadow-size=\"12px\" data-img-shadow-spread=\"3px\"><div data-post-id=\"705\" data-date=\"2022-03-02T15:59:55+01:00\" data-name=\"IMG_7547\"><figure class=\"post\"><a href=\"https:\/\/weltlaeden.de\/albstadt\/wp-content\/uploads\/sites\/124\/2022\/03\/IMG_7547-1.jpg\" class=\"rollover dt-pswp-item layzr-bg\" data-large_image_width=\"603\" data-large_image_height=\"830\" data-dt-img-description=\"\" title=\"IMG_7547\"><img fetchpriority=\"high\" decoding=\"async\" class=\"preload-me owl-lazy-load aspect\" src=\"data:image\/svg+xml,%3Csvg%20xmlns%3D&#39;http%3A%2F%2Fwww.w3.org%2F2000%2Fsvg&#39;%20viewBox%3D&#39;0%200%20602%20301&#39;%2F%3E\" data-src=\"https:\/\/weltlaeden.de\/albstadt\/wp-content\/uploads\/sites\/124\/2022\/03\/IMG_7547-1-602x301.jpg\" data-srcset=\"https:\/\/weltlaeden.de\/albstadt\/wp-content\/uploads\/sites\/124\/2022\/03\/IMG_7547-1-602x301.jpg 602w, https:\/\/weltlaeden.de\/albstadt\/wp-content\/uploads\/sites\/124\/2022\/03\/IMG_7547-1-603x301.jpg 603w\" loading=\"eager\" style=\"--ratio: 602 \/ 301\" sizes=\"(max-width: 602px) 100vw, 602px\" alt=\"\" width=\"602\" height=\"301\"  \/><span class=\"gallery-rollover\"><span class=\"gallery-zoom-ico icomoon-the7-font-the7-zoom-06\"><span><\/span><\/span><\/span><\/a><\/figure><\/div><div data-post-id=\"571\" data-date=\"2020-05-13T16:17:46+02:00\" data-name=\"DSCN1279\"><figure class=\"post\"><a href=\"https:\/\/weltlaeden.de\/albstadt\/wp-content\/uploads\/sites\/124\/2020\/05\/DSCN1279.jpg\" class=\"rollover dt-pswp-item layzr-bg\" data-large_image_width=\"1920\" data-large_image_height=\"1280\" data-dt-img-description=\"\" title=\"DSCN1279\"><img decoding=\"async\" class=\"preload-me owl-lazy-load aspect\" src=\"data:image\/svg+xml,%3Csvg%20xmlns%3D&#39;http%3A%2F%2Fwww.w3.org%2F2000%2Fsvg&#39;%20viewBox%3D&#39;0%200%201920%20960&#39;%2F%3E\" data-src=\"https:\/\/weltlaeden.de\/albstadt\/wp-content\/uploads\/sites\/124\/2020\/05\/DSCN1279-1920x960.jpg\" data-srcset=\"https:\/\/weltlaeden.de\/albstadt\/wp-content\/uploads\/sites\/124\/2020\/05\/DSCN1279-1920x960.jpg 1920w\" loading=\"eager\" style=\"--ratio: 1920 \/ 960\" sizes=\"(max-width: 1920px) 100vw, 1920px\" alt=\"\" width=\"1920\" height=\"960\"  \/><span class=\"gallery-rollover\"><span class=\"gallery-zoom-ico icomoon-the7-font-the7-zoom-06\"><span><\/span><\/span><\/span><\/a><\/figure><\/div><div data-post-id=\"570\" data-date=\"2020-05-13T16:17:34+02:00\" data-name=\"DSCN1274\"><figure class=\"post\"><a href=\"https:\/\/weltlaeden.de\/albstadt\/wp-content\/uploads\/sites\/124\/2020\/05\/DSCN1274.jpg\" class=\"rollover dt-pswp-item layzr-bg\" data-large_image_width=\"1920\" data-large_image_height=\"1280\" data-dt-img-description=\"\" title=\"DSCN1274\"><img decoding=\"async\" class=\"preload-me owl-lazy-load aspect\" src=\"data:image\/svg+xml,%3Csvg%20xmlns%3D&#39;http%3A%2F%2Fwww.w3.org%2F2000%2Fsvg&#39;%20viewBox%3D&#39;0%200%201920%20960&#39;%2F%3E\" data-src=\"https:\/\/weltlaeden.de\/albstadt\/wp-content\/uploads\/sites\/124\/2020\/05\/DSCN1274-1920x960.jpg\" data-srcset=\"https:\/\/weltlaeden.de\/albstadt\/wp-content\/uploads\/sites\/124\/2020\/05\/DSCN1274-1920x960.jpg 1920w\" loading=\"eager\" style=\"--ratio: 1920 \/ 960\" sizes=\"(max-width: 1920px) 100vw, 1920px\" alt=\"\" width=\"1920\" height=\"960\"  \/><span class=\"gallery-rollover\"><span class=\"gallery-zoom-ico icomoon-the7-font-the7-zoom-06\"><span><\/span><\/span><\/span><\/a><\/figure><\/div><div data-post-id=\"884\" data-date=\"2024-04-04T20:42:46+02:00\" data-name=\"Screenshot 2024-04-04 203350\"><figure class=\"post\"><a href=\"https:\/\/weltlaeden.de\/albstadt\/wp-content\/uploads\/sites\/124\/2024\/04\/Screenshot-2024-04-04-203350.png\" class=\"rollover dt-pswp-item layzr-bg\" data-large_image_width=\"778\" data-large_image_height=\"510\" data-dt-img-description=\"\" title=\"Screenshot 2024-04-04 203350\"><img decoding=\"async\" class=\"preload-me owl-lazy-load aspect\" src=\"data:image\/svg+xml,%3Csvg%20xmlns%3D&#39;http%3A%2F%2Fwww.w3.org%2F2000%2Fsvg&#39;%20viewBox%3D&#39;0%200%20778%20389&#39;%2F%3E\" data-src=\"https:\/\/weltlaeden.de\/albstadt\/wp-content\/uploads\/sites\/124\/2024\/04\/Screenshot-2024-04-04-203350-778x389.png\" data-srcset=\"https:\/\/weltlaeden.de\/albstadt\/wp-content\/uploads\/sites\/124\/2024\/04\/Screenshot-2024-04-04-203350-778x389.png 778w\" loading=\"eager\" style=\"--ratio: 778 \/ 389\" sizes=\"(max-width: 778px) 100vw, 778px\" alt=\"\" width=\"778\" height=\"389\"  \/><span class=\"gallery-rollover\"><span class=\"gallery-zoom-ico icomoon-the7-font-the7-zoom-06\"><span><\/span><\/span><\/span><\/a><\/figure><\/div><div data-post-id=\"757\" data-date=\"2023-02-03T15:47:18+01:00\" data-name=\"20230131_164732\"><figure class=\"post\"><a href=\"https:\/\/weltlaeden.de\/albstadt\/wp-content\/uploads\/sites\/124\/2023\/02\/20230131_164732-1.jpg\" class=\"rollover dt-pswp-item layzr-bg\" data-large_image_width=\"2048\" data-large_image_height=\"1536\" data-dt-img-description=\"\" title=\"20230131_164732\"><img decoding=\"async\" class=\"preload-me owl-lazy-load aspect\" src=\"data:image\/svg+xml,%3Csvg%20xmlns%3D&#39;http%3A%2F%2Fwww.w3.org%2F2000%2Fsvg&#39;%20viewBox%3D&#39;0%200%202048%201024&#39;%2F%3E\" data-src=\"https:\/\/weltlaeden.de\/albstadt\/wp-content\/uploads\/sites\/124\/2023\/02\/20230131_164732-1-2048x1024.jpg\" data-srcset=\"https:\/\/weltlaeden.de\/albstadt\/wp-content\/uploads\/sites\/124\/2023\/02\/20230131_164732-1-2048x1024.jpg 2048w\" loading=\"eager\" style=\"--ratio: 2048 \/ 1024\" sizes=\"(max-width: 2048px) 100vw, 2048px\" alt=\"\" width=\"2048\" height=\"1024\"  \/><span class=\"gallery-rollover\"><span class=\"gallery-zoom-ico icomoon-the7-font-the7-zoom-06\"><span><\/span><\/span><\/span><\/a><\/figure><\/div><div data-post-id=\"750\" data-date=\"2023-02-03T15:37:47+01:00\" data-name=\"20230131_164738\"><figure class=\"post\"><a href=\"https:\/\/weltlaeden.de\/albstadt\/wp-content\/uploads\/sites\/124\/2023\/02\/20230131_164738.jpg\" class=\"rollover dt-pswp-item layzr-bg\" data-large_image_width=\"2048\" data-large_image_height=\"1536\" data-dt-img-description=\"\" title=\"20230131_164738\"><img decoding=\"async\" class=\"preload-me owl-lazy-load aspect\" src=\"data:image\/svg+xml,%3Csvg%20xmlns%3D&#39;http%3A%2F%2Fwww.w3.org%2F2000%2Fsvg&#39;%20viewBox%3D&#39;0%200%202048%201024&#39;%2F%3E\" data-src=\"https:\/\/weltlaeden.de\/albstadt\/wp-content\/uploads\/sites\/124\/2023\/02\/20230131_164738-2048x1024.jpg\" data-srcset=\"https:\/\/weltlaeden.de\/albstadt\/wp-content\/uploads\/sites\/124\/2023\/02\/20230131_164738-2048x1024.jpg 2048w\" loading=\"eager\" style=\"--ratio: 2048 \/ 1024\" sizes=\"(max-width: 2048px) 100vw, 2048px\" alt=\"\" width=\"2048\" height=\"1024\"  \/><span class=\"gallery-rollover\"><span class=\"gallery-zoom-ico icomoon-the7-font-the7-zoom-06\"><span><\/span><\/span><\/span><\/a><\/figure><\/div><\/div><div class=\"ult-spacer spacer-6a04db724e89d\" data-id=\"6a04db724e89d\" data-height=\"10\" data-height-mobile=\"10\" data-height-tab=\"10\" data-height-tab-portrait=\"\" data-height-mobile-landscape=\"\" style=\"clear:both;display:block;\"><\/div>[vc_message message_box_style=&#8220;3d&#8220; message_box_color=&#8220;green&#8220; css_animation=&#8220;bounce&#8220; css=&#8220;&#8220;]Bestellte Mangos k\u00f6nnen ab sofort abgeholt werden.<\/p>\n<p>Es gibt noch wenige Mangos f\u00fcr den freien Verkauf.<\/p>\n<p>Wer zuerst kommt, genie\u00dft zuerst![\/vc_message][\/vc_column][\/vc_row][vc_row][vc_column]<div class=\"ult-spacer spacer-6a04db724e8b8\" data-id=\"6a04db724e8b8\" data-height=\"50\" data-height-mobile=\"50\" data-height-tab=\"50\" data-height-tab-portrait=\"\" data-height-mobile-landscape=\"\" style=\"clear:both;display:block;\"><\/div>[vc_column_text css=&#8220;&#8220;]<\/p>\n<h1><span style=\"color: #f39a00\"><b>Entdecken Sie unsere Produkte<\/b><\/span><\/h1>\n<p class=\"p3\">In unserem Weltladen erwartet Sie ein vielf\u00e4ltiges Sortiment an <span class=\"s2\"><b>fair gehandelten Produkten aus verantwortungsvollen und transparenten Lieferketten<\/b><\/span>. Mit viel Sorgfalt w\u00e4hlen wir Waren aus, die sowohl qualitativ \u00fcberzeugen als auch einen echten Mehrwert f\u00fcr Mensch und Umwelt schaffen.<\/p>\n<p class=\"p3\">Unser Angebot umfasst unter anderem:<\/p>\n<ul>\n<li>\n<p class=\"p1\"><b>Fair gehandelten Kaffee und Tee<\/b><b><\/b><\/p>\n<\/li>\n<li>\n<p class=\"p1\"><b>Schokolade, Gew\u00fcrze und S\u00fc\u00dfwaren<\/b><b><\/b><\/p>\n<\/li>\n<li>\n<p class=\"p1\"><b>Weine, S\u00e4fte und besondere Spezialit\u00e4ten<\/b><b><\/b><\/p>\n<\/li>\n<li>\n<p class=\"p1\"><b>Kunsthandwerk und Textilien<\/b><b><\/b><\/p>\n<\/li>\n<li>\n<p class=\"p1\"><b>Schmuck, Accessoires und Geschenkideen<\/b><\/p>\n<\/li>\n<\/ul>\n<p class=\"p3\">Jedes Produkt erz\u00e4hlt seine eigene Geschichte. Mit Ihrem Einkauf unterst\u00fctzen Sie <span class=\"s2\"><b>globale Gerechtigkeit, faire Einkommen und eine nachhaltige Entwicklung<\/b><\/span>.<\/p>\n<p class=\"p1\"><a href=\"https:\/\/weltlaeden.de\/albstadt\/produkte\/\">Jetzt unser gesamtes Sortiment entdecken<\/a><\/p>\n<p>[\/vc_column_text][\/vc_column][\/vc_row][vc_row][vc_column]<div class=\"ult-spacer spacer-6a04db724e8cc\" data-id=\"6a04db724e8cc\" data-height=\"50\" data-height-mobile=\"50\" data-height-tab=\"50\" data-height-tab-portrait=\"\" data-height-mobile-landscape=\"\" style=\"clear:both;display:block;\"><\/div>[vc_column_text css=&#8220;&#8220;]<\/p>\n<h1><span style=\"color: #f39a00\"><strong>Mitmachen &amp; Engagement<\/strong><\/span><\/h1>\n<p class=\"p3\">Der Weltladen Albstadt lebt von <span class=\"s2\"><b>ehrenamtlichem Engagement und offener Gemeinschaft<\/b><\/span>. Wenn Sie Lust haben, sich f\u00fcr eine <span class=\"s2\"><b>gerechtere und nachhaltige Form des Wirtschaftens<\/b><\/span> einzusetzen, sind Sie herzlich willkommen \u2013 sei es im Verkauf, bei Informationsaktionen, im Internetauftritt oder bei Veranstaltungen.<\/p>\n<p><a href=\"https:\/\/weltlaeden.de\/albstadt\/ueber-uns\/\">Mehr \u00fcber uns erfahren<\/a>[\/vc_column_text][\/vc_column][\/vc_row][vc_row][vc_column]<div class=\"ult-spacer spacer-6a04db724e8dc\" data-id=\"6a04db724e8dc\" data-height=\"50\" data-height-mobile=\"50\" data-height-tab=\"50\" data-height-tab-portrait=\"\" data-height-mobile-landscape=\"\" style=\"clear:both;display:block;\"><\/div>[vc_column_text css=&#8220;&#8220;]<\/p>\n<h1><span style=\"color: #f39a00\"><b>Aktuelles<\/b><\/span><\/h1>\n<p>Team-Sitzung am 19.Mai 2026 um 18:15 im Weltladen, auch f\u00fcr Interessenten.<\/p>\n<p>Kommt gerne vorbei, um uns kennenzulernen. Vielleicht bekommt ihr auch Lust mitzumachen.[\/vc_column_text][vc_icon icon_fontawesome=&#8220;fa fa-regular fa-handshake&#8220; color=&#8220;orange&#8220; css=&#8220;&#8220;][\/vc_column][\/vc_row][vc_row][vc_column][vc_column_text css=&#8220;&#8220;][\/vc_column_text][\/vc_column][\/vc_row]<\/p>\n<\/div>","protected":false},"excerpt":{"rendered":"<p>[vc_row][vc_column][vc_message message_box_style=&#8220;3d&#8220; message_box_color=&#8220;green&#8220; css_animation=&#8220;bounce&#8220; css=&#8220;&#8220;]Bestellte Mangos k\u00f6nnen ab sofort abgeholt werden. Es gibt noch wenige Mangos f\u00fcr den freien Verkauf. Wer zuerst kommt, genie\u00dft zuerst![\/vc_message][\/vc_column][\/vc_row][vc_row][vc_column][vc_column_text css=&#8220;&#8220;] Entdecken Sie unsere Produkte In unserem Weltladen erwartet Sie ein vielf\u00e4ltiges Sortiment an fair gehandelten Produkten aus verantwortungsvollen und transparenten Lieferketten. Mit viel Sorgfalt w\u00e4hlen wir Waren aus, die&hellip;<\/p>\n","protected":false},"author":1,"featured_media":0,"parent":0,"menu_order":0,"comment_status":"closed","ping_status":"closed","template":"","meta":{"footnotes":""},"class_list":["post-20","page","type-page","status-publish","hentry","description-off"],"yoast_head":"<!-- This site is optimized with the Yoast SEO plugin v26.8 - https:\/\/yoast.com\/product\/yoast-seo-wordpress\/ -->\n<title>Weltladen Albstadt - Weltladen Albstadt<\/title>\n<meta name=\"robots\" content=\"index, follow, max-snippet:-1, max-image-preview:large, max-video-preview:-1\" \/>\n<link rel=\"canonical\" href=\"https:\/\/weltlaeden.de\/albstadt\/\" \/>\n<meta property=\"og:locale\" content=\"de_DE\" \/>\n<meta property=\"og:type\" content=\"article\" \/>\n<meta property=\"og:title\" content=\"Weltladen Albstadt - Weltladen Albstadt\" \/>\n<meta property=\"og:description\" content=\"[vc_row][vc_column][vc_message message_box_style=&#8220;3d&#8220; message_box_color=&#8220;green&#8220; css_animation=&#8220;bounce&#8220; css=&#8220;&#8220;]Bestellte Mangos k\u00f6nnen ab sofort abgeholt werden. Es gibt noch wenige Mangos f\u00fcr den freien Verkauf. Wer zuerst kommt, genie\u00dft zuerst![\/vc_message][\/vc_column][\/vc_row][vc_row][vc_column][vc_column_text css=&#8220;&#8220;] Entdecken Sie unsere Produkte In unserem Weltladen erwartet Sie ein vielf\u00e4ltiges Sortiment an fair gehandelten Produkten aus verantwortungsvollen und transparenten Lieferketten. Mit viel Sorgfalt w\u00e4hlen wir Waren aus, die&hellip;\" \/>\n<meta property=\"og:url\" content=\"https:\/\/weltlaeden.de\/albstadt\/\" \/>\n<meta property=\"og:site_name\" content=\"Weltladen Albstadt\" \/>\n<meta property=\"article:modified_time\" content=\"2026-04-22T08:09:02+00:00\" \/>\n<meta name=\"twitter:card\" content=\"summary_large_image\" \/>\n<meta name=\"twitter:label1\" content=\"Gesch\u00e4tzte Lesezeit\" \/>\n\t<meta name=\"twitter:data1\" content=\"3\u00a0Minuten\" \/>\n<script type=\"application\/ld+json\" class=\"yoast-schema-graph\">{\"@context\":\"https:\/\/schema.org\",\"@graph\":[{\"@type\":\"WebPage\",\"@id\":\"https:\/\/weltlaeden.de\/albstadt\/\",\"url\":\"https:\/\/weltlaeden.de\/albstadt\/\",\"name\":\"Weltladen Albstadt - Weltladen Albstadt\",\"isPartOf\":{\"@id\":\"https:\/\/weltlaeden.de\/albstadt\/#website\"},\"datePublished\":\"2016-10-14T07:05:21+00:00\",\"dateModified\":\"2026-04-22T08:09:02+00:00\",\"breadcrumb\":{\"@id\":\"https:\/\/weltlaeden.de\/albstadt\/#breadcrumb\"},\"inLanguage\":\"de\",\"potentialAction\":[{\"@type\":\"ReadAction\",\"target\":[\"https:\/\/weltlaeden.de\/albstadt\/\"]}]},{\"@type\":\"BreadcrumbList\",\"@id\":\"https:\/\/weltlaeden.de\/albstadt\/#breadcrumb\",\"itemListElement\":[{\"@type\":\"ListItem\",\"position\":1,\"name\":\"Startseite\",\"item\":\"https:\/\/weltlaeden.de\/albstadt\/\"},{\"@type\":\"ListItem\",\"position\":2,\"name\":\"Weltladen Albstadt\"}]},{\"@type\":\"WebSite\",\"@id\":\"https:\/\/weltlaeden.de\/albstadt\/#website\",\"url\":\"https:\/\/weltlaeden.de\/albstadt\/\",\"name\":\"Weltladen Albstadt\",\"description\":\"Das Fachgesch\u00e4ft f\u00fcr Fairen Handel in Albstadt\",\"potentialAction\":[{\"@type\":\"SearchAction\",\"target\":{\"@type\":\"EntryPoint\",\"urlTemplate\":\"https:\/\/weltlaeden.de\/albstadt\/?s={search_term_string}\"},\"query-input\":{\"@type\":\"PropertyValueSpecification\",\"valueRequired\":true,\"valueName\":\"search_term_string\"}}],\"inLanguage\":\"de\"}]}<\/script>\n<!-- \/ Yoast SEO plugin. -->","yoast_head_json":{"title":"Weltladen Albstadt - Weltladen Albstadt","robots":{"index":"index","follow":"follow","max-snippet":"max-snippet:-1","max-image-preview":"max-image-preview:large","max-video-preview":"max-video-preview:-1"},"canonical":"https:\/\/weltlaeden.de\/albstadt\/","og_locale":"de_DE","og_type":"article","og_title":"Weltladen Albstadt - Weltladen Albstadt","og_description":"[vc_row][vc_column][vc_message message_box_style=&#8220;3d&#8220; message_box_color=&#8220;green&#8220; css_animation=&#8220;bounce&#8220; css=&#8220;&#8220;]Bestellte Mangos k\u00f6nnen ab sofort abgeholt werden. Es gibt noch wenige Mangos f\u00fcr den freien Verkauf. Wer zuerst kommt, genie\u00dft zuerst![\/vc_message][\/vc_column][\/vc_row][vc_row][vc_column][vc_column_text css=&#8220;&#8220;] Entdecken Sie unsere Produkte In unserem Weltladen erwartet Sie ein vielf\u00e4ltiges Sortiment an fair gehandelten Produkten aus verantwortungsvollen und transparenten Lieferketten. Mit viel Sorgfalt w\u00e4hlen wir Waren aus, die&hellip;","og_url":"https:\/\/weltlaeden.de\/albstadt\/","og_site_name":"Weltladen Albstadt","article_modified_time":"2026-04-22T08:09:02+00:00","twitter_card":"summary_large_image","twitter_misc":{"Gesch\u00e4tzte Lesezeit":"3\u00a0Minuten"},"schema":{"@context":"https:\/\/schema.org","@graph":[{"@type":"WebPage","@id":"https:\/\/weltlaeden.de\/albstadt\/","url":"https:\/\/weltlaeden.de\/albstadt\/","name":"Weltladen Albstadt - Weltladen Albstadt","isPartOf":{"@id":"https:\/\/weltlaeden.de\/albstadt\/#website"},"datePublished":"2016-10-14T07:05:21+00:00","dateModified":"2026-04-22T08:09:02+00:00","breadcrumb":{"@id":"https:\/\/weltlaeden.de\/albstadt\/#breadcrumb"},"inLanguage":"de","potentialAction":[{"@type":"ReadAction","target":["https:\/\/weltlaeden.de\/albstadt\/"]}]},{"@type":"BreadcrumbList","@id":"https:\/\/weltlaeden.de\/albstadt\/#breadcrumb","itemListElement":[{"@type":"ListItem","position":1,"name":"Startseite","item":"https:\/\/weltlaeden.de\/albstadt\/"},{"@type":"ListItem","position":2,"name":"Weltladen Albstadt"}]},{"@type":"WebSite","@id":"https:\/\/weltlaeden.de\/albstadt\/#website","url":"https:\/\/weltlaeden.de\/albstadt\/","name":"Weltladen Albstadt","description":"Das Fachgesch\u00e4ft f\u00fcr Fairen Handel in Albstadt","potentialAction":[{"@type":"SearchAction","target":{"@type":"EntryPoint","urlTemplate":"https:\/\/weltlaeden.de\/albstadt\/?s={search_term_string}"},"query-input":{"@type":"PropertyValueSpecification","valueRequired":true,"valueName":"search_term_string"}}],"inLanguage":"de"}]}},"_links":{"self":[{"href":"https:\/\/weltlaeden.de\/albstadt\/wp-json\/wp\/v2\/pages\/20","targetHints":{"allow":["GET"]}}],"collection":[{"href":"https:\/\/weltlaeden.de\/albstadt\/wp-json\/wp\/v2\/pages"}],"about":[{"href":"https:\/\/weltlaeden.de\/albstadt\/wp-json\/wp\/v2\/types\/page"}],"author":[{"embeddable":true,"href":"https:\/\/weltlaeden.de\/albstadt\/wp-json\/wp\/v2\/users\/1"}],"replies":[{"embeddable":true,"href":"https:\/\/weltlaeden.de\/albstadt\/wp-json\/wp\/v2\/comments?post=20"}],"version-history":[{"count":239,"href":"https:\/\/weltlaeden.de\/albstadt\/wp-json\/wp\/v2\/pages\/20\/revisions"}],"predecessor-version":[{"id":1130,"href":"https:\/\/weltlaeden.de\/albstadt\/wp-json\/wp\/v2\/pages\/20\/revisions\/1130"}],"wp:attachment":[{"href":"https:\/\/weltlaeden.de\/albstadt\/wp-json\/wp\/v2\/media?parent=20"}],"curies":[{"name":"wp","href":"https:\/\/api.w.org\/{rel}","templated":true}]}}